{"id":1205,"date":"2026-04-13T11:18:56","date_gmt":"2026-04-13T11:18:56","guid":{"rendered":"https:\/\/www.tryggtrafikk.no\/fylkeskontorer\/?page_id=1205"},"modified":"2026-04-13T11:36:50","modified_gmt":"2026-04-13T11:36:50","slug":"samarbeid-med-rogalands-frivilligsentraler","status":"publish","type":"page","link":"https:\/\/www.tryggtrafikk.no\/fylkeskontorer\/trygg-trafikk-rogaland\/samarbeid-med-rogalands-frivilligsentraler\/","title":{"rendered":"Samarbeid med Rogalands frivilligsentraler\u00a0"},"content":{"rendered":"\n\t\t<div class=\"alignfull wp-block-tryggtrafikk-hero\" id=\"wp-block-tryggtrafikk-hero\">\n\t\t\t<div class=\"tryggtrafikk-hero__container\">\n\t\t\t\t\n\t\t\t\t<div class=\"tryggtrafikk-hero__content-container\">\n\t\t\t\t\t<div class=\"site-breadcrumbs\"><span><span><a href=\"https:\/\/www.tryggtrafikk.no\/fylkeskontorer\/\">Home<\/a><\/span><\/span><\/div>\n\t\t\t\t\t<h1 class=\"tryggtrafikk-hero__title\">Samarbeid med Rogalands frivilligsentraler\u00a0<\/h1>\n\t\t\t\t\t<div class=\"tryggtrafikk-hero__content\">\n\t\t\t\t\t\t\n<div class=\"has-text-align-left wp-block-post-excerpt\"><p class=\"wp-block-post-excerpt__excerpt\">Trygg Trafikk har ansvar for \u00e5 koordinere det frivillige trafikksikkerhetsarbeidet i Rogaland. Vi samarbeider tett med Fylkestrafikksikkerhetsutvalget (FTU) og Frivilligsentralene for \u00e5 styrke lokalt engasjement og skape tryggere lokalsamfunn. <\/p><\/div>\n\n\t\t\t\t\t<\/div>\n\t\t\t\t<\/div>\n\t\t\t<\/div>\n\t\t<\/div>\n\t\t\n\n\n<h2 class=\"wp-block-heading\" id=\"h-hvorfor-samarbeider-vi\">Hvorfor samarbeider vi?\u00a0<\/h2>\n\n\n\n<p>Frivilligsentralene samler lag, foreninger og innbyggere, og har en unik mulighet til \u00e5 n\u00e5 ut til ulike m\u00e5lgrupper. Samarbeidet skal bidra til \u00f8kt bevissthet om trafikksikkerhet, flere lokale tiltak og bredere forst\u00e5else av hva trygg reise inneb\u00e6rer.\u00a0<\/p>\n\n\n\n<h3 class=\"wp-block-heading\" id=\"h-forventninger-til-frivilligsentraler\">Forventninger til frivilligsentraler:\u00a0<\/h3>\n\n\n\n<p>&#8211; Informere lag og foreninger minst \u00e9n gang i \u00e5ret om viktigheten av trygge retningslinjer for reise.\u00a0<br>&#8211; Synliggj\u00f8re retningslinjer p\u00e5 sentralen, nettsider, nyhetsbrev eller stand.\u00a0<\/p>\n\n\n\n<h3 class=\"wp-block-heading\" id=\"h-eksempler-pa-aktiviteter-frivilligsentralene-kan-gjennomfore\">Eksempler p\u00e5 aktiviteter frivilligsentralene kan gjennomf\u00f8re:\u00a0<\/h3>\n\n\n\n<ul class=\"wp-block-list\">\n<li>Markering av refleksens dag og refleksutdeling.\u00a0<\/li>\n\n\n\n<li>Kampanjer for hjelmbruk.\u00a0<\/li>\n\n\n\n<li>Informasjon om sikring av barn i bil.\u00a0<\/li>\n\n\n\n<li>Reflekstelling for Trygg Trafikk.\u00a0<\/li>\n\n\n\n<li>Organisering av voksne trafikkvakter p\u00e5 skolevei.\u00a0<\/li>\n\n\n\n<li>Utl\u00e5n av barneseter.\u00a0<\/li>\n\n\n\n<li>Tiltak som fremmer sykling og g\u00e5ing.\u00a0<\/li>\n\n\n\n<li>Trafikksikkerhet i spr\u00e5kgrupper ved bruk av Trygg Trafikk-materiell.\u00a0<\/li>\n\n\n\n<li>Organiserer\u00a0Statens vegvesen\u00a065+ kurs\u00a0i n\u00e6rmilj\u00f8et.\u00a0<\/li>\n\n\n\n<li>Bidra til\u00a0\u00f8velseskj\u00f8ring\u00a0og mengdetrening.\u00a0<\/li>\n<\/ul>\n\n\n\n<h2 class=\"wp-block-heading\" id=\"h-okonomisk-stotte-nbsp\">\u00d8konomisk st\u00f8tte:&nbsp;<\/h2>\n\n\n\n<p>Fylkes trafikksikkerhetsutvalget i Rogaland\u00a0har bevilget 390 000 kroner til frivilligsentralene i 2026. I 2025 mottok hver deltakende sentral 11 800 kroner i st\u00f8tte.\u00a0<\/p>\n\n\n\n<p>Gjennom samarbeidet mellom Trygg Trafikk og frivilligheten kan vi skape tryggere lokalsamfunn. Frivilligsentralene mottar informasjon fra Trygg Trafikk og videreformidler den til relevante m\u00e5lgrupper, og vi setter stor pris p\u00e5 deres innsats og engasjement.<\/p>\n\n\n\n<p>Nyttige lenker:&nbsp;<a href=\"https:\/\/rogalands.frivilligsentraler.no\/nyhet?nye-rogalands-frivilligsentraler&amp;Id=43727\" target=\"_blank\" rel=\"noreferrer noopener\">https:\/\/rogalands.frivilligsentraler.no\/nyhet?nye-rogalands-frivilligsentraler&amp;Id=43727<\/a>&nbsp;<\/p>\n\n\n\n<p><\/p>\n","protected":false},"excerpt":{"rendered":"<p>Trygg Trafikk har ansvar for \u00e5 koordinere det frivillige trafikksikkerhetsarbeidet i Rogaland. Vi samarbeider tett med Fylkestrafikksikkerhetsutvalget (FTU) og Frivilligsentralene for \u00e5 styrke lokalt engasjement og skape tryggere lokalsamfunn.<\/p>\n","protected":false},"author":10,"featured_media":0,"parent":324,"menu_order":0,"comment_status":"closed","ping_status":"closed","template":"","meta":{"show_toc":false,"tryggtrafikk_poll_votes":[],"hide_header_title":false,"alt_breadcrumbs_title":"","footnotes":"","boosted":0},"cs_tag":[],"class_list":["post-1205","page","type-page","status-publish","hentry"],"yoast_head":"<!-- This site is optimized with the Yoast SEO Premium plugin v26.1 (Yoast SEO v26.1.1) - https:\/\/yoast.com\/wordpress\/plugins\/seo\/ -->\n<title>Samarbeid med Rogalands frivilligsentraler\u00a0 - Trygg Trafikk - Fylkeskontorer<\/title>\n<meta name=\"robots\" content=\"index, follow, max-snippet:-1, max-image-preview:large, max-video-preview:-1\" \/>\n<link rel=\"canonical\" href=\"https:\/\/www.tryggtrafikk.no\/fylkeskontorer\/trygg-trafikk-rogaland\/samarbeid-med-rogalands-frivilligsentraler\/\" \/>\n<meta property=\"og:locale\" content=\"nb_NO\" \/>\n<meta property=\"og:type\" content=\"article\" \/>\n<meta property=\"og:title\" content=\"Samarbeid med Rogalands frivilligsentraler\u00a0\" \/>\n<meta property=\"og:description\" content=\"Trygg Trafikk har ansvar for \u00e5 koordinere det frivillige trafikksikkerhetsarbeidet i Rogaland. Vi samarbeider tett med Fylkestrafikksikkerhetsutvalget (FTU) og Frivilligsentralene for \u00e5 styrke lokalt engasjement og skape tryggere lokalsamfunn.\" \/>\n<meta property=\"og:url\" content=\"https:\/\/www.tryggtrafikk.no\/fylkeskontorer\/trygg-trafikk-rogaland\/samarbeid-med-rogalands-frivilligsentraler\/\" \/>\n<meta property=\"og:site_name\" content=\"Trygg Trafikk - Fylkeskontorer\" \/>\n<meta property=\"article:modified_time\" content=\"2026-04-13T11:36:50+00:00\" \/>\n<meta name=\"twitter:card\" content=\"summary_large_image\" \/>\n<meta name=\"twitter:label1\" content=\"Ansl. lesetid\" \/>\n\t<meta name=\"twitter:data1\" content=\"2 minutter\" \/>\n<script type=\"application\/ld+json\" class=\"yoast-schema-graph\">{\"@context\":\"https:\/\/schema.org\",\"@graph\":[{\"@type\":\"WebPage\",\"@id\":\"https:\/\/www.tryggtrafikk.no\/fylkeskontorer\/trygg-trafikk-rogaland\/samarbeid-med-rogalands-frivilligsentraler\/\",\"url\":\"https:\/\/www.tryggtrafikk.no\/fylkeskontorer\/trygg-trafikk-rogaland\/samarbeid-med-rogalands-frivilligsentraler\/\",\"name\":\"Samarbeid med Rogalands frivilligsentraler\u00a0 - Trygg Trafikk - Fylkeskontorer\",\"isPartOf\":{\"@id\":\"https:\/\/www.tryggtrafikk.no\/fylkeskontorer\/#website\"},\"datePublished\":\"2026-04-13T11:18:56+00:00\",\"dateModified\":\"2026-04-13T11:36:50+00:00\",\"breadcrumb\":{\"@id\":\"https:\/\/www.tryggtrafikk.no\/fylkeskontorer\/trygg-trafikk-rogaland\/samarbeid-med-rogalands-frivilligsentraler\/#breadcrumb\"},\"inLanguage\":\"nb-NO\",\"potentialAction\":[{\"@type\":\"ReadAction\",\"target\":[\"https:\/\/www.tryggtrafikk.no\/fylkeskontorer\/trygg-trafikk-rogaland\/samarbeid-med-rogalands-frivilligsentraler\/\"]}]},{\"@type\":\"BreadcrumbList\",\"@id\":\"https:\/\/www.tryggtrafikk.no\/fylkeskontorer\/trygg-trafikk-rogaland\/samarbeid-med-rogalands-frivilligsentraler\/#breadcrumb\",\"itemListElement\":[{\"@type\":\"ListItem\",\"position\":1,\"name\":\"Home\",\"item\":\"https:\/\/www.tryggtrafikk.no\/fylkeskontorer\/\"},{\"@type\":\"ListItem\",\"position\":2,\"name\":\"Trygg Trafikk Rogaland\",\"item\":\"https:\/\/www.tryggtrafikk.no\/fylkeskontorer\/trygg-trafikk-rogaland\/\"},{\"@type\":\"ListItem\",\"position\":3,\"name\":\"Samarbeid med Rogalands frivilligsentraler\u00a0\"}]},{\"@type\":\"WebSite\",\"@id\":\"https:\/\/www.tryggtrafikk.no\/fylkeskontorer\/#website\",\"url\":\"https:\/\/www.tryggtrafikk.no\/fylkeskontorer\/\",\"name\":\"Trygg Trafikk - Fylkeskontorer\",\"description\":\"\",\"potentialAction\":[{\"@type\":\"SearchAction\",\"target\":{\"@type\":\"EntryPoint\",\"urlTemplate\":\"https:\/\/www.tryggtrafikk.no\/fylkeskontorer\/?s={search_term_string}\"},\"query-input\":{\"@type\":\"PropertyValueSpecification\",\"valueRequired\":true,\"valueName\":\"search_term_string\"}}],\"inLanguage\":\"nb-NO\"}]}<\/script>\n<!-- \/ Yoast SEO Premium plugin. -->","yoast_head_json":{"title":"Samarbeid med Rogalands frivilligsentraler\u00a0 - Trygg Trafikk - Fylkeskontorer","robots":{"index":"index","follow":"follow","max-snippet":"max-snippet:-1","max-image-preview":"max-image-preview:large","max-video-preview":"max-video-preview:-1"},"canonical":"https:\/\/www.tryggtrafikk.no\/fylkeskontorer\/trygg-trafikk-rogaland\/samarbeid-med-rogalands-frivilligsentraler\/","og_locale":"nb_NO","og_type":"article","og_title":"Samarbeid med Rogalands frivilligsentraler\u00a0","og_description":"Trygg Trafikk har ansvar for \u00e5 koordinere det frivillige trafikksikkerhetsarbeidet i Rogaland. Vi samarbeider tett med Fylkestrafikksikkerhetsutvalget (FTU) og Frivilligsentralene for \u00e5 styrke lokalt engasjement og skape tryggere lokalsamfunn.","og_url":"https:\/\/www.tryggtrafikk.no\/fylkeskontorer\/trygg-trafikk-rogaland\/samarbeid-med-rogalands-frivilligsentraler\/","og_site_name":"Trygg Trafikk - Fylkeskontorer","article_modified_time":"2026-04-13T11:36:50+00:00","twitter_card":"summary_large_image","twitter_misc":{"Ansl. lesetid":"2 minutter"},"schema":{"@context":"https:\/\/schema.org","@graph":[{"@type":"WebPage","@id":"https:\/\/www.tryggtrafikk.no\/fylkeskontorer\/trygg-trafikk-rogaland\/samarbeid-med-rogalands-frivilligsentraler\/","url":"https:\/\/www.tryggtrafikk.no\/fylkeskontorer\/trygg-trafikk-rogaland\/samarbeid-med-rogalands-frivilligsentraler\/","name":"Samarbeid med Rogalands frivilligsentraler\u00a0 - Trygg Trafikk - Fylkeskontorer","isPartOf":{"@id":"https:\/\/www.tryggtrafikk.no\/fylkeskontorer\/#website"},"datePublished":"2026-04-13T11:18:56+00:00","dateModified":"2026-04-13T11:36:50+00:00","breadcrumb":{"@id":"https:\/\/www.tryggtrafikk.no\/fylkeskontorer\/trygg-trafikk-rogaland\/samarbeid-med-rogalands-frivilligsentraler\/#breadcrumb"},"inLanguage":"nb-NO","potentialAction":[{"@type":"ReadAction","target":["https:\/\/www.tryggtrafikk.no\/fylkeskontorer\/trygg-trafikk-rogaland\/samarbeid-med-rogalands-frivilligsentraler\/"]}]},{"@type":"BreadcrumbList","@id":"https:\/\/www.tryggtrafikk.no\/fylkeskontorer\/trygg-trafikk-rogaland\/samarbeid-med-rogalands-frivilligsentraler\/#breadcrumb","itemListElement":[{"@type":"ListItem","position":1,"name":"Home","item":"https:\/\/www.tryggtrafikk.no\/fylkeskontorer\/"},{"@type":"ListItem","position":2,"name":"Trygg Trafikk Rogaland","item":"https:\/\/www.tryggtrafikk.no\/fylkeskontorer\/trygg-trafikk-rogaland\/"},{"@type":"ListItem","position":3,"name":"Samarbeid med Rogalands frivilligsentraler\u00a0"}]},{"@type":"WebSite","@id":"https:\/\/www.tryggtrafikk.no\/fylkeskontorer\/#website","url":"https:\/\/www.tryggtrafikk.no\/fylkeskontorer\/","name":"Trygg Trafikk - Fylkeskontorer","description":"","potentialAction":[{"@type":"SearchAction","target":{"@type":"EntryPoint","urlTemplate":"https:\/\/www.tryggtrafikk.no\/fylkeskontorer\/?s={search_term_string}"},"query-input":{"@type":"PropertyValueSpecification","valueRequired":true,"valueName":"search_term_string"}}],"inLanguage":"nb-NO"}]}},"_links":{"self":[{"href":"https:\/\/www.tryggtrafikk.no\/fylkeskontorer\/wp-json\/wp\/v2\/pages\/1205","targetHints":{"allow":["GET"]}}],"collection":[{"href":"https:\/\/www.tryggtrafikk.no\/fylkeskontorer\/wp-json\/wp\/v2\/pages"}],"about":[{"href":"https:\/\/www.tryggtrafikk.no\/fylkeskontorer\/wp-json\/wp\/v2\/types\/page"}],"author":[{"embeddable":true,"href":"https:\/\/www.tryggtrafikk.no\/fylkeskontorer\/wp-json\/wp\/v2\/users\/10"}],"replies":[{"embeddable":true,"href":"https:\/\/www.tryggtrafikk.no\/fylkeskontorer\/wp-json\/wp\/v2\/comments?post=1205"}],"version-history":[{"count":2,"href":"https:\/\/www.tryggtrafikk.no\/fylkeskontorer\/wp-json\/wp\/v2\/pages\/1205\/revisions"}],"predecessor-version":[{"id":1210,"href":"https:\/\/www.tryggtrafikk.no\/fylkeskontorer\/wp-json\/wp\/v2\/pages\/1205\/revisions\/1210"}],"up":[{"embeddable":true,"href":"https:\/\/www.tryggtrafikk.no\/fylkeskontorer\/wp-json\/wp\/v2\/pages\/324"}],"wp:attachment":[{"href":"https:\/\/www.tryggtrafikk.no\/fylkeskontorer\/wp-json\/wp\/v2\/media?parent=1205"}],"wp:term":[{"taxonomy":"cs_tag","embeddable":true,"href":"https:\/\/www.tryggtrafikk.no\/fylkeskontorer\/wp-json\/wp\/v2\/cs_tag?post=1205"}],"curies":[{"name":"wp","href":"https:\/\/api.w.org\/{rel}","templated":true}]}}