{"id":135,"date":"2024-03-23T13:58:46","date_gmt":"2024-03-23T13:58:46","guid":{"rendered":"https:\/\/www.tryggtrafikk.no\/fylkeskontorer\/?page_id=135"},"modified":"2026-01-30T07:59:26","modified_gmt":"2026-01-30T07:59:26","slug":"trafikksikkerhets-ambassadorer","status":"publish","type":"page","link":"https:\/\/www.tryggtrafikk.no\/fylkeskontorer\/trygg-trafikk-agder\/trafikksikkerhets-ambassadorer\/","title":{"rendered":"Trafikksikkerhets-ambassad\u00f8rer"},"content":{"rendered":"\n\t\t<div class=\"alignfull wp-block-tryggtrafikk-hero has-background has-hero-secondary-50-background-color\" id=\"wp-block-tryggtrafikk-hero\">\n\t\t\t<div class=\"tryggtrafikk-hero__container\">\n\t\t\t\t<div class=\"tryggtrafikk-hero__image\"><img loading=\"lazy\" width=\"768\" height=\"1024\" src=\"https:\/\/www.tryggtrafikk.no\/content\/uploads\/sites\/9\/2025\/01\/10-TS-amb-samling-bilde-Fevik-768x1024.jpg\" class=\"attachment-medium_large size-medium_large\" alt=\"Trafikksikkerhetsambassad\u00f8rer for ungdom i Agder\" style=\"--focalpoint: 49% 59%;\" srcset=\"https:\/\/www.tryggtrafikk.no\/content\/uploads\/sites\/9\/2025\/01\/10-TS-amb-samling-bilde-Fevik-768x1024.jpg 768w, https:\/\/www.tryggtrafikk.no\/content\/uploads\/sites\/9\/2025\/01\/10-TS-amb-samling-bilde-Fevik-225x300.jpg 225w, https:\/\/www.tryggtrafikk.no\/content\/uploads\/sites\/9\/2025\/01\/10-TS-amb-samling-bilde-Fevik-1152x1536.jpg 1152w, https:\/\/www.tryggtrafikk.no\/content\/uploads\/sites\/9\/2025\/01\/10-TS-amb-samling-bilde-Fevik-1536x2048.jpg 1536w, https:\/\/www.tryggtrafikk.no\/content\/uploads\/sites\/9\/2025\/01\/10-TS-amb-samling-bilde-Fevik-scaled.jpg 1920w\" sizes=\"auto, (max-width: 768px) 100vw, 768px\" \/><\/div>\n\t\t\t\t<div class=\"tryggtrafikk-hero__content-container\">\n\t\t\t\t\t<div class=\"site-breadcrumbs\"><span><span><a href=\"https:\/\/www.tryggtrafikk.no\/fylkeskontorer\/\">Home<\/a><\/span><\/span><\/div>\n\t\t\t\t\t<h1 class=\"tryggtrafikk-hero__title\">Trafikksikkerhets-ambassad\u00f8rer<\/h1>\n\t\t\t\t\t<div class=\"tryggtrafikk-hero__content\">\n\t\t\t\t\t\t\n<div class=\"has-text-align-left wp-block-post-excerpt\"><p class=\"wp-block-post-excerpt__excerpt\">TS-ambassad\u00f8rene er ett av Agder fylkeskommunes satsinger p\u00e5 trafikksikkerhet, og er et tiltak som rettes mot ungdom i den videreg\u00e5ende skolen. TS-ambassad\u00f8rene velges ved hver skole, og jobber systematisk med ulike tiltak gjennom hele skole\u00e5ret, der konseptet er ung til ung-formidling. <\/p><\/div>\n\n\t\t\t\t\t<\/div>\n\t\t\t\t<\/div>\n\t\t\t<\/div>\n\t\t<\/div>\n\t\t\n\n<div class=\"t2-accordion alignwide wp-block-t2-accordion\" data-allow-multiple=\"1\" role=\"list\">\n<div class=\"t2-accordion-item wp-block-t2-accordion-item\" role=\"listitem\">\n\t\t\t<h2 class=\"t2-accordion-title\">\n\t\t\t\t<button type=\"button\" class=\"t2-accordion-trigger\" id=\"her-kan-du-bestille-frikort-eller-skattekort\" aria-controls=\"accordion-panel\" aria-expanded=\"false\">\n\t\t\t\t\tHer kan du bestille frikort eller skattekort\n\t\t\t\t\t<span class=\"t2-accordion-icon is-closed-icon\"><\/span>\n\t\t\t\t\t<span class=\"t2-accordion-icon is-open-icon\"><\/span>\n\t\t\t\t<\/button>\n\t\t\t<\/h2>\n\t\t\t<div class=\"t2-accordion-item__inner-container is-layout-flow\" id=\"accordion-panel\" aria-labelledby=\"her-kan-du-bestille-frikort-eller-skattekort\" role=\"region\" hidden>\n\t\t\t\t\n\n<p>Du bestiller frikort eller skattekort hos skatteetaten, her: <a href=\"https:\/\/www.skatteetaten.no\/person\/skatt\/skattekort\/\" target=\"_blank\" rel=\"noreferrer noopener\">https:\/\/www.skatteetaten.no\/person\/skatt\/skattekort\/&nbsp;<\/a><\/p>\n\n\n\t\t\t<\/div>\n\t\t<\/div>\n\n<div class=\"t2-accordion-item wp-block-t2-accordion-item\" role=\"listitem\">\n\t\t\t<h2 class=\"t2-accordion-title\">\n\t\t\t\t<button type=\"button\" class=\"t2-accordion-trigger\" id=\"kontaktinformasjon-til-bidragsytere-i-trafikksikkerhetsarbeidet\" aria-controls=\"accordion-panel-1\" aria-expanded=\"false\">\n\t\t\t\t\tKontaktinformasjon til bidragsytere i Trafikksikkerhetsarbeidet\n\t\t\t\t\t<span class=\"t2-accordion-icon is-closed-icon\"><\/span>\n\t\t\t\t\t<span class=\"t2-accordion-icon is-open-icon\"><\/span>\n\t\t\t\t<\/button>\n\t\t\t<\/h2>\n\t\t\t<div class=\"t2-accordion-item__inner-container is-layout-flow\" id=\"accordion-panel-1\" aria-labelledby=\"kontaktinformasjon-til-bidragsytere-i-trafikksikkerhetsarbeidet\" role=\"region\" hidden>\n\t\t\t\t\n\n<p>Her har dere en liste over aktuelle bidragsytere i TS-arbeid p\u00e5 Agder:<\/p>\n\n\n\n<p><strong>Nullvisjonen Agder<\/strong>:<br>nullvisjonen-agder.no<\/p>\n\n\n\n<p>Tom Erik D\u00f8nnestad: <a href=\"mailto:Tom.Erik.Donnestad@vennesla.kommune.no\">Tom.Erik.Donnestad@vennesla.kommune.no<\/a>&nbsp;<br>Bj\u00f8rn Ivar Birkeland: <a href=\"mailto:Bjorn.Ivar.Birkeland@lindesnes.kommune.no\">Bjorn.Ivar.Birkeland@lindesnes.kommune.no<\/a><br>Ronni Ellefsen: <a href=\"mailto:nullvisjonen@lyngdal.kommune.no\">nullvisjonen@lyngdal.kommune.no<\/a>&nbsp;<\/p>\n\n\n\n<p><strong>Trafoen\/18pluss:<\/strong><br>trafoen.no<br>ufoskantraf.no\/18pluss&nbsp;<\/p>\n\n\n\n<p>Marit Bech Olsen: <a href=\"mailto:marit.bech.olsen@ufoskantraf.no\">marit.bech.olsen@ufoskantraf.no<\/a><br>Anette Risvand Fossheim: <a href=\"mailto:anette@ufoskantraf.no\">anette@ufoskantraf.no<\/a>&nbsp;&nbsp;<\/p>\n\n\n\n<p><strong>Statens Vegvesen<\/strong>:<br>vegvesen.no&nbsp;<\/p>\n\n\n\n<p><strong>Statens Vegvesen\/kj\u00f8ret\u00f8ykontroll<\/strong><br>Thor-Inge Kost\u00f8l: <a href=\"mailto:thor-inge.kostol@vegvesen.no\">thor-inge.kostol@vegvesen.no<\/a>&nbsp;&nbsp;<\/p>\n\n\n\n<p><strong>Politiet, Agder:<\/strong><br><a href=\"https:\/\/www.politiet.no\/om\/organisasjonen\/politidistrikter\/agder\/\">Agder politidistrikt \u2013 Politiet.no<\/a><br>(Bruk din lokale politikontakt)&nbsp;<\/p>\n\n\n\n<p><strong>Trygg Trafikk Agder<\/strong><br>tryggtrafikk.no\/agder<br>Elen Regine Lauvhjell: <a href=\"mailto:lauvhjell@tryggtrafikk.no\">lauvhjell@tryggtrafikk.no<\/a><br>May-Lene Rasmussen Noddeland: <a href=\"mailto:noddeland@tryggtrafikk.no\">noddeland@tryggtrafikk.no<\/a>&nbsp;&nbsp;<\/p>\n\n\n\t\t\t<\/div>\n\t\t<\/div>\n<\/div>\n\n\n\t\t<div class=\"t2-simple-media-text alignwide is-mode-constrained is-gap-center wp-block-t2-simple-media-text has-background has-smt-secondary-50-background-color\">\n\t\t\t<div class=\"t2-simple-media-text__container\">\n\t\t\t\t<figure class=\"t2-simple-media-text__image\"><img loading=\"lazy\" width=\"768\" height=\"512\" src=\"https:\/\/www.tryggtrafikk.no\/content\/uploads\/sites\/9\/2024\/03\/COLOURBOX1026612-scaled-1-768x512.jpg\" class=\"wp-image-139 size-medium_large attachment-medium_large\" alt=\"To personer med refleksvest som g\u00e5r p\u00e5 venstre side av veien i m\u00f8te med en bil.\" style=\"--focalpoint: 50% 50%;\" srcset=\"https:\/\/www.tryggtrafikk.no\/content\/uploads\/sites\/9\/2024\/03\/COLOURBOX1026612-scaled-1-768x512.jpg 768w, https:\/\/www.tryggtrafikk.no\/content\/uploads\/sites\/9\/2024\/03\/COLOURBOX1026612-scaled-1-300x200.jpg 300w, https:\/\/www.tryggtrafikk.no\/content\/uploads\/sites\/9\/2024\/03\/COLOURBOX1026612-scaled-1-1024x683.jpg 1024w, https:\/\/www.tryggtrafikk.no\/content\/uploads\/sites\/9\/2024\/03\/COLOURBOX1026612-scaled-1-1536x1024.jpg 1536w, https:\/\/www.tryggtrafikk.no\/content\/uploads\/sites\/9\/2024\/03\/COLOURBOX1026612-scaled-1-2048x1366.jpg 2048w\" sizes=\"auto, (max-width: 768px) 100vw, 768px\" \/><\/figure>\n\t\t\t\t<div class=\"t2-simple-media-text__content-container\">\n\t\t\t\t\t<div class=\"t2-simple-media-text__content\">\n\t\t\t\t\t\t<div class=\"t2-simple-media-text__content-inner is-layout-flow\">\n\t\t\t\t\t\t\t\n\n<h2 class=\"wp-block-heading\" id=\"h-obligatoriske-tiltak\"><a href=\"https:\/\/www.tryggtrafikk.no\/fylkeskontorer\/agder\/trafikksikkerhets-ambassadorer\/obligatoriske-tiltak\/\">Obligatoriske tiltak<\/a><\/h2>\n\n\n\n<p>Dere skal gjennomf\u00f8re tre obligatoriske tiltak i l\u00f8pet av skole\u00e5ret: &nbsp;<\/p>\n\n\n\n<p>&#8211; Refleksdag\/refleksaksjon<br>&#8211; Rygg inn \u2013 kj\u00f8r ut<br>&#8211; TS-konkurranse<\/p>\n\n\n\t\t\t\t\t\t<\/div>\n\t\t\t\t\t<\/div>\n\t\t\t\t<\/div>\n\t\t\t<\/div>\n\t\t<\/div>\n\t\t\n\n\n\t\t<div class=\"t2-simple-media-text alignwide is-mode-constrained is-gap-center has-media-on-the-right wp-block-t2-simple-media-text has-background has-smt-secondary-50-background-color\">\n\t\t\t<div class=\"t2-simple-media-text__container\">\n\t\t\t\t<figure class=\"t2-simple-media-text__image\"><img loading=\"lazy\" width=\"768\" height=\"511\" src=\"https:\/\/www.tryggtrafikk.no\/content\/uploads\/sites\/9\/2024\/03\/glenn-carstens-peters-RLw-UC03Gwc-unsplash-768x511.jpg\" class=\"wp-image-141 size-medium_large attachment-medium_large\" alt=\"En som skriver oppe en huskeliste i en notatblokk.\" style=\"--focalpoint: 50% 50%;\" srcset=\"https:\/\/www.tryggtrafikk.no\/content\/uploads\/sites\/9\/2024\/03\/glenn-carstens-peters-RLw-UC03Gwc-unsplash-768x511.jpg 768w, https:\/\/www.tryggtrafikk.no\/content\/uploads\/sites\/9\/2024\/03\/glenn-carstens-peters-RLw-UC03Gwc-unsplash-300x200.jpg 300w, https:\/\/www.tryggtrafikk.no\/content\/uploads\/sites\/9\/2024\/03\/glenn-carstens-peters-RLw-UC03Gwc-unsplash-1024x681.jpg 1024w, https:\/\/www.tryggtrafikk.no\/content\/uploads\/sites\/9\/2024\/03\/glenn-carstens-peters-RLw-UC03Gwc-unsplash-1536x1022.jpg 1536w, https:\/\/www.tryggtrafikk.no\/content\/uploads\/sites\/9\/2024\/03\/glenn-carstens-peters-RLw-UC03Gwc-unsplash-2048x1363.jpg 2048w\" sizes=\"auto, (max-width: 768px) 100vw, 768px\" \/><\/figure>\n\t\t\t\t<div class=\"t2-simple-media-text__content-container\">\n\t\t\t\t\t<div class=\"t2-simple-media-text__content\">\n\t\t\t\t\t\t<div class=\"t2-simple-media-text__content-inner is-layout-flow\">\n\t\t\t\t\t\t\t\n\n<h2 class=\"wp-block-heading\" id=\"h-huskeliste-for-ambassadorene\"><a href=\"https:\/\/www.tryggtrafikk.no\/fylkeskontorer\/agder\/trafikksikkerhets-ambassadorer\/huskeliste-for-ts-ambassadorer\/\">Huskeliste for ambassad\u00f8rene<\/a><\/h2>\n\n\n\n<p>Du som TS-ambassad\u00f8r har rollen som bestiller og vertskap. Her finner du en liste over hva som kan v\u00e6re lurt \u00e5 huske p\u00e5 n\u00e5r dere planlegger og organiserer arrangementer.<\/p>\n\n\n\t\t\t\t\t\t<\/div>\n\t\t\t\t\t<\/div>\n\t\t\t\t<\/div>\n\t\t\t<\/div>\n\t\t<\/div>\n\t\t\n\n\n\t\t<div class=\"t2-simple-media-text alignwide is-mode-constrained is-gap-center wp-block-t2-simple-media-text has-background has-smt-secondary-50-background-color\">\n\t\t\t<div class=\"t2-simple-media-text__container\">\n\t\t\t\t<figure class=\"t2-simple-media-text__image\"><img loading=\"lazy\" width=\"768\" height=\"351\" src=\"https:\/\/www.tryggtrafikk.no\/content\/uploads\/sites\/9\/2024\/03\/katinka-i-bil-e1644502982912-768x351.jpg\" class=\"wp-image-144 size-medium_large attachment-medium_large\" alt=\"Jente i f\u00f8rersete p\u00e5 en bil som tar p\u00e5 seg sikkerhetsbeltet.\" style=\"--focalpoint: 50% 50%;\" srcset=\"https:\/\/www.tryggtrafikk.no\/content\/uploads\/sites\/9\/2024\/03\/katinka-i-bil-e1644502982912-768x351.jpg 768w, https:\/\/www.tryggtrafikk.no\/content\/uploads\/sites\/9\/2024\/03\/katinka-i-bil-e1644502982912-300x137.jpg 300w, https:\/\/www.tryggtrafikk.no\/content\/uploads\/sites\/9\/2024\/03\/katinka-i-bil-e1644502982912-1024x468.jpg 1024w, https:\/\/www.tryggtrafikk.no\/content\/uploads\/sites\/9\/2024\/03\/katinka-i-bil-e1644502982912.jpg 1452w\" sizes=\"auto, (max-width: 768px) 100vw, 768px\" \/><\/figure>\n\t\t\t\t<div class=\"t2-simple-media-text__content-container\">\n\t\t\t\t\t<div class=\"t2-simple-media-text__content\">\n\t\t\t\t\t\t<div class=\"t2-simple-media-text__content-inner is-layout-flow\">\n\t\t\t\t\t\t\t\n\n<h2 class=\"wp-block-heading\" id=\"h-trafikksikkerhetskonkurranse\"><a href=\"https:\/\/www.tryggtrafikk.no\/fylkeskontorer\/agder\/trafikksikkerhets-ambassadorer\/bli_med-pa-trafikksikkerhetskonkurranse\/\">Trafikksikkerhetskonkurranse!<\/a><\/h2>\n\n\n\n<p>TS-ambassad\u00f8rene skal hvert \u00e5r arrangere en trafikksikkerhetskonkurranse ved sin skole. Vinneren av denne konkurransen blir skolen bidrag i den store TS-konkurransen. Vinnerbidraget sendes inn av TS-ambassad\u00f8rene ved skolen, og vil delta i TS-konkurransen p\u00e5 vegne av hele skolen. Slik vil alle skolene konkurrere med hverandre, og det k\u00e5res \u00e9n vinner for hele Agder. Vinnerskolen mottar kr. 15000,-!<\/p>\n\n\n\t\t\t\t\t\t<\/div>\n\t\t\t\t\t<\/div>\n\t\t\t\t<\/div>\n\t\t\t<\/div>\n\t\t<\/div>\n\t\t\n\n\n\t\t<div class=\"t2-simple-media-text alignwide is-mode-constrained is-gap-center has-media-on-the-right wp-block-t2-simple-media-text has-background has-smt-secondary-50-background-color\">\n\t\t\t<div class=\"t2-simple-media-text__container\">\n\t\t\t\t<figure class=\"t2-simple-media-text__image\"><img loading=\"lazy\" width=\"768\" height=\"512\" src=\"https:\/\/www.tryggtrafikk.no\/content\/uploads\/sites\/9\/2024\/03\/drew-beamer-3SIXZisims4-unsplash-768x512.jpg\" class=\"wp-image-145 size-medium_large attachment-medium_large\" alt=\"Neonskilt der det st\u00e5r hello inne i en snakkeboble.\" style=\"--focalpoint: 50% 50%;\" srcset=\"https:\/\/www.tryggtrafikk.no\/content\/uploads\/sites\/9\/2024\/03\/drew-beamer-3SIXZisims4-unsplash-768x512.jpg 768w, https:\/\/www.tryggtrafikk.no\/content\/uploads\/sites\/9\/2024\/03\/drew-beamer-3SIXZisims4-unsplash-300x200.jpg 300w, https:\/\/www.tryggtrafikk.no\/content\/uploads\/sites\/9\/2024\/03\/drew-beamer-3SIXZisims4-unsplash-1024x683.jpg 1024w, https:\/\/www.tryggtrafikk.no\/content\/uploads\/sites\/9\/2024\/03\/drew-beamer-3SIXZisims4-unsplash-1536x1024.jpg 1536w, https:\/\/www.tryggtrafikk.no\/content\/uploads\/sites\/9\/2024\/03\/drew-beamer-3SIXZisims4-unsplash-2048x1365.jpg 2048w\" sizes=\"auto, (max-width: 768px) 100vw, 768px\" \/><\/figure>\n\t\t\t\t<div class=\"t2-simple-media-text__content-container\">\n\t\t\t\t\t<div class=\"t2-simple-media-text__content\">\n\t\t\t\t\t\t<div class=\"t2-simple-media-text__content-inner is-layout-flow\">\n\t\t\t\t\t\t\t\n\n<h2 class=\"wp-block-heading\" id=\"h-registrer-deg-her\"><a href=\"https:\/\/surveys.enalyzer.com?pid=p8bf6b4q\" target=\"_blank\" rel=\"noreferrer noopener\">Registrer deg her!<\/a><\/h2>\n\n\n\n<p>Er du ny TS-ambassad\u00f8r? Da m\u00e5 du registrere deg i v\u00e5rt Enalyzer-skjema. <\/p>\n\n\n\t\t\t\t\t\t<\/div>\n\t\t\t\t\t<\/div>\n\t\t\t\t<\/div>\n\t\t\t<\/div>\n\t\t<\/div>\n\t\t\n\n\n\t\t<div class=\"t2-simple-media-text alignwide is-mode-constrained is-gap-center wp-block-t2-simple-media-text has-background has-smt-secondary-50-background-color\">\n\t\t\t<div class=\"t2-simple-media-text__container\">\n\t\t\t\t<figure class=\"t2-simple-media-text__image\"><img loading=\"lazy\" width=\"768\" height=\"578\" src=\"https:\/\/www.tryggtrafikk.no\/content\/uploads\/sites\/9\/2024\/03\/COLOURBOX2852669_lav-768x578.jpg\" class=\"wp-image-148 size-medium_large attachment-medium_large\" alt=\"Fargeblyanter i korte og lange lengder. Illustrerer en graf.\" style=\"--focalpoint: 50% 50%;\" srcset=\"https:\/\/www.tryggtrafikk.no\/content\/uploads\/sites\/9\/2024\/03\/COLOURBOX2852669_lav-768x578.jpg 768w, https:\/\/www.tryggtrafikk.no\/content\/uploads\/sites\/9\/2024\/03\/COLOURBOX2852669_lav-300x226.jpg 300w, https:\/\/www.tryggtrafikk.no\/content\/uploads\/sites\/9\/2024\/03\/COLOURBOX2852669_lav-1024x771.jpg 1024w, https:\/\/www.tryggtrafikk.no\/content\/uploads\/sites\/9\/2024\/03\/COLOURBOX2852669_lav.jpg 1417w\" sizes=\"auto, (max-width: 768px) 100vw, 768px\" \/><\/figure>\n\t\t\t\t<div class=\"t2-simple-media-text__content-container\">\n\t\t\t\t\t<div class=\"t2-simple-media-text__content\">\n\t\t\t\t\t\t<div class=\"t2-simple-media-text__content-inner is-layout-flow\">\n\t\t\t\t\t\t\t\n\n<h2 class=\"wp-block-heading\" id=\"h-rapport-for-hvert-tiltak\"><a href=\"https:\/\/surveys.enalyzer.com\/survey\/linkindex?pid=d2di8g3s\" target=\"_blank\" rel=\"noreferrer noopener\">Rapport for hvert tiltak<\/a><\/h2>\n\n\n\n<p>Her rapporterer du om de tre tiltakene som har blitt gjennomf\u00f8rt, og eventuelle valgfrie tiltak.<\/p>\n\n\n\t\t\t\t\t\t<\/div>\n\t\t\t\t\t<\/div>\n\t\t\t\t<\/div>\n\t\t\t<\/div>\n\t\t<\/div>\n\t\t","protected":false},"excerpt":{"rendered":"<p>TS-ambassad\u00f8rene er ett av Agder fylkeskommunes satsinger p\u00e5 trafikksikkerhet, og er et tiltak som rettes mot ungdom i den videreg\u00e5ende skolen. TS-ambassad\u00f8rene velges ved hver skole, og jobber systematisk med ulike tiltak gjennom hele skole\u00e5ret, der konseptet er ung til ung-formidling.<\/p>\n","protected":false},"author":6,"featured_media":116,"parent":9,"menu_order":0,"comment_status":"closed","ping_status":"closed","template":"","meta":{"show_toc":false,"tryggtrafikk_poll_votes":[],"hide_header_title":false,"alt_breadcrumbs_title":"","footnotes":"","boosted":0},"cs_tag":[],"class_list":["post-135","page","type-page","status-publish","has-post-thumbnail","hentry"],"yoast_head":"<!-- This site is optimized with the Yoast SEO Premium plugin v26.1 (Yoast SEO v26.1.1) - https:\/\/yoast.com\/wordpress\/plugins\/seo\/ -->\n<title>Trafikksikkerhets-ambassad\u00f8rer - Trygg Trafikk - Fylkeskontorer<\/title>\n<meta name=\"description\" content=\"TS-ambassad\u00f8rprosjektet er en av Agder fylkeskommunes satsinger p\u00e5 trafikksikkerhet i den videreg\u00e5ende skolen.\" \/>\n<meta name=\"robots\" content=\"index, follow, max-snippet:-1, max-image-preview:large, max-video-preview:-1\" \/>\n<link rel=\"canonical\" href=\"https:\/\/www.tryggtrafikk.no\/fylkeskontorer\/trygg-trafikk-agder\/trafikksikkerhets-ambassadorer\/\" \/>\n<meta property=\"og:locale\" content=\"nb_NO\" \/>\n<meta property=\"og:type\" content=\"article\" \/>\n<meta property=\"og:title\" content=\"Trafikksikkerhets-ambassad\u00f8rer\" \/>\n<meta property=\"og:description\" content=\"TS-ambassad\u00f8rprosjektet er en av Agder fylkeskommunes satsinger p\u00e5 trafikksikkerhet i den videreg\u00e5ende skolen.\" \/>\n<meta property=\"og:url\" content=\"https:\/\/www.tryggtrafikk.no\/fylkeskontorer\/trygg-trafikk-agder\/trafikksikkerhets-ambassadorer\/\" \/>\n<meta property=\"og:site_name\" content=\"Trygg Trafikk - Fylkeskontorer\" \/>\n<meta property=\"article:modified_time\" content=\"2026-01-30T07:59:26+00:00\" \/>\n<meta property=\"og:image\" content=\"https:\/\/www.tryggtrafikk.no\/content\/uploads\/sites\/9\/2024\/03\/IMG_7150-\u2013-stort.jpeg\" \/>\n\t<meta property=\"og:image:width\" content=\"960\" \/>\n\t<meta property=\"og:image:height\" content=\"1280\" \/>\n\t<meta property=\"og:image:type\" content=\"image\/jpeg\" \/>\n<meta name=\"twitter:card\" content=\"summary_large_image\" \/>\n<meta name=\"twitter:label1\" content=\"Ansl. lesetid\" \/>\n\t<meta name=\"twitter:data1\" content=\"2 minutter\" \/>\n<script type=\"application\/ld+json\" class=\"yoast-schema-graph\">{\"@context\":\"https:\/\/schema.org\",\"@graph\":[{\"@type\":\"WebPage\",\"@id\":\"https:\/\/www.tryggtrafikk.no\/fylkeskontorer\/trygg-trafikk-agder\/trafikksikkerhets-ambassadorer\/\",\"url\":\"https:\/\/www.tryggtrafikk.no\/fylkeskontorer\/trygg-trafikk-agder\/trafikksikkerhets-ambassadorer\/\",\"name\":\"Trafikksikkerhets-ambassad\u00f8rer - Trygg Trafikk - Fylkeskontorer\",\"isPartOf\":{\"@id\":\"https:\/\/www.tryggtrafikk.no\/fylkeskontorer\/#website\"},\"primaryImageOfPage\":{\"@id\":\"https:\/\/www.tryggtrafikk.no\/fylkeskontorer\/trygg-trafikk-agder\/trafikksikkerhets-ambassadorer\/#primaryimage\"},\"image\":{\"@id\":\"https:\/\/www.tryggtrafikk.no\/fylkeskontorer\/trygg-trafikk-agder\/trafikksikkerhets-ambassadorer\/#primaryimage\"},\"thumbnailUrl\":\"https:\/\/www.tryggtrafikk.no\/content\/uploads\/sites\/9\/2024\/03\/IMG_7150-\u2013-stort.jpeg\",\"datePublished\":\"2024-03-23T13:58:46+00:00\",\"dateModified\":\"2026-01-30T07:59:26+00:00\",\"description\":\"TS-ambassad\u00f8rprosjektet er en av Agder fylkeskommunes satsinger p\u00e5 trafikksikkerhet i den videreg\u00e5ende skolen.\",\"breadcrumb\":{\"@id\":\"https:\/\/www.tryggtrafikk.no\/fylkeskontorer\/trygg-trafikk-agder\/trafikksikkerhets-ambassadorer\/#breadcrumb\"},\"inLanguage\":\"nb-NO\",\"potentialAction\":[{\"@type\":\"ReadAction\",\"target\":[\"https:\/\/www.tryggtrafikk.no\/fylkeskontorer\/trygg-trafikk-agder\/trafikksikkerhets-ambassadorer\/\"]}]},{\"@type\":\"ImageObject\",\"inLanguage\":\"nb-NO\",\"@id\":\"https:\/\/www.tryggtrafikk.no\/fylkeskontorer\/trygg-trafikk-agder\/trafikksikkerhets-ambassadorer\/#primaryimage\",\"url\":\"https:\/\/www.tryggtrafikk.no\/content\/uploads\/sites\/9\/2024\/03\/IMG_7150-\u2013-stort.jpeg\",\"contentUrl\":\"https:\/\/www.tryggtrafikk.no\/content\/uploads\/sites\/9\/2024\/03\/IMG_7150-\u2013-stort.jpeg\",\"width\":960,\"height\":1280},{\"@type\":\"BreadcrumbList\",\"@id\":\"https:\/\/www.tryggtrafikk.no\/fylkeskontorer\/trygg-trafikk-agder\/trafikksikkerhets-ambassadorer\/#breadcrumb\",\"itemListElement\":[{\"@type\":\"ListItem\",\"position\":1,\"name\":\"Home\",\"item\":\"https:\/\/www.tryggtrafikk.no\/fylkeskontorer\/\"},{\"@type\":\"ListItem\",\"position\":2,\"name\":\"Trygg Trafikk Agder\",\"item\":\"https:\/\/www.tryggtrafikk.no\/fylkeskontorer\/trygg-trafikk-agder\/\"},{\"@type\":\"ListItem\",\"position\":3,\"name\":\"Trafikksikkerhets-ambassad\u00f8rer\"}]},{\"@type\":\"WebSite\",\"@id\":\"https:\/\/www.tryggtrafikk.no\/fylkeskontorer\/#website\",\"url\":\"https:\/\/www.tryggtrafikk.no\/fylkeskontorer\/\",\"name\":\"Trygg Trafikk - Fylkeskontorer\",\"description\":\"\",\"potentialAction\":[{\"@type\":\"SearchAction\",\"target\":{\"@type\":\"EntryPoint\",\"urlTemplate\":\"https:\/\/www.tryggtrafikk.no\/fylkeskontorer\/?s={search_term_string}\"},\"query-input\":{\"@type\":\"PropertyValueSpecification\",\"valueRequired\":true,\"valueName\":\"search_term_string\"}}],\"inLanguage\":\"nb-NO\"}]}<\/script>\n<!-- \/ Yoast SEO Premium plugin. -->","yoast_head_json":{"title":"Trafikksikkerhets-ambassad\u00f8rer - Trygg Trafikk - Fylkeskontorer","description":"TS-ambassad\u00f8rprosjektet er en av Agder fylkeskommunes satsinger p\u00e5 trafikksikkerhet i den videreg\u00e5ende skolen.","robots":{"index":"index","follow":"follow","max-snippet":"max-snippet:-1","max-image-preview":"max-image-preview:large","max-video-preview":"max-video-preview:-1"},"canonical":"https:\/\/www.tryggtrafikk.no\/fylkeskontorer\/trygg-trafikk-agder\/trafikksikkerhets-ambassadorer\/","og_locale":"nb_NO","og_type":"article","og_title":"Trafikksikkerhets-ambassad\u00f8rer","og_description":"TS-ambassad\u00f8rprosjektet er en av Agder fylkeskommunes satsinger p\u00e5 trafikksikkerhet i den videreg\u00e5ende skolen.","og_url":"https:\/\/www.tryggtrafikk.no\/fylkeskontorer\/trygg-trafikk-agder\/trafikksikkerhets-ambassadorer\/","og_site_name":"Trygg Trafikk - Fylkeskontorer","article_modified_time":"2026-01-30T07:59:26+00:00","og_image":[{"width":960,"height":1280,"url":"https:\/\/www.tryggtrafikk.no\/content\/uploads\/sites\/9\/2024\/03\/IMG_7150-\u2013-stort.jpeg","type":"image\/jpeg"}],"twitter_card":"summary_large_image","twitter_misc":{"Ansl. lesetid":"2 minutter"},"schema":{"@context":"https:\/\/schema.org","@graph":[{"@type":"WebPage","@id":"https:\/\/www.tryggtrafikk.no\/fylkeskontorer\/trygg-trafikk-agder\/trafikksikkerhets-ambassadorer\/","url":"https:\/\/www.tryggtrafikk.no\/fylkeskontorer\/trygg-trafikk-agder\/trafikksikkerhets-ambassadorer\/","name":"Trafikksikkerhets-ambassad\u00f8rer - Trygg Trafikk - Fylkeskontorer","isPartOf":{"@id":"https:\/\/www.tryggtrafikk.no\/fylkeskontorer\/#website"},"primaryImageOfPage":{"@id":"https:\/\/www.tryggtrafikk.no\/fylkeskontorer\/trygg-trafikk-agder\/trafikksikkerhets-ambassadorer\/#primaryimage"},"image":{"@id":"https:\/\/www.tryggtrafikk.no\/fylkeskontorer\/trygg-trafikk-agder\/trafikksikkerhets-ambassadorer\/#primaryimage"},"thumbnailUrl":"https:\/\/www.tryggtrafikk.no\/content\/uploads\/sites\/9\/2024\/03\/IMG_7150-\u2013-stort.jpeg","datePublished":"2024-03-23T13:58:46+00:00","dateModified":"2026-01-30T07:59:26+00:00","description":"TS-ambassad\u00f8rprosjektet er en av Agder fylkeskommunes satsinger p\u00e5 trafikksikkerhet i den videreg\u00e5ende skolen.","breadcrumb":{"@id":"https:\/\/www.tryggtrafikk.no\/fylkeskontorer\/trygg-trafikk-agder\/trafikksikkerhets-ambassadorer\/#breadcrumb"},"inLanguage":"nb-NO","potentialAction":[{"@type":"ReadAction","target":["https:\/\/www.tryggtrafikk.no\/fylkeskontorer\/trygg-trafikk-agder\/trafikksikkerhets-ambassadorer\/"]}]},{"@type":"ImageObject","inLanguage":"nb-NO","@id":"https:\/\/www.tryggtrafikk.no\/fylkeskontorer\/trygg-trafikk-agder\/trafikksikkerhets-ambassadorer\/#primaryimage","url":"https:\/\/www.tryggtrafikk.no\/content\/uploads\/sites\/9\/2024\/03\/IMG_7150-\u2013-stort.jpeg","contentUrl":"https:\/\/www.tryggtrafikk.no\/content\/uploads\/sites\/9\/2024\/03\/IMG_7150-\u2013-stort.jpeg","width":960,"height":1280},{"@type":"BreadcrumbList","@id":"https:\/\/www.tryggtrafikk.no\/fylkeskontorer\/trygg-trafikk-agder\/trafikksikkerhets-ambassadorer\/#breadcrumb","itemListElement":[{"@type":"ListItem","position":1,"name":"Home","item":"https:\/\/www.tryggtrafikk.no\/fylkeskontorer\/"},{"@type":"ListItem","position":2,"name":"Trygg Trafikk Agder","item":"https:\/\/www.tryggtrafikk.no\/fylkeskontorer\/trygg-trafikk-agder\/"},{"@type":"ListItem","position":3,"name":"Trafikksikkerhets-ambassad\u00f8rer"}]},{"@type":"WebSite","@id":"https:\/\/www.tryggtrafikk.no\/fylkeskontorer\/#website","url":"https:\/\/www.tryggtrafikk.no\/fylkeskontorer\/","name":"Trygg Trafikk - Fylkeskontorer","description":"","potentialAction":[{"@type":"SearchAction","target":{"@type":"EntryPoint","urlTemplate":"https:\/\/www.tryggtrafikk.no\/fylkeskontorer\/?s={search_term_string}"},"query-input":{"@type":"PropertyValueSpecification","valueRequired":true,"valueName":"search_term_string"}}],"inLanguage":"nb-NO"}]}},"_links":{"self":[{"href":"https:\/\/www.tryggtrafikk.no\/fylkeskontorer\/wp-json\/wp\/v2\/pages\/135","targetHints":{"allow":["GET"]}}],"collection":[{"href":"https:\/\/www.tryggtrafikk.no\/fylkeskontorer\/wp-json\/wp\/v2\/pages"}],"about":[{"href":"https:\/\/www.tryggtrafikk.no\/fylkeskontorer\/wp-json\/wp\/v2\/types\/page"}],"author":[{"embeddable":true,"href":"https:\/\/www.tryggtrafikk.no\/fylkeskontorer\/wp-json\/wp\/v2\/users\/6"}],"replies":[{"embeddable":true,"href":"https:\/\/www.tryggtrafikk.no\/fylkeskontorer\/wp-json\/wp\/v2\/comments?post=135"}],"version-history":[{"count":5,"href":"https:\/\/www.tryggtrafikk.no\/fylkeskontorer\/wp-json\/wp\/v2\/pages\/135\/revisions"}],"predecessor-version":[{"id":1112,"href":"https:\/\/www.tryggtrafikk.no\/fylkeskontorer\/wp-json\/wp\/v2\/pages\/135\/revisions\/1112"}],"up":[{"embeddable":true,"href":"https:\/\/www.tryggtrafikk.no\/fylkeskontorer\/wp-json\/wp\/v2\/pages\/9"}],"wp:featuredmedia":[{"embeddable":true,"href":"https:\/\/www.tryggtrafikk.no\/fylkeskontorer\/wp-json\/wp\/v2\/media\/116"}],"wp:attachment":[{"href":"https:\/\/www.tryggtrafikk.no\/fylkeskontorer\/wp-json\/wp\/v2\/media?parent=135"}],"wp:term":[{"taxonomy":"cs_tag","embeddable":true,"href":"https:\/\/www.tryggtrafikk.no\/fylkeskontorer\/wp-json\/wp\/v2\/cs_tag?post=135"}],"curies":[{"name":"wp","href":"https:\/\/api.w.org\/{rel}","templated":true}]}}