{"id":164,"date":"2024-03-23T14:55:34","date_gmt":"2024-03-23T14:55:34","guid":{"rendered":"https:\/\/www.tryggtrafikk.no\/fylkeskontorer\/?page_id=164"},"modified":"2025-01-20T13:30:25","modified_gmt":"2025-01-20T13:30:25","slug":"trafikksikkerhets-ambassadorene-er-i-gang","status":"publish","type":"page","link":"https:\/\/www.tryggtrafikk.no\/fylkeskontorer\/trygg-trafikk-agder\/trafikksikkerhets-ambassadorer\/trafikksikkerhets-ambassadorene-er-i-gang\/","title":{"rendered":"Et trafikksikkerhetstiltak i Agder Fylkeskommune"},"content":{"rendered":"\n\t\t<div class=\"alignfull wp-block-tryggtrafikk-hero has-background has-hero-secondary-50-background-color\" id=\"wp-block-tryggtrafikk-hero\">\n\t\t\t<div class=\"tryggtrafikk-hero__container\">\n\t\t\t\t<div class=\"tryggtrafikk-hero__image\"><img loading=\"lazy\" width=\"768\" height=\"575\" src=\"https:\/\/www.tryggtrafikk.no\/content\/uploads\/sites\/9\/2024\/03\/TS-amb-Lyngdal1-768x575.jpg\" class=\"attachment-medium_large size-medium_large\" alt=\"\" style=\"--focalpoint: 77% 40%;\" srcset=\"https:\/\/www.tryggtrafikk.no\/content\/uploads\/sites\/9\/2024\/03\/TS-amb-Lyngdal1-768x575.jpg 768w, https:\/\/www.tryggtrafikk.no\/content\/uploads\/sites\/9\/2024\/03\/TS-amb-Lyngdal1-300x225.jpg 300w, https:\/\/www.tryggtrafikk.no\/content\/uploads\/sites\/9\/2024\/03\/TS-amb-Lyngdal1-1024x767.jpg 1024w, https:\/\/www.tryggtrafikk.no\/content\/uploads\/sites\/9\/2024\/03\/TS-amb-Lyngdal1-752x564.jpg 752w, https:\/\/www.tryggtrafikk.no\/content\/uploads\/sites\/9\/2024\/03\/TS-amb-Lyngdal1.jpg 1170w\" sizes=\"auto, (max-width: 768px) 100vw, 768px\" \/><\/div>\n\t\t\t\t<div class=\"tryggtrafikk-hero__content-container\">\n\t\t\t\t\t<div class=\"site-breadcrumbs\"><span><span><a href=\"https:\/\/www.tryggtrafikk.no\/fylkeskontorer\/\">Home<\/a><\/span><\/span><\/div>\n\t\t\t\t\t<h1 class=\"tryggtrafikk-hero__title\">Et trafikksikkerhetstiltak i Agder Fylkeskommune<\/h1>\n\t\t\t\t\t<div class=\"tryggtrafikk-hero__content\">\n\t\t\t\t\t\t\n<div class=\"has-text-align-left wp-block-post-excerpt\"><p class=\"wp-block-post-excerpt__excerpt\">TS-ambassad\u00f8rene jobber med viktig og systematisk s\u00f8kelys p\u00e5 trafikksikkerhet i den videreg\u00e5ende skolen i hele Agder. Les mer om det fylkeskommunale tiltaket. <\/p><\/div>\n\n\t\t\t\t\t<\/div>\n\t\t\t\t<\/div>\n\t\t\t<\/div>\n\t\t<\/div>\n\t\t\n\n\n<p>TS-ambassad\u00f8rene er et fylkeskommunalt prosjekt som sikrer at arbeidet med trafikksikkerhet i den videreg\u00e5ende oppl\u00e6ringen blir godt dekket i fylket. Dette skjer gjennom elevenes egen innsats ved sin skole, og med konseptet ung-til-ung-formidling.<\/p>\n\n\n\n<p>For \u00e5 bli inspirert til \u00e5 komme i gang med jobben, samler vi alle de nye TS-ambassad\u00f8rene til en l\u00e6rerik dagssamling tidlig i skole\u00e5ret, med tett program for b\u00e5de ambassad\u00f8rer og kontaktpersoner. Her f\u00e5r de l\u00e6re om hvordan de ulike trafikksikkerhetsakt\u00f8rene jobber og kan trekkes inn i arbeidet ved den enkelte skole.<\/p>\n\n\n\n<p>P\u00e5 samlingen fikk elevene h\u00f8re om politiets oppgaver og forebyggende arbeid i skolen, Statens Vegvesens fokus p\u00e5 kj\u00f8ret\u00f8ykontroll og annen trafikal virksomhet i denne aldersgruppen. De fikk ogs\u00e5 delta p\u00e5 Nullvisjonen Agders opplegg med \u00abveltepetter\u00bb og \u00abbr\u00e5brems\u00bb, og h\u00f8re om tiltakene til Trafoen\/18pluss, i tillegg til det Trygg Trafikk og Agder Fylkeskommune kan bidra med i l\u00f8pet av skole\u00e5ret.<\/p>\n\n\n\n<p>Vi er et sterkt lag som jobber for trafikksikkerhet i Agder, som sammen bidrar til \u00e5 f\u00f8lge opp en s\u00e5rbar m\u00e5lgruppe mellom 16 og 19 \u00e5r i v\u00e5r region. Dette er viktig arbeid. N\u00e5 er disse TS-ambassad\u00f8rene godt rustet for et innholdsrikt skole\u00e5r, og i full gang med trafikksikkerhetsarbeidet ved sin skole.<\/p>\n\n\n\n<p>Vi gleder oss til \u00e5 f\u00f8lge med p\u00e5 alt det gode trafikksikkerhetsarbeidet ambassad\u00f8rene skal jobbe med rundt forbi i fylket, og de er uniformert i sine gr\u00f8nne hettegensere n\u00e5r de er ute p\u00e5 oppdrag.<\/p>\n\n\n\n<figure class=\"wp-block-gallery has-nested-images columns-default is-cropped is-style-default wp-block-gallery-1 is-layout-flex wp-block-gallery-is-layout-flex\">\n<figure class=\"wp-block-image size-large\"><img loading=\"lazy\" width=\"1024\" height=\"767\" data-id=\"167\" src=\"https:\/\/www.tryggtrafikk.no\/content\/uploads\/sites\/9\/2024\/03\/TS-amb-Bjorn-Ivar-1024x767.jpg\" alt=\"\" class=\"wp-image-167\" srcset=\"https:\/\/www.tryggtrafikk.no\/content\/uploads\/sites\/9\/2024\/03\/TS-amb-Bjorn-Ivar-1024x767.jpg 1024w, https:\/\/www.tryggtrafikk.no\/content\/uploads\/sites\/9\/2024\/03\/TS-amb-Bjorn-Ivar-300x225.jpg 300w, https:\/\/www.tryggtrafikk.no\/content\/uploads\/sites\/9\/2024\/03\/TS-amb-Bjorn-Ivar-768x575.jpg 768w, https:\/\/www.tryggtrafikk.no\/content\/uploads\/sites\/9\/2024\/03\/TS-amb-Bjorn-Ivar-752x564.jpg 752w, https:\/\/www.tryggtrafikk.no\/content\/uploads\/sites\/9\/2024\/03\/TS-amb-Bjorn-Ivar.jpg 1170w\" sizes=\"auto, (max-width: 1024px) 100vw, 1024px\" \/><\/figure>\n\n\n\n<figure class=\"wp-block-image size-large\"><img loading=\"lazy\" width=\"1024\" height=\"767\" data-id=\"168\" src=\"https:\/\/www.tryggtrafikk.no\/content\/uploads\/sites\/9\/2024\/03\/TSamb-pa-Fevik-2-1024x767.jpg\" alt=\"\" class=\"wp-image-168\" srcset=\"https:\/\/www.tryggtrafikk.no\/content\/uploads\/sites\/9\/2024\/03\/TSamb-pa-Fevik-2-1024x767.jpg 1024w, https:\/\/www.tryggtrafikk.no\/content\/uploads\/sites\/9\/2024\/03\/TSamb-pa-Fevik-2-300x225.jpg 300w, https:\/\/www.tryggtrafikk.no\/content\/uploads\/sites\/9\/2024\/03\/TSamb-pa-Fevik-2-768x575.jpg 768w, https:\/\/www.tryggtrafikk.no\/content\/uploads\/sites\/9\/2024\/03\/TSamb-pa-Fevik-2-752x564.jpg 752w, https:\/\/www.tryggtrafikk.no\/content\/uploads\/sites\/9\/2024\/03\/TSamb-pa-Fevik-2.jpg 1170w\" sizes=\"auto, (max-width: 1024px) 100vw, 1024px\" \/><\/figure>\n\n\n\n<figure class=\"wp-block-image size-large\"><img loading=\"lazy\" width=\"1024\" height=\"767\" data-id=\"169\" src=\"https:\/\/www.tryggtrafikk.no\/content\/uploads\/sites\/9\/2024\/03\/Velkommen-til-TS-amb-1024x767.jpg\" alt=\"\" class=\"wp-image-169\" srcset=\"https:\/\/www.tryggtrafikk.no\/content\/uploads\/sites\/9\/2024\/03\/Velkommen-til-TS-amb-1024x767.jpg 1024w, https:\/\/www.tryggtrafikk.no\/content\/uploads\/sites\/9\/2024\/03\/Velkommen-til-TS-amb-300x225.jpg 300w, https:\/\/www.tryggtrafikk.no\/content\/uploads\/sites\/9\/2024\/03\/Velkommen-til-TS-amb-768x575.jpg 768w, https:\/\/www.tryggtrafikk.no\/content\/uploads\/sites\/9\/2024\/03\/Velkommen-til-TS-amb-752x564.jpg 752w, https:\/\/www.tryggtrafikk.no\/content\/uploads\/sites\/9\/2024\/03\/Velkommen-til-TS-amb.jpg 1170w\" sizes=\"auto, (max-width: 1024px) 100vw, 1024px\" \/><\/figure>\n<\/figure>\n","protected":false},"excerpt":{"rendered":"<p>TS-ambassad\u00f8rene jobber med viktig og systematisk s\u00f8kelys p\u00e5 trafikksikkerhet i den videreg\u00e5ende skolen i hele Agder. Les mer om det fylkeskommunale tiltaket. <\/p>\n","protected":false},"author":6,"featured_media":117,"parent":135,"menu_order":0,"comment_status":"closed","ping_status":"closed","template":"","meta":{"show_toc":false,"tryggtrafikk_poll_votes":[],"hide_header_title":false,"alt_breadcrumbs_title":"","footnotes":"","boosted":0},"cs_tag":[],"class_list":["post-164","page","type-page","status-publish","has-post-thumbnail","hentry"],"yoast_head":"<!-- This site is optimized with the Yoast SEO Premium plugin v26.1 (Yoast SEO v26.1.1) - https:\/\/yoast.com\/wordpress\/plugins\/seo\/ -->\n<title>Et trafikksikkerhetstiltak i Agder Fylkeskommune - Trygg Trafikk - Fylkeskontorer<\/title>\n<meta name=\"description\" content=\"\u00c5rets nye Trafikksikkerhetsambassad\u00f8rer 2023-2024 er i gang, og de er klare for viktig og systematisk arbeid med trafikksikkerhet.\" \/>\n<meta name=\"robots\" content=\"index, follow, max-snippet:-1, max-image-preview:large, max-video-preview:-1\" \/>\n<link rel=\"canonical\" href=\"https:\/\/www.tryggtrafikk.no\/fylkeskontorer\/trygg-trafikk-agder\/trafikksikkerhets-ambassadorer\/trafikksikkerhets-ambassadorene-er-i-gang\/\" \/>\n<meta property=\"og:locale\" content=\"nb_NO\" \/>\n<meta property=\"og:type\" content=\"article\" \/>\n<meta property=\"og:title\" content=\"Et trafikksikkerhetstiltak i Agder Fylkeskommune\" \/>\n<meta property=\"og:description\" content=\"\u00c5rets nye Trafikksikkerhetsambassad\u00f8rer 2023-2024 er i gang, og de er klare for viktig og systematisk arbeid med trafikksikkerhet.\" \/>\n<meta property=\"og:url\" content=\"https:\/\/www.tryggtrafikk.no\/fylkeskontorer\/trygg-trafikk-agder\/trafikksikkerhets-ambassadorer\/trafikksikkerhets-ambassadorene-er-i-gang\/\" \/>\n<meta property=\"og:site_name\" content=\"Trygg Trafikk - Fylkeskontorer\" \/>\n<meta property=\"article:modified_time\" content=\"2025-01-20T13:30:25+00:00\" \/>\n<meta property=\"og:image\" content=\"https:\/\/www.tryggtrafikk.no\/content\/uploads\/sites\/9\/2024\/03\/TS-amb-Lyngdal1.jpg\" \/>\n\t<meta property=\"og:image:width\" content=\"1170\" \/>\n\t<meta property=\"og:image:height\" content=\"876\" \/>\n\t<meta property=\"og:image:type\" content=\"image\/jpeg\" \/>\n<meta name=\"twitter:card\" content=\"summary_large_image\" \/>\n<meta name=\"twitter:label1\" content=\"Ansl. lesetid\" \/>\n\t<meta name=\"twitter:data1\" content=\"2 minutter\" \/>\n<script type=\"application\/ld+json\" class=\"yoast-schema-graph\">{\"@context\":\"https:\/\/schema.org\",\"@graph\":[{\"@type\":\"WebPage\",\"@id\":\"https:\/\/www.tryggtrafikk.no\/fylkeskontorer\/trygg-trafikk-agder\/trafikksikkerhets-ambassadorer\/trafikksikkerhets-ambassadorene-er-i-gang\/\",\"url\":\"https:\/\/www.tryggtrafikk.no\/fylkeskontorer\/trygg-trafikk-agder\/trafikksikkerhets-ambassadorer\/trafikksikkerhets-ambassadorene-er-i-gang\/\",\"name\":\"Et trafikksikkerhetstiltak i Agder Fylkeskommune - Trygg Trafikk - Fylkeskontorer\",\"isPartOf\":{\"@id\":\"https:\/\/www.tryggtrafikk.no\/fylkeskontorer\/#website\"},\"primaryImageOfPage\":{\"@id\":\"https:\/\/www.tryggtrafikk.no\/fylkeskontorer\/trygg-trafikk-agder\/trafikksikkerhets-ambassadorer\/trafikksikkerhets-ambassadorene-er-i-gang\/#primaryimage\"},\"image\":{\"@id\":\"https:\/\/www.tryggtrafikk.no\/fylkeskontorer\/trygg-trafikk-agder\/trafikksikkerhets-ambassadorer\/trafikksikkerhets-ambassadorene-er-i-gang\/#primaryimage\"},\"thumbnailUrl\":\"https:\/\/www.tryggtrafikk.no\/content\/uploads\/sites\/9\/2024\/03\/TS-amb-Lyngdal1.jpg\",\"datePublished\":\"2024-03-23T14:55:34+00:00\",\"dateModified\":\"2025-01-20T13:30:25+00:00\",\"description\":\"\u00c5rets nye Trafikksikkerhetsambassad\u00f8rer 2023-2024 er i gang, og de er klare for viktig og systematisk arbeid med trafikksikkerhet.\",\"breadcrumb\":{\"@id\":\"https:\/\/www.tryggtrafikk.no\/fylkeskontorer\/trygg-trafikk-agder\/trafikksikkerhets-ambassadorer\/trafikksikkerhets-ambassadorene-er-i-gang\/#breadcrumb\"},\"inLanguage\":\"nb-NO\",\"potentialAction\":[{\"@type\":\"ReadAction\",\"target\":[\"https:\/\/www.tryggtrafikk.no\/fylkeskontorer\/trygg-trafikk-agder\/trafikksikkerhets-ambassadorer\/trafikksikkerhets-ambassadorene-er-i-gang\/\"]}]},{\"@type\":\"ImageObject\",\"inLanguage\":\"nb-NO\",\"@id\":\"https:\/\/www.tryggtrafikk.no\/fylkeskontorer\/trygg-trafikk-agder\/trafikksikkerhets-ambassadorer\/trafikksikkerhets-ambassadorene-er-i-gang\/#primaryimage\",\"url\":\"https:\/\/www.tryggtrafikk.no\/content\/uploads\/sites\/9\/2024\/03\/TS-amb-Lyngdal1.jpg\",\"contentUrl\":\"https:\/\/www.tryggtrafikk.no\/content\/uploads\/sites\/9\/2024\/03\/TS-amb-Lyngdal1.jpg\",\"width\":1170,\"height\":876},{\"@type\":\"BreadcrumbList\",\"@id\":\"https:\/\/www.tryggtrafikk.no\/fylkeskontorer\/trygg-trafikk-agder\/trafikksikkerhets-ambassadorer\/trafikksikkerhets-ambassadorene-er-i-gang\/#breadcrumb\",\"itemListElement\":[{\"@type\":\"ListItem\",\"position\":1,\"name\":\"Home\",\"item\":\"https:\/\/www.tryggtrafikk.no\/fylkeskontorer\/\"},{\"@type\":\"ListItem\",\"position\":2,\"name\":\"Trygg Trafikk Agder\",\"item\":\"https:\/\/www.tryggtrafikk.no\/fylkeskontorer\/trygg-trafikk-agder\/\"},{\"@type\":\"ListItem\",\"position\":3,\"name\":\"Trafikksikkerhets-ambassad\u00f8rer\",\"item\":\"https:\/\/www.tryggtrafikk.no\/fylkeskontorer\/trygg-trafikk-agder\/trafikksikkerhets-ambassadorer\/\"},{\"@type\":\"ListItem\",\"position\":4,\"name\":\"Et trafikksikkerhetstiltak i Agder Fylkeskommune\"}]},{\"@type\":\"WebSite\",\"@id\":\"https:\/\/www.tryggtrafikk.no\/fylkeskontorer\/#website\",\"url\":\"https:\/\/www.tryggtrafikk.no\/fylkeskontorer\/\",\"name\":\"Trygg Trafikk - Fylkeskontorer\",\"description\":\"\",\"potentialAction\":[{\"@type\":\"SearchAction\",\"target\":{\"@type\":\"EntryPoint\",\"urlTemplate\":\"https:\/\/www.tryggtrafikk.no\/fylkeskontorer\/?s={search_term_string}\"},\"query-input\":{\"@type\":\"PropertyValueSpecification\",\"valueRequired\":true,\"valueName\":\"search_term_string\"}}],\"inLanguage\":\"nb-NO\"}]}<\/script>\n<!-- \/ Yoast SEO Premium plugin. -->","yoast_head_json":{"title":"Et trafikksikkerhetstiltak i Agder Fylkeskommune - Trygg Trafikk - Fylkeskontorer","description":"\u00c5rets nye Trafikksikkerhetsambassad\u00f8rer 2023-2024 er i gang, og de er klare for viktig og systematisk arbeid med trafikksikkerhet.","robots":{"index":"index","follow":"follow","max-snippet":"max-snippet:-1","max-image-preview":"max-image-preview:large","max-video-preview":"max-video-preview:-1"},"canonical":"https:\/\/www.tryggtrafikk.no\/fylkeskontorer\/trygg-trafikk-agder\/trafikksikkerhets-ambassadorer\/trafikksikkerhets-ambassadorene-er-i-gang\/","og_locale":"nb_NO","og_type":"article","og_title":"Et trafikksikkerhetstiltak i Agder Fylkeskommune","og_description":"\u00c5rets nye Trafikksikkerhetsambassad\u00f8rer 2023-2024 er i gang, og de er klare for viktig og systematisk arbeid med trafikksikkerhet.","og_url":"https:\/\/www.tryggtrafikk.no\/fylkeskontorer\/trygg-trafikk-agder\/trafikksikkerhets-ambassadorer\/trafikksikkerhets-ambassadorene-er-i-gang\/","og_site_name":"Trygg Trafikk - Fylkeskontorer","article_modified_time":"2025-01-20T13:30:25+00:00","og_image":[{"width":1170,"height":876,"url":"https:\/\/www.tryggtrafikk.no\/content\/uploads\/sites\/9\/2024\/03\/TS-amb-Lyngdal1.jpg","type":"image\/jpeg"}],"twitter_card":"summary_large_image","twitter_misc":{"Ansl. lesetid":"2 minutter"},"schema":{"@context":"https:\/\/schema.org","@graph":[{"@type":"WebPage","@id":"https:\/\/www.tryggtrafikk.no\/fylkeskontorer\/trygg-trafikk-agder\/trafikksikkerhets-ambassadorer\/trafikksikkerhets-ambassadorene-er-i-gang\/","url":"https:\/\/www.tryggtrafikk.no\/fylkeskontorer\/trygg-trafikk-agder\/trafikksikkerhets-ambassadorer\/trafikksikkerhets-ambassadorene-er-i-gang\/","name":"Et trafikksikkerhetstiltak i Agder Fylkeskommune - Trygg Trafikk - Fylkeskontorer","isPartOf":{"@id":"https:\/\/www.tryggtrafikk.no\/fylkeskontorer\/#website"},"primaryImageOfPage":{"@id":"https:\/\/www.tryggtrafikk.no\/fylkeskontorer\/trygg-trafikk-agder\/trafikksikkerhets-ambassadorer\/trafikksikkerhets-ambassadorene-er-i-gang\/#primaryimage"},"image":{"@id":"https:\/\/www.tryggtrafikk.no\/fylkeskontorer\/trygg-trafikk-agder\/trafikksikkerhets-ambassadorer\/trafikksikkerhets-ambassadorene-er-i-gang\/#primaryimage"},"thumbnailUrl":"https:\/\/www.tryggtrafikk.no\/content\/uploads\/sites\/9\/2024\/03\/TS-amb-Lyngdal1.jpg","datePublished":"2024-03-23T14:55:34+00:00","dateModified":"2025-01-20T13:30:25+00:00","description":"\u00c5rets nye Trafikksikkerhetsambassad\u00f8rer 2023-2024 er i gang, og de er klare for viktig og systematisk arbeid med trafikksikkerhet.","breadcrumb":{"@id":"https:\/\/www.tryggtrafikk.no\/fylkeskontorer\/trygg-trafikk-agder\/trafikksikkerhets-ambassadorer\/trafikksikkerhets-ambassadorene-er-i-gang\/#breadcrumb"},"inLanguage":"nb-NO","potentialAction":[{"@type":"ReadAction","target":["https:\/\/www.tryggtrafikk.no\/fylkeskontorer\/trygg-trafikk-agder\/trafikksikkerhets-ambassadorer\/trafikksikkerhets-ambassadorene-er-i-gang\/"]}]},{"@type":"ImageObject","inLanguage":"nb-NO","@id":"https:\/\/www.tryggtrafikk.no\/fylkeskontorer\/trygg-trafikk-agder\/trafikksikkerhets-ambassadorer\/trafikksikkerhets-ambassadorene-er-i-gang\/#primaryimage","url":"https:\/\/www.tryggtrafikk.no\/content\/uploads\/sites\/9\/2024\/03\/TS-amb-Lyngdal1.jpg","contentUrl":"https:\/\/www.tryggtrafikk.no\/content\/uploads\/sites\/9\/2024\/03\/TS-amb-Lyngdal1.jpg","width":1170,"height":876},{"@type":"BreadcrumbList","@id":"https:\/\/www.tryggtrafikk.no\/fylkeskontorer\/trygg-trafikk-agder\/trafikksikkerhets-ambassadorer\/trafikksikkerhets-ambassadorene-er-i-gang\/#breadcrumb","itemListElement":[{"@type":"ListItem","position":1,"name":"Home","item":"https:\/\/www.tryggtrafikk.no\/fylkeskontorer\/"},{"@type":"ListItem","position":2,"name":"Trygg Trafikk Agder","item":"https:\/\/www.tryggtrafikk.no\/fylkeskontorer\/trygg-trafikk-agder\/"},{"@type":"ListItem","position":3,"name":"Trafikksikkerhets-ambassad\u00f8rer","item":"https:\/\/www.tryggtrafikk.no\/fylkeskontorer\/trygg-trafikk-agder\/trafikksikkerhets-ambassadorer\/"},{"@type":"ListItem","position":4,"name":"Et trafikksikkerhetstiltak i Agder Fylkeskommune"}]},{"@type":"WebSite","@id":"https:\/\/www.tryggtrafikk.no\/fylkeskontorer\/#website","url":"https:\/\/www.tryggtrafikk.no\/fylkeskontorer\/","name":"Trygg Trafikk - Fylkeskontorer","description":"","potentialAction":[{"@type":"SearchAction","target":{"@type":"EntryPoint","urlTemplate":"https:\/\/www.tryggtrafikk.no\/fylkeskontorer\/?s={search_term_string}"},"query-input":{"@type":"PropertyValueSpecification","valueRequired":true,"valueName":"search_term_string"}}],"inLanguage":"nb-NO"}]}},"_links":{"self":[{"href":"https:\/\/www.tryggtrafikk.no\/fylkeskontorer\/wp-json\/wp\/v2\/pages\/164","targetHints":{"allow":["GET"]}}],"collection":[{"href":"https:\/\/www.tryggtrafikk.no\/fylkeskontorer\/wp-json\/wp\/v2\/pages"}],"about":[{"href":"https:\/\/www.tryggtrafikk.no\/fylkeskontorer\/wp-json\/wp\/v2\/types\/page"}],"author":[{"embeddable":true,"href":"https:\/\/www.tryggtrafikk.no\/fylkeskontorer\/wp-json\/wp\/v2\/users\/6"}],"replies":[{"embeddable":true,"href":"https:\/\/www.tryggtrafikk.no\/fylkeskontorer\/wp-json\/wp\/v2\/comments?post=164"}],"version-history":[{"count":2,"href":"https:\/\/www.tryggtrafikk.no\/fylkeskontorer\/wp-json\/wp\/v2\/pages\/164\/revisions"}],"predecessor-version":[{"id":891,"href":"https:\/\/www.tryggtrafikk.no\/fylkeskontorer\/wp-json\/wp\/v2\/pages\/164\/revisions\/891"}],"up":[{"embeddable":true,"href":"https:\/\/www.tryggtrafikk.no\/fylkeskontorer\/wp-json\/wp\/v2\/pages\/135"}],"wp:featuredmedia":[{"embeddable":true,"href":"https:\/\/www.tryggtrafikk.no\/fylkeskontorer\/wp-json\/wp\/v2\/media\/117"}],"wp:attachment":[{"href":"https:\/\/www.tryggtrafikk.no\/fylkeskontorer\/wp-json\/wp\/v2\/media?parent=164"}],"wp:term":[{"taxonomy":"cs_tag","embeddable":true,"href":"https:\/\/www.tryggtrafikk.no\/fylkeskontorer\/wp-json\/wp\/v2\/cs_tag?post=164"}],"curies":[{"name":"wp","href":"https:\/\/api.w.org\/{rel}","templated":true}]}}