{"id":566,"date":"2024-05-07T11:34:42","date_gmt":"2024-05-07T11:34:42","guid":{"rendered":"https:\/\/www.tryggtrafikk.no\/fylkeskontorer\/?page_id=566"},"modified":"2026-02-18T13:39:00","modified_gmt":"2026-02-18T13:39:00","slug":"sandnes-sykkel-og-aktivitetsgard","status":"publish","type":"page","link":"https:\/\/www.tryggtrafikk.no\/fylkeskontorer\/trygg-trafikk-rogaland\/sandnes-sykkel-og-aktivitetsgard\/","title":{"rendered":"Sandnes Sykkel- og aktivitetsg\u00e5rd"},"content":{"rendered":"\n\t\t<div class=\"alignfull wp-block-tryggtrafikk-hero has-background has-hero-secondary-50-background-color\" id=\"wp-block-tryggtrafikk-hero\">\n\t\t\t<div class=\"tryggtrafikk-hero__container\">\n\t\t\t\t<div class=\"tryggtrafikk-hero__image\"><img loading=\"lazy\" width=\"768\" height=\"432\" src=\"https:\/\/www.tryggtrafikk.no\/content\/uploads\/sites\/9\/2024\/05\/Sandnes_sykkelgard_TRY_02453_Foto_Francis__Hess-768x432.jpg\" class=\"attachment-medium_large size-medium_large\" alt=\"Dronebilde av Sandnes sykkelg\u00e5rd i Rogaland\" style=\"--focalpoint: 77% 40%;\" srcset=\"https:\/\/www.tryggtrafikk.no\/content\/uploads\/sites\/9\/2024\/05\/Sandnes_sykkelgard_TRY_02453_Foto_Francis__Hess-768x432.jpg 768w, https:\/\/www.tryggtrafikk.no\/content\/uploads\/sites\/9\/2024\/05\/Sandnes_sykkelgard_TRY_02453_Foto_Francis__Hess-300x169.jpg 300w, https:\/\/www.tryggtrafikk.no\/content\/uploads\/sites\/9\/2024\/05\/Sandnes_sykkelgard_TRY_02453_Foto_Francis__Hess-1024x576.jpg 1024w, https:\/\/www.tryggtrafikk.no\/content\/uploads\/sites\/9\/2024\/05\/Sandnes_sykkelgard_TRY_02453_Foto_Francis__Hess-1536x864.jpg 1536w, https:\/\/www.tryggtrafikk.no\/content\/uploads\/sites\/9\/2024\/05\/Sandnes_sykkelgard_TRY_02453_Foto_Francis__Hess-2048x1152.jpg 2048w\" sizes=\"auto, (max-width: 768px) 100vw, 768px\" \/><\/div>\n\t\t\t\t<div class=\"tryggtrafikk-hero__content-container\">\n\t\t\t\t\t<div class=\"site-breadcrumbs\"><span><span><a href=\"https:\/\/www.tryggtrafikk.no\/fylkeskontorer\/\">Home<\/a><\/span><\/span><\/div>\n\t\t\t\t\t<h1 class=\"tryggtrafikk-hero__title\">Sandnes Sykkel- og aktivitetsg\u00e5rd<\/h1>\n\t\t\t\t\t<div class=\"tryggtrafikk-hero__content\">\n\t\t\t\t\t\t\n<div class=\"has-text-align-left wp-block-post-excerpt\"><p class=\"wp-block-post-excerpt__excerpt\">Sykkelg\u00e5rden er et trafikalt \u00f8vingsanlegg der elevene f\u00e5r trene p\u00e5 trygg atferd og oppmerksomhetstrening i et realistisk, men sikkert milj\u00f8. <\/p><\/div>\n\n\t\t\t\t\t<\/div>\n\t\t\t\t<\/div>\n\t\t\t<\/div>\n\t\t<\/div>\n\t\t\n\n\n<p>Sandnes Sykkel- og aktivitetsg\u00e5rd eies og driftes av Sandnes kommune. De stiller garasjelager for sykler til disposisjon i sykkeloppl\u00e6ringen. Kommunen har ogs\u00e5 ansvar for bookingsystemet ved p\u00e5melding.<\/p>\n\n\n\n<p>Trygg Trafikk Rogaland er ansvarlig for faglig innhold og tilbyr digitalt introduksjonskurs for l\u00e6rere hvordan de skal bruke g\u00e5rden. Trygg Trafikk har i oppdrag \u00e5 utvikle undervisningsopplegg for trafikkoppl\u00e6ring i skole og barnehage hvor sykkeloppl\u00e6ring er et innsatsomr\u00e5de ihht l\u00e6replan for 4.- 7. klasse.<\/p>\n\n\n\n<p>Rogaland fylkeskommune tar utgift med nye sykler n\u00e5r syklene er utslitt eller trenger reparasjon. Fylkeskommunen har ogs\u00e5 ansvar for \u00e5 ha anbudsrunde p\u00e5 busstransport slik at det kan gis busstransport av elever til anlegget.<\/p>\n\n\n\n\t\t<div class=\"t2-factbox wp-block-t2-factbox\" id=\"t2-factbox\">\n\t\t\t<div class=\"t2-factbox__content\">\n\t\t\t\t<div class=\"t2-factbox__blocks t2-factbox__inner-container is-layout-flow\">\n\t\t\t\t\t\n\n<h2 class=\"wp-block-heading\" id=\"h-forberedelser-for-besoket\">Forberedelser f\u00f8r bes\u00f8ket<\/h2>\n\n\n\n<ul class=\"wp-block-list\">\n<li>Alle l\u00e6rere som skal bes\u00f8ke Sykkelg\u00e5rden med sine 5. klassinger, m\u00e5 f\u00f8rst delta p\u00e5 en digital introkurs. Etter kursoppl\u00e6ringen kan l\u00e6rer bestille tid for bruk av sykkelanlegget.<\/li>\n\n\n\n<li><a href=\"https:\/\/site1.aktiv-kommune.no\/1102\/bookingfrontend\/\" target=\"_blank\" rel=\"noreferrer noopener\"><strong>P\u00e5melding gj\u00f8res p\u00e5 nettstedet Aktiv kommune<\/strong><\/a> Her bookes dato, tid, antall personer og navn p\u00e5 skole. Maks antall 30 elever pr gruppe. Anlegget kan kun leies fra kl. 9-11 eller 11-13.<\/li>\n\n\n\n<li>Ansvarlig l\u00e6rer bestiller selv buss for klassen og inviterer med foreldre\/foresatte til \u00e5 bist\u00e5\u00a0n\u00e5r klassen skal til sykkelg\u00e5rden.<\/li>\n\n\n\n<li>L\u00e6rer m\u00e5 ha elevundervisning om postene i forkant f\u00f8r bes\u00f8ket til anlegget, slik at elever kjenner til innhold og oppgaver. Det er 7 poster med \u00f8velser\/ oppgaver p\u00e5 \u00f8vingsbanen.\u00a0L\u00e6rere og foresatte finner teoretisk undervisning samt introduksjonskurset (Vimeo\u2011film) via f\u00f8lgende lenke:<strong> (Film kommer i mars)<\/strong><\/li>\n\n\n\n<li>Vi anbefaler uansett alle l\u00e6rere \u00e5 benytte <a href=\"https:\/\/sykkeldyktig.no\/\" target=\"_blank\" rel=\"noreferrer noopener\">l\u00e6ringsportalen\u00a0sykkeldyktig.no, et digitalt sykkeloppl\u00e6ringsverkt\u00f8y for 4.- 7. klasse med forslag til hjemmearbeid og digital klasseromsundervisning.<\/a> Ved \u00e5 bruke nettsiden med dens filmer, f\u00e5r elevene oppmerksomhetstrening slik at en bli flinkere til \u00e5 planlegge egen sykling, bruke oppmerksomheten og la dette gjenspeile seg i egen kj\u00f8reatferd.<\/li>\n\n\n\n<li>L\u00e6rer avtaler med foreldre\/ foresatte om \u00e5 delta som gruppeledere\u00a0under bes\u00f8ket og informerer om \u00f8velsene\/ oppgavene de skal ha ansvar for f\u00f8r bes\u00f8ket. Det anbefales en voksen per post.<\/li>\n\n\n\n<li>Det anbefales at l\u00e6rer etter bes\u00f8ket setter av tid til \u00e5 ha refleksjon og etter dialog med elevene for \u00e5 h\u00f8re hvordan de kan bruke det de har l\u00e6rt videre n\u00e5r de sykler.<\/li>\n\n\n\n<li>L\u00e6rer m\u00e5 g\u00e5 gjennom skolens HMS-rutiner\u00a0for skoletur for \u00e5 vite om sitt ansvar.<\/li>\n\n\n\n<li>Opplegget p\u00e5 sykkelg\u00e5rden er tilpasset elever i 10-12 \u00e5rs alderen. Maksimalt 30 elever pr. bes\u00f8k, som igjen deles i grupper p\u00e5 ca. 2-5 elever pr. post.<\/li>\n\n\n\n<li>Det er gratis utl\u00e5n av sykler til elevene og voksne ved bes\u00f8k til anlegget. L\u00e6rer m\u00e5 informer alle, elever og foresatte, om \u00e5 ta med egen sykkelhjelm, samt kl\u00e6r for \u00e5 v\u00e6re ute.<\/li>\n\n\n\n<li>Mangler ved syklene skal varsles inn \u2013 QR kode i garasjen hvor syklene st\u00e5r<\/li>\n<\/ul>\n\n\n\t\t\t\t<\/div>\n\t\t\t\t\n\t\t\t<\/div>\n\t\t\t\n\t\t<\/div>\n\n\n<p>All praktisk informasjon blir sendt ut automatisk etter at l\u00e6rer har fullf\u00f8rt intro kurs og meldt p\u00e5 klassen for bes\u00f8k til sykkelg\u00e5rden.<\/p>\n","protected":false},"excerpt":{"rendered":"<p>Sykkelg\u00e5rden er et trafikalt \u00f8vingsanlegg der elevene f\u00e5r trene p\u00e5 trygg atferd og oppmerksomhetstrening i et realistisk, men sikkert milj\u00f8.<\/p>\n","protected":false},"author":6,"featured_media":567,"parent":324,"menu_order":0,"comment_status":"closed","ping_status":"closed","template":"","meta":{"show_toc":false,"tryggtrafikk_poll_votes":[],"hide_header_title":false,"alt_breadcrumbs_title":"","footnotes":"","boosted":0},"cs_tag":[],"class_list":["post-566","page","type-page","status-publish","has-post-thumbnail","hentry"],"yoast_head":"<!-- This site is optimized with the Yoast SEO Premium plugin v26.1 (Yoast SEO v26.1.1) - https:\/\/yoast.com\/wordpress\/plugins\/seo\/ -->\n<title>Sandnes Sykkel- og aktivitetsg\u00e5rd - Trygg Trafikk - Fylkeskontorer<\/title>\n<meta name=\"description\" content=\"G\u00e5rden eies og driftes av Sandnes kommune. Trygg Trafikk Rogaland er ansvarlig for faglig innhold og tilbyr l\u00e6rerkurs p\u00e5 anlegget, samt vedlikehold av sykler som brukes i sykkelundervisningen.\" \/>\n<meta name=\"robots\" content=\"index, follow, max-snippet:-1, max-image-preview:large, max-video-preview:-1\" \/>\n<link rel=\"canonical\" href=\"https:\/\/www.tryggtrafikk.no\/fylkeskontorer\/trygg-trafikk-rogaland\/sandnes-sykkel-og-aktivitetsgard\/\" \/>\n<meta property=\"og:locale\" content=\"nb_NO\" \/>\n<meta property=\"og:type\" content=\"article\" \/>\n<meta property=\"og:title\" content=\"Sandnes Sykkel- og aktivitetsg\u00e5rd\" \/>\n<meta property=\"og:description\" content=\"G\u00e5rden eies og driftes av Sandnes kommune. Trygg Trafikk Rogaland er ansvarlig for faglig innhold og tilbyr l\u00e6rerkurs p\u00e5 anlegget, samt vedlikehold av sykler som brukes i sykkelundervisningen.\" \/>\n<meta property=\"og:url\" content=\"https:\/\/www.tryggtrafikk.no\/fylkeskontorer\/trygg-trafikk-rogaland\/sandnes-sykkel-og-aktivitetsgard\/\" \/>\n<meta property=\"og:site_name\" content=\"Trygg Trafikk - Fylkeskontorer\" \/>\n<meta property=\"article:modified_time\" content=\"2026-02-18T13:39:00+00:00\" \/>\n<meta property=\"og:image\" content=\"https:\/\/www.tryggtrafikk.no\/content\/uploads\/sites\/9\/2024\/05\/Sandnes_sykkelgard_TRY_02453_Foto_Francis__Hess-scaled.jpg\" \/>\n\t<meta property=\"og:image:width\" content=\"2560\" \/>\n\t<meta property=\"og:image:height\" content=\"1440\" \/>\n\t<meta property=\"og:image:type\" content=\"image\/jpeg\" \/>\n<meta name=\"twitter:card\" content=\"summary_large_image\" \/>\n<meta name=\"twitter:label1\" content=\"Ansl. lesetid\" \/>\n\t<meta name=\"twitter:data1\" content=\"3 minutter\" \/>\n<script type=\"application\/ld+json\" class=\"yoast-schema-graph\">{\"@context\":\"https:\/\/schema.org\",\"@graph\":[{\"@type\":\"WebPage\",\"@id\":\"https:\/\/www.tryggtrafikk.no\/fylkeskontorer\/trygg-trafikk-rogaland\/sandnes-sykkel-og-aktivitetsgard\/\",\"url\":\"https:\/\/www.tryggtrafikk.no\/fylkeskontorer\/trygg-trafikk-rogaland\/sandnes-sykkel-og-aktivitetsgard\/\",\"name\":\"Sandnes Sykkel- og aktivitetsg\u00e5rd - Trygg Trafikk - Fylkeskontorer\",\"isPartOf\":{\"@id\":\"https:\/\/www.tryggtrafikk.no\/fylkeskontorer\/#website\"},\"primaryImageOfPage\":{\"@id\":\"https:\/\/www.tryggtrafikk.no\/fylkeskontorer\/trygg-trafikk-rogaland\/sandnes-sykkel-og-aktivitetsgard\/#primaryimage\"},\"image\":{\"@id\":\"https:\/\/www.tryggtrafikk.no\/fylkeskontorer\/trygg-trafikk-rogaland\/sandnes-sykkel-og-aktivitetsgard\/#primaryimage\"},\"thumbnailUrl\":\"https:\/\/www.tryggtrafikk.no\/content\/uploads\/sites\/9\/2024\/05\/Sandnes_sykkelgard_TRY_02453_Foto_Francis__Hess-scaled.jpg\",\"datePublished\":\"2024-05-07T11:34:42+00:00\",\"dateModified\":\"2026-02-18T13:39:00+00:00\",\"description\":\"G\u00e5rden eies og driftes av Sandnes kommune. Trygg Trafikk Rogaland er ansvarlig for faglig innhold og tilbyr l\u00e6rerkurs p\u00e5 anlegget, samt vedlikehold av sykler som brukes i sykkelundervisningen.\",\"breadcrumb\":{\"@id\":\"https:\/\/www.tryggtrafikk.no\/fylkeskontorer\/trygg-trafikk-rogaland\/sandnes-sykkel-og-aktivitetsgard\/#breadcrumb\"},\"inLanguage\":\"nb-NO\",\"potentialAction\":[{\"@type\":\"ReadAction\",\"target\":[\"https:\/\/www.tryggtrafikk.no\/fylkeskontorer\/trygg-trafikk-rogaland\/sandnes-sykkel-og-aktivitetsgard\/\"]}]},{\"@type\":\"ImageObject\",\"inLanguage\":\"nb-NO\",\"@id\":\"https:\/\/www.tryggtrafikk.no\/fylkeskontorer\/trygg-trafikk-rogaland\/sandnes-sykkel-og-aktivitetsgard\/#primaryimage\",\"url\":\"https:\/\/www.tryggtrafikk.no\/content\/uploads\/sites\/9\/2024\/05\/Sandnes_sykkelgard_TRY_02453_Foto_Francis__Hess-scaled.jpg\",\"contentUrl\":\"https:\/\/www.tryggtrafikk.no\/content\/uploads\/sites\/9\/2024\/05\/Sandnes_sykkelgard_TRY_02453_Foto_Francis__Hess-scaled.jpg\",\"width\":2560,\"height\":1440,\"caption\":\"Dronebilde av Sandnes sykkelg\u00e5rd i Rogaland.\"},{\"@type\":\"BreadcrumbList\",\"@id\":\"https:\/\/www.tryggtrafikk.no\/fylkeskontorer\/trygg-trafikk-rogaland\/sandnes-sykkel-og-aktivitetsgard\/#breadcrumb\",\"itemListElement\":[{\"@type\":\"ListItem\",\"position\":1,\"name\":\"Home\",\"item\":\"https:\/\/www.tryggtrafikk.no\/fylkeskontorer\/\"},{\"@type\":\"ListItem\",\"position\":2,\"name\":\"Trygg Trafikk Rogaland\",\"item\":\"https:\/\/www.tryggtrafikk.no\/fylkeskontorer\/trygg-trafikk-rogaland\/\"},{\"@type\":\"ListItem\",\"position\":3,\"name\":\"Sandnes Sykkel- og aktivitetsg\u00e5rd\"}]},{\"@type\":\"WebSite\",\"@id\":\"https:\/\/www.tryggtrafikk.no\/fylkeskontorer\/#website\",\"url\":\"https:\/\/www.tryggtrafikk.no\/fylkeskontorer\/\",\"name\":\"Trygg Trafikk - Fylkeskontorer\",\"description\":\"\",\"potentialAction\":[{\"@type\":\"SearchAction\",\"target\":{\"@type\":\"EntryPoint\",\"urlTemplate\":\"https:\/\/www.tryggtrafikk.no\/fylkeskontorer\/?s={search_term_string}\"},\"query-input\":{\"@type\":\"PropertyValueSpecification\",\"valueRequired\":true,\"valueName\":\"search_term_string\"}}],\"inLanguage\":\"nb-NO\"}]}<\/script>\n<!-- \/ Yoast SEO Premium plugin. -->","yoast_head_json":{"title":"Sandnes Sykkel- og aktivitetsg\u00e5rd - Trygg Trafikk - Fylkeskontorer","description":"G\u00e5rden eies og driftes av Sandnes kommune. Trygg Trafikk Rogaland er ansvarlig for faglig innhold og tilbyr l\u00e6rerkurs p\u00e5 anlegget, samt vedlikehold av sykler som brukes i sykkelundervisningen.","robots":{"index":"index","follow":"follow","max-snippet":"max-snippet:-1","max-image-preview":"max-image-preview:large","max-video-preview":"max-video-preview:-1"},"canonical":"https:\/\/www.tryggtrafikk.no\/fylkeskontorer\/trygg-trafikk-rogaland\/sandnes-sykkel-og-aktivitetsgard\/","og_locale":"nb_NO","og_type":"article","og_title":"Sandnes Sykkel- og aktivitetsg\u00e5rd","og_description":"G\u00e5rden eies og driftes av Sandnes kommune. Trygg Trafikk Rogaland er ansvarlig for faglig innhold og tilbyr l\u00e6rerkurs p\u00e5 anlegget, samt vedlikehold av sykler som brukes i sykkelundervisningen.","og_url":"https:\/\/www.tryggtrafikk.no\/fylkeskontorer\/trygg-trafikk-rogaland\/sandnes-sykkel-og-aktivitetsgard\/","og_site_name":"Trygg Trafikk - Fylkeskontorer","article_modified_time":"2026-02-18T13:39:00+00:00","og_image":[{"width":2560,"height":1440,"url":"https:\/\/www.tryggtrafikk.no\/content\/uploads\/sites\/9\/2024\/05\/Sandnes_sykkelgard_TRY_02453_Foto_Francis__Hess-scaled.jpg","type":"image\/jpeg"}],"twitter_card":"summary_large_image","twitter_misc":{"Ansl. lesetid":"3 minutter"},"schema":{"@context":"https:\/\/schema.org","@graph":[{"@type":"WebPage","@id":"https:\/\/www.tryggtrafikk.no\/fylkeskontorer\/trygg-trafikk-rogaland\/sandnes-sykkel-og-aktivitetsgard\/","url":"https:\/\/www.tryggtrafikk.no\/fylkeskontorer\/trygg-trafikk-rogaland\/sandnes-sykkel-og-aktivitetsgard\/","name":"Sandnes Sykkel- og aktivitetsg\u00e5rd - Trygg Trafikk - Fylkeskontorer","isPartOf":{"@id":"https:\/\/www.tryggtrafikk.no\/fylkeskontorer\/#website"},"primaryImageOfPage":{"@id":"https:\/\/www.tryggtrafikk.no\/fylkeskontorer\/trygg-trafikk-rogaland\/sandnes-sykkel-og-aktivitetsgard\/#primaryimage"},"image":{"@id":"https:\/\/www.tryggtrafikk.no\/fylkeskontorer\/trygg-trafikk-rogaland\/sandnes-sykkel-og-aktivitetsgard\/#primaryimage"},"thumbnailUrl":"https:\/\/www.tryggtrafikk.no\/content\/uploads\/sites\/9\/2024\/05\/Sandnes_sykkelgard_TRY_02453_Foto_Francis__Hess-scaled.jpg","datePublished":"2024-05-07T11:34:42+00:00","dateModified":"2026-02-18T13:39:00+00:00","description":"G\u00e5rden eies og driftes av Sandnes kommune. Trygg Trafikk Rogaland er ansvarlig for faglig innhold og tilbyr l\u00e6rerkurs p\u00e5 anlegget, samt vedlikehold av sykler som brukes i sykkelundervisningen.","breadcrumb":{"@id":"https:\/\/www.tryggtrafikk.no\/fylkeskontorer\/trygg-trafikk-rogaland\/sandnes-sykkel-og-aktivitetsgard\/#breadcrumb"},"inLanguage":"nb-NO","potentialAction":[{"@type":"ReadAction","target":["https:\/\/www.tryggtrafikk.no\/fylkeskontorer\/trygg-trafikk-rogaland\/sandnes-sykkel-og-aktivitetsgard\/"]}]},{"@type":"ImageObject","inLanguage":"nb-NO","@id":"https:\/\/www.tryggtrafikk.no\/fylkeskontorer\/trygg-trafikk-rogaland\/sandnes-sykkel-og-aktivitetsgard\/#primaryimage","url":"https:\/\/www.tryggtrafikk.no\/content\/uploads\/sites\/9\/2024\/05\/Sandnes_sykkelgard_TRY_02453_Foto_Francis__Hess-scaled.jpg","contentUrl":"https:\/\/www.tryggtrafikk.no\/content\/uploads\/sites\/9\/2024\/05\/Sandnes_sykkelgard_TRY_02453_Foto_Francis__Hess-scaled.jpg","width":2560,"height":1440,"caption":"Dronebilde av Sandnes sykkelg\u00e5rd i Rogaland."},{"@type":"BreadcrumbList","@id":"https:\/\/www.tryggtrafikk.no\/fylkeskontorer\/trygg-trafikk-rogaland\/sandnes-sykkel-og-aktivitetsgard\/#breadcrumb","itemListElement":[{"@type":"ListItem","position":1,"name":"Home","item":"https:\/\/www.tryggtrafikk.no\/fylkeskontorer\/"},{"@type":"ListItem","position":2,"name":"Trygg Trafikk Rogaland","item":"https:\/\/www.tryggtrafikk.no\/fylkeskontorer\/trygg-trafikk-rogaland\/"},{"@type":"ListItem","position":3,"name":"Sandnes Sykkel- og aktivitetsg\u00e5rd"}]},{"@type":"WebSite","@id":"https:\/\/www.tryggtrafikk.no\/fylkeskontorer\/#website","url":"https:\/\/www.tryggtrafikk.no\/fylkeskontorer\/","name":"Trygg Trafikk - Fylkeskontorer","description":"","potentialAction":[{"@type":"SearchAction","target":{"@type":"EntryPoint","urlTemplate":"https:\/\/www.tryggtrafikk.no\/fylkeskontorer\/?s={search_term_string}"},"query-input":{"@type":"PropertyValueSpecification","valueRequired":true,"valueName":"search_term_string"}}],"inLanguage":"nb-NO"}]}},"_links":{"self":[{"href":"https:\/\/www.tryggtrafikk.no\/fylkeskontorer\/wp-json\/wp\/v2\/pages\/566","targetHints":{"allow":["GET"]}}],"collection":[{"href":"https:\/\/www.tryggtrafikk.no\/fylkeskontorer\/wp-json\/wp\/v2\/pages"}],"about":[{"href":"https:\/\/www.tryggtrafikk.no\/fylkeskontorer\/wp-json\/wp\/v2\/types\/page"}],"author":[{"embeddable":true,"href":"https:\/\/www.tryggtrafikk.no\/fylkeskontorer\/wp-json\/wp\/v2\/users\/6"}],"replies":[{"embeddable":true,"href":"https:\/\/www.tryggtrafikk.no\/fylkeskontorer\/wp-json\/wp\/v2\/comments?post=566"}],"version-history":[{"count":3,"href":"https:\/\/www.tryggtrafikk.no\/fylkeskontorer\/wp-json\/wp\/v2\/pages\/566\/revisions"}],"predecessor-version":[{"id":1129,"href":"https:\/\/www.tryggtrafikk.no\/fylkeskontorer\/wp-json\/wp\/v2\/pages\/566\/revisions\/1129"}],"up":[{"embeddable":true,"href":"https:\/\/www.tryggtrafikk.no\/fylkeskontorer\/wp-json\/wp\/v2\/pages\/324"}],"wp:featuredmedia":[{"embeddable":true,"href":"https:\/\/www.tryggtrafikk.no\/fylkeskontorer\/wp-json\/wp\/v2\/media\/567"}],"wp:attachment":[{"href":"https:\/\/www.tryggtrafikk.no\/fylkeskontorer\/wp-json\/wp\/v2\/media?parent=566"}],"wp:term":[{"taxonomy":"cs_tag","embeddable":true,"href":"https:\/\/www.tryggtrafikk.no\/fylkeskontorer\/wp-json\/wp\/v2\/cs_tag?post=566"}],"curies":[{"name":"wp","href":"https:\/\/api.w.org\/{rel}","templated":true}]}}