{"id":847,"date":"2024-12-03T08:35:12","date_gmt":"2024-12-03T08:35:12","guid":{"rendered":"https:\/\/www.tryggtrafikk.no\/fylkeskontorer\/?page_id=847"},"modified":"2025-11-07T19:16:48","modified_gmt":"2025-11-07T19:16:48","slug":"trafikkofrenes-dag","status":"publish","type":"page","link":"https:\/\/www.tryggtrafikk.no\/fylkeskontorer\/trygg-trafikk-rogaland\/trafikkofrenes-dag\/","title":{"rendered":"Trafikkofrenes dag"},"content":{"rendered":"\n\t\t<div class=\"alignfull wp-block-tryggtrafikk-hero has-background has-hero-secondary-50-background-color\" id=\"wp-block-tryggtrafikk-hero\">\n\t\t\t<div class=\"tryggtrafikk-hero__container\">\n\t\t\t\t<div class=\"tryggtrafikk-hero__image\"><img loading=\"lazy\" width=\"768\" height=\"576\" src=\"https:\/\/www.tryggtrafikk.no\/content\/uploads\/sites\/9\/2024\/12\/COLOURBOX3219886-768x576.jpg\" class=\"attachment-medium_large size-medium_large\" alt=\"\" style=\"--focalpoint: 77% 40%;\" srcset=\"https:\/\/www.tryggtrafikk.no\/content\/uploads\/sites\/9\/2024\/12\/COLOURBOX3219886-768x576.jpg 768w, https:\/\/www.tryggtrafikk.no\/content\/uploads\/sites\/9\/2024\/12\/COLOURBOX3219886-300x225.jpg 300w, https:\/\/www.tryggtrafikk.no\/content\/uploads\/sites\/9\/2024\/12\/COLOURBOX3219886-1024x768.jpg 1024w, https:\/\/www.tryggtrafikk.no\/content\/uploads\/sites\/9\/2024\/12\/COLOURBOX3219886-1536x1152.jpg 1536w, https:\/\/www.tryggtrafikk.no\/content\/uploads\/sites\/9\/2024\/12\/COLOURBOX3219886-2048x1536.jpg 2048w, https:\/\/www.tryggtrafikk.no\/content\/uploads\/sites\/9\/2024\/12\/COLOURBOX3219886-752x564.jpg 752w\" sizes=\"auto, (max-width: 768px) 100vw, 768px\" \/><\/div>\n\t\t\t\t<div class=\"tryggtrafikk-hero__content-container\">\n\t\t\t\t\t<div class=\"site-breadcrumbs\"><span><span><a href=\"https:\/\/www.tryggtrafikk.no\/fylkeskontorer\/\">Home<\/a><\/span><\/span><\/div>\n\t\t\t\t\t<h1 class=\"tryggtrafikk-hero__title\">Trafikkofrenes dag<\/h1>\n\t\t\t\t\t<div class=\"tryggtrafikk-hero__content\">\n\t\t\t\t\t\t\n<div class=\"has-text-align-left wp-block-post-excerpt\"><p class=\"wp-block-post-excerpt__excerpt\">8. januar 2026 arrangeres Trafikkofrenes dag i Rogaland. Dagen er viktig av flere grunner, men f\u00f8rst og fremst p\u00e5 grunn av det menneskelige perspektivet. Noen har mistet noen de er glad i. Det er s\u00e5 meningsl\u00f8st, og vi \u00f8nsker \u00e5 vise v\u00e5r st\u00f8tte og omtanke overfor etterlatte og skadde. <\/p><\/div>\n\n\t\t\t\t\t<\/div>\n\t\t\t\t<\/div>\n\t\t\t<\/div>\n\t\t<\/div>\n\t\t\n\n\n<p>Markeringen er ogs\u00e5 en viktig arena for alle som jobber med trafikksikkerhet. Spesielt n\u00f8detater, st\u00e5r ofte i t\u00f8ffe situasjoner i m\u00f8te med trafikkulykker.<\/p>\n\n\n\n<p>Det er en viktig markering av at trafikksikkerhetsarbeidet fortsatt m\u00e5 prioriteres. Og en p\u00e5minning til alle trafikanter om \u00e5 ferdes hensynsfullt i trafikken.<\/p>\n\n\n\n<p>Trafikkofrenes dag ble f\u00f8rste gang arrangert i Rogaland i 1990.<\/p>\n\n\n\n<h2 class=\"wp-block-heading\" id=\"h-program-for-dagen\"><strong>Program for dagen<\/strong><\/h2>\n\n\n\n<p>\u00a0<strong>15.00&nbsp;\u2013&nbsp;17.00: Lysmarkering langs vei for ettertanke&nbsp;<\/strong>&nbsp;<\/p>\n\n\n\n<p>Det blir tent en fakkel for hver skadd i rogalandstrafikken i 2025. Om lag 300 blir skadd i trafikken i Rogaland hvert \u00e5r. Farten bli senket, og trafikantene f\u00e5r oppleve en stille markering n\u00e5r de kj\u00f8rer forbi lysmarkeringen. Dette skjer i&nbsp;&nbsp;&nbsp;<\/p>\n\n\n\n<ul class=\"wp-block-list\">\n<li>Stavanger \u2013 lysmarkering p\u00e5 E39\u00a0\u00a0\u00a0<\/li>\n<\/ul>\n\n\n\n<ul class=\"wp-block-list\">\n<li>Haugesund \u2013 lysmarkering i Karmsundgata\u00a0\u00a0\u00a0<\/li>\n<\/ul>\n\n\n\n<ul class=\"wp-block-list\">\n<li>Egersund \u2013 lysmarkering i sentrum\u00a0\u00a0<\/li>\n<\/ul>\n\n\n\n<ul class=\"wp-block-list\">\n<li>Bryne \u2013 lysmarkering i Arne Garborgs veg\u00a0\u00a0<\/li>\n<\/ul>\n\n\n\n<p><strong>18.15&nbsp;\u2013&nbsp;18.50: Fakkeltog til minne om trafikkofrene i 2025&nbsp;<\/strong>&nbsp;<\/p>\n\n\n\n<p>Fakler blir utdelt f\u00f8r start til de som \u00f8nsker \u00e5 g\u00e5 i tog.&nbsp;&nbsp;<\/p>\n\n\n\n<ul class=\"wp-block-list\">\n<li>Stavanger \u2013 fra\u00a0Statens\u00a0Hus,\u00a0Lag\u00e5rdsveien\u00a044\u00a0til Stavanger domkirke\u00a0\u00a0\u00a0<\/li>\n<\/ul>\n\n\n\n<ul class=\"wp-block-list\">\n<li>Haugesund \u2013 fra R\u00e5dhusplassen til V\u00e5r Frelsers kirke\u00a0\u00a0<\/li>\n<\/ul>\n\n\n\n<p><strong>19.00&nbsp;\u2013&nbsp;20.00: Minnegudstjeneste Stavanger domkirke og V\u00e5r Frelsers kirke i Haugesund&nbsp;<\/strong>&nbsp;<\/p>\n\n\n\n<p>Biskopen inviterer spesielt p\u00e5r\u00f8rende etter trafikkulykker, men minnegudstjenesten er \u00e5pen for alle.&nbsp;&nbsp;&nbsp;<\/p>\n\n\n\n<p><strong>20.00 \u2013 21.00: Kirkekaffe i\u00a0Stavanger\u00a0domkirke\u00a0og\u00a0V\u00e5r Frelsers menighetshus<\/strong>\u00a0<\/p>\n\n\n\n<p>Alle er velkomne.&nbsp;&nbsp;&nbsp;<\/p>\n\n\n\n<h2 class=\"wp-block-heading\" id=\"h-beslutningstakere-er-invitert\">Beslutningstakere er invitert<\/h2>\n\n\n\n<p>Ordf\u00f8rere, politikere og beslutningstakere er invitert for \u00e5 vise sin respekt. Hjelpemannskap og redningstjenesten deltar i tillegg til ansvarlige etater.\u00a0<\/p>\n\n\n\n<h3 class=\"wp-block-heading\" id=\"h-arrangorer-nbsp\">Arrang\u00f8rer&nbsp;<\/h3>\n\n\n\n<p>Fylkestrafikksikkerhetsutvalget (FTU) i samarbeid med Statens vegvesen, politiet, Trygg Trafikk Rogaland, NAF, Den norske kirke, Brannvesenet, R\u00f8de Kors Hjelpekorps, MA \u2013 Rusfri Trafikk, Norsk Folkehjelp, Personskadeforbundet LTN, K\u00e5re Ekrene Trafikkskole, Helse Stavanger HF, Helse Fonna HF, Mesta, Presis Vegdrift, H\u00f8iens Trafikkskole, Bilservice Egersund og Haugaland Transportskole.\u00a0<\/p>\n\n\n\n<p><\/p>\n","protected":false},"excerpt":{"rendered":"<p>8. januar 2026 arrangeres Trafikkofrenes dag i Rogaland. Dagen er viktig av flere grunner, men f\u00f8rst og fremst p\u00e5 grunn av det menneskelige perspektivet. Noen har mistet noen de er glad i. Det er s\u00e5 meningsl\u00f8st, og vi \u00f8nsker \u00e5 vise v\u00e5r st\u00f8tte og omtanke overfor etterlatte og skadde.<\/p>\n","protected":false},"author":10,"featured_media":0,"parent":324,"menu_order":0,"comment_status":"closed","ping_status":"closed","template":"","meta":{"show_toc":false,"tryggtrafikk_poll_votes":[],"hide_header_title":false,"alt_breadcrumbs_title":"","footnotes":"","boosted":0},"cs_tag":[],"class_list":["post-847","page","type-page","status-publish","hentry"],"yoast_head":"<!-- This site is optimized with the Yoast SEO Premium plugin v26.1 (Yoast SEO v26.1.1) - https:\/\/yoast.com\/wordpress\/plugins\/seo\/ -->\n<title>Trafikkofrenes dag - Trygg Trafikk - Fylkeskontorer<\/title>\n<meta name=\"description\" content=\"Trygg Trafikk i Agder fylke jobber i tett samarbeid med fylkeskommunen for at ingen blir drept eller alvorlig skadet i trafikken. Vi jobber kunnskapsbasert og forebyggende.\" \/>\n<meta name=\"robots\" content=\"index, follow, max-snippet:-1, max-image-preview:large, max-video-preview:-1\" \/>\n<link rel=\"canonical\" href=\"https:\/\/www.tryggtrafikk.no\/fylkeskontorer\/trygg-trafikk-rogaland\/trafikkofrenes-dag\/\" \/>\n<meta property=\"og:locale\" content=\"nb_NO\" \/>\n<meta property=\"og:type\" content=\"article\" \/>\n<meta property=\"og:title\" content=\"Trafikkofrenes dag\" \/>\n<meta property=\"og:description\" content=\"Trygg Trafikk i Agder fylke jobber i tett samarbeid med fylkeskommunen for at ingen blir drept eller alvorlig skadet i trafikken. Vi jobber kunnskapsbasert og forebyggende.\" \/>\n<meta property=\"og:url\" content=\"https:\/\/www.tryggtrafikk.no\/fylkeskontorer\/trygg-trafikk-rogaland\/trafikkofrenes-dag\/\" \/>\n<meta property=\"og:site_name\" content=\"Trygg Trafikk - Fylkeskontorer\" \/>\n<meta property=\"article:modified_time\" content=\"2025-11-07T19:16:48+00:00\" \/>\n<meta name=\"twitter:card\" content=\"summary_large_image\" \/>\n<meta name=\"twitter:label1\" content=\"Ansl. lesetid\" \/>\n\t<meta name=\"twitter:data1\" content=\"2 minutter\" \/>\n<script type=\"application\/ld+json\" class=\"yoast-schema-graph\">{\"@context\":\"https:\/\/schema.org\",\"@graph\":[{\"@type\":\"WebPage\",\"@id\":\"https:\/\/www.tryggtrafikk.no\/fylkeskontorer\/trygg-trafikk-rogaland\/trafikkofrenes-dag\/\",\"url\":\"https:\/\/www.tryggtrafikk.no\/fylkeskontorer\/trygg-trafikk-rogaland\/trafikkofrenes-dag\/\",\"name\":\"Trafikkofrenes dag - Trygg Trafikk - Fylkeskontorer\",\"isPartOf\":{\"@id\":\"https:\/\/www.tryggtrafikk.no\/fylkeskontorer\/#website\"},\"datePublished\":\"2024-12-03T08:35:12+00:00\",\"dateModified\":\"2025-11-07T19:16:48+00:00\",\"description\":\"Trygg Trafikk i Agder fylke jobber i tett samarbeid med fylkeskommunen for at ingen blir drept eller alvorlig skadet i trafikken. Vi jobber kunnskapsbasert og forebyggende.\",\"breadcrumb\":{\"@id\":\"https:\/\/www.tryggtrafikk.no\/fylkeskontorer\/trygg-trafikk-rogaland\/trafikkofrenes-dag\/#breadcrumb\"},\"inLanguage\":\"nb-NO\",\"potentialAction\":[{\"@type\":\"ReadAction\",\"target\":[\"https:\/\/www.tryggtrafikk.no\/fylkeskontorer\/trygg-trafikk-rogaland\/trafikkofrenes-dag\/\"]}]},{\"@type\":\"BreadcrumbList\",\"@id\":\"https:\/\/www.tryggtrafikk.no\/fylkeskontorer\/trygg-trafikk-rogaland\/trafikkofrenes-dag\/#breadcrumb\",\"itemListElement\":[{\"@type\":\"ListItem\",\"position\":1,\"name\":\"Home\",\"item\":\"https:\/\/www.tryggtrafikk.no\/fylkeskontorer\/\"},{\"@type\":\"ListItem\",\"position\":2,\"name\":\"Trygg Trafikk Rogaland\",\"item\":\"https:\/\/www.tryggtrafikk.no\/fylkeskontorer\/trygg-trafikk-rogaland\/\"},{\"@type\":\"ListItem\",\"position\":3,\"name\":\"Trafikkofrenes dag\"}]},{\"@type\":\"WebSite\",\"@id\":\"https:\/\/www.tryggtrafikk.no\/fylkeskontorer\/#website\",\"url\":\"https:\/\/www.tryggtrafikk.no\/fylkeskontorer\/\",\"name\":\"Trygg Trafikk - Fylkeskontorer\",\"description\":\"\",\"potentialAction\":[{\"@type\":\"SearchAction\",\"target\":{\"@type\":\"EntryPoint\",\"urlTemplate\":\"https:\/\/www.tryggtrafikk.no\/fylkeskontorer\/?s={search_term_string}\"},\"query-input\":{\"@type\":\"PropertyValueSpecification\",\"valueRequired\":true,\"valueName\":\"search_term_string\"}}],\"inLanguage\":\"nb-NO\"}]}<\/script>\n<!-- \/ Yoast SEO Premium plugin. -->","yoast_head_json":{"title":"Trafikkofrenes dag - Trygg Trafikk - Fylkeskontorer","description":"Trygg Trafikk i Agder fylke jobber i tett samarbeid med fylkeskommunen for at ingen blir drept eller alvorlig skadet i trafikken. Vi jobber kunnskapsbasert og forebyggende.","robots":{"index":"index","follow":"follow","max-snippet":"max-snippet:-1","max-image-preview":"max-image-preview:large","max-video-preview":"max-video-preview:-1"},"canonical":"https:\/\/www.tryggtrafikk.no\/fylkeskontorer\/trygg-trafikk-rogaland\/trafikkofrenes-dag\/","og_locale":"nb_NO","og_type":"article","og_title":"Trafikkofrenes dag","og_description":"Trygg Trafikk i Agder fylke jobber i tett samarbeid med fylkeskommunen for at ingen blir drept eller alvorlig skadet i trafikken. Vi jobber kunnskapsbasert og forebyggende.","og_url":"https:\/\/www.tryggtrafikk.no\/fylkeskontorer\/trygg-trafikk-rogaland\/trafikkofrenes-dag\/","og_site_name":"Trygg Trafikk - Fylkeskontorer","article_modified_time":"2025-11-07T19:16:48+00:00","twitter_card":"summary_large_image","twitter_misc":{"Ansl. lesetid":"2 minutter"},"schema":{"@context":"https:\/\/schema.org","@graph":[{"@type":"WebPage","@id":"https:\/\/www.tryggtrafikk.no\/fylkeskontorer\/trygg-trafikk-rogaland\/trafikkofrenes-dag\/","url":"https:\/\/www.tryggtrafikk.no\/fylkeskontorer\/trygg-trafikk-rogaland\/trafikkofrenes-dag\/","name":"Trafikkofrenes dag - Trygg Trafikk - Fylkeskontorer","isPartOf":{"@id":"https:\/\/www.tryggtrafikk.no\/fylkeskontorer\/#website"},"datePublished":"2024-12-03T08:35:12+00:00","dateModified":"2025-11-07T19:16:48+00:00","description":"Trygg Trafikk i Agder fylke jobber i tett samarbeid med fylkeskommunen for at ingen blir drept eller alvorlig skadet i trafikken. Vi jobber kunnskapsbasert og forebyggende.","breadcrumb":{"@id":"https:\/\/www.tryggtrafikk.no\/fylkeskontorer\/trygg-trafikk-rogaland\/trafikkofrenes-dag\/#breadcrumb"},"inLanguage":"nb-NO","potentialAction":[{"@type":"ReadAction","target":["https:\/\/www.tryggtrafikk.no\/fylkeskontorer\/trygg-trafikk-rogaland\/trafikkofrenes-dag\/"]}]},{"@type":"BreadcrumbList","@id":"https:\/\/www.tryggtrafikk.no\/fylkeskontorer\/trygg-trafikk-rogaland\/trafikkofrenes-dag\/#breadcrumb","itemListElement":[{"@type":"ListItem","position":1,"name":"Home","item":"https:\/\/www.tryggtrafikk.no\/fylkeskontorer\/"},{"@type":"ListItem","position":2,"name":"Trygg Trafikk Rogaland","item":"https:\/\/www.tryggtrafikk.no\/fylkeskontorer\/trygg-trafikk-rogaland\/"},{"@type":"ListItem","position":3,"name":"Trafikkofrenes dag"}]},{"@type":"WebSite","@id":"https:\/\/www.tryggtrafikk.no\/fylkeskontorer\/#website","url":"https:\/\/www.tryggtrafikk.no\/fylkeskontorer\/","name":"Trygg Trafikk - Fylkeskontorer","description":"","potentialAction":[{"@type":"SearchAction","target":{"@type":"EntryPoint","urlTemplate":"https:\/\/www.tryggtrafikk.no\/fylkeskontorer\/?s={search_term_string}"},"query-input":{"@type":"PropertyValueSpecification","valueRequired":true,"valueName":"search_term_string"}}],"inLanguage":"nb-NO"}]}},"_links":{"self":[{"href":"https:\/\/www.tryggtrafikk.no\/fylkeskontorer\/wp-json\/wp\/v2\/pages\/847","targetHints":{"allow":["GET"]}}],"collection":[{"href":"https:\/\/www.tryggtrafikk.no\/fylkeskontorer\/wp-json\/wp\/v2\/pages"}],"about":[{"href":"https:\/\/www.tryggtrafikk.no\/fylkeskontorer\/wp-json\/wp\/v2\/types\/page"}],"author":[{"embeddable":true,"href":"https:\/\/www.tryggtrafikk.no\/fylkeskontorer\/wp-json\/wp\/v2\/users\/10"}],"replies":[{"embeddable":true,"href":"https:\/\/www.tryggtrafikk.no\/fylkeskontorer\/wp-json\/wp\/v2\/comments?post=847"}],"version-history":[{"count":5,"href":"https:\/\/www.tryggtrafikk.no\/fylkeskontorer\/wp-json\/wp\/v2\/pages\/847\/revisions"}],"predecessor-version":[{"id":1099,"href":"https:\/\/www.tryggtrafikk.no\/fylkeskontorer\/wp-json\/wp\/v2\/pages\/847\/revisions\/1099"}],"up":[{"embeddable":true,"href":"https:\/\/www.tryggtrafikk.no\/fylkeskontorer\/wp-json\/wp\/v2\/pages\/324"}],"wp:attachment":[{"href":"https:\/\/www.tryggtrafikk.no\/fylkeskontorer\/wp-json\/wp\/v2\/media?parent=847"}],"wp:term":[{"taxonomy":"cs_tag","embeddable":true,"href":"https:\/\/www.tryggtrafikk.no\/fylkeskontorer\/wp-json\/wp\/v2\/cs_tag?post=847"}],"curies":[{"name":"wp","href":"https:\/\/api.w.org\/{rel}","templated":true}]}}