{"id":1232,"date":"2026-03-31T11:12:01","date_gmt":"2026-03-31T11:12:01","guid":{"rendered":"https:\/\/www.tryggtrafikk.no\/ung\/?page_id=1232"},"modified":"2026-05-04T11:06:00","modified_gmt":"2026-05-04T11:06:00","slug":"ungdomsskole","status":"publish","type":"page","link":"https:\/\/www.tryggtrafikk.no\/ung\/ungdomsskole\/","title":{"rendered":"Ungdomsskole"},"content":{"rendered":"\n\t<div style=\"--t2-hero-dim:0.1;\" class=\"t2-hero t2-hero-content-position-center-center t2-hero-has-dim-10 t2-hero-has-fullsize-image alignfull is-style-hero-2026 wp-block-t2-hero\">\n\t\t<img width=\"1024\" height=\"683\" src=\"https:\/\/www.tryggtrafikk.no\/content\/uploads\/sites\/6\/2026\/04\/Underveis-1024x683.jpg\" class=\"t2-hero__image\" alt=\"\" style=\"object-position: 50% 50%;\" loading=\"eager\" fetchpriority=\"high\" srcset=\"https:\/\/www.tryggtrafikk.no\/content\/uploads\/sites\/6\/2026\/04\/Underveis-1024x683.jpg 1024w, https:\/\/www.tryggtrafikk.no\/content\/uploads\/sites\/6\/2026\/04\/Underveis-300x200.jpg 300w, https:\/\/www.tryggtrafikk.no\/content\/uploads\/sites\/6\/2026\/04\/Underveis-768x512.jpg 768w, https:\/\/www.tryggtrafikk.no\/content\/uploads\/sites\/6\/2026\/04\/Underveis-1536x1024.jpg 1536w\" sizes=\"(max-width: 1024px) 100vw, 1024px\" \/>\n\t\t<div class=\"t2-hero__header\"><div class=\"t2-hero__header__content\">\n<div class=\"site-breadcrumbs has-text-align-left\"><span><span><a href=\"https:\/\/www.tryggtrafikk.no\/ung\/\">Home<\/a><\/span><\/span><\/div><h1 class=\"has-text-align-left alignwide wp-block-post-title\">Ungdomsskole<\/h1>\n\n\n<p class=\"has-text-align-left pre-title\"><\/p>\n\n\n\n<p class=\"has-text-align-left\">Gratis undervisningsopplegg til bruk i ungdomsskolen med varierte temaer knyttet til ungdom, risiko og trafikk. <\/p>\n\n<\/div><\/div>\n\t<\/div>\n\n<div style=\"--tryggtrafikk-links-blocks-columns:2;\" class=\"tryggtrafikk-links-blocks has-2-columns alignwide wp-block-tryggtrafikk-links-blocks\"><div class=\"tryggtrafikk-links-blocks__grid\">\n<div class=\"tryggtrafikk-links-block-item wp-block-tryggtrafikk-links-block-item\"><span class=\"tryggtrafikk-links-block-item__icon\" aria-hidden=\"true\"><svg viewBox=\"0 0 16 16\" focusable=\"false\"><path d=\"M7.61535 15.2307L6.73205 14.3359L12.818 8.24353H0V6.98718H12.818L6.73205 0.89485L7.61535 0L15.2307 7.61535L7.61535 15.2307Z\" fill=\"#3C3D43\"\/><\/svg><\/span><div class=\"tryggtrafikk-links-block-item__content\"><a href=\"https:\/\/underveis.co\/\"><h3 class=\"tryggtrafikk-links-block-item__heading\"><strong>Underveis<\/strong><\/h3><p class=\"tryggtrafikk-links-block-item__description\">Undervisningsressurser basert p\u00e5 overordnet del og l\u00e6replanm\u00e5l i ulike fag for ungdomsskolen. Engasjerende aktivitetsoppgaver, filmer og interaktive opplegg som er enkle \u00e5 bruke.<\/p><span class=\"screen-reader-text\">Read more stories<\/span><\/a><\/div><\/div>\n\n<div class=\"tryggtrafikk-links-block-item wp-block-tryggtrafikk-links-block-item\"><span class=\"tryggtrafikk-links-block-item__icon\" aria-hidden=\"true\"><svg viewBox=\"0 0 16 16\" focusable=\"false\"><path d=\"M7.61535 15.2307L6.73205 14.3359L12.818 8.24353H0V6.98718H12.818L6.73205 0.89485L7.61535 0L15.2307 7.61535L7.61535 15.2307Z\" fill=\"#3C3D43\"\/><\/svg><\/span><div class=\"tryggtrafikk-links-block-item__content\"><a href=\"https:\/\/www.tryggtrafikk.no\/ung\/ungdomsskole\/veivalg\/\"><h3 class=\"tryggtrafikk-links-block-item__heading\"><strong>Veivalg<\/strong><\/h3><p class=\"tryggtrafikk-links-block-item__description\">Veivalg er et viktig forebyggende heldags undervisningsopplegg for 10.trinn, som vi anbefaler for alle elever.\u00a0<\/p><span class=\"screen-reader-text\">Read more stories<\/span><\/a><\/div><\/div>\n\n<div class=\"tryggtrafikk-links-block-item wp-block-tryggtrafikk-links-block-item\"><span class=\"tryggtrafikk-links-block-item__icon\" aria-hidden=\"true\"><svg viewBox=\"0 0 16 16\" focusable=\"false\"><path d=\"M7.61535 15.2307L6.73205 14.3359L12.818 8.24353H0V6.98718H12.818L6.73205 0.89485L7.61535 0L15.2307 7.61535L7.61535 15.2307Z\" fill=\"#3C3D43\"\/><\/svg><\/span><div class=\"tryggtrafikk-links-block-item__content\"><a href=\"https:\/\/www.tryggtrafikk.no\/ung\/ungdomsskole\/valgfaget-trafikk\/\"><h3 class=\"tryggtrafikk-links-block-item__heading\"><strong>Valgfaget trafikk<\/strong><\/h3><p class=\"tryggtrafikk-links-block-item__description\">Valgfaget inneholder alle komponentene i trafikalt grunnkurs med unntak av m\u00f8rkekj\u00f8ring.<\/p><span class=\"screen-reader-text\">Read more stories<\/span><\/a><\/div><\/div>\n\n<div class=\"tryggtrafikk-links-block-item wp-block-tryggtrafikk-links-block-item\"><span class=\"tryggtrafikk-links-block-item__icon\" aria-hidden=\"true\"><svg viewBox=\"0 0 16 16\" focusable=\"false\"><path d=\"M7.61535 15.2307L6.73205 14.3359L12.818 8.24353H0V6.98718H12.818L6.73205 0.89485L7.61535 0L15.2307 7.61535L7.61535 15.2307Z\" fill=\"#3C3D43\"\/><\/svg><\/span><div class=\"tryggtrafikk-links-block-item__content\"><a href=\"https:\/\/www.tryggtrafikk.no\/ung\/ungdomsskole\/el-sparkesykkel-og-ungdom-i-skolen\/\"><h3 class=\"tryggtrafikk-links-block-item__heading\"><strong><strong>Elsparkesykkel<\/strong><\/strong><\/h3><p class=\"tryggtrafikk-links-block-item__description\">Tips til undervisning og filmer.<\/p><span class=\"screen-reader-text\">Read more stories<\/span><\/a><\/div><\/div>\n<\/div><\/div>\n\n\n\t\t<div class=\"t2-simple-media-text alignwide is-mode-constrained is-gap-center wp-block-t2-simple-media-text has-background has-ung-lighter-purple-background-color\">\n\t\t\t<div class=\"t2-simple-media-text__container\">\n\t\t\t\t<figure class=\"t2-simple-media-text__image\"><img loading=\"lazy\" width=\"768\" height=\"576\" src=\"https:\/\/www.tryggtrafikk.no\/content\/uploads\/sites\/6\/2026\/05\/IMG_8962-2-768x576.jpg\" class=\"wp-image-1341 size-medium_large attachment-medium_large\" alt=\"\" style=\"--focalpoint: 50% 50%;\" srcset=\"https:\/\/www.tryggtrafikk.no\/content\/uploads\/sites\/6\/2026\/05\/IMG_8962-2-768x576.jpg 768w, https:\/\/www.tryggtrafikk.no\/content\/uploads\/sites\/6\/2026\/05\/IMG_8962-2-300x225.jpg 300w, https:\/\/www.tryggtrafikk.no\/content\/uploads\/sites\/6\/2026\/05\/IMG_8962-2-1024x768.jpg 1024w, https:\/\/www.tryggtrafikk.no\/content\/uploads\/sites\/6\/2026\/05\/IMG_8962-2-1536x1152.jpg 1536w, https:\/\/www.tryggtrafikk.no\/content\/uploads\/sites\/6\/2026\/05\/IMG_8962-2-2048x1536.jpg 2048w, https:\/\/www.tryggtrafikk.no\/content\/uploads\/sites\/6\/2026\/05\/IMG_8962-2-752x564.jpg 752w\" sizes=\"auto, (max-width: 768px) 100vw, 768px\" \/><\/figure>\n\t\t\t\t<div class=\"t2-simple-media-text__content-container\">\n\t\t\t\t\t<div class=\"t2-simple-media-text__content\">\n\t\t\t\t\t\t<div class=\"t2-simple-media-text__content-inner is-layout-flow\">\n\t\t\t\t\t\t\t\n\n<h2 class=\"wp-block-heading\" id=\"h-ungdomsrad\"><a href=\"https:\/\/www.tryggtrafikk.no\/ung\/ungdomsrad\/\">Ungdomsr\u00e5d<\/a><\/h2>\n\n\n\n<p>Sitter du i et ungdomsr\u00e5d? Eller er du koordinator for et ungdomsr\u00e5d?&nbsp; Da har du en viktig rolle. Vi har konkrete tips og ideer til hvordan ungdomsr\u00e5det kan kan ta tak i det viktige kommunale trafikksikkerhetsarbeidet.&nbsp;&nbsp;<\/p>\n\n\n\t\t\t\t\t\t<\/div>\n\t\t\t\t\t<\/div>\n\t\t\t\t<\/div>\n\t\t\t<\/div>\n\t\t<\/div>\n\t\t\n\n\n<p><\/p>\n","protected":false},"excerpt":{"rendered":"<p>Alle Trygg Trafikks oppl\u00e6ringsressurser er gratis og klare til \u00e5 tas i bruk av l\u00e6rere. V\u00e5rt m\u00e5l er om \u00e5 n\u00e5 ut til alle landets ungdommer. Sammen skaper vi enda en generasjon ansvarsfulle trafikanter.<\/p>\n","protected":false},"author":10,"featured_media":1280,"parent":0,"menu_order":0,"comment_status":"closed","ping_status":"closed","template":"","meta":{"show_toc":false,"tryggtrafikk_poll_votes":[],"hide_header_title":false,"alt_breadcrumbs_title":"","footnotes":"","boosted":0},"cs_tag":[],"class_list":["post-1232","page","type-page","status-publish","has-post-thumbnail","hentry"],"yoast_head":"<!-- This site is optimized with the Yoast SEO Premium plugin v26.1 (Yoast SEO v26.1.1) - https:\/\/yoast.com\/wordpress\/plugins\/seo\/ -->\n<title>Ungdomsskole - UNG<\/title>\n<meta name=\"robots\" content=\"index, follow, max-snippet:-1, max-image-preview:large, max-video-preview:-1\" \/>\n<link rel=\"canonical\" href=\"https:\/\/www.tryggtrafikk.no\/ung\/ungdomsskole\/\" \/>\n<meta property=\"og:locale\" content=\"nb_NO\" \/>\n<meta property=\"og:type\" content=\"article\" \/>\n<meta property=\"og:title\" content=\"Ungdomsskole\" \/>\n<meta property=\"og:description\" content=\"Alle Trygg Trafikks oppl\u00e6ringsressurser er gratis og klare til \u00e5 tas i bruk av l\u00e6rere. V\u00e5rt m\u00e5l er om \u00e5 n\u00e5 ut til alle landets ungdommer. Sammen skaper vi enda en generasjon ansvarsfulle trafikanter.\" \/>\n<meta property=\"og:url\" content=\"https:\/\/www.tryggtrafikk.no\/ung\/ungdomsskole\/\" \/>\n<meta property=\"og:site_name\" content=\"UNG\" \/>\n<meta property=\"article:modified_time\" content=\"2026-05-04T11:06:00+00:00\" \/>\n<meta property=\"og:image\" content=\"https:\/\/www.tryggtrafikk.no\/content\/uploads\/sites\/6\/2026\/04\/Underveis-1024x683.jpg\" \/>\n\t<meta property=\"og:image:width\" content=\"1024\" \/>\n\t<meta property=\"og:image:height\" content=\"683\" \/>\n\t<meta property=\"og:image:type\" content=\"image\/jpeg\" \/>\n<meta name=\"twitter:card\" content=\"summary_large_image\" \/>\n<meta name=\"twitter:label1\" content=\"Ansl. lesetid\" \/>\n\t<meta name=\"twitter:data1\" content=\"1 minutt\" \/>\n<script type=\"application\/ld+json\" class=\"yoast-schema-graph\">{\"@context\":\"https:\/\/schema.org\",\"@graph\":[{\"@type\":\"WebPage\",\"@id\":\"https:\/\/www.tryggtrafikk.no\/ung\/ungdomsskole\/\",\"url\":\"https:\/\/www.tryggtrafikk.no\/ung\/ungdomsskole\/\",\"name\":\"Ungdomsskole - UNG\",\"isPartOf\":{\"@id\":\"https:\/\/www.tryggtrafikk.no\/ung\/#website\"},\"primaryImageOfPage\":{\"@id\":\"https:\/\/www.tryggtrafikk.no\/ung\/ungdomsskole\/#primaryimage\"},\"image\":{\"@id\":\"https:\/\/www.tryggtrafikk.no\/ung\/ungdomsskole\/#primaryimage\"},\"thumbnailUrl\":\"https:\/\/www.tryggtrafikk.no\/content\/uploads\/sites\/6\/2026\/04\/Underveis.jpg\",\"datePublished\":\"2026-03-31T11:12:01+00:00\",\"dateModified\":\"2026-05-04T11:06:00+00:00\",\"breadcrumb\":{\"@id\":\"https:\/\/www.tryggtrafikk.no\/ung\/ungdomsskole\/#breadcrumb\"},\"inLanguage\":\"nb-NO\",\"potentialAction\":[{\"@type\":\"ReadAction\",\"target\":[\"https:\/\/www.tryggtrafikk.no\/ung\/ungdomsskole\/\"]}]},{\"@type\":\"ImageObject\",\"inLanguage\":\"nb-NO\",\"@id\":\"https:\/\/www.tryggtrafikk.no\/ung\/ungdomsskole\/#primaryimage\",\"url\":\"https:\/\/www.tryggtrafikk.no\/content\/uploads\/sites\/6\/2026\/04\/Underveis.jpg\",\"contentUrl\":\"https:\/\/www.tryggtrafikk.no\/content\/uploads\/sites\/6\/2026\/04\/Underveis.jpg\",\"width\":7918,\"height\":5281,\"caption\":\"Nittedal 20230221; F\u00f8rstehjelpsmesterne; Ungdom p\u00e5 ulykkessted\"},{\"@type\":\"BreadcrumbList\",\"@id\":\"https:\/\/www.tryggtrafikk.no\/ung\/ungdomsskole\/#breadcrumb\",\"itemListElement\":[{\"@type\":\"ListItem\",\"position\":1,\"name\":\"Home\",\"item\":\"https:\/\/www.tryggtrafikk.no\/ung\/\"},{\"@type\":\"ListItem\",\"position\":2,\"name\":\"Ungdomsskole\"}]},{\"@type\":\"WebSite\",\"@id\":\"https:\/\/www.tryggtrafikk.no\/ung\/#website\",\"url\":\"https:\/\/www.tryggtrafikk.no\/ung\/\",\"name\":\"UNG\",\"description\":\"\",\"potentialAction\":[{\"@type\":\"SearchAction\",\"target\":{\"@type\":\"EntryPoint\",\"urlTemplate\":\"https:\/\/www.tryggtrafikk.no\/ung\/?s={search_term_string}\"},\"query-input\":{\"@type\":\"PropertyValueSpecification\",\"valueRequired\":true,\"valueName\":\"search_term_string\"}}],\"inLanguage\":\"nb-NO\"}]}<\/script>\n<!-- \/ Yoast SEO Premium plugin. -->","yoast_head_json":{"title":"Ungdomsskole - UNG","robots":{"index":"index","follow":"follow","max-snippet":"max-snippet:-1","max-image-preview":"max-image-preview:large","max-video-preview":"max-video-preview:-1"},"canonical":"https:\/\/www.tryggtrafikk.no\/ung\/ungdomsskole\/","og_locale":"nb_NO","og_type":"article","og_title":"Ungdomsskole","og_description":"Alle Trygg Trafikks oppl\u00e6ringsressurser er gratis og klare til \u00e5 tas i bruk av l\u00e6rere. V\u00e5rt m\u00e5l er om \u00e5 n\u00e5 ut til alle landets ungdommer. Sammen skaper vi enda en generasjon ansvarsfulle trafikanter.","og_url":"https:\/\/www.tryggtrafikk.no\/ung\/ungdomsskole\/","og_site_name":"UNG","article_modified_time":"2026-05-04T11:06:00+00:00","og_image":[{"width":1024,"height":683,"url":"https:\/\/www.tryggtrafikk.no\/content\/uploads\/sites\/6\/2026\/04\/Underveis-1024x683.jpg","type":"image\/jpeg"}],"twitter_card":"summary_large_image","twitter_misc":{"Ansl. lesetid":"1 minutt"},"schema":{"@context":"https:\/\/schema.org","@graph":[{"@type":"WebPage","@id":"https:\/\/www.tryggtrafikk.no\/ung\/ungdomsskole\/","url":"https:\/\/www.tryggtrafikk.no\/ung\/ungdomsskole\/","name":"Ungdomsskole - UNG","isPartOf":{"@id":"https:\/\/www.tryggtrafikk.no\/ung\/#website"},"primaryImageOfPage":{"@id":"https:\/\/www.tryggtrafikk.no\/ung\/ungdomsskole\/#primaryimage"},"image":{"@id":"https:\/\/www.tryggtrafikk.no\/ung\/ungdomsskole\/#primaryimage"},"thumbnailUrl":"https:\/\/www.tryggtrafikk.no\/content\/uploads\/sites\/6\/2026\/04\/Underveis.jpg","datePublished":"2026-03-31T11:12:01+00:00","dateModified":"2026-05-04T11:06:00+00:00","breadcrumb":{"@id":"https:\/\/www.tryggtrafikk.no\/ung\/ungdomsskole\/#breadcrumb"},"inLanguage":"nb-NO","potentialAction":[{"@type":"ReadAction","target":["https:\/\/www.tryggtrafikk.no\/ung\/ungdomsskole\/"]}]},{"@type":"ImageObject","inLanguage":"nb-NO","@id":"https:\/\/www.tryggtrafikk.no\/ung\/ungdomsskole\/#primaryimage","url":"https:\/\/www.tryggtrafikk.no\/content\/uploads\/sites\/6\/2026\/04\/Underveis.jpg","contentUrl":"https:\/\/www.tryggtrafikk.no\/content\/uploads\/sites\/6\/2026\/04\/Underveis.jpg","width":7918,"height":5281,"caption":"Nittedal 20230221; F\u00f8rstehjelpsmesterne; Ungdom p\u00e5 ulykkessted"},{"@type":"BreadcrumbList","@id":"https:\/\/www.tryggtrafikk.no\/ung\/ungdomsskole\/#breadcrumb","itemListElement":[{"@type":"ListItem","position":1,"name":"Home","item":"https:\/\/www.tryggtrafikk.no\/ung\/"},{"@type":"ListItem","position":2,"name":"Ungdomsskole"}]},{"@type":"WebSite","@id":"https:\/\/www.tryggtrafikk.no\/ung\/#website","url":"https:\/\/www.tryggtrafikk.no\/ung\/","name":"UNG","description":"","potentialAction":[{"@type":"SearchAction","target":{"@type":"EntryPoint","urlTemplate":"https:\/\/www.tryggtrafikk.no\/ung\/?s={search_term_string}"},"query-input":{"@type":"PropertyValueSpecification","valueRequired":true,"valueName":"search_term_string"}}],"inLanguage":"nb-NO"}]}},"_links":{"self":[{"href":"https:\/\/www.tryggtrafikk.no\/ung\/wp-json\/wp\/v2\/pages\/1232","targetHints":{"allow":["GET"]}}],"collection":[{"href":"https:\/\/www.tryggtrafikk.no\/ung\/wp-json\/wp\/v2\/pages"}],"about":[{"href":"https:\/\/www.tryggtrafikk.no\/ung\/wp-json\/wp\/v2\/types\/page"}],"author":[{"embeddable":true,"href":"https:\/\/www.tryggtrafikk.no\/ung\/wp-json\/wp\/v2\/users\/10"}],"replies":[{"embeddable":true,"href":"https:\/\/www.tryggtrafikk.no\/ung\/wp-json\/wp\/v2\/comments?post=1232"}],"version-history":[{"count":5,"href":"https:\/\/www.tryggtrafikk.no\/ung\/wp-json\/wp\/v2\/pages\/1232\/revisions"}],"predecessor-version":[{"id":1344,"href":"https:\/\/www.tryggtrafikk.no\/ung\/wp-json\/wp\/v2\/pages\/1232\/revisions\/1344"}],"wp:featuredmedia":[{"embeddable":true,"href":"https:\/\/www.tryggtrafikk.no\/ung\/wp-json\/wp\/v2\/media\/1280"}],"wp:attachment":[{"href":"https:\/\/www.tryggtrafikk.no\/ung\/wp-json\/wp\/v2\/media?parent=1232"}],"wp:term":[{"taxonomy":"cs_tag","embeddable":true,"href":"https:\/\/www.tryggtrafikk.no\/ung\/wp-json\/wp\/v2\/cs_tag?post=1232"}],"curies":[{"name":"wp","href":"https:\/\/api.w.org\/{rel}","templated":true}]}}