{"id":1255,"date":"2026-03-31T13:27:11","date_gmt":"2026-03-31T13:27:11","guid":{"rendered":"https:\/\/www.tryggtrafikk.no\/ung\/?page_id=1255"},"modified":"2026-05-14T11:55:57","modified_gmt":"2026-05-14T11:55:57","slug":"el-sparkesykkel-og-ungdom-i-skolen","status":"publish","type":"page","link":"https:\/\/www.tryggtrafikk.no\/ung\/ungdomsskole\/el-sparkesykkel-og-ungdom-i-skolen\/","title":{"rendered":"Elsparkesykkel til skolen"},"content":{"rendered":"\n\t\t<div class=\"alignfull wp-block-tryggtrafikk-hero\" id=\"wp-block-tryggtrafikk-hero\">\n\t\t\t<div class=\"tryggtrafikk-hero__container\">\n\t\t\t\t<div class=\"tryggtrafikk-hero__image\"><img loading=\"lazy\" width=\"768\" height=\"768\" src=\"https:\/\/www.tryggtrafikk.no\/content\/uploads\/sites\/6\/2026\/03\/COLOURBOX48484741-768x768.jpg\" class=\"attachment-medium_large size-medium_large\" alt=\"\" style=\"--focalpoint: 50% 50%;\" srcset=\"https:\/\/www.tryggtrafikk.no\/content\/uploads\/sites\/6\/2026\/03\/COLOURBOX48484741-768x768.jpg 768w, https:\/\/www.tryggtrafikk.no\/content\/uploads\/sites\/6\/2026\/03\/COLOURBOX48484741-300x300.jpg 300w, https:\/\/www.tryggtrafikk.no\/content\/uploads\/sites\/6\/2026\/03\/COLOURBOX48484741-1024x1024.jpg 1024w, https:\/\/www.tryggtrafikk.no\/content\/uploads\/sites\/6\/2026\/03\/COLOURBOX48484741-150x150.jpg 150w, https:\/\/www.tryggtrafikk.no\/content\/uploads\/sites\/6\/2026\/03\/COLOURBOX48484741-1536x1536.jpg 1536w, https:\/\/www.tryggtrafikk.no\/content\/uploads\/sites\/6\/2026\/03\/COLOURBOX48484741-2048x2048.jpg 2048w\" sizes=\"auto, (max-width: 768px) 100vw, 768px\" \/><\/div>\n\t\t\t\t<div class=\"tryggtrafikk-hero__content-container\">\n\t\t\t\t\t<div class=\"site-breadcrumbs\"><span><span><a href=\"https:\/\/www.tryggtrafikk.no\/ung\/\">Home<\/a><\/span><\/span><\/div>\n\t\t\t\t\t<h1 class=\"tryggtrafikk-hero__title\">Elsparkesykkel til skolen<\/h1>\n\t\t\t\t\t<div class=\"tryggtrafikk-hero__content\">\n\t\t\t\t\t\t\n<div class=\"has-text-align-left wp-block-post-excerpt\"><p class=\"wp-block-post-excerpt__excerpt\">Her finner du nyttig informasjon du kan ta med rett inn i klasserommet om bruk av elsparkesykkel. Du finner regelverket og korte filmer. Videre ned p\u00e5 siden finner du informasjon om bruk av hjelm som en viktig p\u00e5minnelse til elevene. <\/p><\/div>\n\n\t\t\t\t\t<\/div>\n\t\t\t\t<\/div>\n\t\t\t<\/div>\n\t\t<\/div>\n\t\t\n\n\n<h2 class=\"wp-block-heading\" id=\"h-kan-du-dette-ta-testen\"><strong>Kan du dette<\/strong> &#8211; ta testen!<\/h2>\n\n\n\n<div class=\"wp-block-columns is-layout-flex wp-container-core-columns-is-layout-1 wp-block-columns-is-layout-flex\">\n<div class=\"wp-block-column is-layout-flow wp-block-column-is-layout-flow\" style=\"flex-basis:100%\">\n<iframe loading=\"lazy\" src=\"https:\/\/www.tryggtrafikk.no\/wp\/wp-admin\/admin-ajax.php?action=h5p_embed&amp;id=1\" width=\"958\" height=\"239\" frameborder=\"0\" allowfullscreen=\"allowfullscreen\" title=\"Test deg selv - kan du dette om el-sparkesykkel?\"><\/iframe><script src=\"https:\/\/www.tryggtrafikk.no\/content\/plugins\/h5p\/h5p-php-library\/js\/h5p-resizer.js\" charset=\"UTF-8\"><\/script>\n<\/div>\n<\/div>\n\n\n\n<div class=\"wp-block-group alignwide is-nowrap is-layout-flex wp-container-core-group-is-layout-1 wp-block-group-is-layout-flex\">\n<figure class=\"wp-block-image size-full\"><a href=\"https:\/\/www.tryggtrafikk.no\/content\/uploads\/2024\/06\/Elsparkesykkel-2.png\"><img src=\"https:\/\/www.tryggtrafikk.no\/content\/uploads\/2024\/06\/Elsparkesykkel-2.png\" alt=\"\" class=\"wp-image-36637\" \/><\/a><\/figure>\n\n\n\n<figure class=\"wp-block-image size-full\"><a href=\"https:\/\/www.tryggtrafikk.no\/content\/uploads\/2024\/06\/El-sparkesykkel-3.png\"><img src=\"https:\/\/www.tryggtrafikk.no\/content\/uploads\/2024\/06\/El-sparkesykkel-3.png\" alt=\"\" class=\"wp-image-36638\" \/><\/a><\/figure>\n<\/div>\n\n\n<ul class=\"t2-link-list has-4-items has-auto-columns alignwide wp-block-t2-link-list\">\n\t<li class=\"t2-link-list-item wp-block-t2-link-list-item\">\n\t\t<a\n\t\t\thref=\"https:\/\/sykkeldyktig.no\/1245-2\/\"\n\t\t\tclass=\"t2-link-list-item__link t2-link-list__icon--left\"\n\t\t\trel=\"noreferrer noopener\" target=\"_blank\"\t\t>\n\t\t\t<span class=\"t2-link-list-item__icon\"><span class=\"t2-link-list-item__icon-box\"><\/span><svg xmlns=\"http:\/\/www.w3.org\/2000\/svg\" viewBox=\"0 0 24 24\" height=\"40\" width=\"40\" class=\"t2-icon t2-icon-linkexternal\" aria-hidden=\"true\" focusable=\"false\"><path d=\"M5.308594 20.5c-.507813 0-.933594-.175781-1.285156-.523438C3.675781 19.625 3.5 19.199219 3.5 18.691406V5.308594c0-.507813.175781-.933594.523438-1.285156C4.375 3.675781 4.800781 3.5 5.308594 3.5h6.308594V5H5.308594c-.078125 0-.148438.03125-.210938.097656C5.03125 5.160156 5 5.230469 5 5.308594v13.382812c0 .078125.03125.148438.097656.210938.0625.066406.132813.097656.210938.097656h13.382812c.078125 0 .148438-.03125.210938-.097656.066406-.0625.097656-.132813.097656-.210938v-6.308594h1.5v6.308594c0 .507813-.175781.933594-.523438 1.285156-.351562.347657-.777343.523438-1.285156.523438Zm4.410156-5.164062L8.664062 14.28125 17.945312 5H14V3.5h6.5V10H19V6.054688Zm0 0\" fill=\"currentColor\" \/><\/svg><\/span>\t\t\t<div class=\"t2-link-list-item__content\">\n\n\t\t\t\t\n\t\t\t\t<span id=\"link-list-item-text\" class=\"t2-link-list-item__text\">\n\t\t\t\t\tRegler \t\t\t\t<\/span>\n\t\t\t\t<span id=\"link-list-item-description\" class=\"t2-link-list-item__description\">&#8211; p\u00e5 elsparkesykkel<\/span>\t\t\t<\/div>\n\t\t<\/a>\n\t<\/li>\n\t\n\n\t<li class=\"t2-link-list-item wp-block-t2-link-list-item\">\n\t\t<a\n\t\t\thref=\"https:\/\/www.youtube.com\/watch?v=6zl-RbMjUzU\"\n\t\t\tclass=\"t2-link-list-item__link t2-link-list__icon--left\"\n\t\t\t\t\t>\n\t\t\t<span class=\"t2-link-list-item__icon\"><span class=\"t2-link-list-item__icon-box\"><\/span><svg xmlns=\"http:\/\/www.w3.org\/2000\/svg\" viewBox=\"0 0 24 24\" height=\"40\" width=\"40\" class=\"t2-icon t2-icon-arrowforward\" aria-hidden=\"true\" focusable=\"false\"><path d=\"M12 19.617188 10.929688 18.5625l5.8125-5.8125H4.382812v-1.5h12.359376l-5.8125-5.8125L12 4.382812 19.617188 12Zm0 0\" fill=\"currentColor\" \/><\/svg><\/span>\t\t\t<div class=\"t2-link-list-item__content\">\n\n\t\t\t\t\n\t\t\t\t<span id=\"link-list-item-text-1\" class=\"t2-link-list-item__text\">\n\t\t\t\t\tHjelm \t\t\t\t<\/span>\n\t\t\t\t<span id=\"link-list-item-description-1\" class=\"t2-link-list-item__description\">&#8211; p\u00e5 elsparkesykkel<\/span>\t\t\t<\/div>\n\t\t<\/a>\n\t<\/li>\n\t\n\n\t<li class=\"t2-link-list-item wp-block-t2-link-list-item\">\n\t\t<a\n\t\t\thref=\"https:\/\/youtube.com\/shorts\/uDwtfqcX-qg?si=YQFy-YofCoUkD7Ka\"\n\t\t\tclass=\"t2-link-list-item__link t2-link-list__icon--left\"\n\t\t\t\t\t>\n\t\t\t<span class=\"t2-link-list-item__icon\"><span class=\"t2-link-list-item__icon-box\"><\/span><svg xmlns=\"http:\/\/www.w3.org\/2000\/svg\" viewBox=\"0 0 24 24\" height=\"40\" width=\"40\" class=\"t2-icon t2-icon-arrowforward\" aria-hidden=\"true\" focusable=\"false\"><path d=\"M12 19.617188 10.929688 18.5625l5.8125-5.8125H4.382812v-1.5h12.359376l-5.8125-5.8125L12 4.382812 19.617188 12Zm0 0\" fill=\"currentColor\" \/><\/svg><\/span>\t\t\t<div class=\"t2-link-list-item__content\">\n\n\t\t\t\t\n\t\t\t\t<span id=\"link-list-item-text-2\" class=\"t2-link-list-item__text\">\n\t\t\t\t\tParkere\t\t\t\t<\/span>\n\t\t\t\t<span id=\"link-list-item-description-2\" class=\"t2-link-list-item__description\">&#8211; med elsparkesykkel<\/span>\t\t\t<\/div>\n\t\t<\/a>\n\t<\/li>\n\t\n\n\t<li class=\"t2-link-list-item wp-block-t2-link-list-item\">\n\t\t<a\n\t\t\thref=\"https:\/\/www.youtube.com\/watch?v=NtQuKfiKoXo\"\n\t\t\tclass=\"t2-link-list-item__link t2-link-list__icon--left\"\n\t\t\t\t\t>\n\t\t\t<span class=\"t2-link-list-item__icon\"><span class=\"t2-link-list-item__icon-box\"><\/span><svg xmlns=\"http:\/\/www.w3.org\/2000\/svg\" viewBox=\"0 0 24 24\" height=\"40\" width=\"40\" class=\"t2-icon t2-icon-arrowforward\" aria-hidden=\"true\" focusable=\"false\"><path d=\"M12 19.617188 10.929688 18.5625l5.8125-5.8125H4.382812v-1.5h12.359376l-5.8125-5.8125L12 4.382812 19.617188 12Zm0 0\" fill=\"currentColor\" \/><\/svg><\/span>\t\t\t<div class=\"t2-link-list-item__content\">\n\n\t\t\t\t\n\t\t\t\t<span id=\"link-list-item-text-3\" class=\"t2-link-list-item__text\">\n\t\t\t\t\tTo personer\t\t\t\t<\/span>\n\t\t\t\t<span id=\"link-list-item-description-3\" class=\"t2-link-list-item__description\">&#8211; p\u00e5 elsparkesykkel?<\/span>\t\t\t<\/div>\n\t\t<\/a>\n\t<\/li>\n\t\n<\/ul>\n\n\n<h2 class=\"wp-block-heading alignfull has-text-align-center\" id=\"h-elsparkedyrene-hvordan-er-du-pa-elsparkesykkel\">Elsparkedyrene: hvordan er du p\u00e5 elsparkesykkel?<\/h2>\n\n\n\n<figure class=\"wp-block-embed alignwide is-type-video is-provider-youtube wp-block-embed-youtube wp-embed-aspect-16-9 wp-has-aspect-ratio\"><div class=\"wp-block-embed__wrapper\">\n<iframe loading=\"lazy\" title=\"El-sparkedyrene\" width=\"500\" height=\"281\" src=\"https:\/\/www.youtube.com\/embed\/O-rtwgMNSjw?start=125&#038;feature=oembed&#038;enablejsapi=1\" frameborder=\"0\" allow=\"accelerometer; autoplay; clipboard-write; encrypted-media; gyroscope; picture-in-picture; web-share\" referrerpolicy=\"strict-origin-when-cross-origin\" allowfullscreen><\/iframe>\n<\/div><\/figure>\n\n\n\n<h2 class=\"wp-block-heading alignfull has-text-align-center\" id=\"h-anbefalinger-til-skolene\">Anbefalinger til skolene<\/h2>\n\n\n\n<p>Hver enkelt skole b\u00f8r lage egne regler for sykling til skolen, og regler for bruk av ulike sm\u00e5 elektriske kj\u00f8ret\u00f8y, for eksempel el-sparkesykkel. Mange har erfart at det er fort gjort \u00e5 f\u00e5 h\u00f8y fart og d\u00e5rlig kontroll over en el-sparkesykkel. Derfor krever det god kompetanse og erfaring f\u00f8r en el-sparkesykkel tas i bruk i trafikken.<\/p>\n\n\n\n<h2 class=\"wp-block-heading\" id=\"h-hjelm-og-elsparkesykkel\">Hjelm og elsparkesykkel<\/h2>\n\n\n\n<p>Det er vesentlig h\u00f8yere risiko for \u00e5 bli skadet i en ulykke med el-sparkesykkel enn vanlig sykkel, derfor er det lurt \u00e5 bruke hjelm. Alle mellom 12 og 15 \u00e5r skal bruke hjelm p\u00e5 elsparkesykkel.<\/p>\n\n\n<ul class=\"t2-link-list has-3-items has-auto-columns alignwide wp-block-t2-link-list\">\n\t<li class=\"t2-link-list-item wp-block-t2-link-list-item\">\n\t\t<a\n\t\t\thref=\"https:\/\/www.youtube.com\/watch?v=Xfv9fB9X__M&#038;list=PLVDsldL_n4b94USf2s98bwOfoQWmu1NYf&#038;index=7\"\n\t\t\tclass=\"t2-link-list-item__link t2-link-list__icon--left\"\n\t\t\t\t\t>\n\t\t\t<span class=\"t2-link-list-item__icon\"><span class=\"t2-link-list-item__icon-box\"><\/span><svg xmlns=\"http:\/\/www.w3.org\/2000\/svg\" viewBox=\"0 0 24 24\" height=\"40\" width=\"40\" class=\"t2-icon t2-icon-arrowforward\" aria-hidden=\"true\" focusable=\"false\"><path d=\"M12 19.617188 10.929688 18.5625l5.8125-5.8125H4.382812v-1.5h12.359376l-5.8125-5.8125L12 4.382812 19.617188 12Zm0 0\" fill=\"currentColor\" \/><\/svg><\/span>\t\t\t<div class=\"t2-link-list-item__content\">\n\n\t\t\t\t\n\t\t\t\t<span id=\"link-list-item-text-4\" class=\"t2-link-list-item__text\">\n\t\t\t\t\tSlik skal hjelmen sitte\t\t\t\t<\/span>\n\t\t\t\t<span id=\"link-list-item-description-4\" class=\"t2-link-list-item__description\">30 sekunder sjekk!<\/span>\t\t\t<\/div>\n\t\t<\/a>\n\t<\/li>\n\t\n\n\t<li class=\"t2-link-list-item wp-block-t2-link-list-item\">\n\t\t<a\n\t\t\thref=\"https:\/\/www.youtube.com\/watch?v=mztVOedf3Q8&#038;list=PLVDsldL_n4b94USf2s98bwOfoQWmu1NYf&#038;index=9\"\n\t\t\tclass=\"t2-link-list-item__link t2-link-list__icon--left\"\n\t\t\t\t\t>\n\t\t\t<span class=\"t2-link-list-item__icon\"><span class=\"t2-link-list-item__icon-box\"><\/span><svg xmlns=\"http:\/\/www.w3.org\/2000\/svg\" viewBox=\"0 0 24 24\" height=\"40\" width=\"40\" class=\"t2-icon t2-icon-arrowforward\" aria-hidden=\"true\" focusable=\"false\"><path d=\"M12 19.617188 10.929688 18.5625l5.8125-5.8125H4.382812v-1.5h12.359376l-5.8125-5.8125L12 4.382812 19.617188 12Zm0 0\" fill=\"currentColor\" \/><\/svg><\/span>\t\t\t<div class=\"t2-link-list-item__content\">\n\n\t\t\t\t\n\t\t\t\t<span id=\"link-list-item-text-5\" class=\"t2-link-list-item__text\">\n\t\t\t\t\tTips f\u00f8r f\u00f8rste tur p\u00e5 elsparkesykkel \t\t\t\t<\/span>\n\t\t\t\t<span id=\"link-list-item-description-5\" class=\"t2-link-list-item__description\">Kjekt \u00e5 vite!<\/span>\t\t\t<\/div>\n\t\t<\/a>\n\t<\/li>\n\t\n\n\t<li class=\"t2-link-list-item wp-block-t2-link-list-item\">\n\t\t<a\n\t\t\thref=\"https:\/\/sykkeldyktig.no\/pa-skolen\/ovelser-pa-sykkel\/#h-ovelser-pa-elsparkesykkel\"\n\t\t\tclass=\"t2-link-list-item__link t2-link-list__icon--left\"\n\t\t\trel=\"noreferrer noopener\" target=\"_blank\"\t\t>\n\t\t\t<span class=\"t2-link-list-item__icon\"><span class=\"t2-link-list-item__icon-box\"><\/span><svg xmlns=\"http:\/\/www.w3.org\/2000\/svg\" viewBox=\"0 0 24 24\" height=\"40\" width=\"40\" class=\"t2-icon t2-icon-linkexternal\" aria-hidden=\"true\" focusable=\"false\"><path d=\"M5.308594 20.5c-.507813 0-.933594-.175781-1.285156-.523438C3.675781 19.625 3.5 19.199219 3.5 18.691406V5.308594c0-.507813.175781-.933594.523438-1.285156C4.375 3.675781 4.800781 3.5 5.308594 3.5h6.308594V5H5.308594c-.078125 0-.148438.03125-.210938.097656C5.03125 5.160156 5 5.230469 5 5.308594v13.382812c0 .078125.03125.148438.097656.210938.0625.066406.132813.097656.210938.097656h13.382812c.078125 0 .148438-.03125.210938-.097656.066406-.0625.097656-.132813.097656-.210938v-6.308594h1.5v6.308594c0 .507813-.175781.933594-.523438 1.285156-.351562.347657-.777343.523438-1.285156.523438Zm4.410156-5.164062L8.664062 14.28125 17.945312 5H14V3.5h6.5V10H19V6.054688Zm0 0\" fill=\"currentColor\" \/><\/svg><\/span>\t\t\t<div class=\"t2-link-list-item__content\">\n\n\t\t\t\t\n\t\t\t\t<span id=\"link-list-item-text-6\" class=\"t2-link-list-item__text\">\n\t\t\t\t\tSykkeldyktig \t\t\t\t<\/span>\n\t\t\t\t<span id=\"link-list-item-description-6\" class=\"t2-link-list-item__description\">&#8211; med l\u00e6ringssti elsparkesykkel<\/span>\t\t\t<\/div>\n\t\t<\/a>\n\t<\/li>\n\t\n<\/ul>\n\n\n<div class=\"wp-block-columns alignwide is-layout-flex wp-container-core-columns-is-layout-2 wp-block-columns-is-layout-flex\">\n<div class=\"wp-block-column is-layout-flow wp-block-column-is-layout-flow\">\n<figure class=\"wp-block-embed alignwide is-type-video is-provider-youtube wp-block-embed-youtube wp-embed-aspect-16-9 wp-has-aspect-ratio\"><div class=\"wp-block-embed__wrapper\">\n<iframe loading=\"lazy\" title=\"Er det s\u00e5 farlig, da? \/\/ Skihopper Olav\" width=\"500\" height=\"281\" src=\"https:\/\/www.youtube.com\/embed\/uBwyxSP_QeQ?list=PLVDsldL_n4b94USf2s98bwOfoQWmu1NYf&#038;enablejsapi=1\" frameborder=\"0\" allow=\"accelerometer; autoplay; clipboard-write; encrypted-media; gyroscope; picture-in-picture; web-share\" referrerpolicy=\"strict-origin-when-cross-origin\" allowfullscreen><\/iframe>\n<\/div><figcaption class=\"wp-element-caption\">Er`e s\u00e5 farlig a? &laquo;Skihopper&raquo;<\/figcaption><\/figure>\n<\/div>\n\n\n\n<div class=\"wp-block-column is-layout-flow wp-block-column-is-layout-flow\">\n<figure class=\"wp-block-embed alignwide is-type-video is-provider-youtube wp-block-embed-youtube wp-embed-aspect-16-9 wp-has-aspect-ratio\"><div class=\"wp-block-embed__wrapper\">\n<iframe loading=\"lazy\" title=\"Er&#039;e s\u00e5 farlig a&#039;? \/\/ Brannmann Olav\" width=\"500\" height=\"281\" src=\"https:\/\/www.youtube.com\/embed\/1aP7e0rygXQ?list=PLVDsldL_n4b94USf2s98bwOfoQWmu1NYf&#038;enablejsapi=1\" frameborder=\"0\" allow=\"accelerometer; autoplay; clipboard-write; encrypted-media; gyroscope; picture-in-picture; web-share\" referrerpolicy=\"strict-origin-when-cross-origin\" allowfullscreen><\/iframe>\n<\/div><figcaption class=\"wp-element-caption\">Er`e s\u00e5 farlig a? `&raquo;Brannmann&raquo;<\/figcaption><\/figure>\n<\/div>\n\n\n\n<div class=\"wp-block-column is-layout-flow wp-block-column-is-layout-flow\">\n<figure class=\"wp-block-embed alignwide is-type-video is-provider-youtube wp-block-embed-youtube wp-embed-aspect-16-9 wp-has-aspect-ratio\"><div class=\"wp-block-embed__wrapper\">\n<iframe loading=\"lazy\" title=\"Er&#039;e s\u00e5 farlig a&#039;? \/\/ Ridder Olav\" width=\"500\" height=\"281\" src=\"https:\/\/www.youtube.com\/embed\/TOc5bQ2gfDA?list=PLVDsldL_n4b94USf2s98bwOfoQWmu1NYf&#038;enablejsapi=1\" frameborder=\"0\" allow=\"accelerometer; autoplay; clipboard-write; encrypted-media; gyroscope; picture-in-picture; web-share\" referrerpolicy=\"strict-origin-when-cross-origin\" allowfullscreen><\/iframe>\n<\/div><figcaption class=\"wp-element-caption\">Er`e s\u00e5 farlig a?  &laquo;Ridder&raquo;<\/figcaption><\/figure>\n<\/div>\n<\/div>\n","protected":false},"excerpt":{"rendered":"<p>Her finner du nyttig informasjon du kan ta med rett inn i klasserommet om bruk av elsparkesykkel. Du finner regelverket og korte filmer. Videre ned p\u00e5 siden finner du informasjon om bruk av hjelm som en viktig p\u00e5minnelse til elevene.<\/p>\n","protected":false},"author":10,"featured_media":0,"parent":1232,"menu_order":0,"comment_status":"closed","ping_status":"closed","template":"","meta":{"show_toc":false,"tryggtrafikk_poll_votes":[],"hide_header_title":false,"alt_breadcrumbs_title":"","footnotes":"","boosted":0},"cs_tag":[],"class_list":["post-1255","page","type-page","status-publish","hentry"],"yoast_head":"<!-- This site is optimized with the Yoast SEO Premium plugin v26.1 (Yoast SEO v26.1.1) - https:\/\/yoast.com\/wordpress\/plugins\/seo\/ -->\n<title>Elsparkesykkel til skolen - UNG<\/title>\n<meta name=\"robots\" content=\"index, follow, max-snippet:-1, max-image-preview:large, max-video-preview:-1\" \/>\n<link rel=\"canonical\" href=\"https:\/\/www.tryggtrafikk.no\/ung\/ungdomsskole\/el-sparkesykkel-og-ungdom-i-skolen\/\" \/>\n<meta property=\"og:locale\" content=\"nb_NO\" \/>\n<meta property=\"og:type\" content=\"article\" \/>\n<meta property=\"og:title\" content=\"Elsparkesykkel til skolen\" \/>\n<meta property=\"og:description\" content=\"Her finner du nyttig informasjon du kan ta med rett inn i klasserommet om bruk av elsparkesykkel. Du finner regelverket og korte filmer. Videre ned p\u00e5 siden finner du informasjon om bruk av hjelm som en viktig p\u00e5minnelse til elevene.\" \/>\n<meta property=\"og:url\" content=\"https:\/\/www.tryggtrafikk.no\/ung\/ungdomsskole\/el-sparkesykkel-og-ungdom-i-skolen\/\" \/>\n<meta property=\"og:site_name\" content=\"UNG\" \/>\n<meta property=\"article:modified_time\" content=\"2026-05-14T11:55:57+00:00\" \/>\n<meta property=\"og:image\" content=\"https:\/\/www.tryggtrafikk.no\/content\/uploads\/2024\/06\/Elsparkesykkel-2.png\" \/>\n<meta name=\"twitter:card\" content=\"summary_large_image\" \/>\n<meta name=\"twitter:label1\" content=\"Ansl. lesetid\" \/>\n\t<meta name=\"twitter:data1\" content=\"2 minutter\" \/>\n<script type=\"application\/ld+json\" class=\"yoast-schema-graph\">{\"@context\":\"https:\/\/schema.org\",\"@graph\":[{\"@type\":\"WebPage\",\"@id\":\"https:\/\/www.tryggtrafikk.no\/ung\/ungdomsskole\/el-sparkesykkel-og-ungdom-i-skolen\/\",\"url\":\"https:\/\/www.tryggtrafikk.no\/ung\/ungdomsskole\/el-sparkesykkel-og-ungdom-i-skolen\/\",\"name\":\"Elsparkesykkel til skolen - UNG\",\"isPartOf\":{\"@id\":\"https:\/\/www.tryggtrafikk.no\/ung\/#website\"},\"primaryImageOfPage\":{\"@id\":\"https:\/\/www.tryggtrafikk.no\/ung\/ungdomsskole\/el-sparkesykkel-og-ungdom-i-skolen\/#primaryimage\"},\"image\":{\"@id\":\"https:\/\/www.tryggtrafikk.no\/ung\/ungdomsskole\/el-sparkesykkel-og-ungdom-i-skolen\/#primaryimage\"},\"thumbnailUrl\":\"https:\/\/www.tryggtrafikk.no\/content\/uploads\/2024\/06\/Elsparkesykkel-2.png\",\"datePublished\":\"2026-03-31T13:27:11+00:00\",\"dateModified\":\"2026-05-14T11:55:57+00:00\",\"breadcrumb\":{\"@id\":\"https:\/\/www.tryggtrafikk.no\/ung\/ungdomsskole\/el-sparkesykkel-og-ungdom-i-skolen\/#breadcrumb\"},\"inLanguage\":\"nb-NO\",\"potentialAction\":[{\"@type\":\"ReadAction\",\"target\":[\"https:\/\/www.tryggtrafikk.no\/ung\/ungdomsskole\/el-sparkesykkel-og-ungdom-i-skolen\/\"]}]},{\"@type\":\"ImageObject\",\"inLanguage\":\"nb-NO\",\"@id\":\"https:\/\/www.tryggtrafikk.no\/ung\/ungdomsskole\/el-sparkesykkel-og-ungdom-i-skolen\/#primaryimage\",\"url\":\"https:\/\/www.tryggtrafikk.no\/content\/uploads\/2024\/06\/Elsparkesykkel-2.png\",\"contentUrl\":\"https:\/\/www.tryggtrafikk.no\/content\/uploads\/2024\/06\/Elsparkesykkel-2.png\"},{\"@type\":\"BreadcrumbList\",\"@id\":\"https:\/\/www.tryggtrafikk.no\/ung\/ungdomsskole\/el-sparkesykkel-og-ungdom-i-skolen\/#breadcrumb\",\"itemListElement\":[{\"@type\":\"ListItem\",\"position\":1,\"name\":\"Home\",\"item\":\"https:\/\/www.tryggtrafikk.no\/ung\/\"},{\"@type\":\"ListItem\",\"position\":2,\"name\":\"Ungdomsskole\",\"item\":\"https:\/\/www.tryggtrafikk.no\/ung\/ungdomsskole\/\"},{\"@type\":\"ListItem\",\"position\":3,\"name\":\"Elsparkesykkel til skolen\"}]},{\"@type\":\"WebSite\",\"@id\":\"https:\/\/www.tryggtrafikk.no\/ung\/#website\",\"url\":\"https:\/\/www.tryggtrafikk.no\/ung\/\",\"name\":\"UNG\",\"description\":\"\",\"potentialAction\":[{\"@type\":\"SearchAction\",\"target\":{\"@type\":\"EntryPoint\",\"urlTemplate\":\"https:\/\/www.tryggtrafikk.no\/ung\/?s={search_term_string}\"},\"query-input\":{\"@type\":\"PropertyValueSpecification\",\"valueRequired\":true,\"valueName\":\"search_term_string\"}}],\"inLanguage\":\"nb-NO\"}]}<\/script>\n<!-- \/ Yoast SEO Premium plugin. -->","yoast_head_json":{"title":"Elsparkesykkel til skolen - UNG","robots":{"index":"index","follow":"follow","max-snippet":"max-snippet:-1","max-image-preview":"max-image-preview:large","max-video-preview":"max-video-preview:-1"},"canonical":"https:\/\/www.tryggtrafikk.no\/ung\/ungdomsskole\/el-sparkesykkel-og-ungdom-i-skolen\/","og_locale":"nb_NO","og_type":"article","og_title":"Elsparkesykkel til skolen","og_description":"Her finner du nyttig informasjon du kan ta med rett inn i klasserommet om bruk av elsparkesykkel. Du finner regelverket og korte filmer. Videre ned p\u00e5 siden finner du informasjon om bruk av hjelm som en viktig p\u00e5minnelse til elevene.","og_url":"https:\/\/www.tryggtrafikk.no\/ung\/ungdomsskole\/el-sparkesykkel-og-ungdom-i-skolen\/","og_site_name":"UNG","article_modified_time":"2026-05-14T11:55:57+00:00","og_image":[{"url":"https:\/\/www.tryggtrafikk.no\/content\/uploads\/2024\/06\/Elsparkesykkel-2.png","type":"","width":"","height":""}],"twitter_card":"summary_large_image","twitter_misc":{"Ansl. lesetid":"2 minutter"},"schema":{"@context":"https:\/\/schema.org","@graph":[{"@type":"WebPage","@id":"https:\/\/www.tryggtrafikk.no\/ung\/ungdomsskole\/el-sparkesykkel-og-ungdom-i-skolen\/","url":"https:\/\/www.tryggtrafikk.no\/ung\/ungdomsskole\/el-sparkesykkel-og-ungdom-i-skolen\/","name":"Elsparkesykkel til skolen - UNG","isPartOf":{"@id":"https:\/\/www.tryggtrafikk.no\/ung\/#website"},"primaryImageOfPage":{"@id":"https:\/\/www.tryggtrafikk.no\/ung\/ungdomsskole\/el-sparkesykkel-og-ungdom-i-skolen\/#primaryimage"},"image":{"@id":"https:\/\/www.tryggtrafikk.no\/ung\/ungdomsskole\/el-sparkesykkel-og-ungdom-i-skolen\/#primaryimage"},"thumbnailUrl":"https:\/\/www.tryggtrafikk.no\/content\/uploads\/2024\/06\/Elsparkesykkel-2.png","datePublished":"2026-03-31T13:27:11+00:00","dateModified":"2026-05-14T11:55:57+00:00","breadcrumb":{"@id":"https:\/\/www.tryggtrafikk.no\/ung\/ungdomsskole\/el-sparkesykkel-og-ungdom-i-skolen\/#breadcrumb"},"inLanguage":"nb-NO","potentialAction":[{"@type":"ReadAction","target":["https:\/\/www.tryggtrafikk.no\/ung\/ungdomsskole\/el-sparkesykkel-og-ungdom-i-skolen\/"]}]},{"@type":"ImageObject","inLanguage":"nb-NO","@id":"https:\/\/www.tryggtrafikk.no\/ung\/ungdomsskole\/el-sparkesykkel-og-ungdom-i-skolen\/#primaryimage","url":"https:\/\/www.tryggtrafikk.no\/content\/uploads\/2024\/06\/Elsparkesykkel-2.png","contentUrl":"https:\/\/www.tryggtrafikk.no\/content\/uploads\/2024\/06\/Elsparkesykkel-2.png"},{"@type":"BreadcrumbList","@id":"https:\/\/www.tryggtrafikk.no\/ung\/ungdomsskole\/el-sparkesykkel-og-ungdom-i-skolen\/#breadcrumb","itemListElement":[{"@type":"ListItem","position":1,"name":"Home","item":"https:\/\/www.tryggtrafikk.no\/ung\/"},{"@type":"ListItem","position":2,"name":"Ungdomsskole","item":"https:\/\/www.tryggtrafikk.no\/ung\/ungdomsskole\/"},{"@type":"ListItem","position":3,"name":"Elsparkesykkel til skolen"}]},{"@type":"WebSite","@id":"https:\/\/www.tryggtrafikk.no\/ung\/#website","url":"https:\/\/www.tryggtrafikk.no\/ung\/","name":"UNG","description":"","potentialAction":[{"@type":"SearchAction","target":{"@type":"EntryPoint","urlTemplate":"https:\/\/www.tryggtrafikk.no\/ung\/?s={search_term_string}"},"query-input":{"@type":"PropertyValueSpecification","valueRequired":true,"valueName":"search_term_string"}}],"inLanguage":"nb-NO"}]}},"_links":{"self":[{"href":"https:\/\/www.tryggtrafikk.no\/ung\/wp-json\/wp\/v2\/pages\/1255","targetHints":{"allow":["GET"]}}],"collection":[{"href":"https:\/\/www.tryggtrafikk.no\/ung\/wp-json\/wp\/v2\/pages"}],"about":[{"href":"https:\/\/www.tryggtrafikk.no\/ung\/wp-json\/wp\/v2\/types\/page"}],"author":[{"embeddable":true,"href":"https:\/\/www.tryggtrafikk.no\/ung\/wp-json\/wp\/v2\/users\/10"}],"replies":[{"embeddable":true,"href":"https:\/\/www.tryggtrafikk.no\/ung\/wp-json\/wp\/v2\/comments?post=1255"}],"version-history":[{"count":4,"href":"https:\/\/www.tryggtrafikk.no\/ung\/wp-json\/wp\/v2\/pages\/1255\/revisions"}],"predecessor-version":[{"id":1356,"href":"https:\/\/www.tryggtrafikk.no\/ung\/wp-json\/wp\/v2\/pages\/1255\/revisions\/1356"}],"up":[{"embeddable":true,"href":"https:\/\/www.tryggtrafikk.no\/ung\/wp-json\/wp\/v2\/pages\/1232"}],"wp:attachment":[{"href":"https:\/\/www.tryggtrafikk.no\/ung\/wp-json\/wp\/v2\/media?parent=1255"}],"wp:term":[{"taxonomy":"cs_tag","embeddable":true,"href":"https:\/\/www.tryggtrafikk.no\/ung\/wp-json\/wp\/v2\/cs_tag?post=1255"}],"curies":[{"name":"wp","href":"https:\/\/api.w.org\/{rel}","templated":true}]}}