{"id":128,"date":"2024-02-21T14:32:22","date_gmt":"2024-02-21T14:32:22","guid":{"rendered":"https:\/\/www.tryggtrafikk.no\/ung\/?page_id=128"},"modified":"2024-02-27T13:20:37","modified_gmt":"2024-02-27T13:20:37","slug":"hvorfor-er-unge-mer-utsatt-i-trafikken","status":"publish","type":"page","link":"https:\/\/www.tryggtrafikk.no\/ung\/ung\/ovelseskjoring\/hvorfor-er-unge-mer-utsatt-i-trafikken\/","title":{"rendered":"Hvorfor er unge mer utsatt i trafikken?"},"content":{"rendered":"\n\t\t<div class=\"alignfull wp-block-tryggtrafikk-hero has-background has-hero-dark-background-color\" id=\"wp-block-tryggtrafikk-hero\">\n\t\t\t<div class=\"tryggtrafikk-hero__container\">\n\t\t\t\t<div class=\"tryggtrafikk-hero__image\"><img loading=\"lazy\" width=\"460\" height=\"280\" src=\"https:\/\/www.tryggtrafikk.no\/content\/uploads\/sites\/6\/2024\/02\/forerkort-ovelseskjoring-3-light.png\" class=\"attachment-medium_large size-medium_large\" alt=\"Ikon som viser to biler som kr\u00e6sjer i hverandre.\" style=\"--focalpoint: 52% 58%;\" srcset=\"https:\/\/www.tryggtrafikk.no\/content\/uploads\/sites\/6\/2024\/02\/forerkort-ovelseskjoring-3-light.png 460w, https:\/\/www.tryggtrafikk.no\/content\/uploads\/sites\/6\/2024\/02\/forerkort-ovelseskjoring-3-light-300x183.png 300w\" sizes=\"auto, (max-width: 460px) 100vw, 460px\" \/><\/div>\n\t\t\t\t<div class=\"tryggtrafikk-hero__content-container\">\n\t\t\t\t\t<div class=\"site-breadcrumbs\"><span><span><a href=\"https:\/\/www.tryggtrafikk.no\/ung\/\">Home<\/a><\/span><\/span><\/div>\n\t\t\t\t\t<h1 class=\"tryggtrafikk-hero__title\">Hvorfor er unge mer utsatt i trafikken?<\/h1>\n\t\t\t\t\t<div class=\"tryggtrafikk-hero__content\">\n\t\t\t\t\t\t\n<div class=\"has-text-align-left wp-block-post-excerpt\"><p class=\"wp-block-post-excerpt__excerpt\">De fleste unge gj\u00f8r riktige, kloke og gode valg i trafikken hver eneste dag. De unng\u00e5r bevisst farlige situasjoner og tar hensyn til andre. Likevel er ungdommer overrepresentert i ulykkesstatistikken. Hvorfor det? <\/p><\/div>\n\n\t\t\t\t\t<\/div>\n\t\t\t\t<\/div>\n\t\t\t<\/div>\n\t\t<\/div>\n\t\t\n\n\n<p>De f\u00e6rreste kommer noensinne til \u00e5 havne i alvorlige ulykker. Men mange opplever farlige situasjoner som kunne v\u00e6rt unng\u00e5tt. \u00c5 bli en trygg sj\u00e5f\u00f8r handler mye om \u00e5 skape st\u00f8rre sikkerhetsmarginer, slik at man reduserer potensialet for alvorlige ulykker. Kunnskap, selvinnsikt og forst\u00e5else om hvordan trafikken fungerer, \u00f8ker sjansene for at du holder marginene p\u00e5 din side.<\/p>\n\n\n\n<p>Mange timer \u00f8velseskj\u00f8ring reduserer risikoen for trafikkulykker betydelig. Klarer du ogs\u00e5 \u00e5 f\u00f8lge r\u00e5dene nedenfor vil risikoen ved \u00e5 kj\u00f8re bil bli langt lavere:<\/p>\n\n\n\n<ul class=\"wp-block-list\">\n<li>\u00d8velseskj\u00f8r 140 timer f\u00f8r oppkj\u00f8ring.<\/li>\n\n\n\n<li>Hold fartsgrensen, og tilpass alltid farten etter f\u00f8ret og veiforhold.<\/li>\n\n\n\n<li>Bruk bilbelte, og s\u00f8rg alltid for at bilbelte sitter tett mot kroppen.<\/li>\n\n\n\n<li>Konsentrer deg om veien og trafikken. Legg vekk mobilen eller andre ting som tar oppmerksomheten din.<\/li>\n\n\n\n<li>V\u00e6r v\u00e5ken og opplagt.<\/li>\n\n\n\n<li>Kj\u00f8r rusfritt.<\/li>\n\n\n\n<li>S\u00f8rg for at du kj\u00f8rer med gode dekk, med riktig m\u00f8nster og riktig trykk.<\/li>\n<\/ul>\n\n\n\n<p>At ungdom er overrepresentert i ulykker har blitt kalt en \u00abnaturlov\u00bb. Disse faktorene kan forklare den sterke overrepresentasjonen av ferske f\u00f8rere i alvorlige ulykker: <\/p>\n\n\n\n<ul class=\"wp-block-list\">\n<li>Manglende ferdigheter bak rattet.<\/li>\n\n\n\n<li>Feil oppfattelse av fare.<\/li>\n\n\n\n<li>Manglende forst\u00e5else av samspillet med andre i trafikken.<\/li>\n\n\n\n<li>Manglende informasjonsinnhenting (overser skilting, f\u00f8reforhold og andre trafikanter).<\/li>\n\n\n\n<li>Overdreven tro p\u00e5 egne ferdigheter.<\/li>\n\n\n\n<li>Bevisst risikos\u00f8king.<\/li>\n\n\n\n<li>Manglende bruk av bilbelte.<\/li>\n\n\n\n<li>Rusp\u00e5virket kj\u00f8ring.<\/li>\n\n\n\n<li>Ungdom kj\u00f8rer mer p\u00e5 natten<\/li>\n<\/ul>\n\n\n\n<p>Flere av punktene har en fellesnevner: Mangel p\u00e5 erfaring. Ulykkesrisikoen er st\u00f8rst i de f\u00f8rste seks m\u00e5nedene ungdom har f\u00f8rerkort. Deretter synker risikoen betraktelig. For aldersgruppen 18 til 24 \u00e5r blir den likevel liggende p\u00e5 et niv\u00e5 som er langt h\u00f8yere i forhold til andre aldersgrupper.<\/p>\n\n\n\n<h2 class=\"wp-block-heading has-text-align-center\" id=\"h-underveis\">Underveis<\/h2>\n\n\n\n<h3 class=\"wp-block-heading\" id=\"h-du-finner-mer-innhold-om-ungdom-og-laerer-om-hjernens-utvikling-i-det-digitale-ungdomsmagasinet-underveis\">Du finner mer innhold om ungdom og l\u00e6rer om hjernens utvikling i det digitale ungdomsmagasinet Underveis:<\/h3>\n\n\n\n<div class=\"wp-block-buttons is-content-justification-center is-layout-flex wp-container-core-buttons-is-layout-1 wp-block-buttons-is-layout-flex\">\n<div class=\"wp-block-button\"><a class=\"wp-block-button__link has-text-align-left wp-element-button\" href=\"https:\/\/underveis.co\/\" target=\"_blank\" rel=\"noreferrer noopener\">LES UNDERVEIS HER<\/a><\/div>\n<\/div>\n\n\n\n\t\t<div class=\"t2-simple-media-text alignwide is-mode-constrained is-gap-center wp-block-t2-simple-media-text has-background has-ung-green-background-color\">\n\t\t\t<div class=\"t2-simple-media-text__container\">\n\t\t\t\t<figure class=\"t2-simple-media-text__image\"><img loading=\"lazy\" width=\"460\" height=\"280\" src=\"https:\/\/www.tryggtrafikk.no\/content\/uploads\/sites\/6\/2024\/02\/forerkort-ovelseskjoring-11.png\" class=\"wp-image-130 size-medium_large attachment-medium_large\" alt=\"Ikon som viser menneskehjerne\" style=\"--focalpoint: 50% 50%;\" srcset=\"https:\/\/www.tryggtrafikk.no\/content\/uploads\/sites\/6\/2024\/02\/forerkort-ovelseskjoring-11.png 460w, https:\/\/www.tryggtrafikk.no\/content\/uploads\/sites\/6\/2024\/02\/forerkort-ovelseskjoring-11-300x183.png 300w\" sizes=\"auto, (max-width: 460px) 100vw, 460px\" \/><\/figure>\n\t\t\t\t<div class=\"t2-simple-media-text__content-container\">\n\t\t\t\t\t<div class=\"t2-simple-media-text__content\">\n\t\t\t\t\t\t<div class=\"t2-simple-media-text__content-inner is-layout-flow\">\n\t\t\t\t\t\t\t\n\n<h2 class=\"wp-block-heading\" id=\"h-utvikling-av-hjernen\"><strong>Utvikling av hjernen<\/strong><\/h2>\n\n\n\n<p>\u00abDet siste omr\u00e5det som modnes i hjernen, er den delen der vi foretar sosiale vurderinger, overveier alternativer, planlegger fremtiden og holder hjernen i sjakk. Dette omr\u00e5det er frontallappene, og de n\u00e5r f\u00f8rst et voksenniv\u00e5 ved 25-\u00e5rsalderen\u00bb (Giedd\/Blumenthal, 2002).<\/p>\n\n\n\n<p>I praksis betyr dette at unge voksne har d\u00e5rligere forutsetninger for \u00e5 kj\u00f8re bil, fordi man mangler noe av evnen til konsekvenstenkning, er mer impulsive og har st\u00f8rre risikovilje.<\/p>\n\n\n\n<p>Hvis disse faktorene kombineres med manglende kj\u00f8retekniske ferdigheter, mangel p\u00e5 erfaring bak rattet, og en overdreven tro p\u00e5 egne ferdigheter, \u00f8ker det risikoen for ulykker.<\/p>\n\n\n\t\t\t\t\t\t<\/div>\n\t\t\t\t\t<\/div>\n\t\t\t\t<\/div>\n\t\t\t<\/div>\n\t\t<\/div>\n\t\t\n\n\n\t\t<div class=\"t2-simple-media-text alignwide is-mode-constrained is-gap-center wp-block-t2-simple-media-text has-background has-ung-green-background-color\">\n\t\t\t<div class=\"t2-simple-media-text__container\">\n\t\t\t\t<figure class=\"t2-simple-media-text__image\"><img loading=\"lazy\" width=\"460\" height=\"280\" src=\"https:\/\/www.tryggtrafikk.no\/content\/uploads\/sites\/6\/2024\/02\/forerkort-ovelseskjoring-12.png\" class=\"wp-image-131 size-medium_large attachment-medium_large\" alt=\"Ikon som viser en gutt og en jente\" style=\"--focalpoint: 50% 50%;\" srcset=\"https:\/\/www.tryggtrafikk.no\/content\/uploads\/sites\/6\/2024\/02\/forerkort-ovelseskjoring-12.png 460w, https:\/\/www.tryggtrafikk.no\/content\/uploads\/sites\/6\/2024\/02\/forerkort-ovelseskjoring-12-300x183.png 300w\" sizes=\"auto, (max-width: 460px) 100vw, 460px\" \/><\/figure>\n\t\t\t\t<div class=\"t2-simple-media-text__content-container\">\n\t\t\t\t\t<div class=\"t2-simple-media-text__content\">\n\t\t\t\t\t\t<div class=\"t2-simple-media-text__content-inner is-layout-flow\">\n\t\t\t\t\t\t\t\n\n<h2 class=\"wp-block-heading\" id=\"h-stor-forskjell-pa-gutter-og-jenter\"><strong><strong>Stor forskjell p\u00e5 gutter og jenter<\/strong><\/strong><\/h2>\n\n\n\n<p>Risikoen for alvorlig skade eller d\u00f8d synker gradvis for alle aldergrupper, ogs\u00e5 ungdom. Det er en fantastisk positiv trend. De siste \u00e5rene viser statistikk at unge kvinner (18-24 \u00e5r) egentlig ikke har noe h\u00f8yere risiko enn voksne kvinner, som bilsj\u00e5f\u00f8rer. Unge menn har ogs\u00e5 lavere risiko enn f\u00f8r, men hele tolv ganger h\u00f8yere risiko enn sine jevnaldrende kvinner. Her er det rom for forbedring, selv om vi kan anta at den mest risikofylte adferden kommer fra et lite mindretall.<\/p>\n\n\n\t\t\t\t\t\t<\/div>\n\t\t\t\t\t<\/div>\n\t\t\t\t<\/div>\n\t\t\t<\/div>\n\t\t<\/div>\n\t\t","protected":false},"excerpt":{"rendered":"<p>De fleste unge gj\u00f8r riktige, kloke og gode valg i trafikken hver eneste dag. De unng\u00e5r bevisst farlige situasjoner og tar hensyn til andre. Likevel er ungdommer overrepresentert i ulykkesstatistikken. Hvorfor det?<\/p>\n","protected":false},"author":1,"featured_media":129,"parent":42,"menu_order":0,"comment_status":"closed","ping_status":"closed","template":"","meta":{"show_toc":false,"tryggtrafikk_poll_votes":[],"hide_header_title":false,"alt_breadcrumbs_title":"","footnotes":"","boosted":0},"cs_tag":[],"class_list":["post-128","page","type-page","status-publish","has-post-thumbnail","hentry"],"yoast_head":"<!-- This site is optimized with the Yoast SEO Premium plugin v26.1 (Yoast SEO v26.1.1) - https:\/\/yoast.com\/wordpress\/plugins\/seo\/ -->\n<title>Hvorfor er unge mer utsatt i trafikken? - UNG<\/title>\n<meta name=\"description\" content=\"Veien til f\u00f8rerkortet handler mer om at du skal bli en dyktig sj\u00e5f\u00f8r, enn at du skal best\u00e5 f\u00f8rerpr\u00f8ven raskest mulig. Skal resultatet bli bra, b\u00f8r du sette av minst 140 timer til \u00f8velseskj\u00f8ring.\" \/>\n<meta name=\"robots\" content=\"index, follow, max-snippet:-1, max-image-preview:large, max-video-preview:-1\" \/>\n<link rel=\"canonical\" href=\"https:\/\/www.tryggtrafikk.no\/ung\/ung\/ovelseskjoring\/hvorfor-er-unge-mer-utsatt-i-trafikken\/\" \/>\n<meta property=\"og:locale\" content=\"nb_NO\" \/>\n<meta property=\"og:type\" content=\"article\" \/>\n<meta property=\"og:title\" content=\"Hvorfor er unge mer utsatt i trafikken?\" \/>\n<meta property=\"og:description\" content=\"Veien til f\u00f8rerkortet handler mer om at du skal bli en dyktig sj\u00e5f\u00f8r, enn at du skal best\u00e5 f\u00f8rerpr\u00f8ven raskest mulig. Skal resultatet bli bra, b\u00f8r du sette av minst 140 timer til \u00f8velseskj\u00f8ring.\" \/>\n<meta property=\"og:url\" content=\"https:\/\/www.tryggtrafikk.no\/ung\/ung\/ovelseskjoring\/hvorfor-er-unge-mer-utsatt-i-trafikken\/\" \/>\n<meta property=\"og:site_name\" content=\"UNG\" \/>\n<meta property=\"article:modified_time\" content=\"2024-02-27T13:20:37+00:00\" \/>\n<meta property=\"og:image\" content=\"https:\/\/www.tryggtrafikk.no\/content\/uploads\/sites\/6\/2024\/02\/forerkort-ovelseskjoring-3-light.png\" \/>\n\t<meta property=\"og:image:width\" content=\"460\" \/>\n\t<meta property=\"og:image:height\" content=\"280\" \/>\n\t<meta property=\"og:image:type\" content=\"image\/png\" \/>\n<meta name=\"twitter:card\" content=\"summary_large_image\" \/>\n<meta name=\"twitter:label1\" content=\"Ansl. lesetid\" \/>\n\t<meta name=\"twitter:data1\" content=\"3 minutter\" \/>\n<script type=\"application\/ld+json\" class=\"yoast-schema-graph\">{\"@context\":\"https:\/\/schema.org\",\"@graph\":[{\"@type\":\"WebPage\",\"@id\":\"https:\/\/www.tryggtrafikk.no\/ung\/ung\/ovelseskjoring\/hvorfor-er-unge-mer-utsatt-i-trafikken\/\",\"url\":\"https:\/\/www.tryggtrafikk.no\/ung\/ung\/ovelseskjoring\/hvorfor-er-unge-mer-utsatt-i-trafikken\/\",\"name\":\"Hvorfor er unge mer utsatt i trafikken? - UNG\",\"isPartOf\":{\"@id\":\"https:\/\/www.tryggtrafikk.no\/ung\/#website\"},\"primaryImageOfPage\":{\"@id\":\"https:\/\/www.tryggtrafikk.no\/ung\/ung\/ovelseskjoring\/hvorfor-er-unge-mer-utsatt-i-trafikken\/#primaryimage\"},\"image\":{\"@id\":\"https:\/\/www.tryggtrafikk.no\/ung\/ung\/ovelseskjoring\/hvorfor-er-unge-mer-utsatt-i-trafikken\/#primaryimage\"},\"thumbnailUrl\":\"https:\/\/www.tryggtrafikk.no\/content\/uploads\/sites\/6\/2024\/02\/forerkort-ovelseskjoring-3-light.png\",\"datePublished\":\"2024-02-21T14:32:22+00:00\",\"dateModified\":\"2024-02-27T13:20:37+00:00\",\"description\":\"Veien til f\u00f8rerkortet handler mer om at du skal bli en dyktig sj\u00e5f\u00f8r, enn at du skal best\u00e5 f\u00f8rerpr\u00f8ven raskest mulig. Skal resultatet bli bra, b\u00f8r du sette av minst 140 timer til \u00f8velseskj\u00f8ring.\",\"breadcrumb\":{\"@id\":\"https:\/\/www.tryggtrafikk.no\/ung\/ung\/ovelseskjoring\/hvorfor-er-unge-mer-utsatt-i-trafikken\/#breadcrumb\"},\"inLanguage\":\"nb-NO\",\"potentialAction\":[{\"@type\":\"ReadAction\",\"target\":[\"https:\/\/www.tryggtrafikk.no\/ung\/ung\/ovelseskjoring\/hvorfor-er-unge-mer-utsatt-i-trafikken\/\"]}]},{\"@type\":\"ImageObject\",\"inLanguage\":\"nb-NO\",\"@id\":\"https:\/\/www.tryggtrafikk.no\/ung\/ung\/ovelseskjoring\/hvorfor-er-unge-mer-utsatt-i-trafikken\/#primaryimage\",\"url\":\"https:\/\/www.tryggtrafikk.no\/content\/uploads\/sites\/6\/2024\/02\/forerkort-ovelseskjoring-3-light.png\",\"contentUrl\":\"https:\/\/www.tryggtrafikk.no\/content\/uploads\/sites\/6\/2024\/02\/forerkort-ovelseskjoring-3-light.png\",\"width\":460,\"height\":280,\"caption\":\"Ikon som viser to biler som kr\u00e6sjer i hverandre.\"},{\"@type\":\"BreadcrumbList\",\"@id\":\"https:\/\/www.tryggtrafikk.no\/ung\/ung\/ovelseskjoring\/hvorfor-er-unge-mer-utsatt-i-trafikken\/#breadcrumb\",\"itemListElement\":[{\"@type\":\"ListItem\",\"position\":1,\"name\":\"Home\",\"item\":\"https:\/\/www.tryggtrafikk.no\/ung\/\"},{\"@type\":\"ListItem\",\"position\":2,\"name\":\"UNG\",\"item\":\"https:\/\/www.tryggtrafikk.no\/ung\/\"},{\"@type\":\"ListItem\",\"position\":3,\"name\":\"\u00d8velseskj\u00f8ring og f\u00f8rerkort\",\"item\":\"https:\/\/www.tryggtrafikk.no\/ung\/ung\/ovelseskjoring\/\"},{\"@type\":\"ListItem\",\"position\":4,\"name\":\"Hvorfor er unge mer utsatt i trafikken?\"}]},{\"@type\":\"WebSite\",\"@id\":\"https:\/\/www.tryggtrafikk.no\/ung\/#website\",\"url\":\"https:\/\/www.tryggtrafikk.no\/ung\/\",\"name\":\"UNG\",\"description\":\"\",\"potentialAction\":[{\"@type\":\"SearchAction\",\"target\":{\"@type\":\"EntryPoint\",\"urlTemplate\":\"https:\/\/www.tryggtrafikk.no\/ung\/?s={search_term_string}\"},\"query-input\":{\"@type\":\"PropertyValueSpecification\",\"valueRequired\":true,\"valueName\":\"search_term_string\"}}],\"inLanguage\":\"nb-NO\"}]}<\/script>\n<!-- \/ Yoast SEO Premium plugin. -->","yoast_head_json":{"title":"Hvorfor er unge mer utsatt i trafikken? - UNG","description":"Veien til f\u00f8rerkortet handler mer om at du skal bli en dyktig sj\u00e5f\u00f8r, enn at du skal best\u00e5 f\u00f8rerpr\u00f8ven raskest mulig. Skal resultatet bli bra, b\u00f8r du sette av minst 140 timer til \u00f8velseskj\u00f8ring.","robots":{"index":"index","follow":"follow","max-snippet":"max-snippet:-1","max-image-preview":"max-image-preview:large","max-video-preview":"max-video-preview:-1"},"canonical":"https:\/\/www.tryggtrafikk.no\/ung\/ung\/ovelseskjoring\/hvorfor-er-unge-mer-utsatt-i-trafikken\/","og_locale":"nb_NO","og_type":"article","og_title":"Hvorfor er unge mer utsatt i trafikken?","og_description":"Veien til f\u00f8rerkortet handler mer om at du skal bli en dyktig sj\u00e5f\u00f8r, enn at du skal best\u00e5 f\u00f8rerpr\u00f8ven raskest mulig. Skal resultatet bli bra, b\u00f8r du sette av minst 140 timer til \u00f8velseskj\u00f8ring.","og_url":"https:\/\/www.tryggtrafikk.no\/ung\/ung\/ovelseskjoring\/hvorfor-er-unge-mer-utsatt-i-trafikken\/","og_site_name":"UNG","article_modified_time":"2024-02-27T13:20:37+00:00","og_image":[{"width":460,"height":280,"url":"https:\/\/www.tryggtrafikk.no\/content\/uploads\/sites\/6\/2024\/02\/forerkort-ovelseskjoring-3-light.png","type":"image\/png"}],"twitter_card":"summary_large_image","twitter_misc":{"Ansl. lesetid":"3 minutter"},"schema":{"@context":"https:\/\/schema.org","@graph":[{"@type":"WebPage","@id":"https:\/\/www.tryggtrafikk.no\/ung\/ung\/ovelseskjoring\/hvorfor-er-unge-mer-utsatt-i-trafikken\/","url":"https:\/\/www.tryggtrafikk.no\/ung\/ung\/ovelseskjoring\/hvorfor-er-unge-mer-utsatt-i-trafikken\/","name":"Hvorfor er unge mer utsatt i trafikken? - UNG","isPartOf":{"@id":"https:\/\/www.tryggtrafikk.no\/ung\/#website"},"primaryImageOfPage":{"@id":"https:\/\/www.tryggtrafikk.no\/ung\/ung\/ovelseskjoring\/hvorfor-er-unge-mer-utsatt-i-trafikken\/#primaryimage"},"image":{"@id":"https:\/\/www.tryggtrafikk.no\/ung\/ung\/ovelseskjoring\/hvorfor-er-unge-mer-utsatt-i-trafikken\/#primaryimage"},"thumbnailUrl":"https:\/\/www.tryggtrafikk.no\/content\/uploads\/sites\/6\/2024\/02\/forerkort-ovelseskjoring-3-light.png","datePublished":"2024-02-21T14:32:22+00:00","dateModified":"2024-02-27T13:20:37+00:00","description":"Veien til f\u00f8rerkortet handler mer om at du skal bli en dyktig sj\u00e5f\u00f8r, enn at du skal best\u00e5 f\u00f8rerpr\u00f8ven raskest mulig. Skal resultatet bli bra, b\u00f8r du sette av minst 140 timer til \u00f8velseskj\u00f8ring.","breadcrumb":{"@id":"https:\/\/www.tryggtrafikk.no\/ung\/ung\/ovelseskjoring\/hvorfor-er-unge-mer-utsatt-i-trafikken\/#breadcrumb"},"inLanguage":"nb-NO","potentialAction":[{"@type":"ReadAction","target":["https:\/\/www.tryggtrafikk.no\/ung\/ung\/ovelseskjoring\/hvorfor-er-unge-mer-utsatt-i-trafikken\/"]}]},{"@type":"ImageObject","inLanguage":"nb-NO","@id":"https:\/\/www.tryggtrafikk.no\/ung\/ung\/ovelseskjoring\/hvorfor-er-unge-mer-utsatt-i-trafikken\/#primaryimage","url":"https:\/\/www.tryggtrafikk.no\/content\/uploads\/sites\/6\/2024\/02\/forerkort-ovelseskjoring-3-light.png","contentUrl":"https:\/\/www.tryggtrafikk.no\/content\/uploads\/sites\/6\/2024\/02\/forerkort-ovelseskjoring-3-light.png","width":460,"height":280,"caption":"Ikon som viser to biler som kr\u00e6sjer i hverandre."},{"@type":"BreadcrumbList","@id":"https:\/\/www.tryggtrafikk.no\/ung\/ung\/ovelseskjoring\/hvorfor-er-unge-mer-utsatt-i-trafikken\/#breadcrumb","itemListElement":[{"@type":"ListItem","position":1,"name":"Home","item":"https:\/\/www.tryggtrafikk.no\/ung\/"},{"@type":"ListItem","position":2,"name":"UNG","item":"https:\/\/www.tryggtrafikk.no\/ung\/"},{"@type":"ListItem","position":3,"name":"\u00d8velseskj\u00f8ring og f\u00f8rerkort","item":"https:\/\/www.tryggtrafikk.no\/ung\/ung\/ovelseskjoring\/"},{"@type":"ListItem","position":4,"name":"Hvorfor er unge mer utsatt i trafikken?"}]},{"@type":"WebSite","@id":"https:\/\/www.tryggtrafikk.no\/ung\/#website","url":"https:\/\/www.tryggtrafikk.no\/ung\/","name":"UNG","description":"","potentialAction":[{"@type":"SearchAction","target":{"@type":"EntryPoint","urlTemplate":"https:\/\/www.tryggtrafikk.no\/ung\/?s={search_term_string}"},"query-input":{"@type":"PropertyValueSpecification","valueRequired":true,"valueName":"search_term_string"}}],"inLanguage":"nb-NO"}]}},"_links":{"self":[{"href":"https:\/\/www.tryggtrafikk.no\/ung\/wp-json\/wp\/v2\/pages\/128","targetHints":{"allow":["GET"]}}],"collection":[{"href":"https:\/\/www.tryggtrafikk.no\/ung\/wp-json\/wp\/v2\/pages"}],"about":[{"href":"https:\/\/www.tryggtrafikk.no\/ung\/wp-json\/wp\/v2\/types\/page"}],"author":[{"embeddable":true,"href":"https:\/\/www.tryggtrafikk.no\/ung\/wp-json\/wp\/v2\/users\/1"}],"replies":[{"embeddable":true,"href":"https:\/\/www.tryggtrafikk.no\/ung\/wp-json\/wp\/v2\/comments?post=128"}],"version-history":[{"count":3,"href":"https:\/\/www.tryggtrafikk.no\/ung\/wp-json\/wp\/v2\/pages\/128\/revisions"}],"predecessor-version":[{"id":807,"href":"https:\/\/www.tryggtrafikk.no\/ung\/wp-json\/wp\/v2\/pages\/128\/revisions\/807"}],"up":[{"embeddable":true,"href":"https:\/\/www.tryggtrafikk.no\/ung\/wp-json\/wp\/v2\/pages\/42"}],"wp:featuredmedia":[{"embeddable":true,"href":"https:\/\/www.tryggtrafikk.no\/ung\/wp-json\/wp\/v2\/media\/129"}],"wp:attachment":[{"href":"https:\/\/www.tryggtrafikk.no\/ung\/wp-json\/wp\/v2\/media?parent=128"}],"wp:term":[{"taxonomy":"cs_tag","embeddable":true,"href":"https:\/\/www.tryggtrafikk.no\/ung\/wp-json\/wp\/v2\/cs_tag?post=128"}],"curies":[{"name":"wp","href":"https:\/\/api.w.org\/{rel}","templated":true}]}}