{"id":187,"date":"2024-03-19T11:14:03","date_gmt":"2024-03-19T11:14:03","guid":{"rendered":"https:\/\/www.tryggtrafikk.no\/ung\/?page_id=187"},"modified":"2026-04-01T19:43:48","modified_gmt":"2026-04-01T19:43:48","slug":"bremselengde-og-kollisjonskalkulator","status":"publish","type":"page","link":"https:\/\/www.tryggtrafikk.no\/ung\/ung\/underveis\/bremselengde-og-kollisjonskalkulator\/","title":{"rendered":"Bremselengde- og kollisjonskalkulator"},"content":{"rendered":"\n\t\t<div class=\"alignfull wp-block-tryggtrafikk-hero has-background has-hero-dark-background-color\" id=\"wp-block-tryggtrafikk-hero\">\n\t\t\t<div class=\"tryggtrafikk-hero__container\">\n\t\t\t\t<div class=\"tryggtrafikk-hero__image\"><img loading=\"lazy\" width=\"768\" height=\"512\" src=\"https:\/\/www.tryggtrafikk.no\/content\/uploads\/sites\/6\/2024\/03\/dan-cristian-padure-h3kuhYUCE9A-unsplash-768x512.jpg\" class=\"attachment-medium_large size-medium_large\" alt=\"Tavle med mange forskjellige formler. Skal illustrere matematisk kompleksistet.\" style=\"--focalpoint: 50% 50%;\" srcset=\"https:\/\/www.tryggtrafikk.no\/content\/uploads\/sites\/6\/2024\/03\/dan-cristian-padure-h3kuhYUCE9A-unsplash-768x512.jpg 768w, https:\/\/www.tryggtrafikk.no\/content\/uploads\/sites\/6\/2024\/03\/dan-cristian-padure-h3kuhYUCE9A-unsplash-300x200.jpg 300w, https:\/\/www.tryggtrafikk.no\/content\/uploads\/sites\/6\/2024\/03\/dan-cristian-padure-h3kuhYUCE9A-unsplash-1024x683.jpg 1024w, https:\/\/www.tryggtrafikk.no\/content\/uploads\/sites\/6\/2024\/03\/dan-cristian-padure-h3kuhYUCE9A-unsplash-1536x1024.jpg 1536w, https:\/\/www.tryggtrafikk.no\/content\/uploads\/sites\/6\/2024\/03\/dan-cristian-padure-h3kuhYUCE9A-unsplash-2048x1365.jpg 2048w\" sizes=\"auto, (max-width: 768px) 100vw, 768px\" \/><\/div>\n\t\t\t\t<div class=\"tryggtrafikk-hero__content-container\">\n\t\t\t\t\t<div class=\"site-breadcrumbs\"><span><span><a href=\"https:\/\/www.tryggtrafikk.no\/ung\/\">Home<\/a><\/span><\/span><\/div>\n\t\t\t\t\t<h1 class=\"tryggtrafikk-hero__title\">Bremselengde- og kollisjonskalkulator<\/h1>\n\t\t\t\t\t<div class=\"tryggtrafikk-hero__content\">\n\t\t\t\t\t\t\n<div class=\"has-text-align-left wp-block-post-excerpt\"><p class=\"wp-block-post-excerpt__excerpt\">Hvor lang stopplengde har en bil i 50 km\/t p\u00e5 v\u00e5tt f\u00f8re? Eller hva med stopplengden p\u00e5 t\u00f8rt f\u00f8re i 80 km\/t? For \u00e5 kunne ta livsviktige og bevisste valg i trafikken, m\u00e5 man forst\u00e5 hva mulige konsekvenser i trafikkbildet kan v\u00e6re. Last ned bremselengde &#8211; eller kollisjonskalkulator nedenfor og lag scenarioer med egne tall. <\/p><\/div>\n\n\t\t\t\t\t<\/div>\n\t\t\t\t<\/div>\n\t\t\t<\/div>\n\t\t<\/div>\n\t\t\n\n\n<p><strong>Sikrer du riktig?&nbsp;<\/strong>Ved en br\u00e5stopp vil l\u00f8se gjenstander fyke frem i samme hastighet som kj\u00f8ret\u00f8yet opprinnelig hadde. Vil du vite mer? Da scroller du forbi bremselengdekalkulatoren og videre til slutten og laster ned kollisjonskalkulatoren!<\/p>\n\n\n\n<h2 class=\"wp-block-heading\" id=\"h-bremselengdekalkulatoren-hvor-lang-tid-bruker-du-pa-a-stoppe\">Bremselengdekalkulatoren \u2013 hvor lang tid bruker du p\u00e5 \u00e5 stoppe?<\/h2>\n\n\n\n<p>Det \u00e5 l\u00e6re hva bremselengde og stopplengde er i teorien, \u00f8ker sannsynligheten for \u00e5 forst\u00e5 og anvende kunnskapen mer bevisst i praksis. Bremselengdekalkulatoren gir ogs\u00e5 et praktisk innblikk i hvordan fart, reaksjonstid og f\u00f8reforhold p\u00e5virker stoppelengden til et kj\u00f8ret\u00f8y. Her l\u00e6rer man \u00e5 regne det ut selv, med flere selvtestere p\u00e5 om man faktisk har f\u00e5tt med seg det grunnleggende.<\/p>\n\n\n\n<p>Dette egner seg godt som undervisningsmateriell knyttet opp til l\u00e6replanm\u00e5l i matematikk og naturfag p\u00e5 ungdomstrinnet \u2013 samtidig som ungdommene f\u00e5r livsviktig kunnskap. Kalkulatoren kan lastes ned under, og som l\u00e6rer kan du tilpasse egne oppgaver til ditt tema.<\/p>\n\n\n\n<p>Bremselengdekalkulatoren finner du ogs\u00e5 i et eget kapittel i v\u00e5r interaktive undervisningsressurs, Underveis. Der ligger det ogs\u00e5 en relaterte aktiviteter om bremselengder til bruk i undervisningen.<\/p>\n\n\n\n<div class=\"wp-block-file\"><a href=\"https:\/\/www.tryggtrafikk.no\/content\/uploads\/sites\/6\/2024\/03\/Bremselengder-mai-23.xlsx\" class=\"wp-block-file__button wp-element-button\" download><strong>Last ned bremselengdekalkulator i Excel!<\/strong><\/a><\/div>\n","protected":false},"excerpt":{"rendered":"<p>Hvor lang stopplengde har en bil i 50 km\/t p\u00e5 v\u00e5tt f\u00f8re? Eller hva med stopplengden p\u00e5 t\u00f8rt f\u00f8re i 80 km\/t? For \u00e5 kunne ta livsviktige og bevisste valg i trafikken, m\u00e5 man forst\u00e5 hva mulige konsekvenser i trafikkbildet kan v\u00e6re. Last ned bremselengde &#8211; eller kollisjonskalkulator nedenfor og lag scenarioer med egne tall.<\/p>\n","protected":false},"author":6,"featured_media":0,"parent":25,"menu_order":0,"comment_status":"closed","ping_status":"closed","template":"","meta":{"show_toc":false,"tryggtrafikk_poll_votes":[],"hide_header_title":false,"alt_breadcrumbs_title":"","footnotes":"","boosted":0},"cs_tag":[],"class_list":["post-187","page","type-page","status-publish","hentry"],"yoast_head":"<!-- This site is optimized with the Yoast SEO Premium plugin v26.1 (Yoast SEO v26.1.1) - https:\/\/yoast.com\/wordpress\/plugins\/seo\/ -->\n<title>Bremselengde- og kollisjonskalkulator - UNG<\/title>\n<meta name=\"description\" content=\"Hvor lang stopplengde har en bil i 50 km\/t p\u00e5 v\u00e5tt f\u00f8re? Eller hva med stopplengden p\u00e5 t\u00f8rt f\u00f8re i 80 km\/t? For \u00e5 kunne ta livsviktige og bevisste valg i trafikken, m\u00e5 man forst\u00e5 hva mulige konsekvenser i trafikkbildet kan v\u00e6re. Last ned bremselengde - eller kollisjonskalkulator nedenfor og lag scenarioer med egne tall.\" \/>\n<meta name=\"robots\" content=\"index, follow, max-snippet:-1, max-image-preview:large, max-video-preview:-1\" \/>\n<link rel=\"canonical\" href=\"https:\/\/www.tryggtrafikk.no\/ung\/ung\/underveis\/bremselengde-og-kollisjonskalkulator\/\" \/>\n<meta property=\"og:locale\" content=\"nb_NO\" \/>\n<meta property=\"og:type\" content=\"article\" \/>\n<meta property=\"og:title\" content=\"Bremselengde- og kollisjonskalkulator\" \/>\n<meta property=\"og:description\" content=\"Hvor lang stopplengde har en bil i 50 km\/t p\u00e5 v\u00e5tt f\u00f8re? Eller hva med stopplengden p\u00e5 t\u00f8rt f\u00f8re i 80 km\/t? For \u00e5 kunne ta livsviktige og bevisste valg i trafikken, m\u00e5 man forst\u00e5 hva mulige konsekvenser i trafikkbildet kan v\u00e6re. Last ned bremselengde - eller kollisjonskalkulator nedenfor og lag scenarioer med egne tall.\" \/>\n<meta property=\"og:url\" content=\"https:\/\/www.tryggtrafikk.no\/ung\/ung\/underveis\/bremselengde-og-kollisjonskalkulator\/\" \/>\n<meta property=\"og:site_name\" content=\"UNG\" \/>\n<meta property=\"article:modified_time\" content=\"2026-04-01T19:43:48+00:00\" \/>\n<meta name=\"twitter:card\" content=\"summary_large_image\" \/>\n<meta name=\"twitter:label1\" content=\"Ansl. lesetid\" \/>\n\t<meta name=\"twitter:data1\" content=\"1 minutt\" \/>\n<script type=\"application\/ld+json\" class=\"yoast-schema-graph\">{\"@context\":\"https:\/\/schema.org\",\"@graph\":[{\"@type\":\"WebPage\",\"@id\":\"https:\/\/www.tryggtrafikk.no\/ung\/ung\/underveis\/bremselengde-og-kollisjonskalkulator\/\",\"url\":\"https:\/\/www.tryggtrafikk.no\/ung\/ung\/underveis\/bremselengde-og-kollisjonskalkulator\/\",\"name\":\"Bremselengde- og kollisjonskalkulator - UNG\",\"isPartOf\":{\"@id\":\"https:\/\/www.tryggtrafikk.no\/ung\/#website\"},\"datePublished\":\"2024-03-19T11:14:03+00:00\",\"dateModified\":\"2026-04-01T19:43:48+00:00\",\"description\":\"Hvor lang stopplengde har en bil i 50 km\/t p\u00e5 v\u00e5tt f\u00f8re? Eller hva med stopplengden p\u00e5 t\u00f8rt f\u00f8re i 80 km\/t? For \u00e5 kunne ta livsviktige og bevisste valg i trafikken, m\u00e5 man forst\u00e5 hva mulige konsekvenser i trafikkbildet kan v\u00e6re. Last ned bremselengde - eller kollisjonskalkulator nedenfor og lag scenarioer med egne tall.\",\"breadcrumb\":{\"@id\":\"https:\/\/www.tryggtrafikk.no\/ung\/ung\/underveis\/bremselengde-og-kollisjonskalkulator\/#breadcrumb\"},\"inLanguage\":\"nb-NO\",\"potentialAction\":[{\"@type\":\"ReadAction\",\"target\":[\"https:\/\/www.tryggtrafikk.no\/ung\/ung\/underveis\/bremselengde-og-kollisjonskalkulator\/\"]}]},{\"@type\":\"BreadcrumbList\",\"@id\":\"https:\/\/www.tryggtrafikk.no\/ung\/ung\/underveis\/bremselengde-og-kollisjonskalkulator\/#breadcrumb\",\"itemListElement\":[{\"@type\":\"ListItem\",\"position\":1,\"name\":\"Home\",\"item\":\"https:\/\/www.tryggtrafikk.no\/ung\/\"},{\"@type\":\"ListItem\",\"position\":2,\"name\":\"UNG\",\"item\":\"https:\/\/www.tryggtrafikk.no\/ung\/\"},{\"@type\":\"ListItem\",\"position\":3,\"name\":\"Underveis\",\"item\":\"https:\/\/www.tryggtrafikk.no\/ung\/ung\/underveis\/\"},{\"@type\":\"ListItem\",\"position\":4,\"name\":\"Bremselengde- og kollisjonskalkulator\"}]},{\"@type\":\"WebSite\",\"@id\":\"https:\/\/www.tryggtrafikk.no\/ung\/#website\",\"url\":\"https:\/\/www.tryggtrafikk.no\/ung\/\",\"name\":\"UNG\",\"description\":\"\",\"potentialAction\":[{\"@type\":\"SearchAction\",\"target\":{\"@type\":\"EntryPoint\",\"urlTemplate\":\"https:\/\/www.tryggtrafikk.no\/ung\/?s={search_term_string}\"},\"query-input\":{\"@type\":\"PropertyValueSpecification\",\"valueRequired\":true,\"valueName\":\"search_term_string\"}}],\"inLanguage\":\"nb-NO\"}]}<\/script>\n<!-- \/ Yoast SEO Premium plugin. -->","yoast_head_json":{"title":"Bremselengde- og kollisjonskalkulator - UNG","description":"Hvor lang stopplengde har en bil i 50 km\/t p\u00e5 v\u00e5tt f\u00f8re? Eller hva med stopplengden p\u00e5 t\u00f8rt f\u00f8re i 80 km\/t? For \u00e5 kunne ta livsviktige og bevisste valg i trafikken, m\u00e5 man forst\u00e5 hva mulige konsekvenser i trafikkbildet kan v\u00e6re. Last ned bremselengde - eller kollisjonskalkulator nedenfor og lag scenarioer med egne tall.","robots":{"index":"index","follow":"follow","max-snippet":"max-snippet:-1","max-image-preview":"max-image-preview:large","max-video-preview":"max-video-preview:-1"},"canonical":"https:\/\/www.tryggtrafikk.no\/ung\/ung\/underveis\/bremselengde-og-kollisjonskalkulator\/","og_locale":"nb_NO","og_type":"article","og_title":"Bremselengde- og kollisjonskalkulator","og_description":"Hvor lang stopplengde har en bil i 50 km\/t p\u00e5 v\u00e5tt f\u00f8re? Eller hva med stopplengden p\u00e5 t\u00f8rt f\u00f8re i 80 km\/t? For \u00e5 kunne ta livsviktige og bevisste valg i trafikken, m\u00e5 man forst\u00e5 hva mulige konsekvenser i trafikkbildet kan v\u00e6re. Last ned bremselengde - eller kollisjonskalkulator nedenfor og lag scenarioer med egne tall.","og_url":"https:\/\/www.tryggtrafikk.no\/ung\/ung\/underveis\/bremselengde-og-kollisjonskalkulator\/","og_site_name":"UNG","article_modified_time":"2026-04-01T19:43:48+00:00","twitter_card":"summary_large_image","twitter_misc":{"Ansl. lesetid":"1 minutt"},"schema":{"@context":"https:\/\/schema.org","@graph":[{"@type":"WebPage","@id":"https:\/\/www.tryggtrafikk.no\/ung\/ung\/underveis\/bremselengde-og-kollisjonskalkulator\/","url":"https:\/\/www.tryggtrafikk.no\/ung\/ung\/underveis\/bremselengde-og-kollisjonskalkulator\/","name":"Bremselengde- og kollisjonskalkulator - UNG","isPartOf":{"@id":"https:\/\/www.tryggtrafikk.no\/ung\/#website"},"datePublished":"2024-03-19T11:14:03+00:00","dateModified":"2026-04-01T19:43:48+00:00","description":"Hvor lang stopplengde har en bil i 50 km\/t p\u00e5 v\u00e5tt f\u00f8re? Eller hva med stopplengden p\u00e5 t\u00f8rt f\u00f8re i 80 km\/t? For \u00e5 kunne ta livsviktige og bevisste valg i trafikken, m\u00e5 man forst\u00e5 hva mulige konsekvenser i trafikkbildet kan v\u00e6re. Last ned bremselengde - eller kollisjonskalkulator nedenfor og lag scenarioer med egne tall.","breadcrumb":{"@id":"https:\/\/www.tryggtrafikk.no\/ung\/ung\/underveis\/bremselengde-og-kollisjonskalkulator\/#breadcrumb"},"inLanguage":"nb-NO","potentialAction":[{"@type":"ReadAction","target":["https:\/\/www.tryggtrafikk.no\/ung\/ung\/underveis\/bremselengde-og-kollisjonskalkulator\/"]}]},{"@type":"BreadcrumbList","@id":"https:\/\/www.tryggtrafikk.no\/ung\/ung\/underveis\/bremselengde-og-kollisjonskalkulator\/#breadcrumb","itemListElement":[{"@type":"ListItem","position":1,"name":"Home","item":"https:\/\/www.tryggtrafikk.no\/ung\/"},{"@type":"ListItem","position":2,"name":"UNG","item":"https:\/\/www.tryggtrafikk.no\/ung\/"},{"@type":"ListItem","position":3,"name":"Underveis","item":"https:\/\/www.tryggtrafikk.no\/ung\/ung\/underveis\/"},{"@type":"ListItem","position":4,"name":"Bremselengde- og kollisjonskalkulator"}]},{"@type":"WebSite","@id":"https:\/\/www.tryggtrafikk.no\/ung\/#website","url":"https:\/\/www.tryggtrafikk.no\/ung\/","name":"UNG","description":"","potentialAction":[{"@type":"SearchAction","target":{"@type":"EntryPoint","urlTemplate":"https:\/\/www.tryggtrafikk.no\/ung\/?s={search_term_string}"},"query-input":{"@type":"PropertyValueSpecification","valueRequired":true,"valueName":"search_term_string"}}],"inLanguage":"nb-NO"}]}},"_links":{"self":[{"href":"https:\/\/www.tryggtrafikk.no\/ung\/wp-json\/wp\/v2\/pages\/187","targetHints":{"allow":["GET"]}}],"collection":[{"href":"https:\/\/www.tryggtrafikk.no\/ung\/wp-json\/wp\/v2\/pages"}],"about":[{"href":"https:\/\/www.tryggtrafikk.no\/ung\/wp-json\/wp\/v2\/types\/page"}],"author":[{"embeddable":true,"href":"https:\/\/www.tryggtrafikk.no\/ung\/wp-json\/wp\/v2\/users\/6"}],"replies":[{"embeddable":true,"href":"https:\/\/www.tryggtrafikk.no\/ung\/wp-json\/wp\/v2\/comments?post=187"}],"version-history":[{"count":5,"href":"https:\/\/www.tryggtrafikk.no\/ung\/wp-json\/wp\/v2\/pages\/187\/revisions"}],"predecessor-version":[{"id":1291,"href":"https:\/\/www.tryggtrafikk.no\/ung\/wp-json\/wp\/v2\/pages\/187\/revisions\/1291"}],"up":[{"embeddable":true,"href":"https:\/\/www.tryggtrafikk.no\/ung\/wp-json\/wp\/v2\/pages\/25"}],"wp:attachment":[{"href":"https:\/\/www.tryggtrafikk.no\/ung\/wp-json\/wp\/v2\/media?parent=187"}],"wp:term":[{"taxonomy":"cs_tag","embeddable":true,"href":"https:\/\/www.tryggtrafikk.no\/ung\/wp-json\/wp\/v2\/cs_tag?post=187"}],"curies":[{"name":"wp","href":"https:\/\/api.w.org\/{rel}","templated":true}]}}