{"id":197,"date":"2024-03-19T11:20:51","date_gmt":"2024-03-19T11:20:51","guid":{"rendered":"https:\/\/www.tryggtrafikk.no\/ung\/?page_id=197"},"modified":"2024-03-19T11:20:52","modified_gmt":"2024-03-19T11:20:52","slug":"jeg-planlegger","status":"publish","type":"page","link":"https:\/\/www.tryggtrafikk.no\/ung\/ung\/jeg-planlegger\/","title":{"rendered":"Jeg planlegger"},"content":{"rendered":"\n\t\t<div class=\"alignfull wp-block-tryggtrafikk-hero has-background has-hero-dark-background-color\" id=\"wp-block-tryggtrafikk-hero\">\n\t\t\t<div class=\"tryggtrafikk-hero__container\">\n\t\t\t\t<div class=\"tryggtrafikk-hero__image\"><img loading=\"lazy\" width=\"768\" height=\"334\" src=\"https:\/\/www.tryggtrafikk.no\/content\/uploads\/sites\/6\/2024\/02\/Forsidebilde-Underveis-3-e1685100460521-768x334.jpg\" class=\"attachment-medium_large size-medium_large\" alt=\"Ungdom med vinterkl\u00e6r foran en ambulanse.\" style=\"--focalpoint: 50% 50%;\" srcset=\"https:\/\/www.tryggtrafikk.no\/content\/uploads\/sites\/6\/2024\/02\/Forsidebilde-Underveis-3-e1685100460521-768x334.jpg 768w, https:\/\/www.tryggtrafikk.no\/content\/uploads\/sites\/6\/2024\/02\/Forsidebilde-Underveis-3-e1685100460521-300x130.jpg 300w, https:\/\/www.tryggtrafikk.no\/content\/uploads\/sites\/6\/2024\/02\/Forsidebilde-Underveis-3-e1685100460521-1024x445.jpg 1024w, https:\/\/www.tryggtrafikk.no\/content\/uploads\/sites\/6\/2024\/02\/Forsidebilde-Underveis-3-e1685100460521-1536x668.jpg 1536w, https:\/\/www.tryggtrafikk.no\/content\/uploads\/sites\/6\/2024\/02\/Forsidebilde-Underveis-3-e1685100460521-2048x891.jpg 2048w\" sizes=\"auto, (max-width: 768px) 100vw, 768px\" \/><\/div>\n\t\t\t\t<div class=\"tryggtrafikk-hero__content-container\">\n\t\t\t\t\t<div class=\"site-breadcrumbs\"><span><span><a href=\"https:\/\/www.tryggtrafikk.no\/ung\/\">Home<\/a><\/span><\/span><\/div>\n\t\t\t\t\t<h1 class=\"tryggtrafikk-hero__title\">Jeg planlegger<\/h1>\n\t\t\t\t\t<div class=\"tryggtrafikk-hero__content\">\n\t\t\t\t\t\t\n<div class=\"has-text-align-left wp-block-post-excerpt\"><p class=\"wp-block-post-excerpt__excerpt\">Her planlegger du for viktige situasjoner, enten du sykler, g\u00e5r eller kj\u00f8rer. Du velger egne planer som hjelper deg \u00e5 ta de rette valgene og bli tryggere. Korte videoer viser eksempler og hjelper deg \u00e5 visualisere. <\/p><\/div>\n\n\t\t\t\t\t<\/div>\n\t\t\t\t<\/div>\n\t\t\t<\/div>\n\t\t<\/div>\n\t\t","protected":false},"excerpt":{"rendered":"<p>Her planlegger du for viktige situasjoner, enten du sykler, g\u00e5r eller kj\u00f8rer. Du velger egne planer som hjelper deg \u00e5 ta de rette valgene og bli tryggere. Korte videoer viser eksempler og hjelper deg \u00e5 visualisere.<\/p>\n","protected":false},"author":6,"featured_media":0,"parent":12,"menu_order":0,"comment_status":"closed","ping_status":"closed","template":"","meta":{"show_toc":false,"tryggtrafikk_poll_votes":[],"hide_header_title":false,"alt_breadcrumbs_title":"","footnotes":"","boosted":0},"cs_tag":[],"class_list":["post-197","page","type-page","status-publish","hentry"],"yoast_head":"<!-- This site is optimized with the Yoast SEO Premium plugin v26.1 (Yoast SEO v26.1.1) - https:\/\/yoast.com\/wordpress\/plugins\/seo\/ -->\n<title>Jeg planlegger - UNG<\/title>\n<meta name=\"description\" content=\"Her planlegger du for viktige situasjoner, enten du sykler, g\u00e5r eller kj\u00f8rer. Du velger egne planer som hjelper deg \u00e5 ta de rette valgene og bli tryggere. Korte videoer viser eksempler og hjelper deg \u00e5 visualisere.\" \/>\n<meta name=\"robots\" content=\"index, follow, max-snippet:-1, max-image-preview:large, max-video-preview:-1\" \/>\n<link rel=\"canonical\" href=\"https:\/\/www.tryggtrafikk.no\/ung\/ung\/jeg-planlegger\/\" \/>\n<meta property=\"og:locale\" content=\"nb_NO\" \/>\n<meta property=\"og:type\" content=\"article\" \/>\n<meta property=\"og:title\" content=\"Jeg planlegger\" \/>\n<meta property=\"og:description\" content=\"Her planlegger du for viktige situasjoner, enten du sykler, g\u00e5r eller kj\u00f8rer. Du velger egne planer som hjelper deg \u00e5 ta de rette valgene og bli tryggere. Korte videoer viser eksempler og hjelper deg \u00e5 visualisere.\" \/>\n<meta property=\"og:url\" content=\"https:\/\/www.tryggtrafikk.no\/ung\/ung\/jeg-planlegger\/\" \/>\n<meta property=\"og:site_name\" content=\"UNG\" \/>\n<meta property=\"article:modified_time\" content=\"2024-03-19T11:20:52+00:00\" \/>\n<meta name=\"twitter:card\" content=\"summary_large_image\" \/>\n<script type=\"application\/ld+json\" class=\"yoast-schema-graph\">{\"@context\":\"https:\/\/schema.org\",\"@graph\":[{\"@type\":\"WebPage\",\"@id\":\"https:\/\/www.tryggtrafikk.no\/ung\/ung\/jeg-planlegger\/\",\"url\":\"https:\/\/www.tryggtrafikk.no\/ung\/ung\/jeg-planlegger\/\",\"name\":\"Jeg planlegger - UNG\",\"isPartOf\":{\"@id\":\"https:\/\/www.tryggtrafikk.no\/ung\/#website\"},\"datePublished\":\"2024-03-19T11:20:51+00:00\",\"dateModified\":\"2024-03-19T11:20:52+00:00\",\"description\":\"Her planlegger du for viktige situasjoner, enten du sykler, g\u00e5r eller kj\u00f8rer. Du velger egne planer som hjelper deg \u00e5 ta de rette valgene og bli tryggere. Korte videoer viser eksempler og hjelper deg \u00e5 visualisere.\",\"breadcrumb\":{\"@id\":\"https:\/\/www.tryggtrafikk.no\/ung\/ung\/jeg-planlegger\/#breadcrumb\"},\"inLanguage\":\"nb-NO\",\"potentialAction\":[{\"@type\":\"ReadAction\",\"target\":[\"https:\/\/www.tryggtrafikk.no\/ung\/ung\/jeg-planlegger\/\"]}]},{\"@type\":\"BreadcrumbList\",\"@id\":\"https:\/\/www.tryggtrafikk.no\/ung\/ung\/jeg-planlegger\/#breadcrumb\",\"itemListElement\":[{\"@type\":\"ListItem\",\"position\":1,\"name\":\"Home\",\"item\":\"https:\/\/www.tryggtrafikk.no\/ung\/\"},{\"@type\":\"ListItem\",\"position\":2,\"name\":\"UNG\",\"item\":\"https:\/\/www.tryggtrafikk.no\/ung\/\"},{\"@type\":\"ListItem\",\"position\":3,\"name\":\"Jeg planlegger\"}]},{\"@type\":\"WebSite\",\"@id\":\"https:\/\/www.tryggtrafikk.no\/ung\/#website\",\"url\":\"https:\/\/www.tryggtrafikk.no\/ung\/\",\"name\":\"UNG\",\"description\":\"\",\"potentialAction\":[{\"@type\":\"SearchAction\",\"target\":{\"@type\":\"EntryPoint\",\"urlTemplate\":\"https:\/\/www.tryggtrafikk.no\/ung\/?s={search_term_string}\"},\"query-input\":{\"@type\":\"PropertyValueSpecification\",\"valueRequired\":true,\"valueName\":\"search_term_string\"}}],\"inLanguage\":\"nb-NO\"}]}<\/script>\n<!-- \/ Yoast SEO Premium plugin. -->","yoast_head_json":{"title":"Jeg planlegger - UNG","description":"Her planlegger du for viktige situasjoner, enten du sykler, g\u00e5r eller kj\u00f8rer. Du velger egne planer som hjelper deg \u00e5 ta de rette valgene og bli tryggere. Korte videoer viser eksempler og hjelper deg \u00e5 visualisere.","robots":{"index":"index","follow":"follow","max-snippet":"max-snippet:-1","max-image-preview":"max-image-preview:large","max-video-preview":"max-video-preview:-1"},"canonical":"https:\/\/www.tryggtrafikk.no\/ung\/ung\/jeg-planlegger\/","og_locale":"nb_NO","og_type":"article","og_title":"Jeg planlegger","og_description":"Her planlegger du for viktige situasjoner, enten du sykler, g\u00e5r eller kj\u00f8rer. Du velger egne planer som hjelper deg \u00e5 ta de rette valgene og bli tryggere. Korte videoer viser eksempler og hjelper deg \u00e5 visualisere.","og_url":"https:\/\/www.tryggtrafikk.no\/ung\/ung\/jeg-planlegger\/","og_site_name":"UNG","article_modified_time":"2024-03-19T11:20:52+00:00","twitter_card":"summary_large_image","schema":{"@context":"https:\/\/schema.org","@graph":[{"@type":"WebPage","@id":"https:\/\/www.tryggtrafikk.no\/ung\/ung\/jeg-planlegger\/","url":"https:\/\/www.tryggtrafikk.no\/ung\/ung\/jeg-planlegger\/","name":"Jeg planlegger - UNG","isPartOf":{"@id":"https:\/\/www.tryggtrafikk.no\/ung\/#website"},"datePublished":"2024-03-19T11:20:51+00:00","dateModified":"2024-03-19T11:20:52+00:00","description":"Her planlegger du for viktige situasjoner, enten du sykler, g\u00e5r eller kj\u00f8rer. Du velger egne planer som hjelper deg \u00e5 ta de rette valgene og bli tryggere. Korte videoer viser eksempler og hjelper deg \u00e5 visualisere.","breadcrumb":{"@id":"https:\/\/www.tryggtrafikk.no\/ung\/ung\/jeg-planlegger\/#breadcrumb"},"inLanguage":"nb-NO","potentialAction":[{"@type":"ReadAction","target":["https:\/\/www.tryggtrafikk.no\/ung\/ung\/jeg-planlegger\/"]}]},{"@type":"BreadcrumbList","@id":"https:\/\/www.tryggtrafikk.no\/ung\/ung\/jeg-planlegger\/#breadcrumb","itemListElement":[{"@type":"ListItem","position":1,"name":"Home","item":"https:\/\/www.tryggtrafikk.no\/ung\/"},{"@type":"ListItem","position":2,"name":"UNG","item":"https:\/\/www.tryggtrafikk.no\/ung\/"},{"@type":"ListItem","position":3,"name":"Jeg planlegger"}]},{"@type":"WebSite","@id":"https:\/\/www.tryggtrafikk.no\/ung\/#website","url":"https:\/\/www.tryggtrafikk.no\/ung\/","name":"UNG","description":"","potentialAction":[{"@type":"SearchAction","target":{"@type":"EntryPoint","urlTemplate":"https:\/\/www.tryggtrafikk.no\/ung\/?s={search_term_string}"},"query-input":{"@type":"PropertyValueSpecification","valueRequired":true,"valueName":"search_term_string"}}],"inLanguage":"nb-NO"}]}},"_links":{"self":[{"href":"https:\/\/www.tryggtrafikk.no\/ung\/wp-json\/wp\/v2\/pages\/197","targetHints":{"allow":["GET"]}}],"collection":[{"href":"https:\/\/www.tryggtrafikk.no\/ung\/wp-json\/wp\/v2\/pages"}],"about":[{"href":"https:\/\/www.tryggtrafikk.no\/ung\/wp-json\/wp\/v2\/types\/page"}],"author":[{"embeddable":true,"href":"https:\/\/www.tryggtrafikk.no\/ung\/wp-json\/wp\/v2\/users\/6"}],"replies":[{"embeddable":true,"href":"https:\/\/www.tryggtrafikk.no\/ung\/wp-json\/wp\/v2\/comments?post=197"}],"version-history":[{"count":2,"href":"https:\/\/www.tryggtrafikk.no\/ung\/wp-json\/wp\/v2\/pages\/197\/revisions"}],"predecessor-version":[{"id":587,"href":"https:\/\/www.tryggtrafikk.no\/ung\/wp-json\/wp\/v2\/pages\/197\/revisions\/587"}],"up":[{"embeddable":true,"href":"https:\/\/www.tryggtrafikk.no\/ung\/wp-json\/wp\/v2\/pages\/12"}],"wp:attachment":[{"href":"https:\/\/www.tryggtrafikk.no\/ung\/wp-json\/wp\/v2\/media?parent=197"}],"wp:term":[{"taxonomy":"cs_tag","embeddable":true,"href":"https:\/\/www.tryggtrafikk.no\/ung\/wp-json\/wp\/v2\/cs_tag?post=197"}],"curies":[{"name":"wp","href":"https:\/\/api.w.org\/{rel}","templated":true}]}}