{"id":202,"date":"2024-03-19T11:26:13","date_gmt":"2024-03-19T11:26:13","guid":{"rendered":"https:\/\/www.tryggtrafikk.no\/ung\/?page_id=202"},"modified":"2024-03-21T08:15:34","modified_gmt":"2024-03-21T08:15:34","slug":"vurdering-av-valgfaget-trafikk","status":"publish","type":"page","link":"https:\/\/www.tryggtrafikk.no\/ung\/ungdomsskole\/valgfaget-trafikk\/vurdering-av-valgfaget-trafikk\/","title":{"rendered":"Vurdering av valgfaget trafikk"},"content":{"rendered":"\n\t\t<div class=\"alignfull wp-block-tryggtrafikk-hero has-background has-hero-dark-background-color\" id=\"wp-block-tryggtrafikk-hero\">\n\t\t\t<div class=\"tryggtrafikk-hero__container\">\n\t\t\t\t<div class=\"tryggtrafikk-hero__image\"><img loading=\"lazy\" width=\"768\" height=\"512\" src=\"https:\/\/www.tryggtrafikk.no\/content\/uploads\/sites\/6\/2024\/03\/scott-webb-O0T1SIgHAfM-unsplash-768x512.jpg\" class=\"attachment-medium_large size-medium_large\" alt=\"En person som st\u00e5r og holder sekken sin. Bak personen er en murvegg. Vi ser bare personen fra livet og ned.\" style=\"--focalpoint: 50% 50%;\" srcset=\"https:\/\/www.tryggtrafikk.no\/content\/uploads\/sites\/6\/2024\/03\/scott-webb-O0T1SIgHAfM-unsplash-768x512.jpg 768w, https:\/\/www.tryggtrafikk.no\/content\/uploads\/sites\/6\/2024\/03\/scott-webb-O0T1SIgHAfM-unsplash-300x200.jpg 300w, https:\/\/www.tryggtrafikk.no\/content\/uploads\/sites\/6\/2024\/03\/scott-webb-O0T1SIgHAfM-unsplash-1024x683.jpg 1024w, https:\/\/www.tryggtrafikk.no\/content\/uploads\/sites\/6\/2024\/03\/scott-webb-O0T1SIgHAfM-unsplash-1536x1024.jpg 1536w, https:\/\/www.tryggtrafikk.no\/content\/uploads\/sites\/6\/2024\/03\/scott-webb-O0T1SIgHAfM-unsplash-2048x1365.jpg 2048w\" sizes=\"auto, (max-width: 768px) 100vw, 768px\" \/><\/div>\n\t\t\t\t<div class=\"tryggtrafikk-hero__content-container\">\n\t\t\t\t\t<div class=\"site-breadcrumbs\"><span><span><a href=\"https:\/\/www.tryggtrafikk.no\/ung\/\">Home<\/a><\/span><\/span><\/div>\n\t\t\t\t\t<h1 class=\"tryggtrafikk-hero__title\">Vurdering av valgfaget trafikk<\/h1>\n\t\t\t\t\t<div class=\"tryggtrafikk-hero__content\">\n\t\t\t\t\t\t\n<div class=\"has-text-align-left wp-block-post-excerpt\"><p class=\"wp-block-post-excerpt__excerpt\">Det er samme krav til underveisvurdering av valgfagene som de andre fagene i grunnoppl\u00e6ringen. <\/p><\/div>\n\n\t\t\t\t\t<\/div>\n\t\t\t\t<\/div>\n\t\t\t<\/div>\n\t\t<\/div>\n\t\t\n\n\n<p>Likevel skiller standpunktvurdering og sluttvurdering seg ut siden 8.-10. trinnselever skal vurderes likt og at det ikke er krav til faglige progresjon i faget fra 8.-10. trinn. Har elever samme faget flere \u00e5r er det derimot viktig med variasjon.<\/p>\n\n\n\n<h2 class=\"wp-block-heading alignwide has-text-align-left\" id=\"h-vurderingsaktiviteter\">Vurderingsaktiviteter<\/h2>\n\n\n\n<div class=\"wp-block-columns alignwide is-layout-flex wp-container-core-columns-is-layout-1 wp-block-columns-is-layout-flex\">\n<div class=\"wp-block-column is-layout-flow wp-block-column-is-layout-flow\">\n<h3 class=\"wp-block-heading\" id=\"h-muntlige-vurderingsformer\">Muntlige vurderingsformer<\/h3>\n<\/div>\n\n\n\n<div class=\"wp-block-column is-layout-flow wp-block-column-is-layout-flow\">\n<h3 class=\"wp-block-heading\" id=\"h-skriftlige-vurderingsformer\">Skriftlige vurderingsformer<\/h3>\n<\/div>\n\n\n\n<div class=\"wp-block-column is-layout-flow wp-block-column-is-layout-flow\">\n<h3 class=\"wp-block-heading\" id=\"h-muntlig-praktiske-vurderingsformer\">Muntlig-praktiske vurderingsformer<\/h3>\n<\/div>\n<\/div>\n\n\n\n<figure class=\"wp-block-table alignwide is-style-stripes\"><table class=\"has-fixed-layout\"><tbody><tr><td><strong>Paneldebatt<\/strong><br>L\u00e6rer vurderer den enkelte elev i forumet. Her f\u00e5r eleven vist sin kompetanse gjennom \u00e5 diskutere, dr\u00f8fte og argumentere. Formen krever \u00f8ving i argumentasjon og muntlig presentasjon. Er spesielt nyttig i vurdering av aktuelle samfunnstemaer der elevene kan argumentere og ta stilling til en sak eller et tema.<\/td><td><strong>Pr\u00f8ver<\/strong><br>Pr\u00f8ver m\u00e5ler ikke n\u00f8dvendigvis hele kompetansen til eleven, og m\u00e5 kanskje suppleres med annen informasjon. Gjennomf\u00f8res gjerne over en-to timer i klasserommet. \u00a0For \u00e5 v\u00e6re god, b\u00f8r pr\u00f8vene i st\u00f8rst mulig grad avdekke elevens brede kompetanse.<\/td><td><strong>Modellering og forklaring<\/strong><br>Eleven viser sin kompetanse gjennom \u00e5 eksemplifisere og forklare gjennom modellering. Eleven f\u00e5r anvende sin kunnskap og ferdigheter gjennom en praktisk tiln\u00e6rming.<\/td><\/tr><tr><td><strong>Presentasjon<\/strong><br>Presentasjon kan v\u00e6re individuell eller i grupper. Eleven f\u00e5r vist sin kompetanse gjennom faglig presentasjon, men ogs\u00e5 gjennom eventuell samhandling med andre elever i grupper.<\/td><td><strong>Mappeinnlevering<\/strong><br>\u00c5 skrive underveis i arbeidsprosessen kan v\u00e6re en m\u00e5te \u00e5 dokumentere egen l\u00e6ring p\u00e5. P\u00e5 slutten av l\u00e6ringsperioden kan dette leveres til l\u00e6rer\/l\u00e6rerne. De siste arbeidene kan v\u00e6re en oppsummering av det eleven har l\u00e6rt, og sin egen forst\u00e5else.<\/td><td><strong>Produkt med presentasjon<\/strong><br>Eleven viser sin kompetanse gjennom b\u00e5de \u00e5 vise og forklare gjennom et utviklet produkt. Det kan ogs\u00e5 v\u00e6re at produktet utvikles med forklaring mens man vurderes.<\/td><\/tr><tr><td><strong>Samtale<\/strong><br>Eleven f\u00e5r vist sin kompetanse gjennom samtale med l\u00e6rer, eller i samtale med medelever. Samtalen kan drives av l\u00e6rer eller elev, men eleven b\u00f8r styre hva samtalen b\u00f8r handle om og \u00e5pne for at alt eleven \u00f8nsker \u00e5 formidle kommer frem.<\/td><td><strong>Skrive\u00f8kter<\/strong><br>Lengre skrive\u00f8kter der elevene etter en periode f\u00e5r vist sin kompetanse kan v\u00e6re m\u00e5te \u00e5 la elevene f\u00e5 en fri tiln\u00e6rming til hvordan de vil vise det p\u00e5. Dette m\u00e5 \u00f8ves p\u00e5 da det skiller seg fra skriftlige pr\u00f8ver med konkrete sp\u00f8rsm\u00e5l. Her kan oppgaven v\u00e6re: Reflekter over det vi har jobbet med om temaet og beskriv det du har l\u00e6rt og din egen kompetanse om temaet.<\/td><td><strong>Produkt<\/strong><br>Eleven viser sin kompetanse gjennom et konkret produkt\/produkter som vises eller leveres inn og vurderes. Typisk brukt i kunst og h\u00e5ndverk. B\u00f8r oftest komme med elevens refleksjon som st\u00e5r til produktet.<\/td><\/tr><tr><td><\/td><td><\/td><td><\/td><\/tr><\/tbody><\/table><\/figure>\n\n\n\n<h2 class=\"wp-block-heading has-text-align-center\" id=\"h-bruk-kun-hoy-maloppnaelse\">Bruk kun h\u00f8y m\u00e5loppn\u00e5else!<\/h2>\n\n\n\n<p>Utvikling av kriterier og kjennetegn p\u00e5 m\u00e5loppn\u00e5else er en viktig del av l\u00e6ringsarbeidet. Det skal ikke v\u00e6re hemmelig hva elevene skal l\u00e6re, eller hvordan l\u00e6rer forst\u00e5r innholdet i kompetansem\u00e5lene. Snarere tvert imot er dette et arbeid elevene b\u00f8r v\u00e6re med p\u00e5.<\/p>\n\n\n\n<p>Presenter kompetansem\u00e5lene og annet stoff fra l\u00e6replanverket (fra overordnet del og teksten om faget), og la elevene komme med sine synspunkt p\u00e5 hva som kan ligge i disse og hva de skal l\u00e6re.<\/p>\n\n\n\n<p><strong>Kriterier<\/strong>&nbsp;\u2013 kan forst\u00e5s som retningslinjer eller instrukser for en innlevering eller en oppgaver, for eksempel \u00abteksten skal v\u00e6re p\u00e5 3 sider.\u00bb<\/p>\n\n\n\n<p>Kriterier er derfor mer instrumentelt og instruktivt, og i mange tilfeller er det ikke relevant \u00e5 utarbeide kriterier. Kriterier gir i utgangspunktet ikke retningslinjer for ulik grad av kvalitativ oppn\u00e5else av kompetansem\u00e5lene.<\/p>\n\n\n\n<p><strong>Kjennetegn p\u00e5 m\u00e5loppn\u00e5else&nbsp;<\/strong>\u2013 utledes direkte fra kompetansem\u00e5lene og beskriver kvaliteten p\u00e5 det elevene vurderes etter. Dette er det viktig \u00e5 utarbeide og at elevene er kjent med. Eks. \u00abeleven kan diskutere for og imot inng\u00e5ende, og kan relatere det andre elever uttrykker i sin egen refleksjon<em>.\u00bb<\/em><\/p>\n\n\n\n<p><strong>Ikke bruk niv\u00e5beskrivelsene middels og lav (M \u2013 L)&nbsp;<\/strong><\/p>\n\n\n\n<p>Bruk av niv\u00e5beskrivelser er ikke en god m\u00e5te \u00e5 beskrive elevenes kompetanse og forskjellen mellom niv\u00e5ene p\u00e5. Forskning viser ogs\u00e5 at \u00e5 stadig \u00e5 bli vurdert til middels eller lav er demotiverende. Vi anbefaler derfor kun \u00e5 bruke beskrivelse av niv\u00e5et H\u00d8Y, som beskriver kjennetegn p\u00e5 den kvaliteten alle elevene skal jobbe mot \u00e5 n\u00e5. Elevene vil i ulik grad oppn\u00e5 dette, og det b\u00f8r derfor utvikles ulike kjennetegn p\u00e5 l\u00e6ringsprosessen p\u00e5 veien dit.<\/p>\n\n\n\n<p><strong>Vurderingsskjema<\/strong><\/p>\n\n\n\n<p>Det er viktig \u00e5 sammen med elevene diskutere hvordan dere forst\u00e5r l\u00e6replanens innhold og hvordan kompetansem\u00e5lene skal vurderes. La elevene v\u00e6re med \u00e5 lage kjennetegn p\u00e5 m\u00e5loppn\u00e5else, drive aktiv egenvurdering og medelevvurdering. \u00c5 utarbeide vurderingsskjemaer er en m\u00e5te \u00e5 aktivt samarbeide med elevene om&nbsp;<em>hva<\/em>&nbsp;de blir vurdert i, og&nbsp;<em>hvordan.<\/em><\/p>\n\n\n\n<p>Hensikten er \u00e5 gj\u00f8re l\u00e6ring og forventninger synlig til hvilke m\u00e5l elevene skal n\u00e5. Ved \u00e5 markere delm\u00e5l og ferdige m\u00e5l elevene har oppn\u00e5dd underveis er det synlig b\u00e5de for eleven, l\u00e6rerne og de foresatte om hva elevene mestrer og hva som m\u00e5 jobbes videre med.<\/p>\n\n\n\n<p>Ved \u00e5 f\u00f8lge lenken under kommer du til et eksempel p\u00e5 vurderingsskjema som utgangspunkt for en oppl\u00e6rings\u00f8kt eller periode.<\/p>\n\n\n\n<figure class=\"wp-block-image size-large\"><img loading=\"lazy\" width=\"1024\" height=\"567\" src=\"https:\/\/www.tryggtrafikk.no\/content\/uploads\/sites\/6\/2024\/03\/vurderingsskjema-1024x567.jpg\" alt=\"\" class=\"wp-image-296\" srcset=\"https:\/\/www.tryggtrafikk.no\/content\/uploads\/sites\/6\/2024\/03\/vurderingsskjema-1024x567.jpg 1024w, https:\/\/www.tryggtrafikk.no\/content\/uploads\/sites\/6\/2024\/03\/vurderingsskjema-300x166.jpg 300w, https:\/\/www.tryggtrafikk.no\/content\/uploads\/sites\/6\/2024\/03\/vurderingsskjema-768x426.jpg 768w, https:\/\/www.tryggtrafikk.no\/content\/uploads\/sites\/6\/2024\/03\/vurderingsskjema.jpg 1276w\" sizes=\"auto, (max-width: 1024px) 100vw, 1024px\" \/><\/figure>\n\n\n\n<div class=\"wp-block-file aligncenter\"><a href=\"https:\/\/www.tryggtrafikk.no\/content\/uploads\/sites\/6\/2024\/03\/vurderingsskjema.jpg\" class=\"wp-block-file__button wp-element-button\" download><strong>Last ned vurderingsskjema<\/strong><\/a><\/div>\n\n\n\n<h2 class=\"wp-block-heading\" id=\"h-vurderingskrysset\">Vurderingskrysset<\/h2>\n\n\n\n<figure class=\"wp-block-image size-full\"><img loading=\"lazy\" width=\"590\" height=\"566\" src=\"https:\/\/www.tryggtrafikk.no\/content\/uploads\/sites\/6\/2024\/03\/Vurderingskrysset-2.jpg\" alt=\"En matrise der det fra \u00f8verst til venstre st\u00e5r &quot;Hva var bra?&quot;, &quot;Hvorfor?&quot;, &quot;Hvv a kan gj\u00f8res bedre?&quot; og &quot;Hvordan?&quot;.\" class=\"wp-image-293\" srcset=\"https:\/\/www.tryggtrafikk.no\/content\/uploads\/sites\/6\/2024\/03\/Vurderingskrysset-2.jpg 590w, https:\/\/www.tryggtrafikk.no\/content\/uploads\/sites\/6\/2024\/03\/Vurderingskrysset-2-300x288.jpg 300w\" sizes=\"auto, (max-width: 590px) 100vw, 590px\" \/><\/figure>\n\n\n\n<p>Vurderingskrysset er et enkelt vurderingsverkt\u00f8y som brukes<br>individuelt, i grupper og i plenum.<\/p>\n\n\n\n<h2 class=\"wp-block-heading\" id=\"h-konseptkart\">Konseptkart<\/h2>\n\n\n\n<figure class=\"wp-block-image size-full\"><img loading=\"lazy\" width=\"606\" height=\"418\" src=\"https:\/\/www.tryggtrafikk.no\/content\/uploads\/sites\/6\/2024\/03\/strukturert-tankekart.png\" alt=\"\" class=\"wp-image-294\" srcset=\"https:\/\/www.tryggtrafikk.no\/content\/uploads\/sites\/6\/2024\/03\/strukturert-tankekart.png 606w, https:\/\/www.tryggtrafikk.no\/content\/uploads\/sites\/6\/2024\/03\/strukturert-tankekart-300x207.png 300w\" sizes=\"auto, (max-width: 606px) 100vw, 606px\" \/><\/figure>\n\n\n\n<p>Konseptkart er en metode elevene kan bruke til \u00e5 f\u00e5 en oversikt over<br>en hovedid\u00e9 eller et konsept. Knyttet til dette konseptet eller denne ideen<br>kan det v\u00e6re flere undergrupper av for eksempel viktige begreper eller<br>n\u00f8kkelord. Det har likheter med kreativt tankekart, men er enklere og mer<br>systematisk p\u00e5 oversikt over begrepsinnhold.<\/p>\n","protected":false},"excerpt":{"rendered":"<p>Det er samme krav til underveisvurdering av valgfagene som de andre fagene i grunnoppl\u00e6ringen. <\/p>\n","protected":false},"author":6,"featured_media":294,"parent":173,"menu_order":0,"comment_status":"closed","ping_status":"closed","template":"","meta":{"show_toc":false,"tryggtrafikk_poll_votes":[],"hide_header_title":false,"alt_breadcrumbs_title":"","footnotes":"","boosted":0},"cs_tag":[],"class_list":["post-202","page","type-page","status-publish","has-post-thumbnail","hentry"],"yoast_head":"<!-- This site is optimized with the Yoast SEO Premium plugin v26.1 (Yoast SEO v26.1.1) - https:\/\/yoast.com\/wordpress\/plugins\/seo\/ -->\n<title>Vurdering av valgfaget trafikk - UNG<\/title>\n<meta name=\"description\" content=\"Det er samme krav til underveisvurdering av valgfagene som de andre fagene i grunnoppl\u00e6ringen. Likevel skiller standpunktvurdering og sluttvurdering seg ut siden 8.-10.\" \/>\n<meta name=\"robots\" content=\"index, follow, max-snippet:-1, max-image-preview:large, max-video-preview:-1\" \/>\n<link rel=\"canonical\" href=\"https:\/\/www.tryggtrafikk.no\/ung\/ungdomsskole\/valgfaget-trafikk\/vurdering-av-valgfaget-trafikk\/\" \/>\n<meta property=\"og:locale\" content=\"nb_NO\" \/>\n<meta property=\"og:type\" content=\"article\" \/>\n<meta property=\"og:title\" content=\"Vurdering av valgfaget trafikk\" \/>\n<meta property=\"og:description\" content=\"Det er samme krav til underveisvurdering av valgfagene som de andre fagene i grunnoppl\u00e6ringen. Likevel skiller standpunktvurdering og sluttvurdering seg ut siden 8.-10.\" \/>\n<meta property=\"og:url\" content=\"https:\/\/www.tryggtrafikk.no\/ung\/ungdomsskole\/valgfaget-trafikk\/vurdering-av-valgfaget-trafikk\/\" \/>\n<meta property=\"og:site_name\" content=\"UNG\" \/>\n<meta property=\"article:modified_time\" content=\"2024-03-21T08:15:34+00:00\" \/>\n<meta property=\"og:image\" content=\"https:\/\/www.tryggtrafikk.no\/content\/uploads\/sites\/6\/2024\/03\/strukturert-tankekart.png\" \/>\n\t<meta property=\"og:image:width\" content=\"606\" \/>\n\t<meta property=\"og:image:height\" content=\"418\" \/>\n\t<meta property=\"og:image:type\" content=\"image\/png\" \/>\n<meta name=\"twitter:card\" content=\"summary_large_image\" \/>\n<meta name=\"twitter:label1\" content=\"Ansl. lesetid\" \/>\n\t<meta name=\"twitter:data1\" content=\"6 minutter\" \/>\n<script type=\"application\/ld+json\" class=\"yoast-schema-graph\">{\"@context\":\"https:\/\/schema.org\",\"@graph\":[{\"@type\":\"WebPage\",\"@id\":\"https:\/\/www.tryggtrafikk.no\/ung\/ungdomsskole\/valgfaget-trafikk\/vurdering-av-valgfaget-trafikk\/\",\"url\":\"https:\/\/www.tryggtrafikk.no\/ung\/ungdomsskole\/valgfaget-trafikk\/vurdering-av-valgfaget-trafikk\/\",\"name\":\"Vurdering av valgfaget trafikk - UNG\",\"isPartOf\":{\"@id\":\"https:\/\/www.tryggtrafikk.no\/ung\/#website\"},\"primaryImageOfPage\":{\"@id\":\"https:\/\/www.tryggtrafikk.no\/ung\/ungdomsskole\/valgfaget-trafikk\/vurdering-av-valgfaget-trafikk\/#primaryimage\"},\"image\":{\"@id\":\"https:\/\/www.tryggtrafikk.no\/ung\/ungdomsskole\/valgfaget-trafikk\/vurdering-av-valgfaget-trafikk\/#primaryimage\"},\"thumbnailUrl\":\"https:\/\/www.tryggtrafikk.no\/content\/uploads\/sites\/6\/2024\/03\/strukturert-tankekart.png\",\"datePublished\":\"2024-03-19T11:26:13+00:00\",\"dateModified\":\"2024-03-21T08:15:34+00:00\",\"description\":\"Det er samme krav til underveisvurdering av valgfagene som de andre fagene i grunnoppl\u00e6ringen. Likevel skiller standpunktvurdering og sluttvurdering seg ut siden 8.-10.\",\"breadcrumb\":{\"@id\":\"https:\/\/www.tryggtrafikk.no\/ung\/ungdomsskole\/valgfaget-trafikk\/vurdering-av-valgfaget-trafikk\/#breadcrumb\"},\"inLanguage\":\"nb-NO\",\"potentialAction\":[{\"@type\":\"ReadAction\",\"target\":[\"https:\/\/www.tryggtrafikk.no\/ung\/ungdomsskole\/valgfaget-trafikk\/vurdering-av-valgfaget-trafikk\/\"]}]},{\"@type\":\"ImageObject\",\"inLanguage\":\"nb-NO\",\"@id\":\"https:\/\/www.tryggtrafikk.no\/ung\/ungdomsskole\/valgfaget-trafikk\/vurdering-av-valgfaget-trafikk\/#primaryimage\",\"url\":\"https:\/\/www.tryggtrafikk.no\/content\/uploads\/sites\/6\/2024\/03\/strukturert-tankekart.png\",\"contentUrl\":\"https:\/\/www.tryggtrafikk.no\/content\/uploads\/sites\/6\/2024\/03\/strukturert-tankekart.png\",\"width\":606,\"height\":418},{\"@type\":\"BreadcrumbList\",\"@id\":\"https:\/\/www.tryggtrafikk.no\/ung\/ungdomsskole\/valgfaget-trafikk\/vurdering-av-valgfaget-trafikk\/#breadcrumb\",\"itemListElement\":[{\"@type\":\"ListItem\",\"position\":1,\"name\":\"Home\",\"item\":\"https:\/\/www.tryggtrafikk.no\/ung\/\"},{\"@type\":\"ListItem\",\"position\":2,\"name\":\"Ungdomsskole\",\"item\":\"https:\/\/www.tryggtrafikk.no\/ung\/ungdomsskole\/\"},{\"@type\":\"ListItem\",\"position\":3,\"name\":\"Valgfaget trafikk\",\"item\":\"https:\/\/www.tryggtrafikk.no\/ung\/ungdomsskole\/valgfaget-trafikk\/\"},{\"@type\":\"ListItem\",\"position\":4,\"name\":\"Vurdering av valgfaget trafikk\"}]},{\"@type\":\"WebSite\",\"@id\":\"https:\/\/www.tryggtrafikk.no\/ung\/#website\",\"url\":\"https:\/\/www.tryggtrafikk.no\/ung\/\",\"name\":\"UNG\",\"description\":\"\",\"potentialAction\":[{\"@type\":\"SearchAction\",\"target\":{\"@type\":\"EntryPoint\",\"urlTemplate\":\"https:\/\/www.tryggtrafikk.no\/ung\/?s={search_term_string}\"},\"query-input\":{\"@type\":\"PropertyValueSpecification\",\"valueRequired\":true,\"valueName\":\"search_term_string\"}}],\"inLanguage\":\"nb-NO\"}]}<\/script>\n<!-- \/ Yoast SEO Premium plugin. -->","yoast_head_json":{"title":"Vurdering av valgfaget trafikk - UNG","description":"Det er samme krav til underveisvurdering av valgfagene som de andre fagene i grunnoppl\u00e6ringen. Likevel skiller standpunktvurdering og sluttvurdering seg ut siden 8.-10.","robots":{"index":"index","follow":"follow","max-snippet":"max-snippet:-1","max-image-preview":"max-image-preview:large","max-video-preview":"max-video-preview:-1"},"canonical":"https:\/\/www.tryggtrafikk.no\/ung\/ungdomsskole\/valgfaget-trafikk\/vurdering-av-valgfaget-trafikk\/","og_locale":"nb_NO","og_type":"article","og_title":"Vurdering av valgfaget trafikk","og_description":"Det er samme krav til underveisvurdering av valgfagene som de andre fagene i grunnoppl\u00e6ringen. Likevel skiller standpunktvurdering og sluttvurdering seg ut siden 8.-10.","og_url":"https:\/\/www.tryggtrafikk.no\/ung\/ungdomsskole\/valgfaget-trafikk\/vurdering-av-valgfaget-trafikk\/","og_site_name":"UNG","article_modified_time":"2024-03-21T08:15:34+00:00","og_image":[{"width":606,"height":418,"url":"https:\/\/www.tryggtrafikk.no\/content\/uploads\/sites\/6\/2024\/03\/strukturert-tankekart.png","type":"image\/png"}],"twitter_card":"summary_large_image","twitter_misc":{"Ansl. lesetid":"6 minutter"},"schema":{"@context":"https:\/\/schema.org","@graph":[{"@type":"WebPage","@id":"https:\/\/www.tryggtrafikk.no\/ung\/ungdomsskole\/valgfaget-trafikk\/vurdering-av-valgfaget-trafikk\/","url":"https:\/\/www.tryggtrafikk.no\/ung\/ungdomsskole\/valgfaget-trafikk\/vurdering-av-valgfaget-trafikk\/","name":"Vurdering av valgfaget trafikk - UNG","isPartOf":{"@id":"https:\/\/www.tryggtrafikk.no\/ung\/#website"},"primaryImageOfPage":{"@id":"https:\/\/www.tryggtrafikk.no\/ung\/ungdomsskole\/valgfaget-trafikk\/vurdering-av-valgfaget-trafikk\/#primaryimage"},"image":{"@id":"https:\/\/www.tryggtrafikk.no\/ung\/ungdomsskole\/valgfaget-trafikk\/vurdering-av-valgfaget-trafikk\/#primaryimage"},"thumbnailUrl":"https:\/\/www.tryggtrafikk.no\/content\/uploads\/sites\/6\/2024\/03\/strukturert-tankekart.png","datePublished":"2024-03-19T11:26:13+00:00","dateModified":"2024-03-21T08:15:34+00:00","description":"Det er samme krav til underveisvurdering av valgfagene som de andre fagene i grunnoppl\u00e6ringen. Likevel skiller standpunktvurdering og sluttvurdering seg ut siden 8.-10.","breadcrumb":{"@id":"https:\/\/www.tryggtrafikk.no\/ung\/ungdomsskole\/valgfaget-trafikk\/vurdering-av-valgfaget-trafikk\/#breadcrumb"},"inLanguage":"nb-NO","potentialAction":[{"@type":"ReadAction","target":["https:\/\/www.tryggtrafikk.no\/ung\/ungdomsskole\/valgfaget-trafikk\/vurdering-av-valgfaget-trafikk\/"]}]},{"@type":"ImageObject","inLanguage":"nb-NO","@id":"https:\/\/www.tryggtrafikk.no\/ung\/ungdomsskole\/valgfaget-trafikk\/vurdering-av-valgfaget-trafikk\/#primaryimage","url":"https:\/\/www.tryggtrafikk.no\/content\/uploads\/sites\/6\/2024\/03\/strukturert-tankekart.png","contentUrl":"https:\/\/www.tryggtrafikk.no\/content\/uploads\/sites\/6\/2024\/03\/strukturert-tankekart.png","width":606,"height":418},{"@type":"BreadcrumbList","@id":"https:\/\/www.tryggtrafikk.no\/ung\/ungdomsskole\/valgfaget-trafikk\/vurdering-av-valgfaget-trafikk\/#breadcrumb","itemListElement":[{"@type":"ListItem","position":1,"name":"Home","item":"https:\/\/www.tryggtrafikk.no\/ung\/"},{"@type":"ListItem","position":2,"name":"Ungdomsskole","item":"https:\/\/www.tryggtrafikk.no\/ung\/ungdomsskole\/"},{"@type":"ListItem","position":3,"name":"Valgfaget trafikk","item":"https:\/\/www.tryggtrafikk.no\/ung\/ungdomsskole\/valgfaget-trafikk\/"},{"@type":"ListItem","position":4,"name":"Vurdering av valgfaget trafikk"}]},{"@type":"WebSite","@id":"https:\/\/www.tryggtrafikk.no\/ung\/#website","url":"https:\/\/www.tryggtrafikk.no\/ung\/","name":"UNG","description":"","potentialAction":[{"@type":"SearchAction","target":{"@type":"EntryPoint","urlTemplate":"https:\/\/www.tryggtrafikk.no\/ung\/?s={search_term_string}"},"query-input":{"@type":"PropertyValueSpecification","valueRequired":true,"valueName":"search_term_string"}}],"inLanguage":"nb-NO"}]}},"_links":{"self":[{"href":"https:\/\/www.tryggtrafikk.no\/ung\/wp-json\/wp\/v2\/pages\/202","targetHints":{"allow":["GET"]}}],"collection":[{"href":"https:\/\/www.tryggtrafikk.no\/ung\/wp-json\/wp\/v2\/pages"}],"about":[{"href":"https:\/\/www.tryggtrafikk.no\/ung\/wp-json\/wp\/v2\/types\/page"}],"author":[{"embeddable":true,"href":"https:\/\/www.tryggtrafikk.no\/ung\/wp-json\/wp\/v2\/users\/6"}],"replies":[{"embeddable":true,"href":"https:\/\/www.tryggtrafikk.no\/ung\/wp-json\/wp\/v2\/comments?post=202"}],"version-history":[{"count":4,"href":"https:\/\/www.tryggtrafikk.no\/ung\/wp-json\/wp\/v2\/pages\/202\/revisions"}],"predecessor-version":[{"id":303,"href":"https:\/\/www.tryggtrafikk.no\/ung\/wp-json\/wp\/v2\/pages\/202\/revisions\/303"}],"up":[{"embeddable":true,"href":"https:\/\/www.tryggtrafikk.no\/ung\/wp-json\/wp\/v2\/pages\/173"}],"wp:featuredmedia":[{"embeddable":true,"href":"https:\/\/www.tryggtrafikk.no\/ung\/wp-json\/wp\/v2\/media\/294"}],"wp:attachment":[{"href":"https:\/\/www.tryggtrafikk.no\/ung\/wp-json\/wp\/v2\/media?parent=202"}],"wp:term":[{"taxonomy":"cs_tag","embeddable":true,"href":"https:\/\/www.tryggtrafikk.no\/ung\/wp-json\/wp\/v2\/cs_tag?post=202"}],"curies":[{"name":"wp","href":"https:\/\/api.w.org\/{rel}","templated":true}]}}