{"id":36,"date":"2024-02-08T14:21:44","date_gmt":"2024-02-08T14:21:44","guid":{"rendered":"https:\/\/www.tryggtrafikk.no\/ung\/?page_id=36"},"modified":"2026-04-01T08:06:52","modified_gmt":"2026-04-01T08:06:52","slug":"veivalg","status":"publish","type":"page","link":"https:\/\/www.tryggtrafikk.no\/ung\/ungdomsskole\/veivalg\/","title":{"rendered":"Snakk om valg f\u00f8r de tas"},"content":{"rendered":"\n\t<div style=\"--t2-hero-dim:0.5;\" class=\"t2-hero t2-hero-content-position-center-center t2-hero-has-dim-50 t2-hero-has-fullsize-image alignfull is-style-hero-2026 wp-block-t2-hero\">\n\t\t<img width=\"1024\" height=\"576\" src=\"https:\/\/www.tryggtrafikk.no\/content\/uploads\/sites\/6\/2026\/04\/Veivalg-web-bilde-fra-hovedfilmen-1024x576.jpg\" class=\"t2-hero__image\" alt=\"\" style=\"object-position: 50% 50%;\" loading=\"eager\" fetchpriority=\"high\" srcset=\"https:\/\/www.tryggtrafikk.no\/content\/uploads\/sites\/6\/2026\/04\/Veivalg-web-bilde-fra-hovedfilmen-1024x576.jpg 1024w, https:\/\/www.tryggtrafikk.no\/content\/uploads\/sites\/6\/2026\/04\/Veivalg-web-bilde-fra-hovedfilmen-300x169.jpg 300w, https:\/\/www.tryggtrafikk.no\/content\/uploads\/sites\/6\/2026\/04\/Veivalg-web-bilde-fra-hovedfilmen-768x432.jpg 768w, https:\/\/www.tryggtrafikk.no\/content\/uploads\/sites\/6\/2026\/04\/Veivalg-web-bilde-fra-hovedfilmen-1536x864.jpg 1536w, https:\/\/www.tryggtrafikk.no\/content\/uploads\/sites\/6\/2026\/04\/Veivalg-web-bilde-fra-hovedfilmen.jpg 1900w\" sizes=\"(max-width: 1024px) 100vw, 1024px\" \/>\n\t\t<div class=\"t2-hero__header\"><div class=\"t2-hero__header__content\">\n<div class=\"site-breadcrumbs has-text-align-left\"><span><span><a href=\"https:\/\/www.tryggtrafikk.no\/ung\/\">Home<\/a><\/span><\/span><\/div><h1 class=\"has-text-align-left alignwide wp-block-post-title\">Snakk om valg f\u00f8r de tas<\/h1>\n\n\n<p class=\"has-text-align-left pre-title\">Veivalg<\/p>\n\n\n\n<p class=\"has-text-align-left\">Veivalg gj\u00f8r det enkelt \u00e5 snakke med ungdom om valg, risiko og ansvar. Alt er klart til bruk og er laget for \u00e5 engasjere, ikke moralisere. Et inspirerende heldagsopplegg som skaper refleksjon, samtale og trygghet &#8211; f\u00f8r elevene tar steget videre. <\/p>\n\n<\/div><\/div>\n\t<\/div>\n\n\n<h3 class=\"wp-block-heading has-text-align-center\" id=\"h-se-hovedfilmen-om-veivalg-med-havard-tjora\">Se hovedfilmen om Veivalg med H\u00e5vard Tjora.<\/h3>\n\n\n\n<figure class=\"wp-block-embed alignwide is-type-video is-provider-vimeo wp-block-embed-vimeo wp-embed-aspect-16-9 wp-has-aspect-ratio\"><div class=\"wp-block-embed__wrapper\">\n<iframe loading=\"lazy\" title=\"Hovedfilm - Veivalg\" src=\"https:\/\/player.vimeo.com\/video\/748753083?dnt=1&amp;app_id=122963\" width=\"500\" height=\"281\" frameborder=\"0\" allow=\"autoplay; fullscreen; picture-in-picture; clipboard-write; encrypted-media; web-share\" referrerpolicy=\"strict-origin-when-cross-origin\"><\/iframe>\n<\/div><\/figure>\n\n\n\n<div class=\"wp-block-columns alignwide is-layout-flex wp-container-core-columns-is-layout-1 wp-block-columns-is-layout-flex\">\n<div class=\"wp-block-column is-layout-flow wp-block-column-is-layout-flow\">\n<figure class=\"wp-block-embed is-type-video is-provider-vimeo wp-block-embed-vimeo wp-embed-aspect-16-9 wp-has-aspect-ratio\"><div class=\"wp-block-embed__wrapper\">\n<iframe loading=\"lazy\" title=\"Teaser - Veivalg\" src=\"https:\/\/player.vimeo.com\/video\/748046203?dnt=1&amp;app_id=122963\" width=\"500\" height=\"281\" frameborder=\"0\" allow=\"autoplay; fullscreen; picture-in-picture; clipboard-write; encrypted-media; web-share\" referrerpolicy=\"strict-origin-when-cross-origin\"><\/iframe>\n<\/div><\/figure>\n<\/div>\n\n\n\n<div class=\"wp-block-column is-layout-flow wp-block-column-is-layout-flow\">\n<figure class=\"wp-block-embed is-type-video is-provider-vimeo wp-block-embed-vimeo wp-embed-aspect-16-9 wp-has-aspect-ratio\"><div class=\"wp-block-embed__wrapper\">\n<iframe loading=\"lazy\" title=\"Instruksjonsfilm interaktiv funksjon -Veivalg\" src=\"https:\/\/player.vimeo.com\/video\/748743574?dnt=1&amp;app_id=122963\" width=\"500\" height=\"281\" frameborder=\"0\" allow=\"autoplay; fullscreen; picture-in-picture; clipboard-write; encrypted-media; web-share\" referrerpolicy=\"strict-origin-when-cross-origin\"><\/iframe>\n<\/div><\/figure>\n<\/div>\n<\/div>\n\n\n<div class=\"t2-accordion alignwide wp-block-t2-accordion\" data-allow-multiple=\"1\" role=\"list\">\n<div class=\"t2-accordion-item wp-block-t2-accordion-item\" role=\"listitem\">\n\t\t\t<h2 class=\"t2-accordion-title\">\n\t\t\t\t<button type=\"button\" class=\"t2-accordion-trigger\" id=\"id-10-grunner-til-\u00e5-gjennomf\u00f8re-veivalg-i-dine-klasserom\" aria-controls=\"accordion-panel\" aria-expanded=\"false\">\n\t\t\t\t\t10 grunner til \u00e5 gjennomf\u00f8re Veivalg i dine klasserom\n\t\t\t\t\t<span class=\"t2-accordion-icon is-closed-icon\"><\/span>\n\t\t\t\t\t<span class=\"t2-accordion-icon is-open-icon\"><\/span>\n\t\t\t\t<\/button>\n\t\t\t<\/h2>\n\t\t\t<div class=\"t2-accordion-item__inner-container is-layout-flow\" id=\"accordion-panel\" aria-labelledby=\"id-10-grunner-til-\u00e5-gjennomf\u00f8re-veivalg-i-dine-klasserom\" role=\"region\" hidden>\n\t\t\t\t\n\n<ul class=\"wp-block-list\">\n<li>9 av 10 elever som har gjennomf\u00f8rt Veivalg sier det er interessant og l\u00e6rerikt.<\/li>\n\n\n\n<li>Elever er trafikanter hver dag og ungdom er overrepresentert i ulykkesstatistikken.&nbsp;<\/li>\n\n\n\n<li>Elevene reflekterer over egne valg i trafikken og f\u00e5r \u00f8kt kunnskap.<\/li>\n\n\n\n<li>Det er fokus p\u00e5 engasjerende temaer som fart, rus, oppmerksomhet og sikring.&nbsp;<\/li>\n\n\n\n<li>Undervisningsopplegget er tverrfaglig (<a href=\"https:\/\/www.tryggtrafikk.no\/skole\/kunnskapsloftet-2020\/\">LK20<\/a>).&nbsp;<\/li>\n\n\n\n<li>Det gir elevene muligheten til&nbsp;<a href=\"https:\/\/www.tryggtrafikk.no\/opplaering\/skole\/problembasert-laering-og-dybdelaering\/\">dybdel\u00e6ring<\/a>.&nbsp;<\/li>\n\n\n\n<li>Opplegget er knyttet til l\u00e6replanm\u00e5l i flere fag.&nbsp;<\/li>\n\n\n\n<li>Alle ressurser fra Trygg Trafikk er gratis.<\/li>\n\n\n\n<li>Krever ikke spesielle forkunnskaper &#8211; <a href=\"https:\/\/www.tryggtrafikk.no\/content\/uploads\/sites\/6\/2024\/04\/Veivalg_Veiledning_del-1%E2%80%933-1.pdf\">L\u00e6rerveiledning<\/a> b\u00e5de p\u00e5 video og pdf.<\/li>\n\n\n\n<li>Flere l\u00e6rere kan dele og gjennomf\u00f8re samme leksjon<\/li>\n<\/ul>\n\n\n\t\t\t<\/div>\n\t\t<\/div>\n\n<div class=\"t2-accordion-item wp-block-t2-accordion-item\" role=\"listitem\">\n\t\t\t<h2 class=\"t2-accordion-title\">\n\t\t\t\t<button type=\"button\" class=\"t2-accordion-trigger\" id=\"hvordan-komme-i-gang?\" aria-controls=\"accordion-panel-1\" aria-expanded=\"false\">\n\t\t\t\t\tHvordan komme i gang?\n\t\t\t\t\t<span class=\"t2-accordion-icon is-closed-icon\"><\/span>\n\t\t\t\t\t<span class=\"t2-accordion-icon is-open-icon\"><\/span>\n\t\t\t\t<\/button>\n\t\t\t<\/h2>\n\t\t\t<div class=\"t2-accordion-item__inner-container is-layout-flow\" id=\"accordion-panel-1\" aria-labelledby=\"hvordan-komme-i-gang?\" role=\"region\" hidden>\n\t\t\t\t\n\n<ul class=\"wp-block-list\">\n<li>L\u00e6rer oppretter kurs og f\u00e5r kurskode.&nbsp;<\/li>\n\n\n\n<li>Elevene logger inn med kurskode.&nbsp;<\/li>\n<\/ul>\n\n\n\n<p>Vi anbefaler at du ser gjennom videoene f\u00f8r du setter i gang med Veivalg!<\/p>\n\n\n\n<p><a href=\"https:\/\/vimeo.com\/748743574\">Instruksjonsfilmen<\/a>&nbsp;gir forklaring p\u00e5 hvordan du som l\u00e6rer registrerer deg for \u00e5 holde kurset og oppretter egne leksjoner.<\/p>\n\n\n\t\t\t<\/div>\n\t\t<\/div>\n<\/div>\n\n\n<h2 class=\"wp-block-heading has-text-align-center\" id=\"h-se-laererveiledning\">Se l\u00e6rerveiledning<\/h2>\n\n\n\n<div class=\"wp-block-buttons alignwide is-content-justification-center is-layout-flex wp-container-core-buttons-is-layout-1 wp-block-buttons-is-layout-flex\">\n<div class=\"wp-block-button\"><a class=\"wp-block-button__link has-text-align-center wp-element-button\" href=\"https:\/\/www.tryggtrafikk.no\/content\/uploads\/2026\/02\/Laererveiledning-DEL-1-2-3.pdf\" target=\"_blank\" rel=\"noreferrer noopener\">L\u00c6RERVEILEDNING<\/a><\/div>\n<\/div>\n\n\n\n<h2 class=\"wp-block-heading has-text-align-center\" id=\"h-logg-inn-pa-veivalg\">Logg inn p\u00e5 Veivalg<\/h2>\n\n\n\n<div class=\"wp-block-buttons alignwide is-content-justification-center is-layout-flex wp-container-core-buttons-is-layout-2 wp-block-buttons-is-layout-flex\">\n<div class=\"wp-block-button\"><a class=\"wp-block-button__link has-text-align-center wp-element-button\" href=\"https:\/\/interaktiv.tryggtrafikk.no\/?_ga=2.77941847.296055212.1710795925-625084258.1696245066\" target=\"_blank\" rel=\"noreferrer noopener\">VEIVALG<\/a><\/div>\n<\/div>\n\n\n\n\t\t<div class=\"t2-simple-media-text alignwide is-mode-constrained is-gap-center has-media-on-the-right has-media-full-height has-media-contain wp-block-t2-simple-media-text has-background has-ung-green-background-color\">\n\t\t\t<div class=\"t2-simple-media-text__container\">\n\t\t\t\t<figure class=\"t2-simple-media-text__image\"><img loading=\"lazy\" width=\"768\" height=\"177\" src=\"https:\/\/www.tryggtrafikk.no\/content\/uploads\/sites\/6\/2024\/03\/Veivalg_kun-tidslinje-768x177.png\" class=\"wp-image-333 size-medium_large attachment-medium_large\" alt=\"Illustrasjon som viser elementer i Veivalg\" style=\"--focalpoint: 50% 50%;\" srcset=\"https:\/\/www.tryggtrafikk.no\/content\/uploads\/sites\/6\/2024\/03\/Veivalg_kun-tidslinje-768x177.png 768w, https:\/\/www.tryggtrafikk.no\/content\/uploads\/sites\/6\/2024\/03\/Veivalg_kun-tidslinje-300x69.png 300w, https:\/\/www.tryggtrafikk.no\/content\/uploads\/sites\/6\/2024\/03\/Veivalg_kun-tidslinje.png 800w\" sizes=\"auto, (max-width: 768px) 100vw, 768px\" \/><\/figure>\n\t\t\t\t<div class=\"t2-simple-media-text__content-container\">\n\t\t\t\t\t<div class=\"t2-simple-media-text__content\">\n\t\t\t\t\t\t<div class=\"t2-simple-media-text__content-inner is-layout-flow\">\n\t\t\t\t\t\t\t\n\n<h2 class=\"wp-block-heading\" id=\"h-hvor-mye-tid-kreves\">Hvor mye tid kreves?<\/h2>\n\n\n\n<p>Innholdet best\u00e5r av tre deler i plenum og en del individuelle oppgaver. Dere trenger 3,5 &#8211; 4 klokketimer for \u00e5 gjennomf\u00f8re, fordelt omtrent slik:<\/p>\n\n\n\n<p>&#8211; Del 1: 90.min<br>&#8211; Del 2: 60.min<br>&#8211; Del 3: 60.min<\/p>\n\n\n\n<p>Vi anbefaler at du leser&nbsp;<a href=\"https:\/\/www.tryggtrafikk.no\/content\/uploads\/sites\/6\/2024\/04\/Veivalg_Veiledning_del-1%E2%80%933-1.pdf\">l\u00e6rerveiledningen<\/a>. Da f\u00e5r dere en god opplevelse i klasserommet. Veiledningen er ogs\u00e5 ment som et manus i gjennomf\u00f8ringen.<\/p>\n\n\n\t\t\t\t\t\t<\/div>\n\t\t\t\t\t<\/div>\n\t\t\t\t<\/div>\n\t\t\t<\/div>\n\t\t<\/div>\n\t\t\n\n\n\t\t<div class=\"t2-simple-media-text alignwide is-mode-constrained is-gap-center has-media-on-the-right has-media-full-height has-media-contain wp-block-t2-simple-media-text has-background has-ung-green-background-color\">\n\t\t\t<div class=\"t2-simple-media-text__container\">\n\t\t\t\t<figure class=\"t2-simple-media-text__image\"><img loading=\"lazy\" width=\"768\" height=\"432\" src=\"https:\/\/www.tryggtrafikk.no\/content\/uploads\/sites\/6\/2024\/03\/risikometer-2-768x432.png\" class=\"wp-image-214 size-medium_large attachment-medium_large\" alt=\"Illustrasjon som viser risikometeret\" style=\"--focalpoint: 50% 50%;\" srcset=\"https:\/\/www.tryggtrafikk.no\/content\/uploads\/sites\/6\/2024\/03\/risikometer-2-768x432.png 768w, https:\/\/www.tryggtrafikk.no\/content\/uploads\/sites\/6\/2024\/03\/risikometer-2-300x169.png 300w, https:\/\/www.tryggtrafikk.no\/content\/uploads\/sites\/6\/2024\/03\/risikometer-2-1024x575.png 1024w, https:\/\/www.tryggtrafikk.no\/content\/uploads\/sites\/6\/2024\/03\/risikometer-2.png 1075w\" sizes=\"auto, (max-width: 768px) 100vw, 768px\" \/><\/figure>\n\t\t\t\t<div class=\"t2-simple-media-text__content-container\">\n\t\t\t\t\t<div class=\"t2-simple-media-text__content\">\n\t\t\t\t\t\t<div class=\"t2-simple-media-text__content-inner is-layout-flow\">\n\t\t\t\t\t\t\t\n\n<h2 class=\"wp-block-heading\" id=\"h-hvordan-gjennomfore-nbsp\">Hvordan gjennomf\u00f8re?&nbsp;<\/h2>\n\n\n\n<p>&#8211; F\u00f8rste del av innholdet presenteres av l\u00e6rer. <br>&#8211; Andre del av innholdet er gruppeoppgaver i n\u00e6rmilj\u00f8et eller i klasserommet.<br>&#8211; Tredje del av innholdet er individuelt arbeid og diskusjonsoppgaver i plenum.<\/p>\n\n\n\n<p>Veivalg gjennomf\u00f8res p\u00e5 egen PC\/nettbrett.<\/p>\n\n\n\t\t\t\t\t\t<\/div>\n\t\t\t\t\t<\/div>\n\t\t\t\t<\/div>\n\t\t\t<\/div>\n\t\t<\/div>\n\t\t\n\n\n\t\t<div class=\"t2-factbox wp-block-t2-factbox\" id=\"t2-factbox\">\n\t\t\t<div class=\"t2-factbox__content\">\n\t\t\t\t<div class=\"t2-factbox__blocks t2-factbox__inner-container is-layout-flow\">\n\t\t\t\t\t\n\n<h2 class=\"wp-block-heading\" id=\"h-trafikkopplaering-i-kunnskapsloftet\">Trafikkoppl\u00e6ring i Kunnskapsl\u00f8ftet<\/h2>\n\n\n\n<p>Skolens verdigrunnlag er sentral i trafikkoppl\u00e6ringen. Menneskelig ansvarlighet og evnen til \u00e5 ta gode og etiske valg er en sentral del av oppl\u00e6ringen i skolen. Dette er viktig for \u00e5 stimulere til b\u00e5de etisk bevissthet og kritisk tenkning.<\/p>\n\n\n\n<p><a href=\"https:\/\/www.tryggtrafikk.no\/opplaering\/skole\/kunnskapsloftet-2020\/\">Les mer om trafikkfaglig innhold i l\u00e6replaner for fagene og i overordnet del her.<\/a><\/p>\n\n\n\t\t\t\t<\/div>\n\t\t\t\t\n\t\t\t<\/div>\n\t\t\t\n\t\t<\/div>\n\n\n<figure class=\"wp-block-image aligncenter size-full is-resized\"><img loading=\"lazy\" width=\"1024\" height=\"614\" src=\"https:\/\/www.tryggtrafikk.no\/content\/uploads\/sites\/6\/2024\/03\/statens-vegvesen-logo-farger-1024x614-1.jpeg\" alt=\"\" class=\"wp-image-208\" style=\"width:240px;height:auto\" srcset=\"https:\/\/www.tryggtrafikk.no\/content\/uploads\/sites\/6\/2024\/03\/statens-vegvesen-logo-farger-1024x614-1.jpeg 1024w, https:\/\/www.tryggtrafikk.no\/content\/uploads\/sites\/6\/2024\/03\/statens-vegvesen-logo-farger-1024x614-1-300x180.jpeg 300w, https:\/\/www.tryggtrafikk.no\/content\/uploads\/sites\/6\/2024\/03\/statens-vegvesen-logo-farger-1024x614-1-768x461.jpeg 768w\" sizes=\"auto, (max-width: 1024px) 100vw, 1024px\" \/><\/figure>\n\n\n\n<figure class=\"wp-block-image aligncenter size-full is-resized\"><img loading=\"lazy\" width=\"300\" height=\"105\" src=\"https:\/\/www.tryggtrafikk.no\/content\/uploads\/sites\/6\/2024\/03\/Norsk-vegmuseum-svart-e1650451854397.jpeg\" alt=\"\" class=\"wp-image-209\" style=\"width:221px;height:auto\"\/><\/figure>\n\n\n\n<p>Undervisningsopplegget&nbsp;<em>Veivalg<\/em>&nbsp;er utviklet av Trygg Trafikk i samarbeid med Statens Vegvesen,&nbsp;<a href=\"https:\/\/vegmuseum.no\/\" target=\"_blank\" rel=\"noreferrer noopener\">Norsk vegmuseum.<\/a><\/p>\n","protected":false},"excerpt":{"rendered":"<p>Veivalg gj\u00f8r det enkelt \u00e5 snakke med ungdom om valg, risiko og ansvar. Alt er klart til bruk og laget for \u00e5 engasjere, ikke moralisere.<\/p>\n<p>Et inspirerende heldagsopplegg som skaper refleksjon, samtale og trygghet \u2013 f\u00f8r elevene tar steget videre.<\/p>\n","protected":false},"author":6,"featured_media":1268,"parent":1232,"menu_order":0,"comment_status":"closed","ping_status":"closed","template":"","meta":{"show_toc":false,"tryggtrafikk_poll_votes":[],"hide_header_title":false,"alt_breadcrumbs_title":"veivalg","footnotes":"","boosted":0},"cs_tag":[],"class_list":["post-36","page","type-page","status-publish","has-post-thumbnail","hentry"],"yoast_head":"<!-- This site is optimized with the Yoast SEO Premium plugin v26.1 (Yoast SEO v26.1.1) - https:\/\/yoast.com\/wordpress\/plugins\/seo\/ -->\n<title>Snakk om valg f\u00f8r de tas - UNG<\/title>\n<meta name=\"robots\" content=\"index, follow, max-snippet:-1, max-image-preview:large, max-video-preview:-1\" \/>\n<link rel=\"canonical\" href=\"https:\/\/www.tryggtrafikk.no\/ung\/ungdomsskole\/veivalg\/\" \/>\n<meta property=\"og:locale\" content=\"nb_NO\" \/>\n<meta property=\"og:type\" content=\"article\" \/>\n<meta property=\"og:title\" content=\"Snakk om valg f\u00f8r de tas\" \/>\n<meta property=\"og:description\" content=\"Veivalg gj\u00f8r det enkelt \u00e5 snakke med ungdom om valg, risiko og ansvar. Alt er klart til bruk og laget for \u00e5 engasjere, ikke moralisere.Et inspirerende heldagsopplegg som skaper refleksjon, samtale og trygghet \u2013 f\u00f8r elevene tar steget videre.\" \/>\n<meta property=\"og:url\" content=\"https:\/\/www.tryggtrafikk.no\/ung\/ungdomsskole\/veivalg\/\" \/>\n<meta property=\"og:site_name\" content=\"UNG\" \/>\n<meta property=\"article:modified_time\" content=\"2026-04-01T08:06:52+00:00\" \/>\n<meta property=\"og:image\" content=\"https:\/\/www.tryggtrafikk.no\/content\/uploads\/sites\/6\/2026\/04\/Veivalg-web-bilde-fra-hovedfilmen.jpg\" \/>\n\t<meta property=\"og:image:width\" content=\"1900\" \/>\n\t<meta property=\"og:image:height\" content=\"1069\" \/>\n\t<meta property=\"og:image:type\" content=\"image\/jpeg\" \/>\n<meta name=\"twitter:card\" content=\"summary_large_image\" \/>\n<meta name=\"twitter:label1\" content=\"Ansl. lesetid\" \/>\n\t<meta name=\"twitter:data1\" content=\"3 minutter\" \/>\n<script type=\"application\/ld+json\" class=\"yoast-schema-graph\">{\"@context\":\"https:\/\/schema.org\",\"@graph\":[{\"@type\":\"WebPage\",\"@id\":\"https:\/\/www.tryggtrafikk.no\/ung\/ungdomsskole\/veivalg\/\",\"url\":\"https:\/\/www.tryggtrafikk.no\/ung\/ungdomsskole\/veivalg\/\",\"name\":\"Snakk om valg f\u00f8r de tas - UNG\",\"isPartOf\":{\"@id\":\"https:\/\/www.tryggtrafikk.no\/ung\/#website\"},\"primaryImageOfPage\":{\"@id\":\"https:\/\/www.tryggtrafikk.no\/ung\/ungdomsskole\/veivalg\/#primaryimage\"},\"image\":{\"@id\":\"https:\/\/www.tryggtrafikk.no\/ung\/ungdomsskole\/veivalg\/#primaryimage\"},\"thumbnailUrl\":\"https:\/\/www.tryggtrafikk.no\/content\/uploads\/sites\/6\/2026\/04\/Veivalg-web-bilde-fra-hovedfilmen.jpg\",\"datePublished\":\"2024-02-08T14:21:44+00:00\",\"dateModified\":\"2026-04-01T08:06:52+00:00\",\"breadcrumb\":{\"@id\":\"https:\/\/www.tryggtrafikk.no\/ung\/ungdomsskole\/veivalg\/#breadcrumb\"},\"inLanguage\":\"nb-NO\",\"potentialAction\":[{\"@type\":\"ReadAction\",\"target\":[\"https:\/\/www.tryggtrafikk.no\/ung\/ungdomsskole\/veivalg\/\"]}]},{\"@type\":\"ImageObject\",\"inLanguage\":\"nb-NO\",\"@id\":\"https:\/\/www.tryggtrafikk.no\/ung\/ungdomsskole\/veivalg\/#primaryimage\",\"url\":\"https:\/\/www.tryggtrafikk.no\/content\/uploads\/sites\/6\/2026\/04\/Veivalg-web-bilde-fra-hovedfilmen.jpg\",\"contentUrl\":\"https:\/\/www.tryggtrafikk.no\/content\/uploads\/sites\/6\/2026\/04\/Veivalg-web-bilde-fra-hovedfilmen.jpg\",\"width\":1900,\"height\":1069},{\"@type\":\"BreadcrumbList\",\"@id\":\"https:\/\/www.tryggtrafikk.no\/ung\/ungdomsskole\/veivalg\/#breadcrumb\",\"itemListElement\":[{\"@type\":\"ListItem\",\"position\":1,\"name\":\"Home\",\"item\":\"https:\/\/www.tryggtrafikk.no\/ung\/\"},{\"@type\":\"ListItem\",\"position\":2,\"name\":\"Ungdomsskole\",\"item\":\"https:\/\/www.tryggtrafikk.no\/ung\/ungdomsskole\/\"},{\"@type\":\"ListItem\",\"position\":3,\"name\":\"veivalg\"}]},{\"@type\":\"WebSite\",\"@id\":\"https:\/\/www.tryggtrafikk.no\/ung\/#website\",\"url\":\"https:\/\/www.tryggtrafikk.no\/ung\/\",\"name\":\"UNG\",\"description\":\"\",\"potentialAction\":[{\"@type\":\"SearchAction\",\"target\":{\"@type\":\"EntryPoint\",\"urlTemplate\":\"https:\/\/www.tryggtrafikk.no\/ung\/?s={search_term_string}\"},\"query-input\":{\"@type\":\"PropertyValueSpecification\",\"valueRequired\":true,\"valueName\":\"search_term_string\"}}],\"inLanguage\":\"nb-NO\"}]}<\/script>\n<!-- \/ Yoast SEO Premium plugin. -->","yoast_head_json":{"title":"Snakk om valg f\u00f8r de tas - UNG","robots":{"index":"index","follow":"follow","max-snippet":"max-snippet:-1","max-image-preview":"max-image-preview:large","max-video-preview":"max-video-preview:-1"},"canonical":"https:\/\/www.tryggtrafikk.no\/ung\/ungdomsskole\/veivalg\/","og_locale":"nb_NO","og_type":"article","og_title":"Snakk om valg f\u00f8r de tas","og_description":"Veivalg gj\u00f8r det enkelt \u00e5 snakke med ungdom om valg, risiko og ansvar. Alt er klart til bruk og laget for \u00e5 engasjere, ikke moralisere.Et inspirerende heldagsopplegg som skaper refleksjon, samtale og trygghet \u2013 f\u00f8r elevene tar steget videre.","og_url":"https:\/\/www.tryggtrafikk.no\/ung\/ungdomsskole\/veivalg\/","og_site_name":"UNG","article_modified_time":"2026-04-01T08:06:52+00:00","og_image":[{"width":1900,"height":1069,"url":"https:\/\/www.tryggtrafikk.no\/content\/uploads\/sites\/6\/2026\/04\/Veivalg-web-bilde-fra-hovedfilmen.jpg","type":"image\/jpeg"}],"twitter_card":"summary_large_image","twitter_misc":{"Ansl. lesetid":"3 minutter"},"schema":{"@context":"https:\/\/schema.org","@graph":[{"@type":"WebPage","@id":"https:\/\/www.tryggtrafikk.no\/ung\/ungdomsskole\/veivalg\/","url":"https:\/\/www.tryggtrafikk.no\/ung\/ungdomsskole\/veivalg\/","name":"Snakk om valg f\u00f8r de tas - UNG","isPartOf":{"@id":"https:\/\/www.tryggtrafikk.no\/ung\/#website"},"primaryImageOfPage":{"@id":"https:\/\/www.tryggtrafikk.no\/ung\/ungdomsskole\/veivalg\/#primaryimage"},"image":{"@id":"https:\/\/www.tryggtrafikk.no\/ung\/ungdomsskole\/veivalg\/#primaryimage"},"thumbnailUrl":"https:\/\/www.tryggtrafikk.no\/content\/uploads\/sites\/6\/2026\/04\/Veivalg-web-bilde-fra-hovedfilmen.jpg","datePublished":"2024-02-08T14:21:44+00:00","dateModified":"2026-04-01T08:06:52+00:00","breadcrumb":{"@id":"https:\/\/www.tryggtrafikk.no\/ung\/ungdomsskole\/veivalg\/#breadcrumb"},"inLanguage":"nb-NO","potentialAction":[{"@type":"ReadAction","target":["https:\/\/www.tryggtrafikk.no\/ung\/ungdomsskole\/veivalg\/"]}]},{"@type":"ImageObject","inLanguage":"nb-NO","@id":"https:\/\/www.tryggtrafikk.no\/ung\/ungdomsskole\/veivalg\/#primaryimage","url":"https:\/\/www.tryggtrafikk.no\/content\/uploads\/sites\/6\/2026\/04\/Veivalg-web-bilde-fra-hovedfilmen.jpg","contentUrl":"https:\/\/www.tryggtrafikk.no\/content\/uploads\/sites\/6\/2026\/04\/Veivalg-web-bilde-fra-hovedfilmen.jpg","width":1900,"height":1069},{"@type":"BreadcrumbList","@id":"https:\/\/www.tryggtrafikk.no\/ung\/ungdomsskole\/veivalg\/#breadcrumb","itemListElement":[{"@type":"ListItem","position":1,"name":"Home","item":"https:\/\/www.tryggtrafikk.no\/ung\/"},{"@type":"ListItem","position":2,"name":"Ungdomsskole","item":"https:\/\/www.tryggtrafikk.no\/ung\/ungdomsskole\/"},{"@type":"ListItem","position":3,"name":"veivalg"}]},{"@type":"WebSite","@id":"https:\/\/www.tryggtrafikk.no\/ung\/#website","url":"https:\/\/www.tryggtrafikk.no\/ung\/","name":"UNG","description":"","potentialAction":[{"@type":"SearchAction","target":{"@type":"EntryPoint","urlTemplate":"https:\/\/www.tryggtrafikk.no\/ung\/?s={search_term_string}"},"query-input":{"@type":"PropertyValueSpecification","valueRequired":true,"valueName":"search_term_string"}}],"inLanguage":"nb-NO"}]}},"_links":{"self":[{"href":"https:\/\/www.tryggtrafikk.no\/ung\/wp-json\/wp\/v2\/pages\/36","targetHints":{"allow":["GET"]}}],"collection":[{"href":"https:\/\/www.tryggtrafikk.no\/ung\/wp-json\/wp\/v2\/pages"}],"about":[{"href":"https:\/\/www.tryggtrafikk.no\/ung\/wp-json\/wp\/v2\/types\/page"}],"author":[{"embeddable":true,"href":"https:\/\/www.tryggtrafikk.no\/ung\/wp-json\/wp\/v2\/users\/6"}],"replies":[{"embeddable":true,"href":"https:\/\/www.tryggtrafikk.no\/ung\/wp-json\/wp\/v2\/comments?post=36"}],"version-history":[{"count":4,"href":"https:\/\/www.tryggtrafikk.no\/ung\/wp-json\/wp\/v2\/pages\/36\/revisions"}],"predecessor-version":[{"id":1269,"href":"https:\/\/www.tryggtrafikk.no\/ung\/wp-json\/wp\/v2\/pages\/36\/revisions\/1269"}],"up":[{"embeddable":true,"href":"https:\/\/www.tryggtrafikk.no\/ung\/wp-json\/wp\/v2\/pages\/1232"}],"wp:featuredmedia":[{"embeddable":true,"href":"https:\/\/www.tryggtrafikk.no\/ung\/wp-json\/wp\/v2\/media\/1268"}],"wp:attachment":[{"href":"https:\/\/www.tryggtrafikk.no\/ung\/wp-json\/wp\/v2\/media?parent=36"}],"wp:term":[{"taxonomy":"cs_tag","embeddable":true,"href":"https:\/\/www.tryggtrafikk.no\/ung\/wp-json\/wp\/v2\/cs_tag?post=36"}],"curies":[{"name":"wp","href":"https:\/\/api.w.org\/{rel}","templated":true}]}}