{"id":42,"date":"2024-02-08T14:32:56","date_gmt":"2024-02-08T14:32:56","guid":{"rendered":"https:\/\/www.tryggtrafikk.no\/ung\/?page_id=42"},"modified":"2024-02-27T11:35:53","modified_gmt":"2024-02-27T11:35:53","slug":"ovelseskjoring","status":"publish","type":"page","link":"https:\/\/www.tryggtrafikk.no\/ung\/ung\/ovelseskjoring\/","title":{"rendered":"\u00d8velseskj\u00f8ring og f\u00f8rerkort"},"content":{"rendered":"\n\t\t<div class=\"alignfull wp-block-tryggtrafikk-hero has-background has-hero-dark-background-color\" id=\"wp-block-tryggtrafikk-hero\">\n\t\t\t<div class=\"tryggtrafikk-hero__container\">\n\t\t\t\t<div class=\"tryggtrafikk-hero__image\"><img loading=\"lazy\" width=\"768\" height=\"512\" src=\"https:\/\/www.tryggtrafikk.no\/content\/uploads\/sites\/6\/2024\/02\/why-kei-8e2gal_GIE8-unsplash_lav-768x512.jpg\" class=\"attachment-medium_large size-medium_large\" alt=\"Ung mann med h\u00e5nd p\u00e5 rattet der bildet er tatt fra baksetet.\" style=\"--focalpoint: 50% 50%;\" srcset=\"https:\/\/www.tryggtrafikk.no\/content\/uploads\/sites\/6\/2024\/02\/why-kei-8e2gal_GIE8-unsplash_lav-768x512.jpg 768w, https:\/\/www.tryggtrafikk.no\/content\/uploads\/sites\/6\/2024\/02\/why-kei-8e2gal_GIE8-unsplash_lav-300x200.jpg 300w, https:\/\/www.tryggtrafikk.no\/content\/uploads\/sites\/6\/2024\/02\/why-kei-8e2gal_GIE8-unsplash_lav-1024x683.jpg 1024w, https:\/\/www.tryggtrafikk.no\/content\/uploads\/sites\/6\/2024\/02\/why-kei-8e2gal_GIE8-unsplash_lav-1536x1024.jpg 1536w, https:\/\/www.tryggtrafikk.no\/content\/uploads\/sites\/6\/2024\/02\/why-kei-8e2gal_GIE8-unsplash_lav-2048x1365.jpg 2048w\" sizes=\"auto, (max-width: 768px) 100vw, 768px\" \/><\/div>\n\t\t\t\t<div class=\"tryggtrafikk-hero__content-container\">\n\t\t\t\t\t<div class=\"site-breadcrumbs\"><span><span><a href=\"https:\/\/www.tryggtrafikk.no\/ung\/\">Home<\/a><\/span><\/span><\/div>\n\t\t\t\t\t<h1 class=\"tryggtrafikk-hero__title\">\u00d8velseskj\u00f8ring og f\u00f8rerkort<\/h1>\n\t\t\t\t\t<div class=\"tryggtrafikk-hero__content\">\n\t\t\t\t\t\t\n<div class=\"has-text-align-left wp-block-post-excerpt\"><p class=\"wp-block-post-excerpt__excerpt\">Her finner du det meste du trenger \u00e5 vite om \u00f8velseskj\u00f8ring og f\u00f8rerkort, pluss tips, r\u00e5d og en podkast fra v\u00e5re eksperter.\u00a0 <\/p><\/div>\n\n\t\t\t\t\t<\/div>\n\t\t\t\t<\/div>\n\t\t\t<\/div>\n\t\t<\/div>\n\t\t\n\n<ul class=\"t2-link-list has-6-items has-2-columns alignwide wp-block-t2-link-list\">\n\t<li class=\"t2-link-list-item wp-block-t2-link-list-item\">\n\t\t<a\n\t\t\thref=\"https:\/\/www.tryggtrafikk.no\/ung\/ung\/ovelseskjoring\/ta-lappen-dette-ma-du-vite\/\"\n\t\t\tclass=\"t2-link-list-item__link t2-link-list__icon--left\"\n\t\t\t\t\t>\n\t\t\t<span class=\"t2-link-list-item__icon\"><span class=\"t2-link-list-item__icon-box\"><\/span><svg xmlns=\"http:\/\/www.w3.org\/2000\/svg\" viewBox=\"0 0 24 24\" height=\"40\" width=\"40\" class=\"t2-icon t2-icon-arrowforward\" aria-hidden=\"true\" focusable=\"false\"><path d=\"M12 19.617188 10.929688 18.5625l5.8125-5.8125H4.382812v-1.5h12.359376l-5.8125-5.8125L12 4.382812 19.617188 12Zm0 0\" fill=\"currentColor\" \/><\/svg><\/span>\t\t\t<div class=\"t2-link-list-item__content\">\n\n\t\t\t\t\n\t\t\t\t<span id=\"link-list-item-text\" class=\"t2-link-list-item__text\">\n\t\t\t\t\tTa lappen? Dette m\u00e5 du vite\t\t\t\t<\/span>\n\t\t\t\t\t\t\t<\/div>\n\t\t<\/a>\n\t<\/li>\n\t\n\n\t<li class=\"t2-link-list-item wp-block-t2-link-list-item\">\n\t\t<a\n\t\t\thref=\"https:\/\/www.tryggtrafikk.no\/ung\/ung\/ovelseskjoring\/tips-til-deg-som-skal-ovelseskjore\/\"\n\t\t\tclass=\"t2-link-list-item__link t2-link-list__icon--left\"\n\t\t\t\t\t>\n\t\t\t<span class=\"t2-link-list-item__icon\"><span class=\"t2-link-list-item__icon-box\"><\/span><svg xmlns=\"http:\/\/www.w3.org\/2000\/svg\" viewBox=\"0 0 24 24\" height=\"40\" width=\"40\" class=\"t2-icon t2-icon-arrowforward\" aria-hidden=\"true\" focusable=\"false\"><path d=\"M12 19.617188 10.929688 18.5625l5.8125-5.8125H4.382812v-1.5h12.359376l-5.8125-5.8125L12 4.382812 19.617188 12Zm0 0\" fill=\"currentColor\" \/><\/svg><\/span>\t\t\t<div class=\"t2-link-list-item__content\">\n\n\t\t\t\t\n\t\t\t\t<span id=\"link-list-item-text-1\" class=\"t2-link-list-item__text\">\n\t\t\t\t\tTips til deg som skal \u00f8velseskj\u00f8re\t\t\t\t<\/span>\n\t\t\t\t\t\t\t<\/div>\n\t\t<\/a>\n\t<\/li>\n\t\n\n\t<li class=\"t2-link-list-item wp-block-t2-link-list-item\">\n\t\t<a\n\t\t\thref=\"https:\/\/www.tryggtrafikk.no\/ung\/ung\/ovelseskjoring\/ovelseskjoring-tips-og-rad-til-deg-som-ledsager\/\"\n\t\t\tclass=\"t2-link-list-item__link t2-link-list__icon--left\"\n\t\t\t\t\t>\n\t\t\t<span class=\"t2-link-list-item__icon\"><span class=\"t2-link-list-item__icon-box\"><\/span><svg xmlns=\"http:\/\/www.w3.org\/2000\/svg\" viewBox=\"0 0 24 24\" height=\"40\" width=\"40\" class=\"t2-icon t2-icon-arrowforward\" aria-hidden=\"true\" focusable=\"false\"><path d=\"M12 19.617188 10.929688 18.5625l5.8125-5.8125H4.382812v-1.5h12.359376l-5.8125-5.8125L12 4.382812 19.617188 12Zm0 0\" fill=\"currentColor\" \/><\/svg><\/span>\t\t\t<div class=\"t2-link-list-item__content\">\n\n\t\t\t\t\n\t\t\t\t<span id=\"link-list-item-text-2\" class=\"t2-link-list-item__text\">\n\t\t\t\t\tTips til deg som ledsager\t\t\t\t<\/span>\n\t\t\t\t\t\t\t<\/div>\n\t\t<\/a>\n\t<\/li>\n\t\n\n\t<li class=\"t2-link-list-item wp-block-t2-link-list-item\">\n\t\t<a\n\t\t\thref=\"https:\/\/www.tryggtrafikk.no\/podcaster\/ovelseskjoring-en-podcast-for-bade-elev-og-ledsager\/\"\n\t\t\tclass=\"t2-link-list-item__link t2-link-list__icon--left\"\n\t\t\t\t\t>\n\t\t\t<span class=\"t2-link-list-item__icon\"><span class=\"t2-link-list-item__icon-box\"><\/span><svg xmlns=\"http:\/\/www.w3.org\/2000\/svg\" viewBox=\"0 0 24 24\" height=\"40\" width=\"40\" class=\"t2-icon t2-icon-arrowforward\" aria-hidden=\"true\" focusable=\"false\"><path d=\"M12 19.617188 10.929688 18.5625l5.8125-5.8125H4.382812v-1.5h12.359376l-5.8125-5.8125L12 4.382812 19.617188 12Zm0 0\" fill=\"currentColor\" \/><\/svg><\/span>\t\t\t<div class=\"t2-link-list-item__content\">\n\n\t\t\t\t\n\t\t\t\t<span id=\"link-list-item-text-3\" class=\"t2-link-list-item__text\">\n\t\t\t\t\tPodkast om \u00f8velseskj\u00f8ring\t\t\t\t<\/span>\n\t\t\t\t\t\t\t<\/div>\n\t\t<\/a>\n\t<\/li>\n\t\n\n\t<li class=\"t2-link-list-item wp-block-t2-link-list-item\">\n\t\t<a\n\t\t\thref=\"https:\/\/www.tryggtrafikk.no\/ung\/ung\/ovelseskjoring\/sporsmal-og-svar\/\"\n\t\t\tclass=\"t2-link-list-item__link t2-link-list__icon--left\"\n\t\t\t\t\t>\n\t\t\t<span class=\"t2-link-list-item__icon\"><span class=\"t2-link-list-item__icon-box\"><\/span><svg xmlns=\"http:\/\/www.w3.org\/2000\/svg\" viewBox=\"0 0 24 24\" height=\"40\" width=\"40\" class=\"t2-icon t2-icon-arrowforward\" aria-hidden=\"true\" focusable=\"false\"><path d=\"M12 19.617188 10.929688 18.5625l5.8125-5.8125H4.382812v-1.5h12.359376l-5.8125-5.8125L12 4.382812 19.617188 12Zm0 0\" fill=\"currentColor\" \/><\/svg><\/span>\t\t\t<div class=\"t2-link-list-item__content\">\n\n\t\t\t\t\n\t\t\t\t<span id=\"link-list-item-text-4\" class=\"t2-link-list-item__text\">\n\t\t\t\t\tSp\u00f8rsm\u00e5l og svar\t\t\t\t<\/span>\n\t\t\t\t\t\t\t<\/div>\n\t\t<\/a>\n\t<\/li>\n\t\n\n\t<li class=\"t2-link-list-item wp-block-t2-link-list-item\">\n\t\t<a\n\t\t\thref=\"https:\/\/www.tryggtrafikk.no\/ung\/ung\/ovelseskjoring\/hvorfor-er-unge-mer-utsatt-i-trafikken\/\"\n\t\t\tclass=\"t2-link-list-item__link t2-link-list__icon--left\"\n\t\t\t\t\t>\n\t\t\t<span class=\"t2-link-list-item__icon\"><span class=\"t2-link-list-item__icon-box\"><\/span><svg xmlns=\"http:\/\/www.w3.org\/2000\/svg\" viewBox=\"0 0 24 24\" height=\"40\" width=\"40\" class=\"t2-icon t2-icon-arrowforward\" aria-hidden=\"true\" focusable=\"false\"><path d=\"M12 19.617188 10.929688 18.5625l5.8125-5.8125H4.382812v-1.5h12.359376l-5.8125-5.8125L12 4.382812 19.617188 12Zm0 0\" fill=\"currentColor\" \/><\/svg><\/span>\t\t\t<div class=\"t2-link-list-item__content\">\n\n\t\t\t\t\n\t\t\t\t<span id=\"link-list-item-text-5\" class=\"t2-link-list-item__text\">\n\t\t\t\t\tHvorfor er unge mer utsatt i trafikken?\t\t\t\t<\/span>\n\t\t\t\t\t\t\t<\/div>\n\t\t<\/a>\n\t<\/li>\n\t\n<\/ul>\n\n\n<p>Gjensidige Forsikring ASA finansierer via Finans Norge v\u00e5rt fokus p\u00e5 \u00f8velseskj\u00f8ring, med informasjon b\u00e5de til de som skal \u00f8ve og de som er ledsagere. En podkast om \u00f8velseskj\u00f8ring er ogs\u00e5 publisert, der blant annet Trygg Trafikks egne eksperter er p\u00e5 veien og \u00f8ver med andre. Trygg Trafikk \u00f8nsker at flere skal \u00f8velseskj\u00f8re mer, at dette gj\u00f8res med god kunnskap, helst i dialog trafikkl\u00e6rere.&nbsp;<\/p>\n\n\n\n<p><a href=\"https:\/\/www.tryggtrafikk.no\/om\/samarbeidspartnere\/finansnaeringen\/gjensidige-forsikring\/\" target=\"_blank\" rel=\"noreferrer noopener\">Les mer om Gjensidiges engasjement i v\u00e5re prosjekter her<\/a>.&nbsp;<\/p>\n","protected":false},"excerpt":{"rendered":"<p><strong>Her finner du det meste du trenger \u00e5 vite om \u00f8velseskj\u00f8ring og f\u00f8rerkort, pluss tips, r\u00e5d og en podkast fra v\u00e5re eksperter.<\/strong>\u00a0<\/p>\n","protected":false},"author":6,"featured_media":43,"parent":12,"menu_order":0,"comment_status":"closed","ping_status":"closed","template":"","meta":{"show_toc":false,"tryggtrafikk_poll_votes":[],"hide_header_title":false,"alt_breadcrumbs_title":"","footnotes":"","boosted":0},"cs_tag":[],"class_list":["post-42","page","type-page","status-publish","has-post-thumbnail","hentry"],"yoast_head":"<!-- This site is optimized with the Yoast SEO Premium plugin v26.1 (Yoast SEO v26.1.1) - https:\/\/yoast.com\/wordpress\/plugins\/seo\/ -->\n<title>\u00d8velseskj\u00f8ring og f\u00f8rerkort - UNG<\/title>\n<meta name=\"robots\" content=\"index, follow, max-snippet:-1, max-image-preview:large, max-video-preview:-1\" \/>\n<link rel=\"canonical\" href=\"https:\/\/www.tryggtrafikk.no\/ung\/ung\/ovelseskjoring\/\" \/>\n<meta property=\"og:locale\" content=\"nb_NO\" \/>\n<meta property=\"og:type\" content=\"article\" \/>\n<meta property=\"og:title\" content=\"\u00d8velseskj\u00f8ring og f\u00f8rerkort\" \/>\n<meta property=\"og:description\" content=\"Her finner du det meste du trenger \u00e5 vite om \u00f8velseskj\u00f8ring og f\u00f8rerkort, pluss tips, r\u00e5d og en podkast fra v\u00e5re eksperter.\u00a0\" \/>\n<meta property=\"og:url\" content=\"https:\/\/www.tryggtrafikk.no\/ung\/ung\/ovelseskjoring\/\" \/>\n<meta property=\"og:site_name\" content=\"UNG\" \/>\n<meta property=\"article:modified_time\" content=\"2024-02-27T11:35:53+00:00\" \/>\n<meta property=\"og:image\" content=\"https:\/\/www.tryggtrafikk.no\/content\/uploads\/sites\/6\/2024\/02\/why-kei-8e2gal_GIE8-unsplash_lav-scaled.jpg\" \/>\n\t<meta property=\"og:image:width\" content=\"2560\" \/>\n\t<meta property=\"og:image:height\" content=\"1707\" \/>\n\t<meta property=\"og:image:type\" content=\"image\/jpeg\" \/>\n<meta name=\"twitter:card\" content=\"summary_large_image\" \/>\n<meta name=\"twitter:label1\" content=\"Ansl. lesetid\" \/>\n\t<meta name=\"twitter:data1\" content=\"1 minutt\" \/>\n<script type=\"application\/ld+json\" class=\"yoast-schema-graph\">{\"@context\":\"https:\/\/schema.org\",\"@graph\":[{\"@type\":\"WebPage\",\"@id\":\"https:\/\/www.tryggtrafikk.no\/ung\/ung\/ovelseskjoring\/\",\"url\":\"https:\/\/www.tryggtrafikk.no\/ung\/ung\/ovelseskjoring\/\",\"name\":\"\u00d8velseskj\u00f8ring og f\u00f8rerkort - UNG\",\"isPartOf\":{\"@id\":\"https:\/\/www.tryggtrafikk.no\/ung\/#website\"},\"primaryImageOfPage\":{\"@id\":\"https:\/\/www.tryggtrafikk.no\/ung\/ung\/ovelseskjoring\/#primaryimage\"},\"image\":{\"@id\":\"https:\/\/www.tryggtrafikk.no\/ung\/ung\/ovelseskjoring\/#primaryimage\"},\"thumbnailUrl\":\"https:\/\/www.tryggtrafikk.no\/content\/uploads\/sites\/6\/2024\/02\/why-kei-8e2gal_GIE8-unsplash_lav-scaled.jpg\",\"datePublished\":\"2024-02-08T14:32:56+00:00\",\"dateModified\":\"2024-02-27T11:35:53+00:00\",\"breadcrumb\":{\"@id\":\"https:\/\/www.tryggtrafikk.no\/ung\/ung\/ovelseskjoring\/#breadcrumb\"},\"inLanguage\":\"nb-NO\",\"potentialAction\":[{\"@type\":\"ReadAction\",\"target\":[\"https:\/\/www.tryggtrafikk.no\/ung\/ung\/ovelseskjoring\/\"]}]},{\"@type\":\"ImageObject\",\"inLanguage\":\"nb-NO\",\"@id\":\"https:\/\/www.tryggtrafikk.no\/ung\/ung\/ovelseskjoring\/#primaryimage\",\"url\":\"https:\/\/www.tryggtrafikk.no\/content\/uploads\/sites\/6\/2024\/02\/why-kei-8e2gal_GIE8-unsplash_lav-scaled.jpg\",\"contentUrl\":\"https:\/\/www.tryggtrafikk.no\/content\/uploads\/sites\/6\/2024\/02\/why-kei-8e2gal_GIE8-unsplash_lav-scaled.jpg\",\"width\":2560,\"height\":1707,\"caption\":\"Ung mann med h\u00e5nd p\u00e5 rattet der bildet er tatt fra baksetet.\"},{\"@type\":\"BreadcrumbList\",\"@id\":\"https:\/\/www.tryggtrafikk.no\/ung\/ung\/ovelseskjoring\/#breadcrumb\",\"itemListElement\":[{\"@type\":\"ListItem\",\"position\":1,\"name\":\"Home\",\"item\":\"https:\/\/www.tryggtrafikk.no\/ung\/\"},{\"@type\":\"ListItem\",\"position\":2,\"name\":\"UNG\",\"item\":\"https:\/\/www.tryggtrafikk.no\/ung\/\"},{\"@type\":\"ListItem\",\"position\":3,\"name\":\"\u00d8velseskj\u00f8ring og f\u00f8rerkort\"}]},{\"@type\":\"WebSite\",\"@id\":\"https:\/\/www.tryggtrafikk.no\/ung\/#website\",\"url\":\"https:\/\/www.tryggtrafikk.no\/ung\/\",\"name\":\"UNG\",\"description\":\"\",\"potentialAction\":[{\"@type\":\"SearchAction\",\"target\":{\"@type\":\"EntryPoint\",\"urlTemplate\":\"https:\/\/www.tryggtrafikk.no\/ung\/?s={search_term_string}\"},\"query-input\":{\"@type\":\"PropertyValueSpecification\",\"valueRequired\":true,\"valueName\":\"search_term_string\"}}],\"inLanguage\":\"nb-NO\"}]}<\/script>\n<!-- \/ Yoast SEO Premium plugin. -->","yoast_head_json":{"title":"\u00d8velseskj\u00f8ring og f\u00f8rerkort - UNG","robots":{"index":"index","follow":"follow","max-snippet":"max-snippet:-1","max-image-preview":"max-image-preview:large","max-video-preview":"max-video-preview:-1"},"canonical":"https:\/\/www.tryggtrafikk.no\/ung\/ung\/ovelseskjoring\/","og_locale":"nb_NO","og_type":"article","og_title":"\u00d8velseskj\u00f8ring og f\u00f8rerkort","og_description":"Her finner du det meste du trenger \u00e5 vite om \u00f8velseskj\u00f8ring og f\u00f8rerkort, pluss tips, r\u00e5d og en podkast fra v\u00e5re eksperter.\u00a0","og_url":"https:\/\/www.tryggtrafikk.no\/ung\/ung\/ovelseskjoring\/","og_site_name":"UNG","article_modified_time":"2024-02-27T11:35:53+00:00","og_image":[{"width":2560,"height":1707,"url":"https:\/\/www.tryggtrafikk.no\/content\/uploads\/sites\/6\/2024\/02\/why-kei-8e2gal_GIE8-unsplash_lav-scaled.jpg","type":"image\/jpeg"}],"twitter_card":"summary_large_image","twitter_misc":{"Ansl. lesetid":"1 minutt"},"schema":{"@context":"https:\/\/schema.org","@graph":[{"@type":"WebPage","@id":"https:\/\/www.tryggtrafikk.no\/ung\/ung\/ovelseskjoring\/","url":"https:\/\/www.tryggtrafikk.no\/ung\/ung\/ovelseskjoring\/","name":"\u00d8velseskj\u00f8ring og f\u00f8rerkort - UNG","isPartOf":{"@id":"https:\/\/www.tryggtrafikk.no\/ung\/#website"},"primaryImageOfPage":{"@id":"https:\/\/www.tryggtrafikk.no\/ung\/ung\/ovelseskjoring\/#primaryimage"},"image":{"@id":"https:\/\/www.tryggtrafikk.no\/ung\/ung\/ovelseskjoring\/#primaryimage"},"thumbnailUrl":"https:\/\/www.tryggtrafikk.no\/content\/uploads\/sites\/6\/2024\/02\/why-kei-8e2gal_GIE8-unsplash_lav-scaled.jpg","datePublished":"2024-02-08T14:32:56+00:00","dateModified":"2024-02-27T11:35:53+00:00","breadcrumb":{"@id":"https:\/\/www.tryggtrafikk.no\/ung\/ung\/ovelseskjoring\/#breadcrumb"},"inLanguage":"nb-NO","potentialAction":[{"@type":"ReadAction","target":["https:\/\/www.tryggtrafikk.no\/ung\/ung\/ovelseskjoring\/"]}]},{"@type":"ImageObject","inLanguage":"nb-NO","@id":"https:\/\/www.tryggtrafikk.no\/ung\/ung\/ovelseskjoring\/#primaryimage","url":"https:\/\/www.tryggtrafikk.no\/content\/uploads\/sites\/6\/2024\/02\/why-kei-8e2gal_GIE8-unsplash_lav-scaled.jpg","contentUrl":"https:\/\/www.tryggtrafikk.no\/content\/uploads\/sites\/6\/2024\/02\/why-kei-8e2gal_GIE8-unsplash_lav-scaled.jpg","width":2560,"height":1707,"caption":"Ung mann med h\u00e5nd p\u00e5 rattet der bildet er tatt fra baksetet."},{"@type":"BreadcrumbList","@id":"https:\/\/www.tryggtrafikk.no\/ung\/ung\/ovelseskjoring\/#breadcrumb","itemListElement":[{"@type":"ListItem","position":1,"name":"Home","item":"https:\/\/www.tryggtrafikk.no\/ung\/"},{"@type":"ListItem","position":2,"name":"UNG","item":"https:\/\/www.tryggtrafikk.no\/ung\/"},{"@type":"ListItem","position":3,"name":"\u00d8velseskj\u00f8ring og f\u00f8rerkort"}]},{"@type":"WebSite","@id":"https:\/\/www.tryggtrafikk.no\/ung\/#website","url":"https:\/\/www.tryggtrafikk.no\/ung\/","name":"UNG","description":"","potentialAction":[{"@type":"SearchAction","target":{"@type":"EntryPoint","urlTemplate":"https:\/\/www.tryggtrafikk.no\/ung\/?s={search_term_string}"},"query-input":{"@type":"PropertyValueSpecification","valueRequired":true,"valueName":"search_term_string"}}],"inLanguage":"nb-NO"}]}},"_links":{"self":[{"href":"https:\/\/www.tryggtrafikk.no\/ung\/wp-json\/wp\/v2\/pages\/42","targetHints":{"allow":["GET"]}}],"collection":[{"href":"https:\/\/www.tryggtrafikk.no\/ung\/wp-json\/wp\/v2\/pages"}],"about":[{"href":"https:\/\/www.tryggtrafikk.no\/ung\/wp-json\/wp\/v2\/types\/page"}],"author":[{"embeddable":true,"href":"https:\/\/www.tryggtrafikk.no\/ung\/wp-json\/wp\/v2\/users\/6"}],"replies":[{"embeddable":true,"href":"https:\/\/www.tryggtrafikk.no\/ung\/wp-json\/wp\/v2\/comments?post=42"}],"version-history":[{"count":4,"href":"https:\/\/www.tryggtrafikk.no\/ung\/wp-json\/wp\/v2\/pages\/42\/revisions"}],"predecessor-version":[{"id":155,"href":"https:\/\/www.tryggtrafikk.no\/ung\/wp-json\/wp\/v2\/pages\/42\/revisions\/155"}],"up":[{"embeddable":true,"href":"https:\/\/www.tryggtrafikk.no\/ung\/wp-json\/wp\/v2\/pages\/12"}],"wp:featuredmedia":[{"embeddable":true,"href":"https:\/\/www.tryggtrafikk.no\/ung\/wp-json\/wp\/v2\/media\/43"}],"wp:attachment":[{"href":"https:\/\/www.tryggtrafikk.no\/ung\/wp-json\/wp\/v2\/media?parent=42"}],"wp:term":[{"taxonomy":"cs_tag","embeddable":true,"href":"https:\/\/www.tryggtrafikk.no\/ung\/wp-json\/wp\/v2\/cs_tag?post=42"}],"curies":[{"name":"wp","href":"https:\/\/api.w.org\/{rel}","templated":true}]}}