{"id":420,"date":"2024-05-02T17:02:33","date_gmt":"2024-05-02T17:02:33","guid":{"rendered":"https:\/\/www.tryggtrafikk.no\/ung\/?page_id=420"},"modified":"2024-05-10T09:48:32","modified_gmt":"2024-05-10T09:48:32","slug":"dette-ma-russen-vite-om-ansvar-og-rulling","status":"publish","type":"page","link":"https:\/\/www.tryggtrafikk.no\/ung\/dette-ma-russen-vite-om-ansvar-og-rulling\/","title":{"rendered":"Russ og rulling \u2013 dette m\u00e5 dere vite"},"content":{"rendered":"\n\t\t<div class=\"alignfull wp-block-tryggtrafikk-hero has-background has-hero-dark-background-color\" id=\"wp-block-tryggtrafikk-hero\">\n\t\t\t<div class=\"tryggtrafikk-hero__container\">\n\t\t\t\t<div class=\"tryggtrafikk-hero__image\"><img loading=\"lazy\" width=\"700\" height=\"444\" src=\"https:\/\/www.tryggtrafikk.no\/content\/uploads\/sites\/6\/2024\/05\/5527700.jpg\" class=\"attachment-medium_large size-medium_large\" alt=\"R\u00f8druss og bl\u00e5russ som sitter p\u00e5 en mur.\" style=\"--focalpoint: 50% 50%;\" srcset=\"https:\/\/www.tryggtrafikk.no\/content\/uploads\/sites\/6\/2024\/05\/5527700.jpg 700w, https:\/\/www.tryggtrafikk.no\/content\/uploads\/sites\/6\/2024\/05\/5527700-300x190.jpg 300w\" sizes=\"auto, (max-width: 700px) 100vw, 700px\" \/><\/div>\n\t\t\t\t<div class=\"tryggtrafikk-hero__content-container\">\n\t\t\t\t\t<div class=\"site-breadcrumbs\"><span><span><a href=\"https:\/\/www.tryggtrafikk.no\/ung\/\">Home<\/a><\/span><\/span><\/div>\n\t\t\t\t\t<h1 class=\"tryggtrafikk-hero__title\">Russ og rulling \u2013 dette m\u00e5 dere vite<\/h1>\n\t\t\t\t\t<div class=\"tryggtrafikk-hero__content\">\n\t\t\t\t\t\t\n<div class=\"has-text-align-left wp-block-post-excerpt\"><p class=\"wp-block-post-excerpt__excerpt\">Det er mange ting \u00e5 tenke p\u00e5 hvis dere vil ut og rulle. F\u00f8lg gode r\u00e5d, s\u00e5 f\u00e5r dere en fin og skadefri russetid. <\/p><\/div>\n\n\t\t\t\t\t<\/div>\n\t\t\t\t<\/div>\n\t\t\t<\/div>\n\t\t<\/div>\n\t\t\n\n<ul class=\"t2-link-list has-4-items has-2-columns alignwide wp-block-t2-link-list\">\n\t<li class=\"t2-link-list-item wp-block-t2-link-list-item\">\n\t\t<a\n\t\t\thref=\"https:\/\/www.tryggtrafikk.no\/ung\/kjope-eller-leie\/\"\n\t\t\tclass=\"t2-link-list-item__link t2-link-list__icon--left\"\n\t\t\t\t\t>\n\t\t\t<span class=\"t2-link-list-item__icon\"><span class=\"t2-link-list-item__icon-box\"><\/span><svg xmlns=\"http:\/\/www.w3.org\/2000\/svg\" viewBox=\"0 0 24 24\" height=\"40\" width=\"40\" class=\"t2-icon t2-icon-arrowforward\" aria-hidden=\"true\" focusable=\"false\"><path d=\"M12 19.617188 10.929688 18.5625l5.8125-5.8125H4.382812v-1.5h12.359376l-5.8125-5.8125L12 4.382812 19.617188 12Zm0 0\" fill=\"currentColor\" \/><\/svg><\/span>\t\t\t<div class=\"t2-link-list-item__content\">\n\n\t\t\t\t\n\t\t\t\t<span id=\"link-list-item-text\" class=\"t2-link-list-item__text\">\n\t\t\t\t\tKj\u00f8pe eller leie?\t\t\t\t<\/span>\n\t\t\t\t\t\t\t<\/div>\n\t\t<\/a>\n\t<\/li>\n\t\n\n\t<li class=\"t2-link-list-item wp-block-t2-link-list-item\">\n\t\t<a\n\t\t\thref=\"https:\/\/www.tryggtrafikk.no\/ung\/pimpe-opp-kjoretoyet\/\"\n\t\t\tclass=\"t2-link-list-item__link t2-link-list__icon--left\"\n\t\t\t\t\t>\n\t\t\t<span class=\"t2-link-list-item__icon\"><span class=\"t2-link-list-item__icon-box\"><\/span><svg xmlns=\"http:\/\/www.w3.org\/2000\/svg\" viewBox=\"0 0 24 24\" height=\"40\" width=\"40\" class=\"t2-icon t2-icon-arrowforward\" aria-hidden=\"true\" focusable=\"false\"><path d=\"M12 19.617188 10.929688 18.5625l5.8125-5.8125H4.382812v-1.5h12.359376l-5.8125-5.8125L12 4.382812 19.617188 12Zm0 0\" fill=\"currentColor\" \/><\/svg><\/span>\t\t\t<div class=\"t2-link-list-item__content\">\n\n\t\t\t\t\n\t\t\t\t<span id=\"link-list-item-text-1\" class=\"t2-link-list-item__text\">\n\t\t\t\t\tPimpe opp kj\u00f8ret\u00f8yet?\t\t\t\t<\/span>\n\t\t\t\t\t\t\t<\/div>\n\t\t<\/a>\n\t<\/li>\n\t\n\n\t<li class=\"t2-link-list-item wp-block-t2-link-list-item\">\n\t\t<a\n\t\t\thref=\"https:\/\/www.tryggtrafikk.no\/ung\/endelig-fornoyd-med-doningen\/\"\n\t\t\tclass=\"t2-link-list-item__link t2-link-list__icon--left\"\n\t\t\t\t\t>\n\t\t\t<span class=\"t2-link-list-item__icon\"><span class=\"t2-link-list-item__icon-box\"><\/span><svg xmlns=\"http:\/\/www.w3.org\/2000\/svg\" viewBox=\"0 0 24 24\" height=\"40\" width=\"40\" class=\"t2-icon t2-icon-arrowforward\" aria-hidden=\"true\" focusable=\"false\"><path d=\"M12 19.617188 10.929688 18.5625l5.8125-5.8125H4.382812v-1.5h12.359376l-5.8125-5.8125L12 4.382812 19.617188 12Zm0 0\" fill=\"currentColor\" \/><\/svg><\/span>\t\t\t<div class=\"t2-link-list-item__content\">\n\n\t\t\t\t\n\t\t\t\t<span id=\"link-list-item-text-2\" class=\"t2-link-list-item__text\">\n\t\t\t\t\tEndelig forn\u00f8yd med doningen?\t\t\t\t<\/span>\n\t\t\t\t\t\t\t<\/div>\n\t\t<\/a>\n\t<\/li>\n\t\n\n\t<li class=\"t2-link-list-item wp-block-t2-link-list-item\">\n\t\t<a\n\t\t\thref=\"https:\/\/www.tryggtrafikk.no\/ung\/klar-for-a-rulle\/\"\n\t\t\tclass=\"t2-link-list-item__link t2-link-list__icon--left\"\n\t\t\t\t\t>\n\t\t\t<span class=\"t2-link-list-item__icon\"><span class=\"t2-link-list-item__icon-box\"><\/span><svg xmlns=\"http:\/\/www.w3.org\/2000\/svg\" viewBox=\"0 0 24 24\" height=\"40\" width=\"40\" class=\"t2-icon t2-icon-arrowforward\" aria-hidden=\"true\" focusable=\"false\"><path d=\"M12 19.617188 10.929688 18.5625l5.8125-5.8125H4.382812v-1.5h12.359376l-5.8125-5.8125L12 4.382812 19.617188 12Zm0 0\" fill=\"currentColor\" \/><\/svg><\/span>\t\t\t<div class=\"t2-link-list-item__content\">\n\n\t\t\t\t\n\t\t\t\t<span id=\"link-list-item-text-3\" class=\"t2-link-list-item__text\">\n\t\t\t\t\tKlar for \u00e5 rulle?\t\t\t\t<\/span>\n\t\t\t\t\t\t\t<\/div>\n\t\t<\/a>\n\t<\/li>\n\t\n<\/ul>\n\n\n<figure class=\"wp-block-embed alignwide is-type-video is-provider-youtube wp-block-embed-youtube wp-embed-aspect-16-9 wp-has-aspect-ratio\"><div class=\"wp-block-embed__wrapper\">\n<iframe loading=\"lazy\" title=\"Alle har noen de vil savne \/\/ Ellie om 0-visjonen\" width=\"500\" height=\"281\" src=\"https:\/\/www.youtube.com\/embed\/zdpgvN19dfc?feature=oembed&#038;enablejsapi=1\" frameborder=\"0\" allow=\"accelerometer; autoplay; clipboard-write; encrypted-media; gyroscope; picture-in-picture; web-share\" referrerpolicy=\"strict-origin-when-cross-origin\" allowfullscreen><\/iframe>\n<\/div><\/figure>\n","protected":false},"excerpt":{"rendered":"<p><strong>Det er mange ting \u00e5 tenke p\u00e5 hvis dere vil ut og rulle. F\u00f8lg gode r\u00e5d, s\u00e5 f\u00e5r dere en fin og skadefri russetid.<\/strong><\/p>\n","protected":false},"author":6,"featured_media":421,"parent":0,"menu_order":0,"comment_status":"closed","ping_status":"closed","template":"","meta":{"show_toc":false,"tryggtrafikk_poll_votes":[],"hide_header_title":false,"alt_breadcrumbs_title":"","footnotes":"","boosted":0},"cs_tag":[],"class_list":["post-420","page","type-page","status-publish","has-post-thumbnail","hentry"],"yoast_head":"<!-- This site is optimized with the Yoast SEO Premium plugin v26.1 (Yoast SEO v26.1.1) - https:\/\/yoast.com\/wordpress\/plugins\/seo\/ -->\n<title>Russ og rulling \u2013 dette m\u00e5 dere vite - UNG<\/title>\n<meta name=\"description\" content=\"Det er mange ting \u00e5 tenke p\u00e5 hvis dere vil ut og rulle i russetiden. F\u00f8lg gode r\u00e5d, s\u00e5 f\u00e5r dere en fin og skadefri russetid.\" \/>\n<meta name=\"robots\" content=\"index, follow, max-snippet:-1, max-image-preview:large, max-video-preview:-1\" \/>\n<link rel=\"canonical\" href=\"https:\/\/www.tryggtrafikk.no\/ung\/dette-ma-russen-vite-om-ansvar-og-rulling\/\" \/>\n<meta property=\"og:locale\" content=\"nb_NO\" \/>\n<meta property=\"og:type\" content=\"article\" \/>\n<meta property=\"og:title\" content=\"Russ og rulling \u2013 dette m\u00e5 dere vite\" \/>\n<meta property=\"og:description\" content=\"Det er mange ting \u00e5 tenke p\u00e5 hvis dere vil ut og rulle i russetiden. F\u00f8lg gode r\u00e5d, s\u00e5 f\u00e5r dere en fin og skadefri russetid.\" \/>\n<meta property=\"og:url\" content=\"https:\/\/www.tryggtrafikk.no\/ung\/dette-ma-russen-vite-om-ansvar-og-rulling\/\" \/>\n<meta property=\"og:site_name\" content=\"UNG\" \/>\n<meta property=\"article:modified_time\" content=\"2024-05-10T09:48:32+00:00\" \/>\n<meta property=\"og:image\" content=\"https:\/\/www.tryggtrafikk.no\/content\/uploads\/sites\/6\/2024\/05\/5527700.jpg\" \/>\n\t<meta property=\"og:image:width\" content=\"700\" \/>\n\t<meta property=\"og:image:height\" content=\"444\" \/>\n\t<meta property=\"og:image:type\" content=\"image\/jpeg\" \/>\n<meta name=\"twitter:card\" content=\"summary_large_image\" \/>\n<meta name=\"twitter:label1\" content=\"Ansl. lesetid\" \/>\n\t<meta name=\"twitter:data1\" content=\"1 minutt\" \/>\n<script type=\"application\/ld+json\" class=\"yoast-schema-graph\">{\"@context\":\"https:\/\/schema.org\",\"@graph\":[{\"@type\":\"WebPage\",\"@id\":\"https:\/\/www.tryggtrafikk.no\/ung\/dette-ma-russen-vite-om-ansvar-og-rulling\/\",\"url\":\"https:\/\/www.tryggtrafikk.no\/ung\/dette-ma-russen-vite-om-ansvar-og-rulling\/\",\"name\":\"Russ og rulling \u2013 dette m\u00e5 dere vite - UNG\",\"isPartOf\":{\"@id\":\"https:\/\/www.tryggtrafikk.no\/ung\/#website\"},\"primaryImageOfPage\":{\"@id\":\"https:\/\/www.tryggtrafikk.no\/ung\/dette-ma-russen-vite-om-ansvar-og-rulling\/#primaryimage\"},\"image\":{\"@id\":\"https:\/\/www.tryggtrafikk.no\/ung\/dette-ma-russen-vite-om-ansvar-og-rulling\/#primaryimage\"},\"thumbnailUrl\":\"https:\/\/www.tryggtrafikk.no\/content\/uploads\/sites\/6\/2024\/05\/5527700.jpg\",\"datePublished\":\"2024-05-02T17:02:33+00:00\",\"dateModified\":\"2024-05-10T09:48:32+00:00\",\"description\":\"Det er mange ting \u00e5 tenke p\u00e5 hvis dere vil ut og rulle i russetiden. F\u00f8lg gode r\u00e5d, s\u00e5 f\u00e5r dere en fin og skadefri russetid.\",\"breadcrumb\":{\"@id\":\"https:\/\/www.tryggtrafikk.no\/ung\/dette-ma-russen-vite-om-ansvar-og-rulling\/#breadcrumb\"},\"inLanguage\":\"nb-NO\",\"potentialAction\":[{\"@type\":\"ReadAction\",\"target\":[\"https:\/\/www.tryggtrafikk.no\/ung\/dette-ma-russen-vite-om-ansvar-og-rulling\/\"]}]},{\"@type\":\"ImageObject\",\"inLanguage\":\"nb-NO\",\"@id\":\"https:\/\/www.tryggtrafikk.no\/ung\/dette-ma-russen-vite-om-ansvar-og-rulling\/#primaryimage\",\"url\":\"https:\/\/www.tryggtrafikk.no\/content\/uploads\/sites\/6\/2024\/05\/5527700.jpg\",\"contentUrl\":\"https:\/\/www.tryggtrafikk.no\/content\/uploads\/sites\/6\/2024\/05\/5527700.jpg\",\"width\":700,\"height\":444,\"caption\":\"R\u00f8druss og bl\u00e5russ som sitter p\u00e5 en mur.\"},{\"@type\":\"BreadcrumbList\",\"@id\":\"https:\/\/www.tryggtrafikk.no\/ung\/dette-ma-russen-vite-om-ansvar-og-rulling\/#breadcrumb\",\"itemListElement\":[{\"@type\":\"ListItem\",\"position\":1,\"name\":\"Home\",\"item\":\"https:\/\/www.tryggtrafikk.no\/ung\/\"},{\"@type\":\"ListItem\",\"position\":2,\"name\":\"Russ og rulling \u2013 dette m\u00e5 dere vite\"}]},{\"@type\":\"WebSite\",\"@id\":\"https:\/\/www.tryggtrafikk.no\/ung\/#website\",\"url\":\"https:\/\/www.tryggtrafikk.no\/ung\/\",\"name\":\"UNG\",\"description\":\"\",\"potentialAction\":[{\"@type\":\"SearchAction\",\"target\":{\"@type\":\"EntryPoint\",\"urlTemplate\":\"https:\/\/www.tryggtrafikk.no\/ung\/?s={search_term_string}\"},\"query-input\":{\"@type\":\"PropertyValueSpecification\",\"valueRequired\":true,\"valueName\":\"search_term_string\"}}],\"inLanguage\":\"nb-NO\"}]}<\/script>\n<!-- \/ Yoast SEO Premium plugin. -->","yoast_head_json":{"title":"Russ og rulling \u2013 dette m\u00e5 dere vite - UNG","description":"Det er mange ting \u00e5 tenke p\u00e5 hvis dere vil ut og rulle i russetiden. F\u00f8lg gode r\u00e5d, s\u00e5 f\u00e5r dere en fin og skadefri russetid.","robots":{"index":"index","follow":"follow","max-snippet":"max-snippet:-1","max-image-preview":"max-image-preview:large","max-video-preview":"max-video-preview:-1"},"canonical":"https:\/\/www.tryggtrafikk.no\/ung\/dette-ma-russen-vite-om-ansvar-og-rulling\/","og_locale":"nb_NO","og_type":"article","og_title":"Russ og rulling \u2013 dette m\u00e5 dere vite","og_description":"Det er mange ting \u00e5 tenke p\u00e5 hvis dere vil ut og rulle i russetiden. F\u00f8lg gode r\u00e5d, s\u00e5 f\u00e5r dere en fin og skadefri russetid.","og_url":"https:\/\/www.tryggtrafikk.no\/ung\/dette-ma-russen-vite-om-ansvar-og-rulling\/","og_site_name":"UNG","article_modified_time":"2024-05-10T09:48:32+00:00","og_image":[{"width":700,"height":444,"url":"https:\/\/www.tryggtrafikk.no\/content\/uploads\/sites\/6\/2024\/05\/5527700.jpg","type":"image\/jpeg"}],"twitter_card":"summary_large_image","twitter_misc":{"Ansl. lesetid":"1 minutt"},"schema":{"@context":"https:\/\/schema.org","@graph":[{"@type":"WebPage","@id":"https:\/\/www.tryggtrafikk.no\/ung\/dette-ma-russen-vite-om-ansvar-og-rulling\/","url":"https:\/\/www.tryggtrafikk.no\/ung\/dette-ma-russen-vite-om-ansvar-og-rulling\/","name":"Russ og rulling \u2013 dette m\u00e5 dere vite - UNG","isPartOf":{"@id":"https:\/\/www.tryggtrafikk.no\/ung\/#website"},"primaryImageOfPage":{"@id":"https:\/\/www.tryggtrafikk.no\/ung\/dette-ma-russen-vite-om-ansvar-og-rulling\/#primaryimage"},"image":{"@id":"https:\/\/www.tryggtrafikk.no\/ung\/dette-ma-russen-vite-om-ansvar-og-rulling\/#primaryimage"},"thumbnailUrl":"https:\/\/www.tryggtrafikk.no\/content\/uploads\/sites\/6\/2024\/05\/5527700.jpg","datePublished":"2024-05-02T17:02:33+00:00","dateModified":"2024-05-10T09:48:32+00:00","description":"Det er mange ting \u00e5 tenke p\u00e5 hvis dere vil ut og rulle i russetiden. F\u00f8lg gode r\u00e5d, s\u00e5 f\u00e5r dere en fin og skadefri russetid.","breadcrumb":{"@id":"https:\/\/www.tryggtrafikk.no\/ung\/dette-ma-russen-vite-om-ansvar-og-rulling\/#breadcrumb"},"inLanguage":"nb-NO","potentialAction":[{"@type":"ReadAction","target":["https:\/\/www.tryggtrafikk.no\/ung\/dette-ma-russen-vite-om-ansvar-og-rulling\/"]}]},{"@type":"ImageObject","inLanguage":"nb-NO","@id":"https:\/\/www.tryggtrafikk.no\/ung\/dette-ma-russen-vite-om-ansvar-og-rulling\/#primaryimage","url":"https:\/\/www.tryggtrafikk.no\/content\/uploads\/sites\/6\/2024\/05\/5527700.jpg","contentUrl":"https:\/\/www.tryggtrafikk.no\/content\/uploads\/sites\/6\/2024\/05\/5527700.jpg","width":700,"height":444,"caption":"R\u00f8druss og bl\u00e5russ som sitter p\u00e5 en mur."},{"@type":"BreadcrumbList","@id":"https:\/\/www.tryggtrafikk.no\/ung\/dette-ma-russen-vite-om-ansvar-og-rulling\/#breadcrumb","itemListElement":[{"@type":"ListItem","position":1,"name":"Home","item":"https:\/\/www.tryggtrafikk.no\/ung\/"},{"@type":"ListItem","position":2,"name":"Russ og rulling \u2013 dette m\u00e5 dere vite"}]},{"@type":"WebSite","@id":"https:\/\/www.tryggtrafikk.no\/ung\/#website","url":"https:\/\/www.tryggtrafikk.no\/ung\/","name":"UNG","description":"","potentialAction":[{"@type":"SearchAction","target":{"@type":"EntryPoint","urlTemplate":"https:\/\/www.tryggtrafikk.no\/ung\/?s={search_term_string}"},"query-input":{"@type":"PropertyValueSpecification","valueRequired":true,"valueName":"search_term_string"}}],"inLanguage":"nb-NO"}]}},"_links":{"self":[{"href":"https:\/\/www.tryggtrafikk.no\/ung\/wp-json\/wp\/v2\/pages\/420","targetHints":{"allow":["GET"]}}],"collection":[{"href":"https:\/\/www.tryggtrafikk.no\/ung\/wp-json\/wp\/v2\/pages"}],"about":[{"href":"https:\/\/www.tryggtrafikk.no\/ung\/wp-json\/wp\/v2\/types\/page"}],"author":[{"embeddable":true,"href":"https:\/\/www.tryggtrafikk.no\/ung\/wp-json\/wp\/v2\/users\/6"}],"replies":[{"embeddable":true,"href":"https:\/\/www.tryggtrafikk.no\/ung\/wp-json\/wp\/v2\/comments?post=420"}],"version-history":[{"count":5,"href":"https:\/\/www.tryggtrafikk.no\/ung\/wp-json\/wp\/v2\/pages\/420\/revisions"}],"predecessor-version":[{"id":519,"href":"https:\/\/www.tryggtrafikk.no\/ung\/wp-json\/wp\/v2\/pages\/420\/revisions\/519"}],"wp:featuredmedia":[{"embeddable":true,"href":"https:\/\/www.tryggtrafikk.no\/ung\/wp-json\/wp\/v2\/media\/421"}],"wp:attachment":[{"href":"https:\/\/www.tryggtrafikk.no\/ung\/wp-json\/wp\/v2\/media?parent=420"}],"wp:term":[{"taxonomy":"cs_tag","embeddable":true,"href":"https:\/\/www.tryggtrafikk.no\/ung\/wp-json\/wp\/v2\/cs_tag?post=420"}],"curies":[{"name":"wp","href":"https:\/\/api.w.org\/{rel}","templated":true}]}}