{"id":436,"date":"2024-05-02T17:29:39","date_gmt":"2024-05-02T17:29:39","guid":{"rendered":"https:\/\/www.tryggtrafikk.no\/ung\/?page_id=436"},"modified":"2024-05-08T13:40:07","modified_gmt":"2024-05-08T13:40:07","slug":"endelig-fornoyd-med-doningen","status":"publish","type":"page","link":"https:\/\/www.tryggtrafikk.no\/ung\/endelig-fornoyd-med-doningen\/","title":{"rendered":"Endelig forn\u00f8yd med doningen?"},"content":{"rendered":"\n\t\t<div class=\"alignfull wp-block-tryggtrafikk-hero has-background has-hero-dark-background-color\" id=\"wp-block-tryggtrafikk-hero\">\n\t\t\t<div class=\"tryggtrafikk-hero__container\">\n\t\t\t\t<div class=\"tryggtrafikk-hero__image\"><img loading=\"lazy\" width=\"768\" height=\"509\" src=\"https:\/\/www.tryggtrafikk.no\/content\/uploads\/sites\/6\/2024\/05\/Russebil_1981_Narvik-768x509.jpg\" class=\"attachment-medium_large size-medium_large\" alt=\"R\u00f8d russevan\" style=\"--focalpoint: 50% 50%;\" srcset=\"https:\/\/www.tryggtrafikk.no\/content\/uploads\/sites\/6\/2024\/05\/Russebil_1981_Narvik-768x509.jpg 768w, https:\/\/www.tryggtrafikk.no\/content\/uploads\/sites\/6\/2024\/05\/Russebil_1981_Narvik-300x199.jpg 300w, https:\/\/www.tryggtrafikk.no\/content\/uploads\/sites\/6\/2024\/05\/Russebil_1981_Narvik-1024x678.jpg 1024w, https:\/\/www.tryggtrafikk.no\/content\/uploads\/sites\/6\/2024\/05\/Russebil_1981_Narvik-1536x1018.jpg 1536w, https:\/\/www.tryggtrafikk.no\/content\/uploads\/sites\/6\/2024\/05\/Russebil_1981_Narvik.jpg 1600w\" sizes=\"auto, (max-width: 768px) 100vw, 768px\" \/><\/div>\n\t\t\t\t<div class=\"tryggtrafikk-hero__content-container\">\n\t\t\t\t\t<div class=\"site-breadcrumbs\"><span><span><a href=\"https:\/\/www.tryggtrafikk.no\/ung\/\">Home<\/a><\/span><\/span><\/div>\n\t\t\t\t\t<h1 class=\"tryggtrafikk-hero__title\">Endelig forn\u00f8yd med doningen?<\/h1>\n\t\t\t\t\t<div class=\"tryggtrafikk-hero__content\">\n\t\t\t\t\t\t\n<div class=\"has-text-align-left wp-block-post-excerpt\"><p class=\"wp-block-post-excerpt__excerpt\">Bruk tilbudet om gratis teknisk kontroll p\u00e5 trafikkstasjonen \u2013 det er gull! Ikke lytt til d\u00e5rlige r\u00e5d om \u00e5 skippe dette, dere vil vel rulle trygt? <\/p><\/div>\n\n\t\t\t\t\t<\/div>\n\t\t\t\t<\/div>\n\t\t\t<\/div>\n\t\t<\/div>\n\t\t\n\n\n<p>N\u00e5r kj\u00f8ret\u00f8yet er godkjent, f\u00e5r dere en oblat som plasseres i frontruta. Dere vil da normalt slippe unna omfattende og tidkrevende tekniske utekontroller mens dere er ute og ruller: <a href=\"https:\/\/www.vegvesen.no\/kjoretoy\/kjop-og-salg\/russ\/gratis-kontroll-av-russekjoretoy\/\" target=\"_blank\" rel=\"noreferrer noopener\">https:\/\/www.vegvesen.no\/kjoretoy\/kjop-og-salg\/russ\/gratis-kontroll-av-russekjoretoy\/<\/a>&nbsp;<\/p>\n\n\n\n<p>Husk at gratis teknisk kontroll p\u00e5 trafikkstasjonen ikke erstatter EU-kontroll. EU-kontrollen m\u00e5 dere ta p\u00e5 et godkjent verksted eller hos NAF.&nbsp;<\/p>\n","protected":false},"excerpt":{"rendered":"<p>Bruk tilbudet om gratis teknisk kontroll p\u00e5 trafikkstasjonen \u2013 det er gull! Ikke lytt til d\u00e5rlige r\u00e5d om \u00e5 skippe dette, dere vil vel rulle trygt?<\/p>\n","protected":false},"author":6,"featured_media":439,"parent":0,"menu_order":0,"comment_status":"closed","ping_status":"closed","template":"","meta":{"show_toc":false,"tryggtrafikk_poll_votes":[],"hide_header_title":false,"alt_breadcrumbs_title":"","footnotes":"","boosted":0},"cs_tag":[],"class_list":["post-436","page","type-page","status-publish","has-post-thumbnail","hentry"],"yoast_head":"<!-- This site is optimized with the Yoast SEO Premium plugin v26.1 (Yoast SEO v26.1.1) - https:\/\/yoast.com\/wordpress\/plugins\/seo\/ -->\n<title>Endelig forn\u00f8yd med doningen? - UNG<\/title>\n<meta name=\"description\" content=\"Bruk tilbudet om gratis teknisk kontroll p\u00e5 trafikkstasjonen \u2013 det er gull! Ikke lytt til d\u00e5rlige r\u00e5d om \u00e5 skippe dette, dere vil vel rulle trygt?\" \/>\n<meta name=\"robots\" content=\"index, follow, max-snippet:-1, max-image-preview:large, max-video-preview:-1\" \/>\n<link rel=\"canonical\" href=\"https:\/\/www.tryggtrafikk.no\/ung\/endelig-fornoyd-med-doningen\/\" \/>\n<meta property=\"og:locale\" content=\"nb_NO\" \/>\n<meta property=\"og:type\" content=\"article\" \/>\n<meta property=\"og:title\" content=\"Endelig forn\u00f8yd med doningen?\" \/>\n<meta property=\"og:description\" content=\"Bruk tilbudet om gratis teknisk kontroll p\u00e5 trafikkstasjonen \u2013 det er gull! Ikke lytt til d\u00e5rlige r\u00e5d om \u00e5 skippe dette, dere vil vel rulle trygt?\" \/>\n<meta property=\"og:url\" content=\"https:\/\/www.tryggtrafikk.no\/ung\/endelig-fornoyd-med-doningen\/\" \/>\n<meta property=\"og:site_name\" content=\"UNG\" \/>\n<meta property=\"article:modified_time\" content=\"2024-05-08T13:40:07+00:00\" \/>\n<meta property=\"og:image\" content=\"https:\/\/www.tryggtrafikk.no\/content\/uploads\/sites\/6\/2024\/05\/Russebil_1981_Narvik.jpg\" \/>\n\t<meta property=\"og:image:width\" content=\"1600\" \/>\n\t<meta property=\"og:image:height\" content=\"1060\" \/>\n\t<meta property=\"og:image:type\" content=\"image\/jpeg\" \/>\n<meta name=\"twitter:card\" content=\"summary_large_image\" \/>\n<meta name=\"twitter:label1\" content=\"Ansl. lesetid\" \/>\n\t<meta name=\"twitter:data1\" content=\"1 minutt\" \/>\n<script type=\"application\/ld+json\" class=\"yoast-schema-graph\">{\"@context\":\"https:\/\/schema.org\",\"@graph\":[{\"@type\":\"WebPage\",\"@id\":\"https:\/\/www.tryggtrafikk.no\/ung\/endelig-fornoyd-med-doningen\/\",\"url\":\"https:\/\/www.tryggtrafikk.no\/ung\/endelig-fornoyd-med-doningen\/\",\"name\":\"Endelig forn\u00f8yd med doningen? - UNG\",\"isPartOf\":{\"@id\":\"https:\/\/www.tryggtrafikk.no\/ung\/#website\"},\"primaryImageOfPage\":{\"@id\":\"https:\/\/www.tryggtrafikk.no\/ung\/endelig-fornoyd-med-doningen\/#primaryimage\"},\"image\":{\"@id\":\"https:\/\/www.tryggtrafikk.no\/ung\/endelig-fornoyd-med-doningen\/#primaryimage\"},\"thumbnailUrl\":\"https:\/\/www.tryggtrafikk.no\/content\/uploads\/sites\/6\/2024\/05\/Russebil_1981_Narvik.jpg\",\"datePublished\":\"2024-05-02T17:29:39+00:00\",\"dateModified\":\"2024-05-08T13:40:07+00:00\",\"description\":\"Bruk tilbudet om gratis teknisk kontroll p\u00e5 trafikkstasjonen \u2013 det er gull! Ikke lytt til d\u00e5rlige r\u00e5d om \u00e5 skippe dette, dere vil vel rulle trygt?\",\"breadcrumb\":{\"@id\":\"https:\/\/www.tryggtrafikk.no\/ung\/endelig-fornoyd-med-doningen\/#breadcrumb\"},\"inLanguage\":\"nb-NO\",\"potentialAction\":[{\"@type\":\"ReadAction\",\"target\":[\"https:\/\/www.tryggtrafikk.no\/ung\/endelig-fornoyd-med-doningen\/\"]}]},{\"@type\":\"ImageObject\",\"inLanguage\":\"nb-NO\",\"@id\":\"https:\/\/www.tryggtrafikk.no\/ung\/endelig-fornoyd-med-doningen\/#primaryimage\",\"url\":\"https:\/\/www.tryggtrafikk.no\/content\/uploads\/sites\/6\/2024\/05\/Russebil_1981_Narvik.jpg\",\"contentUrl\":\"https:\/\/www.tryggtrafikk.no\/content\/uploads\/sites\/6\/2024\/05\/Russebil_1981_Narvik.jpg\",\"width\":1600,\"height\":1060,\"caption\":\"R\u00f8d russevan\"},{\"@type\":\"BreadcrumbList\",\"@id\":\"https:\/\/www.tryggtrafikk.no\/ung\/endelig-fornoyd-med-doningen\/#breadcrumb\",\"itemListElement\":[{\"@type\":\"ListItem\",\"position\":1,\"name\":\"Home\",\"item\":\"https:\/\/www.tryggtrafikk.no\/ung\/\"},{\"@type\":\"ListItem\",\"position\":2,\"name\":\"Endelig forn\u00f8yd med doningen?\"}]},{\"@type\":\"WebSite\",\"@id\":\"https:\/\/www.tryggtrafikk.no\/ung\/#website\",\"url\":\"https:\/\/www.tryggtrafikk.no\/ung\/\",\"name\":\"UNG\",\"description\":\"\",\"potentialAction\":[{\"@type\":\"SearchAction\",\"target\":{\"@type\":\"EntryPoint\",\"urlTemplate\":\"https:\/\/www.tryggtrafikk.no\/ung\/?s={search_term_string}\"},\"query-input\":{\"@type\":\"PropertyValueSpecification\",\"valueRequired\":true,\"valueName\":\"search_term_string\"}}],\"inLanguage\":\"nb-NO\"}]}<\/script>\n<!-- \/ Yoast SEO Premium plugin. -->","yoast_head_json":{"title":"Endelig forn\u00f8yd med doningen? - UNG","description":"Bruk tilbudet om gratis teknisk kontroll p\u00e5 trafikkstasjonen \u2013 det er gull! Ikke lytt til d\u00e5rlige r\u00e5d om \u00e5 skippe dette, dere vil vel rulle trygt?","robots":{"index":"index","follow":"follow","max-snippet":"max-snippet:-1","max-image-preview":"max-image-preview:large","max-video-preview":"max-video-preview:-1"},"canonical":"https:\/\/www.tryggtrafikk.no\/ung\/endelig-fornoyd-med-doningen\/","og_locale":"nb_NO","og_type":"article","og_title":"Endelig forn\u00f8yd med doningen?","og_description":"Bruk tilbudet om gratis teknisk kontroll p\u00e5 trafikkstasjonen \u2013 det er gull! Ikke lytt til d\u00e5rlige r\u00e5d om \u00e5 skippe dette, dere vil vel rulle trygt?","og_url":"https:\/\/www.tryggtrafikk.no\/ung\/endelig-fornoyd-med-doningen\/","og_site_name":"UNG","article_modified_time":"2024-05-08T13:40:07+00:00","og_image":[{"width":1600,"height":1060,"url":"https:\/\/www.tryggtrafikk.no\/content\/uploads\/sites\/6\/2024\/05\/Russebil_1981_Narvik.jpg","type":"image\/jpeg"}],"twitter_card":"summary_large_image","twitter_misc":{"Ansl. lesetid":"1 minutt"},"schema":{"@context":"https:\/\/schema.org","@graph":[{"@type":"WebPage","@id":"https:\/\/www.tryggtrafikk.no\/ung\/endelig-fornoyd-med-doningen\/","url":"https:\/\/www.tryggtrafikk.no\/ung\/endelig-fornoyd-med-doningen\/","name":"Endelig forn\u00f8yd med doningen? - UNG","isPartOf":{"@id":"https:\/\/www.tryggtrafikk.no\/ung\/#website"},"primaryImageOfPage":{"@id":"https:\/\/www.tryggtrafikk.no\/ung\/endelig-fornoyd-med-doningen\/#primaryimage"},"image":{"@id":"https:\/\/www.tryggtrafikk.no\/ung\/endelig-fornoyd-med-doningen\/#primaryimage"},"thumbnailUrl":"https:\/\/www.tryggtrafikk.no\/content\/uploads\/sites\/6\/2024\/05\/Russebil_1981_Narvik.jpg","datePublished":"2024-05-02T17:29:39+00:00","dateModified":"2024-05-08T13:40:07+00:00","description":"Bruk tilbudet om gratis teknisk kontroll p\u00e5 trafikkstasjonen \u2013 det er gull! Ikke lytt til d\u00e5rlige r\u00e5d om \u00e5 skippe dette, dere vil vel rulle trygt?","breadcrumb":{"@id":"https:\/\/www.tryggtrafikk.no\/ung\/endelig-fornoyd-med-doningen\/#breadcrumb"},"inLanguage":"nb-NO","potentialAction":[{"@type":"ReadAction","target":["https:\/\/www.tryggtrafikk.no\/ung\/endelig-fornoyd-med-doningen\/"]}]},{"@type":"ImageObject","inLanguage":"nb-NO","@id":"https:\/\/www.tryggtrafikk.no\/ung\/endelig-fornoyd-med-doningen\/#primaryimage","url":"https:\/\/www.tryggtrafikk.no\/content\/uploads\/sites\/6\/2024\/05\/Russebil_1981_Narvik.jpg","contentUrl":"https:\/\/www.tryggtrafikk.no\/content\/uploads\/sites\/6\/2024\/05\/Russebil_1981_Narvik.jpg","width":1600,"height":1060,"caption":"R\u00f8d russevan"},{"@type":"BreadcrumbList","@id":"https:\/\/www.tryggtrafikk.no\/ung\/endelig-fornoyd-med-doningen\/#breadcrumb","itemListElement":[{"@type":"ListItem","position":1,"name":"Home","item":"https:\/\/www.tryggtrafikk.no\/ung\/"},{"@type":"ListItem","position":2,"name":"Endelig forn\u00f8yd med doningen?"}]},{"@type":"WebSite","@id":"https:\/\/www.tryggtrafikk.no\/ung\/#website","url":"https:\/\/www.tryggtrafikk.no\/ung\/","name":"UNG","description":"","potentialAction":[{"@type":"SearchAction","target":{"@type":"EntryPoint","urlTemplate":"https:\/\/www.tryggtrafikk.no\/ung\/?s={search_term_string}"},"query-input":{"@type":"PropertyValueSpecification","valueRequired":true,"valueName":"search_term_string"}}],"inLanguage":"nb-NO"}]}},"_links":{"self":[{"href":"https:\/\/www.tryggtrafikk.no\/ung\/wp-json\/wp\/v2\/pages\/436","targetHints":{"allow":["GET"]}}],"collection":[{"href":"https:\/\/www.tryggtrafikk.no\/ung\/wp-json\/wp\/v2\/pages"}],"about":[{"href":"https:\/\/www.tryggtrafikk.no\/ung\/wp-json\/wp\/v2\/types\/page"}],"author":[{"embeddable":true,"href":"https:\/\/www.tryggtrafikk.no\/ung\/wp-json\/wp\/v2\/users\/6"}],"replies":[{"embeddable":true,"href":"https:\/\/www.tryggtrafikk.no\/ung\/wp-json\/wp\/v2\/comments?post=436"}],"version-history":[{"count":4,"href":"https:\/\/www.tryggtrafikk.no\/ung\/wp-json\/wp\/v2\/pages\/436\/revisions"}],"predecessor-version":[{"id":510,"href":"https:\/\/www.tryggtrafikk.no\/ung\/wp-json\/wp\/v2\/pages\/436\/revisions\/510"}],"wp:featuredmedia":[{"embeddable":true,"href":"https:\/\/www.tryggtrafikk.no\/ung\/wp-json\/wp\/v2\/media\/439"}],"wp:attachment":[{"href":"https:\/\/www.tryggtrafikk.no\/ung\/wp-json\/wp\/v2\/media?parent=436"}],"wp:term":[{"taxonomy":"cs_tag","embeddable":true,"href":"https:\/\/www.tryggtrafikk.no\/ung\/wp-json\/wp\/v2\/cs_tag?post=436"}],"curies":[{"name":"wp","href":"https:\/\/api.w.org\/{rel}","templated":true}]}}