{"id":525,"date":"2024-06-12T12:38:29","date_gmt":"2024-06-12T12:38:29","guid":{"rendered":"https:\/\/www.tryggtrafikk.no\/ung\/?page_id=525"},"modified":"2026-03-31T13:39:14","modified_gmt":"2026-03-31T13:39:14","slug":"ungdomsrad","status":"publish","type":"page","link":"https:\/\/www.tryggtrafikk.no\/ung\/ungdomsrad\/","title":{"rendered":"Ungdomsr\u00e5d"},"content":{"rendered":"\n\t\t<div class=\"alignfull wp-block-tryggtrafikk-hero has-background has-hero-dark-background-color\" id=\"wp-block-tryggtrafikk-hero\">\n\t\t\t<div class=\"tryggtrafikk-hero__container\">\n\t\t\t\t<div class=\"tryggtrafikk-hero__image\"><img loading=\"lazy\" width=\"768\" height=\"513\" src=\"https:\/\/www.tryggtrafikk.no\/content\/uploads\/sites\/6\/2024\/06\/simon-maage-tXiMrX3Gc-g-unsplash-768x513.jpg\" class=\"attachment-medium_large size-medium_large\" alt=\"tre ungdomer som strekker en h\u00e5nd i v\u00e6ret i solnedgang.\" style=\"--focalpoint: 50% 50%;\" srcset=\"https:\/\/www.tryggtrafikk.no\/content\/uploads\/sites\/6\/2024\/06\/simon-maage-tXiMrX3Gc-g-unsplash-768x513.jpg 768w, https:\/\/www.tryggtrafikk.no\/content\/uploads\/sites\/6\/2024\/06\/simon-maage-tXiMrX3Gc-g-unsplash-300x200.jpg 300w, https:\/\/www.tryggtrafikk.no\/content\/uploads\/sites\/6\/2024\/06\/simon-maage-tXiMrX3Gc-g-unsplash-1024x684.jpg 1024w, https:\/\/www.tryggtrafikk.no\/content\/uploads\/sites\/6\/2024\/06\/simon-maage-tXiMrX3Gc-g-unsplash-1536x1026.jpg 1536w, https:\/\/www.tryggtrafikk.no\/content\/uploads\/sites\/6\/2024\/06\/simon-maage-tXiMrX3Gc-g-unsplash-2048x1368.jpg 2048w\" sizes=\"auto, (max-width: 768px) 100vw, 768px\" \/><\/div>\n\t\t\t\t<div class=\"tryggtrafikk-hero__content-container\">\n\t\t\t\t\t<div class=\"site-breadcrumbs\"><span><span><a href=\"https:\/\/www.tryggtrafikk.no\/ung\/\">Home<\/a><\/span><\/span><\/div>\n\t\t\t\t\t<h1 class=\"tryggtrafikk-hero__title\">Ungdomsr\u00e5d<\/h1>\n\t\t\t\t\t<div class=\"tryggtrafikk-hero__content\">\n\t\t\t\t\t\t\n<div class=\"has-text-align-left wp-block-post-excerpt\"><p class=\"wp-block-post-excerpt__excerpt\">Sitter du i et ungdomsr\u00e5d? Eller er du koordinator for et ungdomsr\u00e5d?\u00a0 Da har du en viktig rolle. <\/p><\/div>\n\n\t\t\t\t\t<\/div>\n\t\t\t\t<\/div>\n\t\t\t<\/div>\n\t\t<\/div>\n\t\t\n\n\n<p>P\u00e5 denne siden finner du noen konkrete tips og gode ideer til hvordan ungdomsr\u00e5det kan ta tak i det viktige kommunale trafikksikkerhetsarbeidet.&nbsp;&nbsp;<\/p>\n\n\n\n<figure class=\"wp-block-embed is-type-video is-provider-youtube wp-block-embed-youtube wp-embed-aspect-16-9 wp-has-aspect-ratio\"><div class=\"wp-block-embed__wrapper\">\n<iframe loading=\"lazy\" title=\"Arbeid med trafikksikkerhet i Ungdomsr\u00e5det\" width=\"500\" height=\"281\" src=\"https:\/\/www.youtube.com\/embed\/G23l6pI2MSo?start=1&#038;feature=oembed&#038;enablejsapi=1\" frameborder=\"0\" allow=\"accelerometer; autoplay; clipboard-write; encrypted-media; gyroscope; picture-in-picture; web-share\" referrerpolicy=\"strict-origin-when-cross-origin\" allowfullscreen><\/iframe>\n<\/div><\/figure>\n\n\n<ul class=\"t2-link-list has-4-items has-2-columns alignwide wp-block-t2-link-list\">\n\t<li class=\"t2-link-list-item wp-block-t2-link-list-item\">\n\t\t<a\n\t\t\thref=\"https:\/\/www.tryggtrafikk.no\/ung\/trafikksikkerhetsplan\/\"\n\t\t\tclass=\"t2-link-list-item__link t2-link-list__icon--left\"\n\t\t\t\t\t>\n\t\t\t<span class=\"t2-link-list-item__icon\"><span class=\"t2-link-list-item__icon-box\"><\/span><svg xmlns=\"http:\/\/www.w3.org\/2000\/svg\" viewBox=\"0 0 24 24\" height=\"40\" width=\"40\" class=\"t2-icon t2-icon-arrowforward\" aria-hidden=\"true\" focusable=\"false\"><path d=\"M12 19.617188 10.929688 18.5625l5.8125-5.8125H4.382812v-1.5h12.359376l-5.8125-5.8125L12 4.382812 19.617188 12Zm0 0\" fill=\"currentColor\" \/><\/svg><\/span>\t\t\t<div class=\"t2-link-list-item__content\">\n\n\t\t\t\t\n\t\t\t\t<span id=\"link-list-item-text\" class=\"t2-link-list-item__text\">\n\t\t\t\t\tTrafikksikkerhetsplan\t\t\t\t<\/span>\n\t\t\t\t\t\t\t<\/div>\n\t\t<\/a>\n\t<\/li>\n\t\n\n\t<li class=\"t2-link-list-item wp-block-t2-link-list-item\">\n\t\t<a\n\t\t\thref=\"https:\/\/www.tryggtrafikk.no\/ung\/tryggere-skolevei-og-bygg\/\"\n\t\t\tclass=\"t2-link-list-item__link t2-link-list__icon--left\"\n\t\t\t\t\t>\n\t\t\t<span class=\"t2-link-list-item__icon\"><span class=\"t2-link-list-item__icon-box\"><\/span><svg xmlns=\"http:\/\/www.w3.org\/2000\/svg\" viewBox=\"0 0 24 24\" height=\"40\" width=\"40\" class=\"t2-icon t2-icon-arrowforward\" aria-hidden=\"true\" focusable=\"false\"><path d=\"M12 19.617188 10.929688 18.5625l5.8125-5.8125H4.382812v-1.5h12.359376l-5.8125-5.8125L12 4.382812 19.617188 12Zm0 0\" fill=\"currentColor\" \/><\/svg><\/span>\t\t\t<div class=\"t2-link-list-item__content\">\n\n\t\t\t\t\n\t\t\t\t<span id=\"link-list-item-text-1\" class=\"t2-link-list-item__text\">\n\t\t\t\t\tTryggere skolevei og -bygg\t\t\t\t<\/span>\n\t\t\t\t\t\t\t<\/div>\n\t\t<\/a>\n\t<\/li>\n\t\n\n\t<li class=\"t2-link-list-item wp-block-t2-link-list-item\">\n\t\t<a\n\t\t\thref=\"https:\/\/www.tryggtrafikk.no\/ung\/ungdomsrad\/hva-er-trafikksikker-kommune\/\"\n\t\t\tclass=\"t2-link-list-item__link t2-link-list__icon--left\"\n\t\t\t\t\t>\n\t\t\t<span class=\"t2-link-list-item__icon\"><span class=\"t2-link-list-item__icon-box\"><\/span><svg xmlns=\"http:\/\/www.w3.org\/2000\/svg\" viewBox=\"0 0 24 24\" height=\"40\" width=\"40\" class=\"t2-icon t2-icon-arrowforward\" aria-hidden=\"true\" focusable=\"false\"><path d=\"M12 19.617188 10.929688 18.5625l5.8125-5.8125H4.382812v-1.5h12.359376l-5.8125-5.8125L12 4.382812 19.617188 12Zm0 0\" fill=\"currentColor\" \/><\/svg><\/span>\t\t\t<div class=\"t2-link-list-item__content\">\n\n\t\t\t\t\n\t\t\t\t<span id=\"link-list-item-text-2\" class=\"t2-link-list-item__text\">\n\t\t\t\t\tHva er Trafikksikker kommune?\t\t\t\t<\/span>\n\t\t\t\t\t\t\t<\/div>\n\t\t<\/a>\n\t<\/li>\n\t\n\n\t<li class=\"t2-link-list-item wp-block-t2-link-list-item\">\n\t\t<a\n\t\t\thref=\"https:\/\/www.tryggtrafikk.no\/ung\/ungdomsrad\/hvorfor-er-trafikksikkerhet-viktig\/\"\n\t\t\tclass=\"t2-link-list-item__link t2-link-list__icon--left\"\n\t\t\t\t\t>\n\t\t\t<span class=\"t2-link-list-item__icon\"><span class=\"t2-link-list-item__icon-box\"><\/span><svg xmlns=\"http:\/\/www.w3.org\/2000\/svg\" viewBox=\"0 0 24 24\" height=\"40\" width=\"40\" class=\"t2-icon t2-icon-arrowforward\" aria-hidden=\"true\" focusable=\"false\"><path d=\"M12 19.617188 10.929688 18.5625l5.8125-5.8125H4.382812v-1.5h12.359376l-5.8125-5.8125L12 4.382812 19.617188 12Zm0 0\" fill=\"currentColor\" \/><\/svg><\/span>\t\t\t<div class=\"t2-link-list-item__content\">\n\n\t\t\t\t\n\t\t\t\t<span id=\"link-list-item-text-3\" class=\"t2-link-list-item__text\">\n\t\t\t\t\tHvorfor er trafikksikkerhet viktig?\t\t\t\t<\/span>\n\t\t\t\t\t\t\t<\/div>\n\t\t<\/a>\n\t<\/li>\n\t\n<\/ul>\n\n\n\t\t<div class=\"t2-simple-media-text alignwide is-mode-constrained is-gap-center wp-block-t2-simple-media-text has-background has-ung-light-purple-background-color\">\n\t\t\t<div class=\"t2-simple-media-text__container\">\n\t\t\t\t<figure class=\"t2-simple-media-text__image\"><img loading=\"lazy\" width=\"768\" height=\"630\" src=\"https:\/\/www.tryggtrafikk.no\/content\/uploads\/sites\/6\/2024\/06\/annie-spratt-g9KFpAfQ5bc-unsplash-768x630.jpg\" class=\"wp-image-528 size-medium_large attachment-medium_large\" alt=\"Jente som sitter med ryggen til og ser inn i en dataskjerm.\" style=\"--focalpoint: 50% 50%;\" srcset=\"https:\/\/www.tryggtrafikk.no\/content\/uploads\/sites\/6\/2024\/06\/annie-spratt-g9KFpAfQ5bc-unsplash-768x630.jpg 768w, https:\/\/www.tryggtrafikk.no\/content\/uploads\/sites\/6\/2024\/06\/annie-spratt-g9KFpAfQ5bc-unsplash-300x246.jpg 300w, https:\/\/www.tryggtrafikk.no\/content\/uploads\/sites\/6\/2024\/06\/annie-spratt-g9KFpAfQ5bc-unsplash-1024x840.jpg 1024w, https:\/\/www.tryggtrafikk.no\/content\/uploads\/sites\/6\/2024\/06\/annie-spratt-g9KFpAfQ5bc-unsplash-1536x1259.jpg 1536w, https:\/\/www.tryggtrafikk.no\/content\/uploads\/sites\/6\/2024\/06\/annie-spratt-g9KFpAfQ5bc-unsplash-2048x1679.jpg 2048w\" sizes=\"auto, (max-width: 768px) 100vw, 768px\" \/><\/figure>\n\t\t\t\t<div class=\"t2-simple-media-text__content-container\">\n\t\t\t\t\t<div class=\"t2-simple-media-text__content\">\n\t\t\t\t\t\t<div class=\"t2-simple-media-text__content-inner is-layout-flow\">\n\t\t\t\t\t\t\t\n\n<h2 class=\"wp-block-heading\" id=\"h-risiko-i-trafikken-ta-nettkurset\">&laquo;Risiko i trafikken&raquo; \u2013&nbsp;ta nettkurset!<\/h2>\n\n\n\n<p>Har dere i ungdomsr\u00e5det lyst til \u00e5 ta et kurs utviklet av Trygg Trafikk som heter \u201cRisiko i trafikken?\u201d Her er det nyttig l\u00e6ring underveis!<\/p>\n\n\n\n<p>Her kan du ta kurset helt gratis \u2013 men du trenger BankID for \u00e5 logge inn.<\/p>\n\n\n\n<p><strong><a href=\"https:\/\/kurs.merkompetanse.no\/login\/index.php\">Logg inn p\u00e5 kurset<\/a><\/strong><\/p>\n\n\n\t\t\t\t\t\t<\/div>\n\t\t\t\t\t<\/div>\n\t\t\t\t<\/div>\n\t\t\t<\/div>\n\t\t<\/div>\n\t\t","protected":false},"excerpt":{"rendered":"<p>Sitter du i et ungdomsr\u00e5d? Eller er du koordinator for et ungdomsr\u00e5d?\u00a0 Da har du en viktig rolle.<\/p>\n","protected":false},"author":6,"featured_media":527,"parent":0,"menu_order":0,"comment_status":"closed","ping_status":"closed","template":"","meta":{"show_toc":false,"tryggtrafikk_poll_votes":[],"hide_header_title":false,"alt_breadcrumbs_title":"","footnotes":"","boosted":0},"cs_tag":[],"class_list":["post-525","page","type-page","status-publish","has-post-thumbnail","hentry"],"yoast_head":"<!-- This site is optimized with the Yoast SEO Premium plugin v26.1 (Yoast SEO v26.1.1) - https:\/\/yoast.com\/wordpress\/plugins\/seo\/ -->\n<title>Ungdomsr\u00e5d - UNG<\/title>\n<meta name=\"description\" content=\"P\u00e5 denne siden finner du noen konkrete tips og gode ideer til hvordan ungdomsr\u00e5det kan ta tak i det viktige kommunale trafikksikkerhetsarbeidet.\" \/>\n<meta name=\"robots\" content=\"index, follow, max-snippet:-1, max-image-preview:large, max-video-preview:-1\" \/>\n<link rel=\"canonical\" href=\"https:\/\/www.tryggtrafikk.no\/ung\/ungdomsrad\/\" \/>\n<meta property=\"og:locale\" content=\"nb_NO\" \/>\n<meta property=\"og:type\" content=\"article\" \/>\n<meta property=\"og:title\" content=\"Ungdomsr\u00e5d\" \/>\n<meta property=\"og:description\" content=\"P\u00e5 denne siden finner du noen konkrete tips og gode ideer til hvordan ungdomsr\u00e5det kan ta tak i det viktige kommunale trafikksikkerhetsarbeidet.\" \/>\n<meta property=\"og:url\" content=\"https:\/\/www.tryggtrafikk.no\/ung\/ungdomsrad\/\" \/>\n<meta property=\"og:site_name\" content=\"UNG\" \/>\n<meta property=\"article:modified_time\" content=\"2026-03-31T13:39:14+00:00\" \/>\n<meta property=\"og:image\" content=\"https:\/\/www.tryggtrafikk.no\/content\/uploads\/sites\/6\/2024\/06\/simon-maage-tXiMrX3Gc-g-unsplash-scaled.jpg\" \/>\n\t<meta property=\"og:image:width\" content=\"2560\" \/>\n\t<meta property=\"og:image:height\" content=\"1710\" \/>\n\t<meta property=\"og:image:type\" content=\"image\/jpeg\" \/>\n<meta name=\"twitter:card\" content=\"summary_large_image\" \/>\n<meta name=\"twitter:label1\" content=\"Ansl. lesetid\" \/>\n\t<meta name=\"twitter:data1\" content=\"1 minutt\" \/>\n<script type=\"application\/ld+json\" class=\"yoast-schema-graph\">{\"@context\":\"https:\/\/schema.org\",\"@graph\":[{\"@type\":\"WebPage\",\"@id\":\"https:\/\/www.tryggtrafikk.no\/ung\/ungdomsrad\/\",\"url\":\"https:\/\/www.tryggtrafikk.no\/ung\/ungdomsrad\/\",\"name\":\"Ungdomsr\u00e5d - UNG\",\"isPartOf\":{\"@id\":\"https:\/\/www.tryggtrafikk.no\/ung\/#website\"},\"primaryImageOfPage\":{\"@id\":\"https:\/\/www.tryggtrafikk.no\/ung\/ungdomsrad\/#primaryimage\"},\"image\":{\"@id\":\"https:\/\/www.tryggtrafikk.no\/ung\/ungdomsrad\/#primaryimage\"},\"thumbnailUrl\":\"https:\/\/www.tryggtrafikk.no\/content\/uploads\/sites\/6\/2024\/06\/simon-maage-tXiMrX3Gc-g-unsplash-scaled.jpg\",\"datePublished\":\"2024-06-12T12:38:29+00:00\",\"dateModified\":\"2026-03-31T13:39:14+00:00\",\"description\":\"P\u00e5 denne siden finner du noen konkrete tips og gode ideer til hvordan ungdomsr\u00e5det kan ta tak i det viktige kommunale trafikksikkerhetsarbeidet.\",\"breadcrumb\":{\"@id\":\"https:\/\/www.tryggtrafikk.no\/ung\/ungdomsrad\/#breadcrumb\"},\"inLanguage\":\"nb-NO\",\"potentialAction\":[{\"@type\":\"ReadAction\",\"target\":[\"https:\/\/www.tryggtrafikk.no\/ung\/ungdomsrad\/\"]}]},{\"@type\":\"ImageObject\",\"inLanguage\":\"nb-NO\",\"@id\":\"https:\/\/www.tryggtrafikk.no\/ung\/ungdomsrad\/#primaryimage\",\"url\":\"https:\/\/www.tryggtrafikk.no\/content\/uploads\/sites\/6\/2024\/06\/simon-maage-tXiMrX3Gc-g-unsplash-scaled.jpg\",\"contentUrl\":\"https:\/\/www.tryggtrafikk.no\/content\/uploads\/sites\/6\/2024\/06\/simon-maage-tXiMrX3Gc-g-unsplash-scaled.jpg\",\"width\":2560,\"height\":1710,\"caption\":\"tre ungdomer som strekker en h\u00e5nd i v\u00e6ret i solnedgang.\"},{\"@type\":\"BreadcrumbList\",\"@id\":\"https:\/\/www.tryggtrafikk.no\/ung\/ungdomsrad\/#breadcrumb\",\"itemListElement\":[{\"@type\":\"ListItem\",\"position\":1,\"name\":\"Home\",\"item\":\"https:\/\/www.tryggtrafikk.no\/ung\/\"},{\"@type\":\"ListItem\",\"position\":2,\"name\":\"Ungdomsr\u00e5d\"}]},{\"@type\":\"WebSite\",\"@id\":\"https:\/\/www.tryggtrafikk.no\/ung\/#website\",\"url\":\"https:\/\/www.tryggtrafikk.no\/ung\/\",\"name\":\"UNG\",\"description\":\"\",\"potentialAction\":[{\"@type\":\"SearchAction\",\"target\":{\"@type\":\"EntryPoint\",\"urlTemplate\":\"https:\/\/www.tryggtrafikk.no\/ung\/?s={search_term_string}\"},\"query-input\":{\"@type\":\"PropertyValueSpecification\",\"valueRequired\":true,\"valueName\":\"search_term_string\"}}],\"inLanguage\":\"nb-NO\"}]}<\/script>\n<!-- \/ Yoast SEO Premium plugin. -->","yoast_head_json":{"title":"Ungdomsr\u00e5d - UNG","description":"P\u00e5 denne siden finner du noen konkrete tips og gode ideer til hvordan ungdomsr\u00e5det kan ta tak i det viktige kommunale trafikksikkerhetsarbeidet.","robots":{"index":"index","follow":"follow","max-snippet":"max-snippet:-1","max-image-preview":"max-image-preview:large","max-video-preview":"max-video-preview:-1"},"canonical":"https:\/\/www.tryggtrafikk.no\/ung\/ungdomsrad\/","og_locale":"nb_NO","og_type":"article","og_title":"Ungdomsr\u00e5d","og_description":"P\u00e5 denne siden finner du noen konkrete tips og gode ideer til hvordan ungdomsr\u00e5det kan ta tak i det viktige kommunale trafikksikkerhetsarbeidet.","og_url":"https:\/\/www.tryggtrafikk.no\/ung\/ungdomsrad\/","og_site_name":"UNG","article_modified_time":"2026-03-31T13:39:14+00:00","og_image":[{"width":2560,"height":1710,"url":"https:\/\/www.tryggtrafikk.no\/content\/uploads\/sites\/6\/2024\/06\/simon-maage-tXiMrX3Gc-g-unsplash-scaled.jpg","type":"image\/jpeg"}],"twitter_card":"summary_large_image","twitter_misc":{"Ansl. lesetid":"1 minutt"},"schema":{"@context":"https:\/\/schema.org","@graph":[{"@type":"WebPage","@id":"https:\/\/www.tryggtrafikk.no\/ung\/ungdomsrad\/","url":"https:\/\/www.tryggtrafikk.no\/ung\/ungdomsrad\/","name":"Ungdomsr\u00e5d - UNG","isPartOf":{"@id":"https:\/\/www.tryggtrafikk.no\/ung\/#website"},"primaryImageOfPage":{"@id":"https:\/\/www.tryggtrafikk.no\/ung\/ungdomsrad\/#primaryimage"},"image":{"@id":"https:\/\/www.tryggtrafikk.no\/ung\/ungdomsrad\/#primaryimage"},"thumbnailUrl":"https:\/\/www.tryggtrafikk.no\/content\/uploads\/sites\/6\/2024\/06\/simon-maage-tXiMrX3Gc-g-unsplash-scaled.jpg","datePublished":"2024-06-12T12:38:29+00:00","dateModified":"2026-03-31T13:39:14+00:00","description":"P\u00e5 denne siden finner du noen konkrete tips og gode ideer til hvordan ungdomsr\u00e5det kan ta tak i det viktige kommunale trafikksikkerhetsarbeidet.","breadcrumb":{"@id":"https:\/\/www.tryggtrafikk.no\/ung\/ungdomsrad\/#breadcrumb"},"inLanguage":"nb-NO","potentialAction":[{"@type":"ReadAction","target":["https:\/\/www.tryggtrafikk.no\/ung\/ungdomsrad\/"]}]},{"@type":"ImageObject","inLanguage":"nb-NO","@id":"https:\/\/www.tryggtrafikk.no\/ung\/ungdomsrad\/#primaryimage","url":"https:\/\/www.tryggtrafikk.no\/content\/uploads\/sites\/6\/2024\/06\/simon-maage-tXiMrX3Gc-g-unsplash-scaled.jpg","contentUrl":"https:\/\/www.tryggtrafikk.no\/content\/uploads\/sites\/6\/2024\/06\/simon-maage-tXiMrX3Gc-g-unsplash-scaled.jpg","width":2560,"height":1710,"caption":"tre ungdomer som strekker en h\u00e5nd i v\u00e6ret i solnedgang."},{"@type":"BreadcrumbList","@id":"https:\/\/www.tryggtrafikk.no\/ung\/ungdomsrad\/#breadcrumb","itemListElement":[{"@type":"ListItem","position":1,"name":"Home","item":"https:\/\/www.tryggtrafikk.no\/ung\/"},{"@type":"ListItem","position":2,"name":"Ungdomsr\u00e5d"}]},{"@type":"WebSite","@id":"https:\/\/www.tryggtrafikk.no\/ung\/#website","url":"https:\/\/www.tryggtrafikk.no\/ung\/","name":"UNG","description":"","potentialAction":[{"@type":"SearchAction","target":{"@type":"EntryPoint","urlTemplate":"https:\/\/www.tryggtrafikk.no\/ung\/?s={search_term_string}"},"query-input":{"@type":"PropertyValueSpecification","valueRequired":true,"valueName":"search_term_string"}}],"inLanguage":"nb-NO"}]}},"_links":{"self":[{"href":"https:\/\/www.tryggtrafikk.no\/ung\/wp-json\/wp\/v2\/pages\/525","targetHints":{"allow":["GET"]}}],"collection":[{"href":"https:\/\/www.tryggtrafikk.no\/ung\/wp-json\/wp\/v2\/pages"}],"about":[{"href":"https:\/\/www.tryggtrafikk.no\/ung\/wp-json\/wp\/v2\/types\/page"}],"author":[{"embeddable":true,"href":"https:\/\/www.tryggtrafikk.no\/ung\/wp-json\/wp\/v2\/users\/6"}],"replies":[{"embeddable":true,"href":"https:\/\/www.tryggtrafikk.no\/ung\/wp-json\/wp\/v2\/comments?post=525"}],"version-history":[{"count":5,"href":"https:\/\/www.tryggtrafikk.no\/ung\/wp-json\/wp\/v2\/pages\/525\/revisions"}],"predecessor-version":[{"id":606,"href":"https:\/\/www.tryggtrafikk.no\/ung\/wp-json\/wp\/v2\/pages\/525\/revisions\/606"}],"wp:featuredmedia":[{"embeddable":true,"href":"https:\/\/www.tryggtrafikk.no\/ung\/wp-json\/wp\/v2\/media\/527"}],"wp:attachment":[{"href":"https:\/\/www.tryggtrafikk.no\/ung\/wp-json\/wp\/v2\/media?parent=525"}],"wp:term":[{"taxonomy":"cs_tag","embeddable":true,"href":"https:\/\/www.tryggtrafikk.no\/ung\/wp-json\/wp\/v2\/cs_tag?post=525"}],"curies":[{"name":"wp","href":"https:\/\/api.w.org\/{rel}","templated":true}]}}