{"id":531,"date":"2024-06-12T12:52:14","date_gmt":"2024-06-12T12:52:14","guid":{"rendered":"https:\/\/www.tryggtrafikk.no\/ung\/?page_id=531"},"modified":"2024-06-12T17:53:48","modified_gmt":"2024-06-12T17:53:48","slug":"trafikksikkerhetsplan","status":"publish","type":"page","link":"https:\/\/www.tryggtrafikk.no\/ung\/ungdomsrad\/trafikksikkerhetsplan\/","title":{"rendered":"Trafikksikkerhetsplan"},"content":{"rendered":"\n\t\t<div class=\"alignfull wp-block-tryggtrafikk-hero has-background has-hero-dark-background-color\" id=\"wp-block-tryggtrafikk-hero\">\n\t\t\t<div class=\"tryggtrafikk-hero__container\">\n\t\t\t\t<div class=\"tryggtrafikk-hero__image\"><img loading=\"lazy\" width=\"768\" height=\"512\" src=\"https:\/\/www.tryggtrafikk.no\/content\/uploads\/sites\/6\/2024\/06\/volodymyr-hryshchenko-KZocXyI3kRo-unsplash-768x512.jpg\" class=\"attachment-medium_large size-medium_large\" alt=\"En \u00e5pen notatbok opp\u00e5 et tastatur ved siden av noen briller. I boken st\u00e5r det &quot;To do&quot;.\" style=\"--focalpoint: 50% 50%;\" srcset=\"https:\/\/www.tryggtrafikk.no\/content\/uploads\/sites\/6\/2024\/06\/volodymyr-hryshchenko-KZocXyI3kRo-unsplash-768x512.jpg 768w, https:\/\/www.tryggtrafikk.no\/content\/uploads\/sites\/6\/2024\/06\/volodymyr-hryshchenko-KZocXyI3kRo-unsplash-300x200.jpg 300w, https:\/\/www.tryggtrafikk.no\/content\/uploads\/sites\/6\/2024\/06\/volodymyr-hryshchenko-KZocXyI3kRo-unsplash-1024x683.jpg 1024w, https:\/\/www.tryggtrafikk.no\/content\/uploads\/sites\/6\/2024\/06\/volodymyr-hryshchenko-KZocXyI3kRo-unsplash-1536x1024.jpg 1536w, https:\/\/www.tryggtrafikk.no\/content\/uploads\/sites\/6\/2024\/06\/volodymyr-hryshchenko-KZocXyI3kRo-unsplash-2048x1365.jpg 2048w\" sizes=\"auto, (max-width: 768px) 100vw, 768px\" \/><\/div>\n\t\t\t\t<div class=\"tryggtrafikk-hero__content-container\">\n\t\t\t\t\t<div class=\"site-breadcrumbs\"><span><span><a href=\"https:\/\/www.tryggtrafikk.no\/ung\/\">Home<\/a><\/span><\/span><\/div>\n\t\t\t\t\t<h1 class=\"tryggtrafikk-hero__title\">Trafikksikkerhetsplan<\/h1>\n\t\t\t\t\t<div class=\"tryggtrafikk-hero__content\">\n\t\t\t\t\t\t\n<div class=\"has-text-align-left wp-block-post-excerpt\"><p class=\"wp-block-post-excerpt__excerpt\">Alle kommuner b\u00f8r ha en god plan for hvordan kommuner skal drifte, investere og vedlikeholde veiene sine. <\/p><\/div>\n\n\t\t\t\t\t<\/div>\n\t\t\t\t<\/div>\n\t\t\t<\/div>\n\t\t<\/div>\n\t\t\n\n\n<p>Som vegeier har kommunen ogs\u00e5 ansvar for trafikksikkerhetstiltak p\u00e5 kommunale veger. Trafikksikkerhet handler om \u00e5 kunne bevege seg trygt i sitt lokalmilj\u00f8, enten man er fotgjenger, syklist eller bilist \u2013 barn, ungdom eller voksen.<\/p>\n\n\n\n<p>Alle kommuner skal ogs\u00e5 lage en oversikt over hvilke planer som skal utarbeides, og dette kalles en \u201cplanstrategi.\u201d En slik strategi m\u00e5 utarbeides innen utgangen av det f\u00f8rste \u00e5ret i en ny valgperiode. Trafikksikkerhetsplanen b\u00f8r revideres hvert 4.\u00e5r og den b\u00f8r derfor st\u00e5 nevnt i planstrategien som kommunen din legger frem.\u00a0<\/p>\n\n\n\n\t\t<div class=\"t2-factbox wp-block-t2-factbox\" id=\"t2-factbox\">\n\t\t\t<div class=\"t2-factbox__content\">\n\t\t\t\t<div class=\"t2-factbox__blocks t2-factbox__inner-container is-layout-flow\">\n\t\t\t\t\t\n\n<h2 class=\"wp-block-heading\" id=\"h-dette-bor-ungdomsradet-sjekke\">Dette b\u00f8r ungdomsr\u00e5det sjekke<\/h2>\n\n\n\n<ul class=\"wp-block-list\">\n<li>Har din kommune har en trafikksikkerhetsplan?\u00a0<\/li>\n\n\n\n<li>Er planperioden utg\u00e5tt, slik at planen b\u00f8r revideres?\u00a0<\/li>\n\n\n\n<li>Er trafikksikkerhetsplanen lett \u00e5 finne p\u00e5 kommunens hjemmeside?\u00a0<\/li>\n\n\n\n<li>St\u00e5r trafikksikkerhetsplanen beskrevet i planstrategien til kommunen?\u00a0<\/li>\n\n\n\n<li>N\u00e5r skal planstrategien behandles i kommunen?\u00a0<\/li>\n\n\n\n<li>N\u00e5r kan ungdomsr\u00e5det komme med sine innspill, b\u00e5de til planstrategi og til trafikksikkerhetsplan?\u00a0<\/li>\n<\/ul>\n\n\n\t\t\t\t<\/div>\n\t\t\t\t\n\t\t\t<\/div>\n\t\t\t\n\t\t<\/div>\n\n<ul class=\"t2-link-list has-3-items has-1-columns align wp-block-t2-link-list\">\n\t<li class=\"t2-link-list-item wp-block-t2-link-list-item\">\n\t\t<a\n\t\t\thref=\"https:\/\/www.tryggtrafikk.no\/trafikksikker-kommune\/gode-eksempler\/gode-eksempler-pa-trafikksikkerhetsplaner\/\"\n\t\t\tclass=\"t2-link-list-item__link t2-link-list__icon--left\"\n\t\t\t\t\t>\n\t\t\t<span class=\"t2-link-list-item__icon\"><span class=\"t2-link-list-item__icon-box\"><\/span><svg xmlns=\"http:\/\/www.w3.org\/2000\/svg\" viewBox=\"0 0 24 24\" height=\"40\" width=\"40\" class=\"t2-icon t2-icon-arrowforward\" aria-hidden=\"true\" focusable=\"false\"><path d=\"M12 19.617188 10.929688 18.5625l5.8125-5.8125H4.382812v-1.5h12.359376l-5.8125-5.8125L12 4.382812 19.617188 12Zm0 0\" fill=\"currentColor\" \/><\/svg><\/span>\t\t\t<div class=\"t2-link-list-item__content\">\n\n\t\t\t\t\n\t\t\t\t<span id=\"link-list-item-text\" class=\"t2-link-list-item__text\">\n\t\t\t\t\tGode eksempler p\u00e5 trafikksikkerhetsplaner\t\t\t\t<\/span>\n\t\t\t\t<span id=\"link-list-item-description\" class=\"t2-link-list-item__description\">Her kan du se hvordan en trafikksikkerhetsplan kan bygges opp.<\/span>\t\t\t<\/div>\n\t\t<\/a>\n\t<\/li>\n\t\n\n\t<li class=\"t2-link-list-item wp-block-t2-link-list-item\">\n\t\t<a\n\t\t\thref=\"https:\/\/www.tryggtrafikk.no\/trafikksikker-kommune\/gode-eksempler\/gode-eksempler-pa-trafikksikkerhetsplaner\/\"\n\t\t\tclass=\"t2-link-list-item__link t2-link-list__icon--left\"\n\t\t\t\t\t>\n\t\t\t<span class=\"t2-link-list-item__icon\"><span class=\"t2-link-list-item__icon-box\"><\/span><svg xmlns=\"http:\/\/www.w3.org\/2000\/svg\" viewBox=\"0 0 24 24\" height=\"40\" width=\"40\" class=\"t2-icon t2-icon-arrowforward\" aria-hidden=\"true\" focusable=\"false\"><path d=\"M12 19.617188 10.929688 18.5625l5.8125-5.8125H4.382812v-1.5h12.359376l-5.8125-5.8125L12 4.382812 19.617188 12Zm0 0\" fill=\"currentColor\" \/><\/svg><\/span>\t\t\t<div class=\"t2-link-list-item__content\">\n\n\t\t\t\t\n\t\t\t\t<span id=\"link-list-item-text-1\" class=\"t2-link-list-item__text\">\n\t\t\t\t\tEksempler fra ulike kommuner\t\t\t\t<\/span>\n\t\t\t\t<span id=\"link-list-item-description-1\" class=\"t2-link-list-item__description\">Her finner du eksempel p\u00e5 gode trafikksikkerhetsplaner fra ulike kommuner.<\/span>\t\t\t<\/div>\n\t\t<\/a>\n\t<\/li>\n\t\n\n\t<li class=\"t2-link-list-item wp-block-t2-link-list-item\">\n\t\t<a\n\t\t\thref=\"https:\/\/www.oslo.kommune.no\/byutvikling\/hvordan-kan-du-medvirke-i-byutviklingen\/hvordan-kommer-du-med-innspill\/\"\n\t\t\tclass=\"t2-link-list-item__link t2-link-list__icon--left\"\n\t\t\t\t\t>\n\t\t\t<span class=\"t2-link-list-item__icon\"><span class=\"t2-link-list-item__icon-box\"><\/span><svg xmlns=\"http:\/\/www.w3.org\/2000\/svg\" viewBox=\"0 0 24 24\" height=\"40\" width=\"40\" class=\"t2-icon t2-icon-arrowforward\" aria-hidden=\"true\" focusable=\"false\"><path d=\"M12 19.617188 10.929688 18.5625l5.8125-5.8125H4.382812v-1.5h12.359376l-5.8125-5.8125L12 4.382812 19.617188 12Zm0 0\" fill=\"currentColor\" \/><\/svg><\/span>\t\t\t<div class=\"t2-link-list-item__content\">\n\n\t\t\t\t\n\t\t\t\t<span id=\"link-list-item-text-2\" class=\"t2-link-list-item__text\">\n\t\t\t\t\tHvordan kommer du med innspill?\t\t\t\t<\/span>\n\t\t\t\t<span id=\"link-list-item-description-2\" class=\"t2-link-list-item__description\">Her finner du god informasjon om hvordan du kan g\u00e5 frem med innspill og hvordan du kan p\u00e5virke byutviklingen.<\/span>\t\t\t<\/div>\n\t\t<\/a>\n\t<\/li>\n\t\n<\/ul>","protected":false},"excerpt":{"rendered":"<p>Alle kommuner b\u00f8r ha en god plan for hvordan kommuner skal drifte, investere og vedlikeholde veiene sine. <\/p>\n","protected":false},"author":6,"featured_media":532,"parent":525,"menu_order":0,"comment_status":"closed","ping_status":"closed","template":"","meta":{"show_toc":false,"tryggtrafikk_poll_votes":[],"hide_header_title":false,"alt_breadcrumbs_title":"","footnotes":"","boosted":0},"cs_tag":[],"class_list":["post-531","page","type-page","status-publish","has-post-thumbnail","hentry"],"yoast_head":"<!-- This site is optimized with the Yoast SEO Premium plugin v26.1 (Yoast SEO v26.1.1) - https:\/\/yoast.com\/wordpress\/plugins\/seo\/ -->\n<title>Trafikksikkerhetsplan - UNG<\/title>\n<meta name=\"description\" content=\"Alle kommuner b\u00f8r ha en god plan for hvordan kommuner skal drifte, investere og vedlikeholde veiene sine.\" \/>\n<meta name=\"robots\" content=\"index, follow, max-snippet:-1, max-image-preview:large, max-video-preview:-1\" \/>\n<link rel=\"canonical\" href=\"https:\/\/www.tryggtrafikk.no\/ung\/ungdomsrad\/trafikksikkerhetsplan\/\" \/>\n<meta property=\"og:locale\" content=\"nb_NO\" \/>\n<meta property=\"og:type\" content=\"article\" \/>\n<meta property=\"og:title\" content=\"Trafikksikkerhetsplan\" \/>\n<meta property=\"og:description\" content=\"Alle kommuner b\u00f8r ha en god plan for hvordan kommuner skal drifte, investere og vedlikeholde veiene sine.\" \/>\n<meta property=\"og:url\" content=\"https:\/\/www.tryggtrafikk.no\/ung\/ungdomsrad\/trafikksikkerhetsplan\/\" \/>\n<meta property=\"og:site_name\" content=\"UNG\" \/>\n<meta property=\"article:modified_time\" content=\"2024-06-12T17:53:48+00:00\" \/>\n<meta property=\"og:image\" content=\"https:\/\/www.tryggtrafikk.no\/content\/uploads\/sites\/6\/2024\/06\/volodymyr-hryshchenko-KZocXyI3kRo-unsplash-scaled.jpg\" \/>\n\t<meta property=\"og:image:width\" content=\"2560\" \/>\n\t<meta property=\"og:image:height\" content=\"1707\" \/>\n\t<meta property=\"og:image:type\" content=\"image\/jpeg\" \/>\n<meta name=\"twitter:card\" content=\"summary_large_image\" \/>\n<meta name=\"twitter:label1\" content=\"Ansl. lesetid\" \/>\n\t<meta name=\"twitter:data1\" content=\"1 minutt\" \/>\n<script type=\"application\/ld+json\" class=\"yoast-schema-graph\">{\"@context\":\"https:\/\/schema.org\",\"@graph\":[{\"@type\":\"WebPage\",\"@id\":\"https:\/\/www.tryggtrafikk.no\/ung\/ungdomsrad\/trafikksikkerhetsplan\/\",\"url\":\"https:\/\/www.tryggtrafikk.no\/ung\/ungdomsrad\/trafikksikkerhetsplan\/\",\"name\":\"Trafikksikkerhetsplan - UNG\",\"isPartOf\":{\"@id\":\"https:\/\/www.tryggtrafikk.no\/ung\/#website\"},\"primaryImageOfPage\":{\"@id\":\"https:\/\/www.tryggtrafikk.no\/ung\/ungdomsrad\/trafikksikkerhetsplan\/#primaryimage\"},\"image\":{\"@id\":\"https:\/\/www.tryggtrafikk.no\/ung\/ungdomsrad\/trafikksikkerhetsplan\/#primaryimage\"},\"thumbnailUrl\":\"https:\/\/www.tryggtrafikk.no\/content\/uploads\/sites\/6\/2024\/06\/volodymyr-hryshchenko-KZocXyI3kRo-unsplash-scaled.jpg\",\"datePublished\":\"2024-06-12T12:52:14+00:00\",\"dateModified\":\"2024-06-12T17:53:48+00:00\",\"description\":\"Alle kommuner b\u00f8r ha en god plan for hvordan kommuner skal drifte, investere og vedlikeholde veiene sine.\",\"breadcrumb\":{\"@id\":\"https:\/\/www.tryggtrafikk.no\/ung\/ungdomsrad\/trafikksikkerhetsplan\/#breadcrumb\"},\"inLanguage\":\"nb-NO\",\"potentialAction\":[{\"@type\":\"ReadAction\",\"target\":[\"https:\/\/www.tryggtrafikk.no\/ung\/ungdomsrad\/trafikksikkerhetsplan\/\"]}]},{\"@type\":\"ImageObject\",\"inLanguage\":\"nb-NO\",\"@id\":\"https:\/\/www.tryggtrafikk.no\/ung\/ungdomsrad\/trafikksikkerhetsplan\/#primaryimage\",\"url\":\"https:\/\/www.tryggtrafikk.no\/content\/uploads\/sites\/6\/2024\/06\/volodymyr-hryshchenko-KZocXyI3kRo-unsplash-scaled.jpg\",\"contentUrl\":\"https:\/\/www.tryggtrafikk.no\/content\/uploads\/sites\/6\/2024\/06\/volodymyr-hryshchenko-KZocXyI3kRo-unsplash-scaled.jpg\",\"width\":2560,\"height\":1707,\"caption\":\"En \u00e5pen notatbok opp\u00e5 et tastatur ved siden av noen briller. I boken st\u00e5r det \\\"To do\\\".\"},{\"@type\":\"BreadcrumbList\",\"@id\":\"https:\/\/www.tryggtrafikk.no\/ung\/ungdomsrad\/trafikksikkerhetsplan\/#breadcrumb\",\"itemListElement\":[{\"@type\":\"ListItem\",\"position\":1,\"name\":\"Home\",\"item\":\"https:\/\/www.tryggtrafikk.no\/ung\/\"},{\"@type\":\"ListItem\",\"position\":2,\"name\":\"Ungdomsr\u00e5d\",\"item\":\"https:\/\/www.tryggtrafikk.no\/ung\/ungdomsrad\/\"},{\"@type\":\"ListItem\",\"position\":3,\"name\":\"Trafikksikkerhetsplan\"}]},{\"@type\":\"WebSite\",\"@id\":\"https:\/\/www.tryggtrafikk.no\/ung\/#website\",\"url\":\"https:\/\/www.tryggtrafikk.no\/ung\/\",\"name\":\"UNG\",\"description\":\"\",\"potentialAction\":[{\"@type\":\"SearchAction\",\"target\":{\"@type\":\"EntryPoint\",\"urlTemplate\":\"https:\/\/www.tryggtrafikk.no\/ung\/?s={search_term_string}\"},\"query-input\":{\"@type\":\"PropertyValueSpecification\",\"valueRequired\":true,\"valueName\":\"search_term_string\"}}],\"inLanguage\":\"nb-NO\"}]}<\/script>\n<!-- \/ Yoast SEO Premium plugin. -->","yoast_head_json":{"title":"Trafikksikkerhetsplan - UNG","description":"Alle kommuner b\u00f8r ha en god plan for hvordan kommuner skal drifte, investere og vedlikeholde veiene sine.","robots":{"index":"index","follow":"follow","max-snippet":"max-snippet:-1","max-image-preview":"max-image-preview:large","max-video-preview":"max-video-preview:-1"},"canonical":"https:\/\/www.tryggtrafikk.no\/ung\/ungdomsrad\/trafikksikkerhetsplan\/","og_locale":"nb_NO","og_type":"article","og_title":"Trafikksikkerhetsplan","og_description":"Alle kommuner b\u00f8r ha en god plan for hvordan kommuner skal drifte, investere og vedlikeholde veiene sine.","og_url":"https:\/\/www.tryggtrafikk.no\/ung\/ungdomsrad\/trafikksikkerhetsplan\/","og_site_name":"UNG","article_modified_time":"2024-06-12T17:53:48+00:00","og_image":[{"width":2560,"height":1707,"url":"https:\/\/www.tryggtrafikk.no\/content\/uploads\/sites\/6\/2024\/06\/volodymyr-hryshchenko-KZocXyI3kRo-unsplash-scaled.jpg","type":"image\/jpeg"}],"twitter_card":"summary_large_image","twitter_misc":{"Ansl. lesetid":"1 minutt"},"schema":{"@context":"https:\/\/schema.org","@graph":[{"@type":"WebPage","@id":"https:\/\/www.tryggtrafikk.no\/ung\/ungdomsrad\/trafikksikkerhetsplan\/","url":"https:\/\/www.tryggtrafikk.no\/ung\/ungdomsrad\/trafikksikkerhetsplan\/","name":"Trafikksikkerhetsplan - UNG","isPartOf":{"@id":"https:\/\/www.tryggtrafikk.no\/ung\/#website"},"primaryImageOfPage":{"@id":"https:\/\/www.tryggtrafikk.no\/ung\/ungdomsrad\/trafikksikkerhetsplan\/#primaryimage"},"image":{"@id":"https:\/\/www.tryggtrafikk.no\/ung\/ungdomsrad\/trafikksikkerhetsplan\/#primaryimage"},"thumbnailUrl":"https:\/\/www.tryggtrafikk.no\/content\/uploads\/sites\/6\/2024\/06\/volodymyr-hryshchenko-KZocXyI3kRo-unsplash-scaled.jpg","datePublished":"2024-06-12T12:52:14+00:00","dateModified":"2024-06-12T17:53:48+00:00","description":"Alle kommuner b\u00f8r ha en god plan for hvordan kommuner skal drifte, investere og vedlikeholde veiene sine.","breadcrumb":{"@id":"https:\/\/www.tryggtrafikk.no\/ung\/ungdomsrad\/trafikksikkerhetsplan\/#breadcrumb"},"inLanguage":"nb-NO","potentialAction":[{"@type":"ReadAction","target":["https:\/\/www.tryggtrafikk.no\/ung\/ungdomsrad\/trafikksikkerhetsplan\/"]}]},{"@type":"ImageObject","inLanguage":"nb-NO","@id":"https:\/\/www.tryggtrafikk.no\/ung\/ungdomsrad\/trafikksikkerhetsplan\/#primaryimage","url":"https:\/\/www.tryggtrafikk.no\/content\/uploads\/sites\/6\/2024\/06\/volodymyr-hryshchenko-KZocXyI3kRo-unsplash-scaled.jpg","contentUrl":"https:\/\/www.tryggtrafikk.no\/content\/uploads\/sites\/6\/2024\/06\/volodymyr-hryshchenko-KZocXyI3kRo-unsplash-scaled.jpg","width":2560,"height":1707,"caption":"En \u00e5pen notatbok opp\u00e5 et tastatur ved siden av noen briller. I boken st\u00e5r det \"To do\"."},{"@type":"BreadcrumbList","@id":"https:\/\/www.tryggtrafikk.no\/ung\/ungdomsrad\/trafikksikkerhetsplan\/#breadcrumb","itemListElement":[{"@type":"ListItem","position":1,"name":"Home","item":"https:\/\/www.tryggtrafikk.no\/ung\/"},{"@type":"ListItem","position":2,"name":"Ungdomsr\u00e5d","item":"https:\/\/www.tryggtrafikk.no\/ung\/ungdomsrad\/"},{"@type":"ListItem","position":3,"name":"Trafikksikkerhetsplan"}]},{"@type":"WebSite","@id":"https:\/\/www.tryggtrafikk.no\/ung\/#website","url":"https:\/\/www.tryggtrafikk.no\/ung\/","name":"UNG","description":"","potentialAction":[{"@type":"SearchAction","target":{"@type":"EntryPoint","urlTemplate":"https:\/\/www.tryggtrafikk.no\/ung\/?s={search_term_string}"},"query-input":{"@type":"PropertyValueSpecification","valueRequired":true,"valueName":"search_term_string"}}],"inLanguage":"nb-NO"}]}},"_links":{"self":[{"href":"https:\/\/www.tryggtrafikk.no\/ung\/wp-json\/wp\/v2\/pages\/531","targetHints":{"allow":["GET"]}}],"collection":[{"href":"https:\/\/www.tryggtrafikk.no\/ung\/wp-json\/wp\/v2\/pages"}],"about":[{"href":"https:\/\/www.tryggtrafikk.no\/ung\/wp-json\/wp\/v2\/types\/page"}],"author":[{"embeddable":true,"href":"https:\/\/www.tryggtrafikk.no\/ung\/wp-json\/wp\/v2\/users\/6"}],"replies":[{"embeddable":true,"href":"https:\/\/www.tryggtrafikk.no\/ung\/wp-json\/wp\/v2\/comments?post=531"}],"version-history":[{"count":3,"href":"https:\/\/www.tryggtrafikk.no\/ung\/wp-json\/wp\/v2\/pages\/531\/revisions"}],"predecessor-version":[{"id":536,"href":"https:\/\/www.tryggtrafikk.no\/ung\/wp-json\/wp\/v2\/pages\/531\/revisions\/536"}],"up":[{"embeddable":true,"href":"https:\/\/www.tryggtrafikk.no\/ung\/wp-json\/wp\/v2\/pages\/525"}],"wp:featuredmedia":[{"embeddable":true,"href":"https:\/\/www.tryggtrafikk.no\/ung\/wp-json\/wp\/v2\/media\/532"}],"wp:attachment":[{"href":"https:\/\/www.tryggtrafikk.no\/ung\/wp-json\/wp\/v2\/media?parent=531"}],"wp:term":[{"taxonomy":"cs_tag","embeddable":true,"href":"https:\/\/www.tryggtrafikk.no\/ung\/wp-json\/wp\/v2\/cs_tag?post=531"}],"curies":[{"name":"wp","href":"https:\/\/api.w.org\/{rel}","templated":true}]}}