{"id":538,"date":"2024-06-12T17:43:21","date_gmt":"2024-06-12T17:43:21","guid":{"rendered":"https:\/\/www.tryggtrafikk.no\/ung\/?page_id=538"},"modified":"2024-06-12T17:54:38","modified_gmt":"2024-06-12T17:54:38","slug":"tryggere-skolevei-og-bygg","status":"publish","type":"page","link":"https:\/\/www.tryggtrafikk.no\/ung\/ungdomsrad\/tryggere-skolevei-og-bygg\/","title":{"rendered":"Tryggere skolevei og -bygg"},"content":{"rendered":"\n\t\t<div class=\"alignfull wp-block-tryggtrafikk-hero has-background has-hero-dark-background-color\" id=\"wp-block-tryggtrafikk-hero\">\n\t\t\t<div class=\"tryggtrafikk-hero__container\">\n\t\t\t\t<div class=\"tryggtrafikk-hero__image\"><img loading=\"lazy\" width=\"768\" height=\"512\" src=\"https:\/\/www.tryggtrafikk.no\/content\/uploads\/sites\/6\/2024\/06\/ben-wicks-iDCtsz-INHI-unsplash-768x512.jpg\" class=\"attachment-medium_large size-medium_large\" alt=\"Fire barn der vi bare ser dem fra brystet og ned. de st\u00e5r i regnst\u00f8vler.\" style=\"--focalpoint: 50% 50%;\" srcset=\"https:\/\/www.tryggtrafikk.no\/content\/uploads\/sites\/6\/2024\/06\/ben-wicks-iDCtsz-INHI-unsplash-768x512.jpg 768w, https:\/\/www.tryggtrafikk.no\/content\/uploads\/sites\/6\/2024\/06\/ben-wicks-iDCtsz-INHI-unsplash-300x200.jpg 300w, https:\/\/www.tryggtrafikk.no\/content\/uploads\/sites\/6\/2024\/06\/ben-wicks-iDCtsz-INHI-unsplash-1024x683.jpg 1024w, https:\/\/www.tryggtrafikk.no\/content\/uploads\/sites\/6\/2024\/06\/ben-wicks-iDCtsz-INHI-unsplash-1536x1024.jpg 1536w, https:\/\/www.tryggtrafikk.no\/content\/uploads\/sites\/6\/2024\/06\/ben-wicks-iDCtsz-INHI-unsplash-2048x1365.jpg 2048w\" sizes=\"auto, (max-width: 768px) 100vw, 768px\" \/><\/div>\n\t\t\t\t<div class=\"tryggtrafikk-hero__content-container\">\n\t\t\t\t\t<div class=\"site-breadcrumbs\"><span><span><a href=\"https:\/\/www.tryggtrafikk.no\/ung\/\">Home<\/a><\/span><\/span><\/div>\n\t\t\t\t\t<h1 class=\"tryggtrafikk-hero__title\">Tryggere skolevei og -bygg<\/h1>\n\t\t\t\t\t<div class=\"tryggtrafikk-hero__content\">\n\t\t\t\t\t\t\n<div class=\"has-text-align-left wp-block-post-excerpt\"><p class=\"wp-block-post-excerpt__excerpt\">Veldig ofte er det utfordringer med trafikken rundt skolen og i skolens n\u00e6romr\u00e5de. Her finnes det tiltak man kan gj\u00f8re for \u00e5 redusere risikoen for barn og unge p\u00e5 vei til skolen. <\/p><\/div>\n\n\t\t\t\t\t<\/div>\n\t\t\t\t<\/div>\n\t\t\t<\/div>\n\t\t<\/div>\n\t\t\n\n\n\t\t<div class=\"t2-simple-media-text alignwide is-mode-constrained is-gap-center wp-block-t2-simple-media-text has-background has-ung-light-purple-background-color\">\n\t\t\t<div class=\"t2-simple-media-text__container\">\n\t\t\t\t<figure class=\"t2-simple-media-text__image\"><img loading=\"lazy\" width=\"768\" height=\"512\" src=\"https:\/\/www.tryggtrafikk.no\/content\/uploads\/sites\/6\/2024\/06\/bekky-bekks-kjF7-DfBGJU-unsplash-768x512.jpg\" class=\"wp-image-539 size-medium_large attachment-medium_large\" alt=\"Et grafittihjerte p\u00e5 en murvegg.\" style=\"--focalpoint: 50% 50%;\" srcset=\"https:\/\/www.tryggtrafikk.no\/content\/uploads\/sites\/6\/2024\/06\/bekky-bekks-kjF7-DfBGJU-unsplash-768x512.jpg 768w, https:\/\/www.tryggtrafikk.no\/content\/uploads\/sites\/6\/2024\/06\/bekky-bekks-kjF7-DfBGJU-unsplash-300x200.jpg 300w, https:\/\/www.tryggtrafikk.no\/content\/uploads\/sites\/6\/2024\/06\/bekky-bekks-kjF7-DfBGJU-unsplash-1024x683.jpg 1024w, https:\/\/www.tryggtrafikk.no\/content\/uploads\/sites\/6\/2024\/06\/bekky-bekks-kjF7-DfBGJU-unsplash-1536x1024.jpg 1536w, https:\/\/www.tryggtrafikk.no\/content\/uploads\/sites\/6\/2024\/06\/bekky-bekks-kjF7-DfBGJU-unsplash-2048x1365.jpg 2048w\" sizes=\"auto, (max-width: 768px) 100vw, 768px\" \/><\/figure>\n\t\t\t\t<div class=\"t2-simple-media-text__content-container\">\n\t\t\t\t\t<div class=\"t2-simple-media-text__content\">\n\t\t\t\t\t\t<div class=\"t2-simple-media-text__content-inner is-layout-flow\">\n\t\t\t\t\t\t\t\n\n<h2 class=\"wp-block-heading\" id=\"h-hjertesone-tryggere-skolevei\">Hjertesone \u2013 tryggere skolevei!<\/h2>\n\n\n\n<p>En hjertesone rundt skolen gj\u00f8r det sikrere for elevene \u00e5 g\u00e5 eller sykle. Mindre biltrafikk og tryggere stopp- og hentesoner er bra for alle! Her kan alle bidra, b\u00e5de l\u00e6rere, foreldre, elever og andre som ferdes rundt skolene. Ungdomsr\u00e5det kan sette dette p\u00e5 dagsorden og bidra til at det blir laget enda bedre l\u00f8sninger.<\/p>\n\n\n\n<p>Lurer du p\u00e5 hvordan? <strong><a href=\"https:\/\/www.tryggtrafikk.no\/barnehage-og-skole\/hjertesone-tryggere-skolevei\/\">Les mer om hjertesone!<\/a><\/strong><\/p>\n\n\n\t\t\t\t\t\t<\/div>\n\t\t\t\t\t<\/div>\n\t\t\t\t<\/div>\n\t\t\t<\/div>\n\t\t<\/div>\n\t\t\n\n\n<h2 class=\"wp-block-heading\" id=\"h-nye-skolebygg\">Nye skolebygg<\/h2>\n\n\n\n<p>N\u00e5r det skal bygges nye skoler eller de gamle skal bygges om, b\u00f8r ungdomsr\u00e5det v\u00e6re med og finne gode l\u00f8sninger. Det gjelder ogs\u00e5 for hvordan trafikksikkerheten ivaretas best mulig. Bruk stemmen deres som ungdomsr\u00e5d for \u00e5 lage trygge l\u00f8sninger for barn og unge i hverdagen!&nbsp;&nbsp;<\/p>\n\n\n\n<p>Lurer du p\u00e5 hvordan? Her kan du se hvordan du kan p\u00e5virke.<\/p>\n\n\n\n<figure class=\"wp-block-embed is-type-video is-provider-youtube wp-block-embed-youtube wp-embed-aspect-16-9 wp-has-aspect-ratio\"><div class=\"wp-block-embed__wrapper\">\n<iframe loading=\"lazy\" title=\"Planlegging av omr\u00e5de rundt nye skoler\" width=\"500\" height=\"281\" src=\"https:\/\/www.youtube.com\/embed\/Hdq7fx7JTs4?feature=oembed&#038;enablejsapi=1\" frameborder=\"0\" allow=\"accelerometer; autoplay; clipboard-write; encrypted-media; gyroscope; picture-in-picture; web-share\" referrerpolicy=\"strict-origin-when-cross-origin\" allowfullscreen><\/iframe>\n<\/div><\/figure>\n\n\n\n\t\t<div class=\"t2-factbox wp-block-t2-factbox\" id=\"t2-factbox\">\n\t\t\t<div class=\"t2-factbox__content\">\n\t\t\t\t<div class=\"t2-factbox__blocks t2-factbox__inner-container is-layout-flow\">\n\t\t\t\t\t\n\n<h2 class=\"wp-block-heading\" id=\"h-hva-kan-vaere-lurt-a-tenke-pa\">Hva kan v\u00e6re lurt \u00e5 tenke p\u00e5?<\/h2>\n\n\n\n<ul class=\"wp-block-list\">\n<li>Skoleveien m\u00e5 v\u00e6re trygg og tilrettelagt for fotgjengere og syklister. Vurder gang- og sykkelstier, overganger, trafikklys og gangfelt.\u00a0<\/li>\n\n\n\n<li>Tilgjengelighet for personer med nedsatt funksjonsevne, som rullestolbrukere eller synshemmede, m\u00e5 ivaretas.\u00a0<\/li>\n\n\n\n<li>Husk at barn og unge ofte velger korteste vei, ikke n\u00f8dvendigvis sikreste vei \u2013 og ta hensyn til det n\u00e5r anleggsarbeidet p\u00e5g\u00e5r.\u00a0<\/li>\n\n\n\n<li>Trafikkflyten rundt skolen b\u00f8r v\u00e6re oversiktlig og ha klare kj\u00f8reregler.\u00a0<\/li>\n<\/ul>\n\n\n\n<ul class=\"wp-block-list\">\n<li>Parkering for ansatte og bes\u00f8kende m\u00e5 v\u00e6re godt organisert og ikke skape farlige situasjoner.\u00a0<\/li>\n\n\n\n<li>Det b\u00f8r etableres gode \u201cdrop-soner\u201d\u00a0<\/li>\n\n\n\n<li>Skoleg\u00e5rden og uteomr\u00e5det b\u00f8r v\u00e6re trafikksikkert. Unng\u00e5 farlige hindringer eller uoversiktlige omr\u00e5der.\u00a0<\/li>\n\n\n\n<li>Varelevering, renovasjon og andre store biler m\u00e5 holdes adskilt fra myke trafikanter.\u00a0<\/li>\n\n\n\n<li>Sykkelparkering b\u00f8r v\u00e6re tilgjengelig og sikret.\u00a0<\/li>\n\n\n\n<li>Vurder skolebusstransporten og tilrettelegg for trygg p\u00e5- og avstigning.\u00a0<\/li>\n\n\n\n<li>S\u00f8rg for at den nye skolen har god tilknytning til kollektivtransport.\u00a0<\/li>\n\n\n\n<li>Involver kommunen, politiet og andre relevante akt\u00f8rer i planleggingsprosessen.\u00a0<\/li>\n\n\n\n<li>Gjennomf\u00f8r trafikksikkerhetsvurderinger og risikoanalyser.\u00a0<\/li>\n<\/ul>\n\n\n\n<p>Husk at trafikksikkerhet er et felles ansvar, og god planlegging kan bidra til \u00e5 skape en trygg skolehverdag for alle involverte.&nbsp;<\/p>\n\n\n\t\t\t\t<\/div>\n\t\t\t\t\n\t\t\t<\/div>\n\t\t\t\n\t\t<\/div>","protected":false},"excerpt":{"rendered":"<p>Veldig ofte er det utfordringer med trafikken rundt skolen og i skolens n\u00e6romr\u00e5de. Her finnes det tiltak man kan gj\u00f8re for \u00e5 redusere risikoen for barn og unge p\u00e5 vei til skolen.<\/p>\n","protected":false},"author":6,"featured_media":540,"parent":525,"menu_order":0,"comment_status":"closed","ping_status":"closed","template":"","meta":{"show_toc":false,"tryggtrafikk_poll_votes":[],"hide_header_title":false,"alt_breadcrumbs_title":"","footnotes":"","boosted":0},"cs_tag":[],"class_list":["post-538","page","type-page","status-publish","has-post-thumbnail","hentry"],"yoast_head":"<!-- This site is optimized with the Yoast SEO Premium plugin v26.1 (Yoast SEO v26.1.1) - https:\/\/yoast.com\/wordpress\/plugins\/seo\/ -->\n<title>Tryggere skolevei og -bygg - UNG<\/title>\n<meta name=\"description\" content=\"Veldig ofte er det utfordringer med trafikken rundt skolen og i skolens n\u00e6romr\u00e5de. Her finnes det tiltak man kan gj\u00f8re for \u00e5 redusere risikoen for barn og unge p\u00e5 vei til skolen.\" \/>\n<meta name=\"robots\" content=\"index, follow, max-snippet:-1, max-image-preview:large, max-video-preview:-1\" \/>\n<link rel=\"canonical\" href=\"https:\/\/www.tryggtrafikk.no\/ung\/ungdomsrad\/tryggere-skolevei-og-bygg\/\" \/>\n<meta property=\"og:locale\" content=\"nb_NO\" \/>\n<meta property=\"og:type\" content=\"article\" \/>\n<meta property=\"og:title\" content=\"Tryggere skolevei og -bygg\" \/>\n<meta property=\"og:description\" content=\"Veldig ofte er det utfordringer med trafikken rundt skolen og i skolens n\u00e6romr\u00e5de. Her finnes det tiltak man kan gj\u00f8re for \u00e5 redusere risikoen for barn og unge p\u00e5 vei til skolen.\" \/>\n<meta property=\"og:url\" content=\"https:\/\/www.tryggtrafikk.no\/ung\/ungdomsrad\/tryggere-skolevei-og-bygg\/\" \/>\n<meta property=\"og:site_name\" content=\"UNG\" \/>\n<meta property=\"article:modified_time\" content=\"2024-06-12T17:54:38+00:00\" \/>\n<meta property=\"og:image\" content=\"https:\/\/www.tryggtrafikk.no\/content\/uploads\/sites\/6\/2024\/06\/ben-wicks-iDCtsz-INHI-unsplash-scaled.jpg\" \/>\n\t<meta property=\"og:image:width\" content=\"2560\" \/>\n\t<meta property=\"og:image:height\" content=\"1707\" \/>\n\t<meta property=\"og:image:type\" content=\"image\/jpeg\" \/>\n<meta name=\"twitter:card\" content=\"summary_large_image\" \/>\n<meta name=\"twitter:label1\" content=\"Ansl. lesetid\" \/>\n\t<meta name=\"twitter:data1\" content=\"2 minutter\" \/>\n<script type=\"application\/ld+json\" class=\"yoast-schema-graph\">{\"@context\":\"https:\/\/schema.org\",\"@graph\":[{\"@type\":\"WebPage\",\"@id\":\"https:\/\/www.tryggtrafikk.no\/ung\/ungdomsrad\/tryggere-skolevei-og-bygg\/\",\"url\":\"https:\/\/www.tryggtrafikk.no\/ung\/ungdomsrad\/tryggere-skolevei-og-bygg\/\",\"name\":\"Tryggere skolevei og -bygg - UNG\",\"isPartOf\":{\"@id\":\"https:\/\/www.tryggtrafikk.no\/ung\/#website\"},\"primaryImageOfPage\":{\"@id\":\"https:\/\/www.tryggtrafikk.no\/ung\/ungdomsrad\/tryggere-skolevei-og-bygg\/#primaryimage\"},\"image\":{\"@id\":\"https:\/\/www.tryggtrafikk.no\/ung\/ungdomsrad\/tryggere-skolevei-og-bygg\/#primaryimage\"},\"thumbnailUrl\":\"https:\/\/www.tryggtrafikk.no\/content\/uploads\/sites\/6\/2024\/06\/ben-wicks-iDCtsz-INHI-unsplash-scaled.jpg\",\"datePublished\":\"2024-06-12T17:43:21+00:00\",\"dateModified\":\"2024-06-12T17:54:38+00:00\",\"description\":\"Veldig ofte er det utfordringer med trafikken rundt skolen og i skolens n\u00e6romr\u00e5de. Her finnes det tiltak man kan gj\u00f8re for \u00e5 redusere risikoen for barn og unge p\u00e5 vei til skolen.\",\"breadcrumb\":{\"@id\":\"https:\/\/www.tryggtrafikk.no\/ung\/ungdomsrad\/tryggere-skolevei-og-bygg\/#breadcrumb\"},\"inLanguage\":\"nb-NO\",\"potentialAction\":[{\"@type\":\"ReadAction\",\"target\":[\"https:\/\/www.tryggtrafikk.no\/ung\/ungdomsrad\/tryggere-skolevei-og-bygg\/\"]}]},{\"@type\":\"ImageObject\",\"inLanguage\":\"nb-NO\",\"@id\":\"https:\/\/www.tryggtrafikk.no\/ung\/ungdomsrad\/tryggere-skolevei-og-bygg\/#primaryimage\",\"url\":\"https:\/\/www.tryggtrafikk.no\/content\/uploads\/sites\/6\/2024\/06\/ben-wicks-iDCtsz-INHI-unsplash-scaled.jpg\",\"contentUrl\":\"https:\/\/www.tryggtrafikk.no\/content\/uploads\/sites\/6\/2024\/06\/ben-wicks-iDCtsz-INHI-unsplash-scaled.jpg\",\"width\":2560,\"height\":1707,\"caption\":\"Fire barn der vi bare ser dem fra brystet og ned. de st\u00e5r i regnst\u00f8vler.\"},{\"@type\":\"BreadcrumbList\",\"@id\":\"https:\/\/www.tryggtrafikk.no\/ung\/ungdomsrad\/tryggere-skolevei-og-bygg\/#breadcrumb\",\"itemListElement\":[{\"@type\":\"ListItem\",\"position\":1,\"name\":\"Home\",\"item\":\"https:\/\/www.tryggtrafikk.no\/ung\/\"},{\"@type\":\"ListItem\",\"position\":2,\"name\":\"Ungdomsr\u00e5d\",\"item\":\"https:\/\/www.tryggtrafikk.no\/ung\/ungdomsrad\/\"},{\"@type\":\"ListItem\",\"position\":3,\"name\":\"Tryggere skolevei og -bygg\"}]},{\"@type\":\"WebSite\",\"@id\":\"https:\/\/www.tryggtrafikk.no\/ung\/#website\",\"url\":\"https:\/\/www.tryggtrafikk.no\/ung\/\",\"name\":\"UNG\",\"description\":\"\",\"potentialAction\":[{\"@type\":\"SearchAction\",\"target\":{\"@type\":\"EntryPoint\",\"urlTemplate\":\"https:\/\/www.tryggtrafikk.no\/ung\/?s={search_term_string}\"},\"query-input\":{\"@type\":\"PropertyValueSpecification\",\"valueRequired\":true,\"valueName\":\"search_term_string\"}}],\"inLanguage\":\"nb-NO\"}]}<\/script>\n<!-- \/ Yoast SEO Premium plugin. -->","yoast_head_json":{"title":"Tryggere skolevei og -bygg - UNG","description":"Veldig ofte er det utfordringer med trafikken rundt skolen og i skolens n\u00e6romr\u00e5de. Her finnes det tiltak man kan gj\u00f8re for \u00e5 redusere risikoen for barn og unge p\u00e5 vei til skolen.","robots":{"index":"index","follow":"follow","max-snippet":"max-snippet:-1","max-image-preview":"max-image-preview:large","max-video-preview":"max-video-preview:-1"},"canonical":"https:\/\/www.tryggtrafikk.no\/ung\/ungdomsrad\/tryggere-skolevei-og-bygg\/","og_locale":"nb_NO","og_type":"article","og_title":"Tryggere skolevei og -bygg","og_description":"Veldig ofte er det utfordringer med trafikken rundt skolen og i skolens n\u00e6romr\u00e5de. Her finnes det tiltak man kan gj\u00f8re for \u00e5 redusere risikoen for barn og unge p\u00e5 vei til skolen.","og_url":"https:\/\/www.tryggtrafikk.no\/ung\/ungdomsrad\/tryggere-skolevei-og-bygg\/","og_site_name":"UNG","article_modified_time":"2024-06-12T17:54:38+00:00","og_image":[{"width":2560,"height":1707,"url":"https:\/\/www.tryggtrafikk.no\/content\/uploads\/sites\/6\/2024\/06\/ben-wicks-iDCtsz-INHI-unsplash-scaled.jpg","type":"image\/jpeg"}],"twitter_card":"summary_large_image","twitter_misc":{"Ansl. lesetid":"2 minutter"},"schema":{"@context":"https:\/\/schema.org","@graph":[{"@type":"WebPage","@id":"https:\/\/www.tryggtrafikk.no\/ung\/ungdomsrad\/tryggere-skolevei-og-bygg\/","url":"https:\/\/www.tryggtrafikk.no\/ung\/ungdomsrad\/tryggere-skolevei-og-bygg\/","name":"Tryggere skolevei og -bygg - UNG","isPartOf":{"@id":"https:\/\/www.tryggtrafikk.no\/ung\/#website"},"primaryImageOfPage":{"@id":"https:\/\/www.tryggtrafikk.no\/ung\/ungdomsrad\/tryggere-skolevei-og-bygg\/#primaryimage"},"image":{"@id":"https:\/\/www.tryggtrafikk.no\/ung\/ungdomsrad\/tryggere-skolevei-og-bygg\/#primaryimage"},"thumbnailUrl":"https:\/\/www.tryggtrafikk.no\/content\/uploads\/sites\/6\/2024\/06\/ben-wicks-iDCtsz-INHI-unsplash-scaled.jpg","datePublished":"2024-06-12T17:43:21+00:00","dateModified":"2024-06-12T17:54:38+00:00","description":"Veldig ofte er det utfordringer med trafikken rundt skolen og i skolens n\u00e6romr\u00e5de. Her finnes det tiltak man kan gj\u00f8re for \u00e5 redusere risikoen for barn og unge p\u00e5 vei til skolen.","breadcrumb":{"@id":"https:\/\/www.tryggtrafikk.no\/ung\/ungdomsrad\/tryggere-skolevei-og-bygg\/#breadcrumb"},"inLanguage":"nb-NO","potentialAction":[{"@type":"ReadAction","target":["https:\/\/www.tryggtrafikk.no\/ung\/ungdomsrad\/tryggere-skolevei-og-bygg\/"]}]},{"@type":"ImageObject","inLanguage":"nb-NO","@id":"https:\/\/www.tryggtrafikk.no\/ung\/ungdomsrad\/tryggere-skolevei-og-bygg\/#primaryimage","url":"https:\/\/www.tryggtrafikk.no\/content\/uploads\/sites\/6\/2024\/06\/ben-wicks-iDCtsz-INHI-unsplash-scaled.jpg","contentUrl":"https:\/\/www.tryggtrafikk.no\/content\/uploads\/sites\/6\/2024\/06\/ben-wicks-iDCtsz-INHI-unsplash-scaled.jpg","width":2560,"height":1707,"caption":"Fire barn der vi bare ser dem fra brystet og ned. de st\u00e5r i regnst\u00f8vler."},{"@type":"BreadcrumbList","@id":"https:\/\/www.tryggtrafikk.no\/ung\/ungdomsrad\/tryggere-skolevei-og-bygg\/#breadcrumb","itemListElement":[{"@type":"ListItem","position":1,"name":"Home","item":"https:\/\/www.tryggtrafikk.no\/ung\/"},{"@type":"ListItem","position":2,"name":"Ungdomsr\u00e5d","item":"https:\/\/www.tryggtrafikk.no\/ung\/ungdomsrad\/"},{"@type":"ListItem","position":3,"name":"Tryggere skolevei og -bygg"}]},{"@type":"WebSite","@id":"https:\/\/www.tryggtrafikk.no\/ung\/#website","url":"https:\/\/www.tryggtrafikk.no\/ung\/","name":"UNG","description":"","potentialAction":[{"@type":"SearchAction","target":{"@type":"EntryPoint","urlTemplate":"https:\/\/www.tryggtrafikk.no\/ung\/?s={search_term_string}"},"query-input":{"@type":"PropertyValueSpecification","valueRequired":true,"valueName":"search_term_string"}}],"inLanguage":"nb-NO"}]}},"_links":{"self":[{"href":"https:\/\/www.tryggtrafikk.no\/ung\/wp-json\/wp\/v2\/pages\/538","targetHints":{"allow":["GET"]}}],"collection":[{"href":"https:\/\/www.tryggtrafikk.no\/ung\/wp-json\/wp\/v2\/pages"}],"about":[{"href":"https:\/\/www.tryggtrafikk.no\/ung\/wp-json\/wp\/v2\/types\/page"}],"author":[{"embeddable":true,"href":"https:\/\/www.tryggtrafikk.no\/ung\/wp-json\/wp\/v2\/users\/6"}],"replies":[{"embeddable":true,"href":"https:\/\/www.tryggtrafikk.no\/ung\/wp-json\/wp\/v2\/comments?post=538"}],"version-history":[{"count":3,"href":"https:\/\/www.tryggtrafikk.no\/ung\/wp-json\/wp\/v2\/pages\/538\/revisions"}],"predecessor-version":[{"id":553,"href":"https:\/\/www.tryggtrafikk.no\/ung\/wp-json\/wp\/v2\/pages\/538\/revisions\/553"}],"up":[{"embeddable":true,"href":"https:\/\/www.tryggtrafikk.no\/ung\/wp-json\/wp\/v2\/pages\/525"}],"wp:featuredmedia":[{"embeddable":true,"href":"https:\/\/www.tryggtrafikk.no\/ung\/wp-json\/wp\/v2\/media\/540"}],"wp:attachment":[{"href":"https:\/\/www.tryggtrafikk.no\/ung\/wp-json\/wp\/v2\/media?parent=538"}],"wp:term":[{"taxonomy":"cs_tag","embeddable":true,"href":"https:\/\/www.tryggtrafikk.no\/ung\/wp-json\/wp\/v2\/cs_tag?post=538"}],"curies":[{"name":"wp","href":"https:\/\/api.w.org\/{rel}","templated":true}]}}