{"id":549,"date":"2024-06-12T17:53:12","date_gmt":"2024-06-12T17:53:12","guid":{"rendered":"https:\/\/www.tryggtrafikk.no\/ung\/?page_id=549"},"modified":"2024-06-12T17:53:12","modified_gmt":"2024-06-12T17:53:12","slug":"hvorfor-er-trafikksikkerhet-viktig","status":"publish","type":"page","link":"https:\/\/www.tryggtrafikk.no\/ung\/ungdomsrad\/hvorfor-er-trafikksikkerhet-viktig\/","title":{"rendered":"Hvorfor er trafikksikkerhet viktig?"},"content":{"rendered":"\n\t\t<div class=\"alignfull wp-block-tryggtrafikk-hero has-background has-hero-dark-background-color\" id=\"wp-block-tryggtrafikk-hero\">\n\t\t\t<div class=\"tryggtrafikk-hero__container\">\n\t\t\t\t<div class=\"tryggtrafikk-hero__image\"><img loading=\"lazy\" width=\"768\" height=\"512\" src=\"https:\/\/www.tryggtrafikk.no\/content\/uploads\/sites\/6\/2024\/06\/jackie-alexander-v0TfIt-S6-o-unsplash-768x512.jpg\" class=\"attachment-medium_large size-medium_large\" alt=\"Gutt eller jente p\u00e5 sykkel med hjelm og sekk p\u00e5.\" style=\"--focalpoint: 50% 50%;\" srcset=\"https:\/\/www.tryggtrafikk.no\/content\/uploads\/sites\/6\/2024\/06\/jackie-alexander-v0TfIt-S6-o-unsplash-768x512.jpg 768w, https:\/\/www.tryggtrafikk.no\/content\/uploads\/sites\/6\/2024\/06\/jackie-alexander-v0TfIt-S6-o-unsplash-300x200.jpg 300w, https:\/\/www.tryggtrafikk.no\/content\/uploads\/sites\/6\/2024\/06\/jackie-alexander-v0TfIt-S6-o-unsplash-1024x683.jpg 1024w, https:\/\/www.tryggtrafikk.no\/content\/uploads\/sites\/6\/2024\/06\/jackie-alexander-v0TfIt-S6-o-unsplash-1536x1024.jpg 1536w, https:\/\/www.tryggtrafikk.no\/content\/uploads\/sites\/6\/2024\/06\/jackie-alexander-v0TfIt-S6-o-unsplash-2048x1365.jpg 2048w\" sizes=\"auto, (max-width: 768px) 100vw, 768px\" \/><\/div>\n\t\t\t\t<div class=\"tryggtrafikk-hero__content-container\">\n\t\t\t\t\t<div class=\"site-breadcrumbs\"><span><span><a href=\"https:\/\/www.tryggtrafikk.no\/ung\/\">Home<\/a><\/span><\/span><\/div>\n\t\t\t\t\t<h1 class=\"tryggtrafikk-hero__title\">Hvorfor er trafikksikkerhet viktig?<\/h1>\n\t\t\t\t\t<div class=\"tryggtrafikk-hero__content\">\n\t\t\t\t\t\t\n<div class=\"has-text-align-left wp-block-post-excerpt\"><p class=\"wp-block-post-excerpt__excerpt\">\u201cNullvisjonen\u201d er en visjon om at ingen skal bli drept eller hardt skadde i trafikken, og den har v\u00e6rt grunnlaget for alt trafikksikkerhetsarbeidet siden 2001. <\/p><\/div>\n\n\t\t\t\t\t<\/div>\n\t\t\t\t<\/div>\n\t\t\t<\/div>\n\t\t<\/div>\n\t\t\n\n\n<p>I stortingsmeldingen om Nasjonal transportplan (NTP) er det nedfelt en ambisjon at det innen 2030 maksimalt skal v\u00e6re 350 drepte eller hardt skadde i veitrafikken, hvorav maksimalt 50 drepte.<\/p>\n\n\n\n<p>Ingen skal omkomme i veitrafikken i 2050. Etappem\u00e5let i 2030 inneb\u00e6rer at antall omkomne i veitrafikken skal mer enn halveres i f\u00f8rste seks\u00e5rsperiode. Nullvisjonen forutsetter et langsiktig, systematisk, kunnskapsbasert og m\u00e5lrettet arbeid av alle akt\u00f8rer som p\u00e5virker sikkerheten i veisystemet. Nullvisjonen bygger p\u00e5 et delt ansvar mellom myndighetene og trafikantene.&nbsp;<\/p>\n\n\n\n<p>Veitrafikkulykker er et betydelig samfunns- problem med store menneskelige lidelser og h\u00f8ye samfunnskostnader. Basert pa\u030a statistikk de siste \u00e5rene, er de samfunns\u00f8konomiske kostnadene ved trafikkulykker i Norge i st\u00f8rrelsesorden 30 mrd. kr (2024-kr). Dette omfatter b\u00e5de kostnader til personskade og til materielle skader.&nbsp;&nbsp;<\/p>\n\n\n\n<p>Helt siden 1970 har det v\u00e6rt drevet et langsiktig og m\u00e5lrettet trafikksikkerhetsarbeid i Norge, og dette har gitt resultater. Antall drepte per \u00e5r er redusert fra 560 i 1970 til om lag 100 de siste \u00e5rene.&nbsp;&nbsp;<\/p>\n\n\n\n<p>Arbeid med \u00e5 redusere trafikkulykker har gitt spesielt gode resultater n\u00e5r det gjelder barn og unge. I 1969 ble 103 barn drept i trafikk- ulykker. I 2019 var det for f\u00f8rste gang ingen barn som ble drept i trafikken. Etter 2019 har antall omkomne i aldersgruppen 0\u201314 \u00e5r variert mellom 2\u20137 per \u00e5r, noe som viser at resultatene ikke kan tas for gitt og krever vedvarende innsats. Fortsatt skades for mange barn alvorlig i trafikken.&nbsp;<\/p>\n\n\n\n<h2 class=\"wp-block-heading alignwide has-text-align-center\" id=\"h-trygg-trafikk-for-alle\">Trygg trafikk for alle<\/h2>\n\n\n\n<p>For at vi sammen skal n\u00e5 de nasjonale m\u00e5lene i nullsvisjonen om at det innen 2030 skal maksimalt v\u00e6re 350 drepte og hardt skadde i veitrafikken, hvorav maksimalt 50 drepte og at ingen skal omkomme i veitrafikken i 2050, er det avgj\u00f8rende at vi tar i bruk flere virkemidler.<\/p>\n\n\n\n\t\t<div class=\"t2-factbox wp-block-t2-factbox\" id=\"t2-factbox\">\n\t\t\t<div class=\"t2-factbox__content\">\n\t\t\t\t<div class=\"t2-factbox__blocks t2-factbox__inner-container is-layout-flow\">\n\t\t\t\t\t\n\n<h2 class=\"wp-block-heading\" id=\"h-virkemidler\">Virkemidler<\/h2>\n\n\n\n<ul class=\"wp-block-list\">\n<li>God og helhetlig trafikkoppl\u00e6ring for barn og unge&nbsp;<\/li>\n\n\n\n<li>P\u00e5virke alle trafikanter til \u00e5 ferdes med minst mulig risiko i trafikken&nbsp;<\/li>\n\n\n\n<li>Tilrettelegge for gode og trygge l\u00f8sninger for myke trafikanter&nbsp;<\/li>\n\n\n\n<li>Lavest mulig fartsgrenser der det er ulike trafikantgrupper som ferdes&nbsp;&nbsp;<\/li>\n\n\n\n<li>Bygge nye veier der det kan redusere risikoen for alvorlige ulykker, eller utbedre eksisterende veier.&nbsp;&nbsp;<\/li>\n\n\n\n<li>Kommuner og fylkeskommuner m\u00e5 ha gode trafikksikkerhetsplaner som brukes aktivt.&nbsp;&nbsp;&nbsp;<\/li>\n\n\n\n<li>P\u00e5virke trafikantene til \u00e5 respektere og f\u00f8lge trafikkreglene.&nbsp;<\/li>\n<\/ul>\n\n\n\n<ul class=\"wp-block-list\">\n<li>Alle kommuner jobber helhetlig for at alle innbyggerne skal komme trygt hjem&nbsp;<\/li>\n\n\n\n<li>Myndighetene intensiverer kontrollvirksomheten (politi, vegvesen, tolletat)&nbsp;<\/li>\n\n\n\n<li>Endre lover og forskrifter som virkemiddel for \u00e5 redusere ulykker&nbsp;<\/li>\n<\/ul>\n\n\n\t\t\t\t<\/div>\n\t\t\t\t\n\t\t\t<\/div>\n\t\t\t\n\t\t<\/div>","protected":false},"excerpt":{"rendered":"<p>\u201cNullvisjonen\u201d er en visjon om at ingen skal bli drept eller hardt skadde i trafikken, og den har v\u00e6rt grunnlaget for alt trafikksikkerhetsarbeidet siden 2001. <\/p>\n","protected":false},"author":6,"featured_media":550,"parent":525,"menu_order":0,"comment_status":"closed","ping_status":"closed","template":"","meta":{"show_toc":false,"tryggtrafikk_poll_votes":[],"hide_header_title":false,"alt_breadcrumbs_title":"","footnotes":"","boosted":0},"cs_tag":[],"class_list":["post-549","page","type-page","status-publish","has-post-thumbnail","hentry"],"yoast_head":"<!-- This site is optimized with the Yoast SEO Premium plugin v26.1 (Yoast SEO v26.1.1) - https:\/\/yoast.com\/wordpress\/plugins\/seo\/ -->\n<title>Hvorfor er trafikksikkerhet viktig? - UNG<\/title>\n<meta name=\"robots\" content=\"index, follow, max-snippet:-1, max-image-preview:large, max-video-preview:-1\" \/>\n<link rel=\"canonical\" href=\"https:\/\/www.tryggtrafikk.no\/ung\/ungdomsrad\/hvorfor-er-trafikksikkerhet-viktig\/\" \/>\n<meta property=\"og:locale\" content=\"nb_NO\" \/>\n<meta property=\"og:type\" content=\"article\" \/>\n<meta property=\"og:title\" content=\"Hvorfor er trafikksikkerhet viktig?\" \/>\n<meta property=\"og:description\" content=\"\u201cNullvisjonen\u201d er en visjon om at ingen skal bli drept eller hardt skadde i trafikken, og den har v\u00e6rt grunnlaget for alt trafikksikkerhetsarbeidet siden 2001.\" \/>\n<meta property=\"og:url\" content=\"https:\/\/www.tryggtrafikk.no\/ung\/ungdomsrad\/hvorfor-er-trafikksikkerhet-viktig\/\" \/>\n<meta property=\"og:site_name\" content=\"UNG\" \/>\n<meta property=\"og:image\" content=\"https:\/\/www.tryggtrafikk.no\/content\/uploads\/sites\/6\/2024\/06\/jackie-alexander-v0TfIt-S6-o-unsplash-scaled.jpg\" \/>\n\t<meta property=\"og:image:width\" content=\"2560\" \/>\n\t<meta property=\"og:image:height\" content=\"1707\" \/>\n\t<meta property=\"og:image:type\" content=\"image\/jpeg\" \/>\n<meta name=\"twitter:card\" content=\"summary_large_image\" \/>\n<meta name=\"twitter:label1\" content=\"Ansl. lesetid\" \/>\n\t<meta name=\"twitter:data1\" content=\"3 minutter\" \/>\n<script type=\"application\/ld+json\" class=\"yoast-schema-graph\">{\"@context\":\"https:\/\/schema.org\",\"@graph\":[{\"@type\":\"WebPage\",\"@id\":\"https:\/\/www.tryggtrafikk.no\/ung\/ungdomsrad\/hvorfor-er-trafikksikkerhet-viktig\/\",\"url\":\"https:\/\/www.tryggtrafikk.no\/ung\/ungdomsrad\/hvorfor-er-trafikksikkerhet-viktig\/\",\"name\":\"Hvorfor er trafikksikkerhet viktig? - UNG\",\"isPartOf\":{\"@id\":\"https:\/\/www.tryggtrafikk.no\/ung\/#website\"},\"primaryImageOfPage\":{\"@id\":\"https:\/\/www.tryggtrafikk.no\/ung\/ungdomsrad\/hvorfor-er-trafikksikkerhet-viktig\/#primaryimage\"},\"image\":{\"@id\":\"https:\/\/www.tryggtrafikk.no\/ung\/ungdomsrad\/hvorfor-er-trafikksikkerhet-viktig\/#primaryimage\"},\"thumbnailUrl\":\"https:\/\/www.tryggtrafikk.no\/content\/uploads\/sites\/6\/2024\/06\/jackie-alexander-v0TfIt-S6-o-unsplash-scaled.jpg\",\"datePublished\":\"2024-06-12T17:53:12+00:00\",\"breadcrumb\":{\"@id\":\"https:\/\/www.tryggtrafikk.no\/ung\/ungdomsrad\/hvorfor-er-trafikksikkerhet-viktig\/#breadcrumb\"},\"inLanguage\":\"nb-NO\",\"potentialAction\":[{\"@type\":\"ReadAction\",\"target\":[\"https:\/\/www.tryggtrafikk.no\/ung\/ungdomsrad\/hvorfor-er-trafikksikkerhet-viktig\/\"]}]},{\"@type\":\"ImageObject\",\"inLanguage\":\"nb-NO\",\"@id\":\"https:\/\/www.tryggtrafikk.no\/ung\/ungdomsrad\/hvorfor-er-trafikksikkerhet-viktig\/#primaryimage\",\"url\":\"https:\/\/www.tryggtrafikk.no\/content\/uploads\/sites\/6\/2024\/06\/jackie-alexander-v0TfIt-S6-o-unsplash-scaled.jpg\",\"contentUrl\":\"https:\/\/www.tryggtrafikk.no\/content\/uploads\/sites\/6\/2024\/06\/jackie-alexander-v0TfIt-S6-o-unsplash-scaled.jpg\",\"width\":2560,\"height\":1707,\"caption\":\"Gutt eller jente p\u00e5 sykkel med hjelm og sekk p\u00e5.\"},{\"@type\":\"BreadcrumbList\",\"@id\":\"https:\/\/www.tryggtrafikk.no\/ung\/ungdomsrad\/hvorfor-er-trafikksikkerhet-viktig\/#breadcrumb\",\"itemListElement\":[{\"@type\":\"ListItem\",\"position\":1,\"name\":\"Home\",\"item\":\"https:\/\/www.tryggtrafikk.no\/ung\/\"},{\"@type\":\"ListItem\",\"position\":2,\"name\":\"Ungdomsr\u00e5d\",\"item\":\"https:\/\/www.tryggtrafikk.no\/ung\/ungdomsrad\/\"},{\"@type\":\"ListItem\",\"position\":3,\"name\":\"Hvorfor er trafikksikkerhet viktig?\"}]},{\"@type\":\"WebSite\",\"@id\":\"https:\/\/www.tryggtrafikk.no\/ung\/#website\",\"url\":\"https:\/\/www.tryggtrafikk.no\/ung\/\",\"name\":\"UNG\",\"description\":\"\",\"potentialAction\":[{\"@type\":\"SearchAction\",\"target\":{\"@type\":\"EntryPoint\",\"urlTemplate\":\"https:\/\/www.tryggtrafikk.no\/ung\/?s={search_term_string}\"},\"query-input\":{\"@type\":\"PropertyValueSpecification\",\"valueRequired\":true,\"valueName\":\"search_term_string\"}}],\"inLanguage\":\"nb-NO\"}]}<\/script>\n<!-- \/ Yoast SEO Premium plugin. -->","yoast_head_json":{"title":"Hvorfor er trafikksikkerhet viktig? - UNG","robots":{"index":"index","follow":"follow","max-snippet":"max-snippet:-1","max-image-preview":"max-image-preview:large","max-video-preview":"max-video-preview:-1"},"canonical":"https:\/\/www.tryggtrafikk.no\/ung\/ungdomsrad\/hvorfor-er-trafikksikkerhet-viktig\/","og_locale":"nb_NO","og_type":"article","og_title":"Hvorfor er trafikksikkerhet viktig?","og_description":"\u201cNullvisjonen\u201d er en visjon om at ingen skal bli drept eller hardt skadde i trafikken, og den har v\u00e6rt grunnlaget for alt trafikksikkerhetsarbeidet siden 2001.","og_url":"https:\/\/www.tryggtrafikk.no\/ung\/ungdomsrad\/hvorfor-er-trafikksikkerhet-viktig\/","og_site_name":"UNG","og_image":[{"width":2560,"height":1707,"url":"https:\/\/www.tryggtrafikk.no\/content\/uploads\/sites\/6\/2024\/06\/jackie-alexander-v0TfIt-S6-o-unsplash-scaled.jpg","type":"image\/jpeg"}],"twitter_card":"summary_large_image","twitter_misc":{"Ansl. lesetid":"3 minutter"},"schema":{"@context":"https:\/\/schema.org","@graph":[{"@type":"WebPage","@id":"https:\/\/www.tryggtrafikk.no\/ung\/ungdomsrad\/hvorfor-er-trafikksikkerhet-viktig\/","url":"https:\/\/www.tryggtrafikk.no\/ung\/ungdomsrad\/hvorfor-er-trafikksikkerhet-viktig\/","name":"Hvorfor er trafikksikkerhet viktig? - UNG","isPartOf":{"@id":"https:\/\/www.tryggtrafikk.no\/ung\/#website"},"primaryImageOfPage":{"@id":"https:\/\/www.tryggtrafikk.no\/ung\/ungdomsrad\/hvorfor-er-trafikksikkerhet-viktig\/#primaryimage"},"image":{"@id":"https:\/\/www.tryggtrafikk.no\/ung\/ungdomsrad\/hvorfor-er-trafikksikkerhet-viktig\/#primaryimage"},"thumbnailUrl":"https:\/\/www.tryggtrafikk.no\/content\/uploads\/sites\/6\/2024\/06\/jackie-alexander-v0TfIt-S6-o-unsplash-scaled.jpg","datePublished":"2024-06-12T17:53:12+00:00","breadcrumb":{"@id":"https:\/\/www.tryggtrafikk.no\/ung\/ungdomsrad\/hvorfor-er-trafikksikkerhet-viktig\/#breadcrumb"},"inLanguage":"nb-NO","potentialAction":[{"@type":"ReadAction","target":["https:\/\/www.tryggtrafikk.no\/ung\/ungdomsrad\/hvorfor-er-trafikksikkerhet-viktig\/"]}]},{"@type":"ImageObject","inLanguage":"nb-NO","@id":"https:\/\/www.tryggtrafikk.no\/ung\/ungdomsrad\/hvorfor-er-trafikksikkerhet-viktig\/#primaryimage","url":"https:\/\/www.tryggtrafikk.no\/content\/uploads\/sites\/6\/2024\/06\/jackie-alexander-v0TfIt-S6-o-unsplash-scaled.jpg","contentUrl":"https:\/\/www.tryggtrafikk.no\/content\/uploads\/sites\/6\/2024\/06\/jackie-alexander-v0TfIt-S6-o-unsplash-scaled.jpg","width":2560,"height":1707,"caption":"Gutt eller jente p\u00e5 sykkel med hjelm og sekk p\u00e5."},{"@type":"BreadcrumbList","@id":"https:\/\/www.tryggtrafikk.no\/ung\/ungdomsrad\/hvorfor-er-trafikksikkerhet-viktig\/#breadcrumb","itemListElement":[{"@type":"ListItem","position":1,"name":"Home","item":"https:\/\/www.tryggtrafikk.no\/ung\/"},{"@type":"ListItem","position":2,"name":"Ungdomsr\u00e5d","item":"https:\/\/www.tryggtrafikk.no\/ung\/ungdomsrad\/"},{"@type":"ListItem","position":3,"name":"Hvorfor er trafikksikkerhet viktig?"}]},{"@type":"WebSite","@id":"https:\/\/www.tryggtrafikk.no\/ung\/#website","url":"https:\/\/www.tryggtrafikk.no\/ung\/","name":"UNG","description":"","potentialAction":[{"@type":"SearchAction","target":{"@type":"EntryPoint","urlTemplate":"https:\/\/www.tryggtrafikk.no\/ung\/?s={search_term_string}"},"query-input":{"@type":"PropertyValueSpecification","valueRequired":true,"valueName":"search_term_string"}}],"inLanguage":"nb-NO"}]}},"_links":{"self":[{"href":"https:\/\/www.tryggtrafikk.no\/ung\/wp-json\/wp\/v2\/pages\/549","targetHints":{"allow":["GET"]}}],"collection":[{"href":"https:\/\/www.tryggtrafikk.no\/ung\/wp-json\/wp\/v2\/pages"}],"about":[{"href":"https:\/\/www.tryggtrafikk.no\/ung\/wp-json\/wp\/v2\/types\/page"}],"author":[{"embeddable":true,"href":"https:\/\/www.tryggtrafikk.no\/ung\/wp-json\/wp\/v2\/users\/6"}],"replies":[{"embeddable":true,"href":"https:\/\/www.tryggtrafikk.no\/ung\/wp-json\/wp\/v2\/comments?post=549"}],"version-history":[{"count":1,"href":"https:\/\/www.tryggtrafikk.no\/ung\/wp-json\/wp\/v2\/pages\/549\/revisions"}],"predecessor-version":[{"id":551,"href":"https:\/\/www.tryggtrafikk.no\/ung\/wp-json\/wp\/v2\/pages\/549\/revisions\/551"}],"up":[{"embeddable":true,"href":"https:\/\/www.tryggtrafikk.no\/ung\/wp-json\/wp\/v2\/pages\/525"}],"wp:featuredmedia":[{"embeddable":true,"href":"https:\/\/www.tryggtrafikk.no\/ung\/wp-json\/wp\/v2\/media\/550"}],"wp:attachment":[{"href":"https:\/\/www.tryggtrafikk.no\/ung\/wp-json\/wp\/v2\/media?parent=549"}],"wp:term":[{"taxonomy":"cs_tag","embeddable":true,"href":"https:\/\/www.tryggtrafikk.no\/ung\/wp-json\/wp\/v2\/cs_tag?post=549"}],"curies":[{"name":"wp","href":"https:\/\/api.w.org\/{rel}","templated":true}]}}