{"id":957,"date":"2025-09-22T11:08:32","date_gmt":"2025-09-22T11:08:32","guid":{"rendered":"https:\/\/www.tryggtrafikk.no\/ung\/?page_id=957"},"modified":"2026-04-14T10:58:52","modified_gmt":"2026-04-14T10:58:52","slug":"tastyringa","status":"publish","type":"page","link":"https:\/\/www.tryggtrafikk.no\/ung\/tastyringa\/","title":{"rendered":"Ta styringa \u2013 med hodet"},"content":{"rendered":"\n\t<div style=\"--t2-hero-dim:0.5;\" class=\"t2-hero t2-hero-content-position-center-center t2-hero-has-dim-50 t2-hero-has-fullsize-image alignfull is-style-hero-2026 wp-block-t2-hero\">\n\t\t<img width=\"1024\" height=\"683\" src=\"https:\/\/www.tryggtrafikk.no\/content\/uploads\/sites\/6\/2026\/04\/Ta-Styringa-web-bildeCOLOURBOX61534984_1920px-1024x683.jpg\" class=\"t2-hero__image\" alt=\"\" style=\"object-position: 50% 50%;\" loading=\"eager\" fetchpriority=\"high\" srcset=\"https:\/\/www.tryggtrafikk.no\/content\/uploads\/sites\/6\/2026\/04\/Ta-Styringa-web-bildeCOLOURBOX61534984_1920px-1024x683.jpg 1024w, https:\/\/www.tryggtrafikk.no\/content\/uploads\/sites\/6\/2026\/04\/Ta-Styringa-web-bildeCOLOURBOX61534984_1920px-300x200.jpg 300w, https:\/\/www.tryggtrafikk.no\/content\/uploads\/sites\/6\/2026\/04\/Ta-Styringa-web-bildeCOLOURBOX61534984_1920px-768x512.jpg 768w, https:\/\/www.tryggtrafikk.no\/content\/uploads\/sites\/6\/2026\/04\/Ta-Styringa-web-bildeCOLOURBOX61534984_1920px-1536x1025.jpg 1536w, https:\/\/www.tryggtrafikk.no\/content\/uploads\/sites\/6\/2026\/04\/Ta-Styringa-web-bildeCOLOURBOX61534984_1920px.jpg 1920w\" sizes=\"(max-width: 1024px) 100vw, 1024px\" \/>\n\t\t<div class=\"t2-hero__header\"><div class=\"t2-hero__header__content\">\n<div class=\"site-breadcrumbs has-text-align-left\"><span><span><a href=\"https:\/\/www.tryggtrafikk.no\/ung\/\">Home<\/a><\/span><\/span><\/div><h1 class=\"has-text-align-left alignwide wp-block-post-title\">Ta styringa \u2013 med hodet<\/h1>\n\n\n<p class=\"has-text-align-left pre-title\">Ta styringa<\/p>\n\n\n\n<p class=\"has-text-align-left\">Ta styringa gj\u00f8r det enkelt \u00e5 snakke med ungdom om frihet, p\u00e5virkning og ansvar \u2013 f\u00f8r de skal ut i trafikken. <br>Et gratis og morsomt heldagsopplegg med filmer og refleksjonsverkt\u00f8y som skaper \u00e6rlige samtaler og tryggere valg. En praktisk m\u00e5te \u00e5 bygge modenhet \u2013 med hodet, ikke pekefinger.<\/p>\n\n<\/div><\/div>\n\t<\/div>\n\n\n<figure class=\"wp-block-embed alignwide is-type-video is-provider-vimeo wp-block-embed-vimeo wp-embed-aspect-16-9 wp-has-aspect-ratio\"><div class=\"wp-block-embed__wrapper\">\n<iframe loading=\"lazy\" title=\"Ta Styringa_tekstetV2\" src=\"https:\/\/player.vimeo.com\/video\/1121825262?dnt=1&amp;app_id=122963\" width=\"500\" height=\"281\" frameborder=\"0\" allow=\"autoplay; fullscreen; picture-in-picture; clipboard-write; encrypted-media; web-share\" referrerpolicy=\"strict-origin-when-cross-origin\"><\/iframe>\n<\/div><\/figure>\n\n\n\n<div class=\"wp-block-buttons is-content-justification-left is-layout-flex wp-container-core-buttons-is-layout-1 wp-block-buttons-is-layout-flex\">\n<div class=\"wp-block-button has-custom-width wp-block-button__width-75\"><a class=\"wp-block-button__link has-text-align-left wp-element-button\" href=\"https:\/\/www.tryggtrafikk.no\/ung\/tastyringa\/del1\/#\/\" target=\"_blank\" rel=\"noreferrer noopener\">Ta styringa 1 fart og rus<\/a><\/div>\n\n\n\n<div class=\"wp-block-button has-custom-width wp-block-button__width-75\"><a class=\"wp-block-button__link has-text-align-left wp-element-button\" href=\"https:\/\/www.tryggtrafikk.no\/ung\/tastyringa\/del2\/#\/\" target=\"_blank\" rel=\"noreferrer noopener\">Ta styringa 2 oppmerksomhet og sikring<\/a><\/div>\n\n\n\n<div class=\"wp-block-button has-custom-width wp-block-button__width-75\"><a class=\"wp-block-button__link has-text-align-left wp-element-button\" href=\"https:\/\/www.tryggtrafikk.no\/ung\/ta-styringa-laererveiledning\/\">L\u00e6rerveiledning <\/a><\/div>\n<\/div>\n\n\n\n<h2 class=\"wp-block-heading\" id=\"h-hva-er-ta-styringa-nbsp\">Hva er Ta styringa?&nbsp;<\/h2>\n\n\n\n<p><strong><strong>Ta styringa<\/strong>&nbsp;er et viktig, forebyggende undervisningsopplegg om trafikksikkerhet, som vi anbefaler for alle elever i videreg\u00e5ende skole. M\u00e5let er \u00e5 styrke gode holdninger, ansvarsf\u00f8lelse og evne til \u00e5 ta gjennomtenkte valg i trafikken \u2013 p\u00e5 veien mot voksenlivet.&nbsp;<\/strong>&nbsp;<\/p>\n\n\n\n<p>Gjennom Ta styringa\u202futforsker elevene egne holdninger, valg og identitet i m\u00f8te med trafikken. Elevenes egne tanker og aktive deltakelse levendegj\u00f8r innholdet og definerer l\u00e6ringsutbyttet.&nbsp;<\/p>\n\n\n\n<p>Fakta og filmklipp er kombinert med diskusjoner og individuelle oppgaver for \u00e5 gi en interaktiv og engasjerende l\u00e6rings\u00f8kt. Mye av videomaterialet i opplegget er hentet fra Trygg Trafikks kampanje <a href=\"https:\/\/www.tryggtrafikk.no\/ung\/ta-vare-pa-gutta\/\" target=\"_blank\" rel=\"noreferrer noopener\">Ta Vare P\u00e5 Gutta<\/a> (2025).&nbsp;<\/p>\n\n\n\n<p>Opplegget er gratis \u00e5 bruke. Det er forankret i overordnet del av l\u00e6replanen, gir ikke grunnlag for vurdering i fag, krever ikke p\u00e5logging og ingen persondata lagres.&nbsp;<\/p>\n\n\n\n<p><strong>Ta styringa fra best\u00e5r av to selvstendige l\u00e6rings\u00f8kter; Ta styringa 1 (fart og rus) og Ta styringa 2 (sikring og oppmerksomhet). <\/strong>Hver \u00f8kt gjennomf\u00f8res i l\u00f8pet av to skoletimer. M\u00e5let er at elevene f\u00e5r ta del i begge \u00f8ktene i l\u00f8pet av videreg\u00e5ende utdanning, gjerne med et \u00e5rs mellomrom.<\/p>\n\n\n\n<p>De to delene er laget over samme lest, men har forskjellig kunnskapsinnhold. At tema repeteres og sp\u00f8rsm\u00e5l tas opp p\u00e5 nytt, er viktig for l\u00e6ring og modning. Vi anbefaler at del 2 gjennomf\u00f8res et \u00e5rs tid etter del 1. Begge delene kan gjennomf\u00f8res p\u00e5 samme trinn, da anbefaler vi at det gj\u00f8res med et intervall mellom h\u00f8st- og v\u00e5r-halv\u00e5ret.&nbsp;&nbsp;<\/p>\n\n\n<div class=\"t2-accordion alignwide wp-block-t2-accordion\" data-allow-multiple=\"1\" role=\"list\">\n<div class=\"t2-accordion-item wp-block-t2-accordion-item\" role=\"listitem\">\n\t\t\t<h2 class=\"t2-accordion-title\">\n\t\t\t\t<button type=\"button\" class=\"t2-accordion-trigger\" id=\"praktisk-om-hver-\u00f8kt:\" aria-controls=\"accordion-panel\" aria-expanded=\"false\">\n\t\t\t\t\tPraktisk om hver \u00f8kt:\n\t\t\t\t\t<span class=\"t2-accordion-icon is-closed-icon\"><\/span>\n\t\t\t\t\t<span class=\"t2-accordion-icon is-open-icon\"><\/span>\n\t\t\t\t<\/button>\n\t\t\t<\/h2>\n\t\t\t<div class=\"t2-accordion-item__inner-container is-layout-flow\" id=\"accordion-panel\" aria-labelledby=\"praktisk-om-hver-\u00f8kt:\" role=\"region\" hidden>\n\t\t\t\t\n\n<ul class=\"wp-block-list\">\n<li>l\u00e6rer og en klasse\/gruppe i samme rom&nbsp;<\/li>\n<\/ul>\n\n\n\n<ul class=\"wp-block-list\">\n<li>storskjerm til l\u00e6rer og individuelle skjermer tilgjengelig&nbsp;for elevene<\/li>\n<\/ul>\n\n\n\n<ul class=\"wp-block-list\">\n<li>internett&nbsp;<\/li>\n<\/ul>\n\n\n\n<ul class=\"wp-block-list\">\n<li>to skoletimer<\/li>\n\n\n\n<li>NB. Ta styringa best\u00e5r av to ulike undervisningsopplegg, som ideelt b\u00f8r gjennomf\u00f8res med et intervall p\u00e5 et \u00e5rs tid. De to delene er Ta Styringa 1 (fart og rus) og Ta styringa 2 (oppmerksomhet og sikring). Tips \u2013 planlegg gjennomf\u00f8ring av del to frem i tid, slik at elevene sikres \u00e5 delta i begge \u00f8kter.<\/li>\n<\/ul>\n\n\n\t\t\t<\/div>\n\t\t<\/div>\n\n<div class=\"t2-accordion-item wp-block-t2-accordion-item\" role=\"listitem\">\n\t\t\t<h2 class=\"t2-accordion-title\">\n\t\t\t\t<button type=\"button\" class=\"t2-accordion-trigger\" id=\"hva-sier-elevene-om-opplegget?\" aria-controls=\"accordion-panel-1\" aria-expanded=\"false\">\n\t\t\t\t\tHva sier elevene om opplegget?\n\t\t\t\t\t<span class=\"t2-accordion-icon is-closed-icon\"><\/span>\n\t\t\t\t\t<span class=\"t2-accordion-icon is-open-icon\"><\/span>\n\t\t\t\t<\/button>\n\t\t\t<\/h2>\n\t\t\t<div class=\"t2-accordion-item__inner-container is-layout-flow\" id=\"accordion-panel-1\" aria-labelledby=\"hva-sier-elevene-om-opplegget?\" role=\"region\" hidden>\n\t\t\t\t\n\n<p><em><strong>&laquo;likte \u00e5 snakke om trafikken og hvordan ungdom er mer uforsiktig&raquo;,<\/strong> <strong>&laquo;overrasket meg og gjorde meg mer bevisst&raquo;, &laquo;viktig&raquo;, &laquo;interaktivt&raquo;, &laquo;likte risikometeret godt&raquo;, &laquo;l\u00e6rte nye ting&raquo;, &laquo;fikk meg til \u00e5 tenke mer&raquo;, &laquo;videoene med ungdommene var spesielt bra&raquo;<\/strong>, <strong>&laquo;undervisningen var veldig aktiv og var g\u00f8y \u00e5 gjennomf\u00f8re&raquo;<\/strong><\/em><\/p>\n\n\n\n<ul class=\"wp-block-list\">\n<li>80% sier de liker opplegget sv\u00e6rt godt\/godt<\/li>\n<\/ul>\n\n\n\n<ul class=\"wp-block-list\">\n<li>80% mener at skolen burde la alle elever f\u00e5 delta i Ta styringa<\/li>\n<\/ul>\n\n\n\t\t\t<\/div>\n\t\t<\/div>\n\n<div class=\"t2-accordion-item wp-block-t2-accordion-item\" role=\"listitem\">\n\t\t\t<h2 class=\"t2-accordion-title\">\n\t\t\t\t<button type=\"button\" class=\"t2-accordion-trigger\" id=\"hva-sier-l\u00e6rere-om-opplegget?\" aria-controls=\"accordion-panel-2\" aria-expanded=\"false\">\n\t\t\t\t\tHva sier l\u00e6rere om opplegget?\n\t\t\t\t\t<span class=\"t2-accordion-icon is-closed-icon\"><\/span>\n\t\t\t\t\t<span class=\"t2-accordion-icon is-open-icon\"><\/span>\n\t\t\t\t<\/button>\n\t\t\t<\/h2>\n\t\t\t<div class=\"t2-accordion-item__inner-container is-layout-flow\" id=\"accordion-panel-2\" aria-labelledby=\"hva-sier-l\u00e6rere-om-opplegget?\" role=\"region\" hidden>\n\t\t\t\t\n\n<p><em><strong>&laquo;Lett \u00e5 gjennomf\u00f8re for l\u00e6rer. L\u00e6reren trenger ikke \u00e5 bruke for mye tid p\u00e5 forberedelser. Opplegget er solid og direkte.&raquo;<\/strong><\/em><\/p>\n\n\n\n<ul class=\"wp-block-list\">\n<li>Om elevenes engasjement og utbytte sier samtlige l\u00e6rere &laquo;sv\u00e6rt h\u00f8yt&raquo; eller &laquo;h\u00f8yt&raquo;.<\/li>\n<\/ul>\n\n\n\n<ul class=\"wp-block-list\">\n<li>Samtlige mener Ta styringa fungerer teknisk &laquo;utmerket&raquo;.<\/li>\n<\/ul>\n\n\n\n<ul class=\"wp-block-list\">\n<li>Samtlige opplever at en dobbel skoletime er passe tid til \u00e5 gjennomf\u00f8re \u00e9n av de to \u00f8ktene i Ta styringa.<\/li>\n<\/ul>\n\n\n\t\t\t<\/div>\n\t\t<\/div>\n\n<div class=\"t2-accordion-item wp-block-t2-accordion-item\" role=\"listitem\">\n\t\t\t<h2 class=\"t2-accordion-title\">\n\t\t\t\t<button type=\"button\" class=\"t2-accordion-trigger\" id=\"hva-tar-elevene-med-seg-fra-ta-styringa?\" aria-controls=\"accordion-panel-3\" aria-expanded=\"false\">\n\t\t\t\t\tHva tar elevene med seg fra Ta styringa?\n\t\t\t\t\t<span class=\"t2-accordion-icon is-closed-icon\"><\/span>\n\t\t\t\t\t<span class=\"t2-accordion-icon is-open-icon\"><\/span>\n\t\t\t\t<\/button>\n\t\t\t<\/h2>\n\t\t\t<div class=\"t2-accordion-item__inner-container is-layout-flow\" id=\"accordion-panel-3\" aria-labelledby=\"hva-tar-elevene-med-seg-fra-ta-styringa?\" role=\"region\" hidden>\n\t\t\t\t\n\n<p>Tilbakemeldinger fra elever om hva de tar med seg fra Ta styringa:<\/p>\n\n\n\n<p><strong><em>&laquo;Bevisstgj\u00f8ring av egne valg&raquo;, &laquo;Si fra om folk kj\u00f8rer for fort osv&raquo;, &laquo;Jeg tror jeg vil huske p\u00e5 \u00e5 v\u00e6re mer oppmerksom i trafikken fordi n\u00e5 har jeg l\u00e6rt hvor farlig trafikken egentlig er.&raquo;, &laquo;Jeg vil nok tenke p\u00e5 statistikken, lovene, og kanskje litt om hvordan man skal forholde seg til andre.&raquo;, &laquo;Advare folk som kj\u00f8rer med h\u00f8y risiko.&raquo;, &laquo;Bevissthet, si ifra, promille.&raquo;<\/em><\/strong><\/p>\n\n\n\n<p>De to delene i Ta styringa omfatter innhold om de fire viktigste risikofaktorene i trafikken, fart, rus, oppmerksomhet og sikring. (del 1-fart og rus, del 2-oppmerksomhet og sikring). I tillegg til viktig kunnskap er det elevenes egne refleksjoner og modning, ikke minst gjennom \u00e5 lytte til andres oppfatninger, vi h\u00e5per vil bidra til \u00e5 bedre trafikksikkerheten.<\/p>\n\n\n\t\t\t<\/div>\n\t\t<\/div>\n\n<div class=\"t2-accordion-item wp-block-t2-accordion-item\" role=\"listitem\">\n\t\t\t<h2 class=\"t2-accordion-title\">\n\t\t\t\t<button type=\"button\" class=\"t2-accordion-trigger\" id=\"andre-undervisningsopplegg-til-fagundervisning\" aria-controls=\"accordion-panel-4\" aria-expanded=\"false\">\n\t\t\t\t\tAndre undervisningsopplegg til fagundervisning\n\t\t\t\t\t<span class=\"t2-accordion-icon is-closed-icon\"><\/span>\n\t\t\t\t\t<span class=\"t2-accordion-icon is-open-icon\"><\/span>\n\t\t\t\t<\/button>\n\t\t\t<\/h2>\n\t\t\t<div class=\"t2-accordion-item__inner-container is-layout-flow\" id=\"accordion-panel-4\" aria-labelledby=\"andre-undervisningsopplegg-til-fagundervisning\" role=\"region\" hidden>\n\t\t\t\t\n\n<p>Trygg Trafikk tilbyr ogs\u00e5 gratis undervisningsopplegg som passer i de fleste fag. Trafikk er et gjennomg\u00e5ende tema i oppgavene, som er knyttet til kompetansem\u00e5l i de enkelte fagene. G\u00e5 til <a href=\"https:\/\/underveis.co\/\">underveis.co<\/a>, velg trinn og s\u00f8k p\u00e5 fagene som er relevant for deg. Alle v\u00e5re ressurser til ungdom samlet: <a href=\"https:\/\/www.tryggtrafikk.no\/ung\/\">tryggtrafikk\/ung<\/a><\/p>\n\n\n\t\t\t<\/div>\n\t\t<\/div>\n<\/div>\n\n\n<p>Undervisningsopplegget Ta styringa er utviklet av Trygg Trafikk med st\u00f8tte fra Gjensidige Forsikring&nbsp;<\/p>\n\n\n\n<figure class=\"wp-block-image size-large\"><img loading=\"lazy\" width=\"1024\" height=\"139\" src=\"https:\/\/www.tryggtrafikk.no\/content\/uploads\/sites\/6\/2025\/09\/Gjensidige_TT_logoer-1024x139.png\" alt=\"\" class=\"wp-image-1060\" srcset=\"https:\/\/www.tryggtrafikk.no\/content\/uploads\/sites\/6\/2025\/09\/Gjensidige_TT_logoer-1024x139.png 1024w, https:\/\/www.tryggtrafikk.no\/content\/uploads\/sites\/6\/2025\/09\/Gjensidige_TT_logoer-300x41.png 300w, https:\/\/www.tryggtrafikk.no\/content\/uploads\/sites\/6\/2025\/09\/Gjensidige_TT_logoer-768x104.png 768w, https:\/\/www.tryggtrafikk.no\/content\/uploads\/sites\/6\/2025\/09\/Gjensidige_TT_logoer.png 1536w\" sizes=\"auto, (max-width: 1024px) 100vw, 1024px\" \/><\/figure>\n\n\n\n<p><\/p>\n","protected":false},"excerpt":{"rendered":"<p>Forebyggende undervisningsopplegg for vgs<\/p>\n","protected":false},"author":81,"featured_media":0,"parent":0,"menu_order":0,"comment_status":"closed","ping_status":"closed","template":"","meta":{"show_toc":false,"tryggtrafikk_poll_votes":[],"hide_header_title":false,"alt_breadcrumbs_title":"Ta styringa","footnotes":"","boosted":0},"cs_tag":[],"class_list":["post-957","page","type-page","status-publish","hentry"],"yoast_head":"<!-- This site is optimized with the Yoast SEO Premium plugin v26.1 (Yoast SEO v26.1.1) - https:\/\/yoast.com\/wordpress\/plugins\/seo\/ -->\n<title>Ta styringa \u2013 med hodet - UNG<\/title>\n<meta name=\"robots\" content=\"index, follow, max-snippet:-1, max-image-preview:large, max-video-preview:-1\" \/>\n<link rel=\"canonical\" href=\"https:\/\/www.tryggtrafikk.no\/ung\/tastyringa\/\" \/>\n<meta property=\"og:locale\" content=\"nb_NO\" \/>\n<meta property=\"og:type\" content=\"article\" \/>\n<meta property=\"og:title\" content=\"Ta styringa \u2013 med hodet\" \/>\n<meta property=\"og:description\" content=\"Forebyggende undervisningsopplegg for vgs\" \/>\n<meta property=\"og:url\" content=\"https:\/\/www.tryggtrafikk.no\/ung\/tastyringa\/\" \/>\n<meta property=\"og:site_name\" content=\"UNG\" \/>\n<meta property=\"article:modified_time\" content=\"2026-04-14T10:58:52+00:00\" \/>\n<meta property=\"og:image\" content=\"https:\/\/www.tryggtrafikk.no\/content\/uploads\/sites\/6\/2025\/09\/Gjensidige_TT_logoer-1024x139.png\" \/>\n<meta name=\"twitter:card\" content=\"summary_large_image\" \/>\n<meta name=\"twitter:label1\" content=\"Ansl. lesetid\" \/>\n\t<meta name=\"twitter:data1\" content=\"4 minutter\" \/>\n<script type=\"application\/ld+json\" class=\"yoast-schema-graph\">{\"@context\":\"https:\/\/schema.org\",\"@graph\":[{\"@type\":\"WebPage\",\"@id\":\"https:\/\/www.tryggtrafikk.no\/ung\/tastyringa\/\",\"url\":\"https:\/\/www.tryggtrafikk.no\/ung\/tastyringa\/\",\"name\":\"Ta styringa \u2013 med hodet - UNG\",\"isPartOf\":{\"@id\":\"https:\/\/www.tryggtrafikk.no\/ung\/#website\"},\"primaryImageOfPage\":{\"@id\":\"https:\/\/www.tryggtrafikk.no\/ung\/tastyringa\/#primaryimage\"},\"image\":{\"@id\":\"https:\/\/www.tryggtrafikk.no\/ung\/tastyringa\/#primaryimage\"},\"thumbnailUrl\":\"https:\/\/www.tryggtrafikk.no\/content\/uploads\/sites\/6\/2025\/09\/Gjensidige_TT_logoer-1024x139.png\",\"datePublished\":\"2025-09-22T11:08:32+00:00\",\"dateModified\":\"2026-04-14T10:58:52+00:00\",\"breadcrumb\":{\"@id\":\"https:\/\/www.tryggtrafikk.no\/ung\/tastyringa\/#breadcrumb\"},\"inLanguage\":\"nb-NO\",\"potentialAction\":[{\"@type\":\"ReadAction\",\"target\":[\"https:\/\/www.tryggtrafikk.no\/ung\/tastyringa\/\"]}]},{\"@type\":\"ImageObject\",\"inLanguage\":\"nb-NO\",\"@id\":\"https:\/\/www.tryggtrafikk.no\/ung\/tastyringa\/#primaryimage\",\"url\":\"https:\/\/www.tryggtrafikk.no\/content\/uploads\/sites\/6\/2025\/09\/Gjensidige_TT_logoer-1024x139.png\",\"contentUrl\":\"https:\/\/www.tryggtrafikk.no\/content\/uploads\/sites\/6\/2025\/09\/Gjensidige_TT_logoer-1024x139.png\"},{\"@type\":\"BreadcrumbList\",\"@id\":\"https:\/\/www.tryggtrafikk.no\/ung\/tastyringa\/#breadcrumb\",\"itemListElement\":[{\"@type\":\"ListItem\",\"position\":1,\"name\":\"Home\",\"item\":\"https:\/\/www.tryggtrafikk.no\/ung\/\"},{\"@type\":\"ListItem\",\"position\":2,\"name\":\"Ta styringa\"}]},{\"@type\":\"WebSite\",\"@id\":\"https:\/\/www.tryggtrafikk.no\/ung\/#website\",\"url\":\"https:\/\/www.tryggtrafikk.no\/ung\/\",\"name\":\"UNG\",\"description\":\"\",\"potentialAction\":[{\"@type\":\"SearchAction\",\"target\":{\"@type\":\"EntryPoint\",\"urlTemplate\":\"https:\/\/www.tryggtrafikk.no\/ung\/?s={search_term_string}\"},\"query-input\":{\"@type\":\"PropertyValueSpecification\",\"valueRequired\":true,\"valueName\":\"search_term_string\"}}],\"inLanguage\":\"nb-NO\"}]}<\/script>\n<!-- \/ Yoast SEO Premium plugin. -->","yoast_head_json":{"title":"Ta styringa \u2013 med hodet - UNG","robots":{"index":"index","follow":"follow","max-snippet":"max-snippet:-1","max-image-preview":"max-image-preview:large","max-video-preview":"max-video-preview:-1"},"canonical":"https:\/\/www.tryggtrafikk.no\/ung\/tastyringa\/","og_locale":"nb_NO","og_type":"article","og_title":"Ta styringa \u2013 med hodet","og_description":"Forebyggende undervisningsopplegg for vgs","og_url":"https:\/\/www.tryggtrafikk.no\/ung\/tastyringa\/","og_site_name":"UNG","article_modified_time":"2026-04-14T10:58:52+00:00","og_image":[{"url":"https:\/\/www.tryggtrafikk.no\/content\/uploads\/sites\/6\/2025\/09\/Gjensidige_TT_logoer-1024x139.png","type":"","width":"","height":""}],"twitter_card":"summary_large_image","twitter_misc":{"Ansl. lesetid":"4 minutter"},"schema":{"@context":"https:\/\/schema.org","@graph":[{"@type":"WebPage","@id":"https:\/\/www.tryggtrafikk.no\/ung\/tastyringa\/","url":"https:\/\/www.tryggtrafikk.no\/ung\/tastyringa\/","name":"Ta styringa \u2013 med hodet - UNG","isPartOf":{"@id":"https:\/\/www.tryggtrafikk.no\/ung\/#website"},"primaryImageOfPage":{"@id":"https:\/\/www.tryggtrafikk.no\/ung\/tastyringa\/#primaryimage"},"image":{"@id":"https:\/\/www.tryggtrafikk.no\/ung\/tastyringa\/#primaryimage"},"thumbnailUrl":"https:\/\/www.tryggtrafikk.no\/content\/uploads\/sites\/6\/2025\/09\/Gjensidige_TT_logoer-1024x139.png","datePublished":"2025-09-22T11:08:32+00:00","dateModified":"2026-04-14T10:58:52+00:00","breadcrumb":{"@id":"https:\/\/www.tryggtrafikk.no\/ung\/tastyringa\/#breadcrumb"},"inLanguage":"nb-NO","potentialAction":[{"@type":"ReadAction","target":["https:\/\/www.tryggtrafikk.no\/ung\/tastyringa\/"]}]},{"@type":"ImageObject","inLanguage":"nb-NO","@id":"https:\/\/www.tryggtrafikk.no\/ung\/tastyringa\/#primaryimage","url":"https:\/\/www.tryggtrafikk.no\/content\/uploads\/sites\/6\/2025\/09\/Gjensidige_TT_logoer-1024x139.png","contentUrl":"https:\/\/www.tryggtrafikk.no\/content\/uploads\/sites\/6\/2025\/09\/Gjensidige_TT_logoer-1024x139.png"},{"@type":"BreadcrumbList","@id":"https:\/\/www.tryggtrafikk.no\/ung\/tastyringa\/#breadcrumb","itemListElement":[{"@type":"ListItem","position":1,"name":"Home","item":"https:\/\/www.tryggtrafikk.no\/ung\/"},{"@type":"ListItem","position":2,"name":"Ta styringa"}]},{"@type":"WebSite","@id":"https:\/\/www.tryggtrafikk.no\/ung\/#website","url":"https:\/\/www.tryggtrafikk.no\/ung\/","name":"UNG","description":"","potentialAction":[{"@type":"SearchAction","target":{"@type":"EntryPoint","urlTemplate":"https:\/\/www.tryggtrafikk.no\/ung\/?s={search_term_string}"},"query-input":{"@type":"PropertyValueSpecification","valueRequired":true,"valueName":"search_term_string"}}],"inLanguage":"nb-NO"}]}},"_links":{"self":[{"href":"https:\/\/www.tryggtrafikk.no\/ung\/wp-json\/wp\/v2\/pages\/957","targetHints":{"allow":["GET"]}}],"collection":[{"href":"https:\/\/www.tryggtrafikk.no\/ung\/wp-json\/wp\/v2\/pages"}],"about":[{"href":"https:\/\/www.tryggtrafikk.no\/ung\/wp-json\/wp\/v2\/types\/page"}],"author":[{"embeddable":true,"href":"https:\/\/www.tryggtrafikk.no\/ung\/wp-json\/wp\/v2\/users\/81"}],"replies":[{"embeddable":true,"href":"https:\/\/www.tryggtrafikk.no\/ung\/wp-json\/wp\/v2\/comments?post=957"}],"version-history":[{"count":5,"href":"https:\/\/www.tryggtrafikk.no\/ung\/wp-json\/wp\/v2\/pages\/957\/revisions"}],"predecessor-version":[{"id":1295,"href":"https:\/\/www.tryggtrafikk.no\/ung\/wp-json\/wp\/v2\/pages\/957\/revisions\/1295"}],"wp:attachment":[{"href":"https:\/\/www.tryggtrafikk.no\/ung\/wp-json\/wp\/v2\/media?parent=957"}],"wp:term":[{"taxonomy":"cs_tag","embeddable":true,"href":"https:\/\/www.tryggtrafikk.no\/ung\/wp-json\/wp\/v2\/cs_tag?post=957"}],"curies":[{"name":"wp","href":"https:\/\/api.w.org\/{rel}","templated":true}]}}